{"id":55947,"date":"2025-02-26T14:27:14","date_gmt":"2025-02-26T13:27:14","guid":{"rendered":"https:\/\/www.euro-camping.com\/?page_id=55947"},"modified":"2025-10-16T10:39:39","modified_gmt":"2025-10-16T08:39:39","slug":"green-garden","status":"publish","type":"page","link":"https:\/\/www.euro-camping.com\/nl\/donde-alojarse\/accommodaties\/green-garden\/","title":{"rendered":"Green Garden"},"content":{"rendered":"<ul>\n<li>Een slaapkamer met een tweepersoonsbed (160\u00d7200) type \u201cSuite\u201d met TV.<\/li>\n<li>Een slaapkamer met drie \u00e9\u00e9npersoonsbedden (80\u00d7190).<\/li>\n<li>Een slaapbank in de woonkamer.<\/li>\n<li>Keuken met keukengerei.<\/li>\n<li>Badkamer met XL douche en toilet (gescheiden).<\/li>\n<li>Parkeerplaats voor \u00e9\u00e9n auto.<\/li>\n<li>Beddengoed en handdoeken inbegrepen.<\/li>\n<li>Toegang tot gratis priv\u00e9 wifi.<\/li>\n<li>Huisdieren niet toegestaan.<\/li>\n<\/ul>\n<p style=\"text-align: right;\"><b><span lang=\"nl\">Wilt u een kijkje nemen?<br \/>\n<\/span><\/b><b><span lang=\"nl\">Ontdek onze interactieve 3D-kaart:<\/span><\/b><\/p>\n<p><a href=\"https:\/\/my.matterport.com\/show\/?m=Q2MyBr2j2uk\"><img loading=\"lazy\" decoding=\"async\" class=\"alignright\" src=\"https:\/\/www.euro-camping.com\/wp-content\/uploads\/vt-icon.png\" alt=\"\" width=\"170\" height=\"64\" \/><\/a><\/p>\n<p style=\"text-align: right;\">\n","protected":false},"excerpt":{"rendered":"<p>Een slaapkamer met een tweepersoonsbed (160\u00d7200) type \u201cSuite\u201d met TV. [&hellip;]<\/p>\n","protected":false},"author":2,"featured_media":56722,"parent":26500,"menu_order":4,"comment_status":"closed","ping_status":"closed","template":"templates\/tmpl-alojamiento.php","meta":{"_acf_changed":false,"footnotes":""},"class_list":["post-55947","page","type-page","status-publish","has-post-thumbnail","hentry"],"acf":[],"yoast_head":"<!-- This site is optimized with the Yoast SEO plugin v26.6 - https:\/\/yoast.com\/wordpress\/plugins\/seo\/ -->\n<title>Green Garden - Euro Camping<\/title>\n<meta name=\"robots\" content=\"index, follow, max-snippet:-1, max-image-preview:large, max-video-preview:-1\" \/>\n<link rel=\"canonical\" href=\"https:\/\/www.euro-camping.com\/nl\/donde-alojarse\/accommodaties\/green-garden\/\" \/>\n<meta property=\"og:locale\" content=\"nl_NL\" \/>\n<meta property=\"og:type\" content=\"article\" \/>\n<meta property=\"og:title\" content=\"Green Garden - Euro Camping\" \/>\n<meta property=\"og:description\" content=\"Een slaapkamer met een tweepersoonsbed (160\u00d7200) type \u201cSuite\u201d met TV. [&hellip;]\" \/>\n<meta property=\"og:url\" content=\"https:\/\/www.euro-camping.com\/nl\/donde-alojarse\/accommodaties\/green-garden\/\" \/>\n<meta property=\"og:site_name\" content=\"Euro Camping\" \/>\n<meta property=\"article:modified_time\" content=\"2025-10-16T08:39:39+00:00\" \/>\n<meta property=\"og:image\" content=\"https:\/\/www.euro-camping.com\/wp-content\/uploads\/menjador-cuina-scaled.webp\" \/>\n\t<meta property=\"og:image:width\" content=\"2560\" \/>\n\t<meta property=\"og:image:height\" content=\"1540\" \/>\n\t<meta property=\"og:image:type\" content=\"image\/webp\" \/>\n<meta name=\"twitter:card\" content=\"summary_large_image\" \/>\n<meta name=\"twitter:label1\" content=\"Geschatte leestijd\" \/>\n\t<meta name=\"twitter:data1\" content=\"1 minuut\" \/>\n<script type=\"application\/ld+json\" class=\"yoast-schema-graph\">{\"@context\":\"https:\/\/schema.org\",\"@graph\":[{\"@type\":\"WebPage\",\"@id\":\"https:\/\/www.euro-camping.com\/nl\/donde-alojarse\/accommodaties\/green-garden\/\",\"url\":\"https:\/\/www.euro-camping.com\/nl\/donde-alojarse\/accommodaties\/green-garden\/\",\"name\":\"Green Garden - Euro Camping\",\"isPartOf\":{\"@id\":\"https:\/\/www.euro-camping.com\/nl\/#website\"},\"primaryImageOfPage\":{\"@id\":\"https:\/\/www.euro-camping.com\/nl\/donde-alojarse\/accommodaties\/green-garden\/#primaryimage\"},\"image\":{\"@id\":\"https:\/\/www.euro-camping.com\/nl\/donde-alojarse\/accommodaties\/green-garden\/#primaryimage\"},\"thumbnailUrl\":\"https:\/\/www.euro-camping.com\/wp-content\/uploads\/menjador-cuina-scaled.webp\",\"datePublished\":\"2025-02-26T13:27:14+00:00\",\"dateModified\":\"2025-10-16T08:39:39+00:00\",\"breadcrumb\":{\"@id\":\"https:\/\/www.euro-camping.com\/nl\/donde-alojarse\/accommodaties\/green-garden\/#breadcrumb\"},\"inLanguage\":\"nl-NL\",\"potentialAction\":[{\"@type\":\"ReadAction\",\"target\":[\"https:\/\/www.euro-camping.com\/nl\/donde-alojarse\/accommodaties\/green-garden\/\"]}]},{\"@type\":\"ImageObject\",\"inLanguage\":\"nl-NL\",\"@id\":\"https:\/\/www.euro-camping.com\/nl\/donde-alojarse\/accommodaties\/green-garden\/#primaryimage\",\"url\":\"https:\/\/www.euro-camping.com\/wp-content\/uploads\/menjador-cuina-scaled.webp\",\"contentUrl\":\"https:\/\/www.euro-camping.com\/wp-content\/uploads\/menjador-cuina-scaled.webp\",\"width\":2560,\"height\":1540},{\"@type\":\"BreadcrumbList\",\"@id\":\"https:\/\/www.euro-camping.com\/nl\/donde-alojarse\/accommodaties\/green-garden\/#breadcrumb\",\"itemListElement\":[{\"@type\":\"ListItem\",\"position\":1,\"name\":\"Portada\",\"item\":\"https:\/\/www.euro-camping.com\/nl\/\"},{\"@type\":\"ListItem\",\"position\":2,\"name\":\"Waar te verblijven\",\"item\":\"https:\/\/www.euro-camping.com\/nl\/donde-alojarse\/\"},{\"@type\":\"ListItem\",\"position\":3,\"name\":\"Accommodaties\",\"item\":\"https:\/\/www.euro-camping.com\/nl\/donde-alojarse\/accommodaties\/\"},{\"@type\":\"ListItem\",\"position\":4,\"name\":\"Green Garden\"}]},{\"@type\":\"WebSite\",\"@id\":\"https:\/\/www.euro-camping.com\/nl\/#website\",\"url\":\"https:\/\/www.euro-camping.com\/nl\/\",\"name\":\"Euro Camping\",\"description\":\"EuroCamping, Calonge Camping &amp; Bungalow\",\"publisher\":{\"@id\":\"https:\/\/www.euro-camping.com\/nl\/#organization\"},\"potentialAction\":[{\"@type\":\"SearchAction\",\"target\":{\"@type\":\"EntryPoint\",\"urlTemplate\":\"https:\/\/www.euro-camping.com\/nl\/?s={search_term_string}\"},\"query-input\":{\"@type\":\"PropertyValueSpecification\",\"valueRequired\":true,\"valueName\":\"search_term_string\"}}],\"inLanguage\":\"nl-NL\"},{\"@type\":\"Organization\",\"@id\":\"https:\/\/www.euro-camping.com\/nl\/#organization\",\"name\":\"Euro Camping\",\"url\":\"https:\/\/www.euro-camping.com\/nl\/\",\"logo\":{\"@type\":\"ImageObject\",\"inLanguage\":\"nl-NL\",\"@id\":\"https:\/\/www.euro-camping.com\/nl\/#\/schema\/logo\/image\/\",\"url\":\"https:\/\/www.euro-camping.com\/wp-content\/uploads\/cropped-mesa-de-trabajo-1eurocamping.png\",\"contentUrl\":\"https:\/\/www.euro-camping.com\/wp-content\/uploads\/cropped-mesa-de-trabajo-1eurocamping.png\",\"width\":2000,\"height\":498,\"caption\":\"Euro Camping\"},\"image\":{\"@id\":\"https:\/\/www.euro-camping.com\/nl\/#\/schema\/logo\/image\/\"}}]}<\/script>\n<!-- \/ Yoast SEO plugin. -->","yoast_head_json":{"title":"Green Garden - Euro Camping","robots":{"index":"index","follow":"follow","max-snippet":"max-snippet:-1","max-image-preview":"max-image-preview:large","max-video-preview":"max-video-preview:-1"},"canonical":"https:\/\/www.euro-camping.com\/nl\/donde-alojarse\/accommodaties\/green-garden\/","og_locale":"nl_NL","og_type":"article","og_title":"Green Garden - Euro Camping","og_description":"Een slaapkamer met een tweepersoonsbed (160\u00d7200) type \u201cSuite\u201d met TV. [&hellip;]","og_url":"https:\/\/www.euro-camping.com\/nl\/donde-alojarse\/accommodaties\/green-garden\/","og_site_name":"Euro Camping","article_modified_time":"2025-10-16T08:39:39+00:00","og_image":[{"width":2560,"height":1540,"url":"https:\/\/www.euro-camping.com\/wp-content\/uploads\/menjador-cuina-scaled.webp","type":"image\/webp"}],"twitter_card":"summary_large_image","twitter_misc":{"Geschatte leestijd":"1 minuut"},"schema":{"@context":"https:\/\/schema.org","@graph":[{"@type":"WebPage","@id":"https:\/\/www.euro-camping.com\/nl\/donde-alojarse\/accommodaties\/green-garden\/","url":"https:\/\/www.euro-camping.com\/nl\/donde-alojarse\/accommodaties\/green-garden\/","name":"Green Garden - Euro Camping","isPartOf":{"@id":"https:\/\/www.euro-camping.com\/nl\/#website"},"primaryImageOfPage":{"@id":"https:\/\/www.euro-camping.com\/nl\/donde-alojarse\/accommodaties\/green-garden\/#primaryimage"},"image":{"@id":"https:\/\/www.euro-camping.com\/nl\/donde-alojarse\/accommodaties\/green-garden\/#primaryimage"},"thumbnailUrl":"https:\/\/www.euro-camping.com\/wp-content\/uploads\/menjador-cuina-scaled.webp","datePublished":"2025-02-26T13:27:14+00:00","dateModified":"2025-10-16T08:39:39+00:00","breadcrumb":{"@id":"https:\/\/www.euro-camping.com\/nl\/donde-alojarse\/accommodaties\/green-garden\/#breadcrumb"},"inLanguage":"nl-NL","potentialAction":[{"@type":"ReadAction","target":["https:\/\/www.euro-camping.com\/nl\/donde-alojarse\/accommodaties\/green-garden\/"]}]},{"@type":"ImageObject","inLanguage":"nl-NL","@id":"https:\/\/www.euro-camping.com\/nl\/donde-alojarse\/accommodaties\/green-garden\/#primaryimage","url":"https:\/\/www.euro-camping.com\/wp-content\/uploads\/menjador-cuina-scaled.webp","contentUrl":"https:\/\/www.euro-camping.com\/wp-content\/uploads\/menjador-cuina-scaled.webp","width":2560,"height":1540},{"@type":"BreadcrumbList","@id":"https:\/\/www.euro-camping.com\/nl\/donde-alojarse\/accommodaties\/green-garden\/#breadcrumb","itemListElement":[{"@type":"ListItem","position":1,"name":"Portada","item":"https:\/\/www.euro-camping.com\/nl\/"},{"@type":"ListItem","position":2,"name":"Waar te verblijven","item":"https:\/\/www.euro-camping.com\/nl\/donde-alojarse\/"},{"@type":"ListItem","position":3,"name":"Accommodaties","item":"https:\/\/www.euro-camping.com\/nl\/donde-alojarse\/accommodaties\/"},{"@type":"ListItem","position":4,"name":"Green Garden"}]},{"@type":"WebSite","@id":"https:\/\/www.euro-camping.com\/nl\/#website","url":"https:\/\/www.euro-camping.com\/nl\/","name":"Euro Camping","description":"EuroCamping, Calonge Camping &amp; Bungalow","publisher":{"@id":"https:\/\/www.euro-camping.com\/nl\/#organization"},"potentialAction":[{"@type":"SearchAction","target":{"@type":"EntryPoint","urlTemplate":"https:\/\/www.euro-camping.com\/nl\/?s={search_term_string}"},"query-input":{"@type":"PropertyValueSpecification","valueRequired":true,"valueName":"search_term_string"}}],"inLanguage":"nl-NL"},{"@type":"Organization","@id":"https:\/\/www.euro-camping.com\/nl\/#organization","name":"Euro Camping","url":"https:\/\/www.euro-camping.com\/nl\/","logo":{"@type":"ImageObject","inLanguage":"nl-NL","@id":"https:\/\/www.euro-camping.com\/nl\/#\/schema\/logo\/image\/","url":"https:\/\/www.euro-camping.com\/wp-content\/uploads\/cropped-mesa-de-trabajo-1eurocamping.png","contentUrl":"https:\/\/www.euro-camping.com\/wp-content\/uploads\/cropped-mesa-de-trabajo-1eurocamping.png","width":2000,"height":498,"caption":"Euro Camping"},"image":{"@id":"https:\/\/www.euro-camping.com\/nl\/#\/schema\/logo\/image\/"}}]}},"_links":{"self":[{"href":"https:\/\/www.euro-camping.com\/nl\/wp-json\/wp\/v2\/pages\/55947","targetHints":{"allow":["GET"]}}],"collection":[{"href":"https:\/\/www.euro-camping.com\/nl\/wp-json\/wp\/v2\/pages"}],"about":[{"href":"https:\/\/www.euro-camping.com\/nl\/wp-json\/wp\/v2\/types\/page"}],"author":[{"embeddable":true,"href":"https:\/\/www.euro-camping.com\/nl\/wp-json\/wp\/v2\/users\/2"}],"replies":[{"embeddable":true,"href":"https:\/\/www.euro-camping.com\/nl\/wp-json\/wp\/v2\/comments?post=55947"}],"version-history":[{"count":18,"href":"https:\/\/www.euro-camping.com\/nl\/wp-json\/wp\/v2\/pages\/55947\/revisions"}],"predecessor-version":[{"id":59832,"href":"https:\/\/www.euro-camping.com\/nl\/wp-json\/wp\/v2\/pages\/55947\/revisions\/59832"}],"up":[{"embeddable":true,"href":"https:\/\/www.euro-camping.com\/nl\/wp-json\/wp\/v2\/pages\/26500"}],"wp:featuredmedia":[{"embeddable":true,"href":"https:\/\/www.euro-camping.com\/nl\/wp-json\/wp\/v2\/media\/56722"}],"wp:attachment":[{"href":"https:\/\/www.euro-camping.com\/nl\/wp-json\/wp\/v2\/media?parent=55947"}],"curies":[{"name":"wp","href":"https:\/\/api.w.org\/{rel}","templated":true}]}}