{"id":46190,"date":"2022-10-14T12:48:44","date_gmt":"2022-10-14T10:48:44","guid":{"rendered":"https:\/\/www.euro-camping.com\/?page_id=46190"},"modified":"2025-10-16T10:35:15","modified_gmt":"2025-10-16T08:35:15","slug":"aangepaste-bungalow-premium","status":"publish","type":"page","link":"https:\/\/www.euro-camping.com\/nl\/donde-alojarse\/accommodaties\/villa-premium\/aangepaste-bungalow-premium\/","title":{"rendered":"Aangepaste Bungalow Premium"},"content":{"rendered":"<ul>\n<li>Een toegankelijke slaapkamer met een tweepersoonsbed (160\u00d7200) type \u201cSuite\u201d met TV.<\/li>\n<li>Een slaapkamer met drie \u00e9\u00e9npersoonsbedden (80\u00d7190).<\/li>\n<li>Toegankelijke keuken met keukengerei.<\/li>\n<li>Toegankelijke badkamer met XL douche en toilet (gescheiden).<\/li>\n<li>Parkeerplaats voor \u00e9\u00e9n auto naast de accommodatie.<\/li>\n<li>Gelegen in een priv\u00e9 woonwijk met zwembad.<\/li>\n<li>Beddengoed en handdoeken inbegrepen.<\/li>\n<li>Toegang tot gratis priv\u00e9 wifi.<\/li>\n<li>Huisdieren niet toegestaan.<\/li>\n<\/ul>\n","protected":false},"excerpt":{"rendered":"<p>Een toegankelijke slaapkamer met een tweepersoonsbed (160\u00d7200) type \u201cSuite\u201d met [&hellip;]<\/p>\n","protected":false},"author":2,"featured_media":46676,"parent":44941,"menu_order":3,"comment_status":"closed","ping_status":"closed","template":"templates\/tmpl-alojamiento.php","meta":{"_acf_changed":false,"footnotes":""},"class_list":["post-46190","page","type-page","status-publish","has-post-thumbnail","hentry"],"acf":[],"yoast_head":"<!-- This site is optimized with the Yoast SEO plugin v26.6 - https:\/\/yoast.com\/wordpress\/plugins\/seo\/ -->\n<title>Aangepaste Bungalow Premium - Euro Camping<\/title>\n<meta name=\"description\" content=\"Onze volledig aangepaste en toegankelijke accommodatie, gelegen in een priv\u00e9 woonwijk met toegang tot een ondiep priv\u00e9 zwembad.\" \/>\n<meta name=\"robots\" content=\"index, follow, max-snippet:-1, max-image-preview:large, max-video-preview:-1\" \/>\n<link rel=\"canonical\" href=\"https:\/\/www.euro-camping.com\/nl\/donde-alojarse\/accommodaties\/villa-premium\/aangepaste-bungalow-premium\/\" \/>\n<meta property=\"og:locale\" content=\"nl_NL\" \/>\n<meta property=\"og:type\" content=\"article\" \/>\n<meta property=\"og:title\" content=\"Aangepaste Bungalow Premium - Euro Camping\" \/>\n<meta property=\"og:description\" content=\"Onze volledig aangepaste en toegankelijke accommodatie, gelegen in een priv\u00e9 woonwijk met toegang tot een ondiep priv\u00e9 zwembad.\" \/>\n<meta property=\"og:url\" content=\"https:\/\/www.euro-camping.com\/nl\/donde-alojarse\/accommodaties\/villa-premium\/aangepaste-bungalow-premium\/\" \/>\n<meta property=\"og:site_name\" content=\"Euro Camping\" \/>\n<meta property=\"article:modified_time\" content=\"2025-10-16T08:35:15+00:00\" \/>\n<meta property=\"og:image\" content=\"https:\/\/www.euro-camping.com\/wp-content\/uploads\/rampa-lateral-web.jpg\" \/>\n\t<meta property=\"og:image:width\" content=\"2500\" \/>\n\t<meta property=\"og:image:height\" content=\"1667\" \/>\n\t<meta property=\"og:image:type\" content=\"image\/jpeg\" \/>\n<meta name=\"twitter:card\" content=\"summary_large_image\" \/>\n<meta name=\"twitter:label1\" content=\"Geschatte leestijd\" \/>\n\t<meta name=\"twitter:data1\" content=\"1 minuut\" \/>\n<script type=\"application\/ld+json\" class=\"yoast-schema-graph\">{\"@context\":\"https:\/\/schema.org\",\"@graph\":[{\"@type\":\"WebPage\",\"@id\":\"https:\/\/www.euro-camping.com\/nl\/donde-alojarse\/accommodaties\/villa-premium\/aangepaste-bungalow-premium\/\",\"url\":\"https:\/\/www.euro-camping.com\/nl\/donde-alojarse\/accommodaties\/villa-premium\/aangepaste-bungalow-premium\/\",\"name\":\"Aangepaste Bungalow Premium - Euro Camping\",\"isPartOf\":{\"@id\":\"https:\/\/www.euro-camping.com\/nl\/#website\"},\"primaryImageOfPage\":{\"@id\":\"https:\/\/www.euro-camping.com\/nl\/donde-alojarse\/accommodaties\/villa-premium\/aangepaste-bungalow-premium\/#primaryimage\"},\"image\":{\"@id\":\"https:\/\/www.euro-camping.com\/nl\/donde-alojarse\/accommodaties\/villa-premium\/aangepaste-bungalow-premium\/#primaryimage\"},\"thumbnailUrl\":\"https:\/\/www.euro-camping.com\/wp-content\/uploads\/rampa-lateral-web.jpg\",\"datePublished\":\"2022-10-14T10:48:44+00:00\",\"dateModified\":\"2025-10-16T08:35:15+00:00\",\"description\":\"Onze volledig aangepaste en toegankelijke accommodatie, gelegen in een priv\u00e9 woonwijk met toegang tot een ondiep priv\u00e9 zwembad.\",\"breadcrumb\":{\"@id\":\"https:\/\/www.euro-camping.com\/nl\/donde-alojarse\/accommodaties\/villa-premium\/aangepaste-bungalow-premium\/#breadcrumb\"},\"inLanguage\":\"nl-NL\",\"potentialAction\":[{\"@type\":\"ReadAction\",\"target\":[\"https:\/\/www.euro-camping.com\/nl\/donde-alojarse\/accommodaties\/villa-premium\/aangepaste-bungalow-premium\/\"]}]},{\"@type\":\"ImageObject\",\"inLanguage\":\"nl-NL\",\"@id\":\"https:\/\/www.euro-camping.com\/nl\/donde-alojarse\/accommodaties\/villa-premium\/aangepaste-bungalow-premium\/#primaryimage\",\"url\":\"https:\/\/www.euro-camping.com\/wp-content\/uploads\/rampa-lateral-web.jpg\",\"contentUrl\":\"https:\/\/www.euro-camping.com\/wp-content\/uploads\/rampa-lateral-web.jpg\",\"width\":2500,\"height\":1667},{\"@type\":\"BreadcrumbList\",\"@id\":\"https:\/\/www.euro-camping.com\/nl\/donde-alojarse\/accommodaties\/villa-premium\/aangepaste-bungalow-premium\/#breadcrumb\",\"itemListElement\":[{\"@type\":\"ListItem\",\"position\":1,\"name\":\"Portada\",\"item\":\"https:\/\/www.euro-camping.com\/nl\/\"},{\"@type\":\"ListItem\",\"position\":2,\"name\":\"Waar te verblijven\",\"item\":\"https:\/\/www.euro-camping.com\/nl\/donde-alojarse\/\"},{\"@type\":\"ListItem\",\"position\":3,\"name\":\"Accommodaties\",\"item\":\"https:\/\/www.euro-camping.com\/nl\/donde-alojarse\/accommodaties\/\"},{\"@type\":\"ListItem\",\"position\":4,\"name\":\"Villa Premium\",\"item\":\"https:\/\/www.euro-camping.com\/nl\/donde-alojarse\/accommodaties\/villa-premium\/\"},{\"@type\":\"ListItem\",\"position\":5,\"name\":\"Aangepaste Bungalow Premium\"}]},{\"@type\":\"WebSite\",\"@id\":\"https:\/\/www.euro-camping.com\/nl\/#website\",\"url\":\"https:\/\/www.euro-camping.com\/nl\/\",\"name\":\"Euro Camping\",\"description\":\"EuroCamping, Calonge Camping &amp; Bungalow\",\"publisher\":{\"@id\":\"https:\/\/www.euro-camping.com\/nl\/#organization\"},\"potentialAction\":[{\"@type\":\"SearchAction\",\"target\":{\"@type\":\"EntryPoint\",\"urlTemplate\":\"https:\/\/www.euro-camping.com\/nl\/?s={search_term_string}\"},\"query-input\":{\"@type\":\"PropertyValueSpecification\",\"valueRequired\":true,\"valueName\":\"search_term_string\"}}],\"inLanguage\":\"nl-NL\"},{\"@type\":\"Organization\",\"@id\":\"https:\/\/www.euro-camping.com\/nl\/#organization\",\"name\":\"Euro Camping\",\"url\":\"https:\/\/www.euro-camping.com\/nl\/\",\"logo\":{\"@type\":\"ImageObject\",\"inLanguage\":\"nl-NL\",\"@id\":\"https:\/\/www.euro-camping.com\/nl\/#\/schema\/logo\/image\/\",\"url\":\"https:\/\/www.euro-camping.com\/wp-content\/uploads\/cropped-mesa-de-trabajo-1eurocamping.png\",\"contentUrl\":\"https:\/\/www.euro-camping.com\/wp-content\/uploads\/cropped-mesa-de-trabajo-1eurocamping.png\",\"width\":2000,\"height\":498,\"caption\":\"Euro Camping\"},\"image\":{\"@id\":\"https:\/\/www.euro-camping.com\/nl\/#\/schema\/logo\/image\/\"}}]}<\/script>\n<!-- \/ Yoast SEO plugin. -->","yoast_head_json":{"title":"Aangepaste Bungalow Premium - Euro Camping","description":"Onze volledig aangepaste en toegankelijke accommodatie, gelegen in een priv\u00e9 woonwijk met toegang tot een ondiep priv\u00e9 zwembad.","robots":{"index":"index","follow":"follow","max-snippet":"max-snippet:-1","max-image-preview":"max-image-preview:large","max-video-preview":"max-video-preview:-1"},"canonical":"https:\/\/www.euro-camping.com\/nl\/donde-alojarse\/accommodaties\/villa-premium\/aangepaste-bungalow-premium\/","og_locale":"nl_NL","og_type":"article","og_title":"Aangepaste Bungalow Premium - Euro Camping","og_description":"Onze volledig aangepaste en toegankelijke accommodatie, gelegen in een priv\u00e9 woonwijk met toegang tot een ondiep priv\u00e9 zwembad.","og_url":"https:\/\/www.euro-camping.com\/nl\/donde-alojarse\/accommodaties\/villa-premium\/aangepaste-bungalow-premium\/","og_site_name":"Euro Camping","article_modified_time":"2025-10-16T08:35:15+00:00","og_image":[{"width":2500,"height":1667,"url":"https:\/\/www.euro-camping.com\/wp-content\/uploads\/rampa-lateral-web.jpg","type":"image\/jpeg"}],"twitter_card":"summary_large_image","twitter_misc":{"Geschatte leestijd":"1 minuut"},"schema":{"@context":"https:\/\/schema.org","@graph":[{"@type":"WebPage","@id":"https:\/\/www.euro-camping.com\/nl\/donde-alojarse\/accommodaties\/villa-premium\/aangepaste-bungalow-premium\/","url":"https:\/\/www.euro-camping.com\/nl\/donde-alojarse\/accommodaties\/villa-premium\/aangepaste-bungalow-premium\/","name":"Aangepaste Bungalow Premium - Euro Camping","isPartOf":{"@id":"https:\/\/www.euro-camping.com\/nl\/#website"},"primaryImageOfPage":{"@id":"https:\/\/www.euro-camping.com\/nl\/donde-alojarse\/accommodaties\/villa-premium\/aangepaste-bungalow-premium\/#primaryimage"},"image":{"@id":"https:\/\/www.euro-camping.com\/nl\/donde-alojarse\/accommodaties\/villa-premium\/aangepaste-bungalow-premium\/#primaryimage"},"thumbnailUrl":"https:\/\/www.euro-camping.com\/wp-content\/uploads\/rampa-lateral-web.jpg","datePublished":"2022-10-14T10:48:44+00:00","dateModified":"2025-10-16T08:35:15+00:00","description":"Onze volledig aangepaste en toegankelijke accommodatie, gelegen in een priv\u00e9 woonwijk met toegang tot een ondiep priv\u00e9 zwembad.","breadcrumb":{"@id":"https:\/\/www.euro-camping.com\/nl\/donde-alojarse\/accommodaties\/villa-premium\/aangepaste-bungalow-premium\/#breadcrumb"},"inLanguage":"nl-NL","potentialAction":[{"@type":"ReadAction","target":["https:\/\/www.euro-camping.com\/nl\/donde-alojarse\/accommodaties\/villa-premium\/aangepaste-bungalow-premium\/"]}]},{"@type":"ImageObject","inLanguage":"nl-NL","@id":"https:\/\/www.euro-camping.com\/nl\/donde-alojarse\/accommodaties\/villa-premium\/aangepaste-bungalow-premium\/#primaryimage","url":"https:\/\/www.euro-camping.com\/wp-content\/uploads\/rampa-lateral-web.jpg","contentUrl":"https:\/\/www.euro-camping.com\/wp-content\/uploads\/rampa-lateral-web.jpg","width":2500,"height":1667},{"@type":"BreadcrumbList","@id":"https:\/\/www.euro-camping.com\/nl\/donde-alojarse\/accommodaties\/villa-premium\/aangepaste-bungalow-premium\/#breadcrumb","itemListElement":[{"@type":"ListItem","position":1,"name":"Portada","item":"https:\/\/www.euro-camping.com\/nl\/"},{"@type":"ListItem","position":2,"name":"Waar te verblijven","item":"https:\/\/www.euro-camping.com\/nl\/donde-alojarse\/"},{"@type":"ListItem","position":3,"name":"Accommodaties","item":"https:\/\/www.euro-camping.com\/nl\/donde-alojarse\/accommodaties\/"},{"@type":"ListItem","position":4,"name":"Villa Premium","item":"https:\/\/www.euro-camping.com\/nl\/donde-alojarse\/accommodaties\/villa-premium\/"},{"@type":"ListItem","position":5,"name":"Aangepaste Bungalow Premium"}]},{"@type":"WebSite","@id":"https:\/\/www.euro-camping.com\/nl\/#website","url":"https:\/\/www.euro-camping.com\/nl\/","name":"Euro Camping","description":"EuroCamping, Calonge Camping &amp; Bungalow","publisher":{"@id":"https:\/\/www.euro-camping.com\/nl\/#organization"},"potentialAction":[{"@type":"SearchAction","target":{"@type":"EntryPoint","urlTemplate":"https:\/\/www.euro-camping.com\/nl\/?s={search_term_string}"},"query-input":{"@type":"PropertyValueSpecification","valueRequired":true,"valueName":"search_term_string"}}],"inLanguage":"nl-NL"},{"@type":"Organization","@id":"https:\/\/www.euro-camping.com\/nl\/#organization","name":"Euro Camping","url":"https:\/\/www.euro-camping.com\/nl\/","logo":{"@type":"ImageObject","inLanguage":"nl-NL","@id":"https:\/\/www.euro-camping.com\/nl\/#\/schema\/logo\/image\/","url":"https:\/\/www.euro-camping.com\/wp-content\/uploads\/cropped-mesa-de-trabajo-1eurocamping.png","contentUrl":"https:\/\/www.euro-camping.com\/wp-content\/uploads\/cropped-mesa-de-trabajo-1eurocamping.png","width":2000,"height":498,"caption":"Euro Camping"},"image":{"@id":"https:\/\/www.euro-camping.com\/nl\/#\/schema\/logo\/image\/"}}]}},"_links":{"self":[{"href":"https:\/\/www.euro-camping.com\/nl\/wp-json\/wp\/v2\/pages\/46190","targetHints":{"allow":["GET"]}}],"collection":[{"href":"https:\/\/www.euro-camping.com\/nl\/wp-json\/wp\/v2\/pages"}],"about":[{"href":"https:\/\/www.euro-camping.com\/nl\/wp-json\/wp\/v2\/types\/page"}],"author":[{"embeddable":true,"href":"https:\/\/www.euro-camping.com\/nl\/wp-json\/wp\/v2\/users\/2"}],"replies":[{"embeddable":true,"href":"https:\/\/www.euro-camping.com\/nl\/wp-json\/wp\/v2\/comments?post=46190"}],"version-history":[{"count":20,"href":"https:\/\/www.euro-camping.com\/nl\/wp-json\/wp\/v2\/pages\/46190\/revisions"}],"predecessor-version":[{"id":59818,"href":"https:\/\/www.euro-camping.com\/nl\/wp-json\/wp\/v2\/pages\/46190\/revisions\/59818"}],"up":[{"embeddable":true,"href":"https:\/\/www.euro-camping.com\/nl\/wp-json\/wp\/v2\/pages\/44941"}],"wp:featuredmedia":[{"embeddable":true,"href":"https:\/\/www.euro-camping.com\/nl\/wp-json\/wp\/v2\/media\/46676"}],"wp:attachment":[{"href":"https:\/\/www.euro-camping.com\/nl\/wp-json\/wp\/v2\/media?parent=46190"}],"curies":[{"name":"wp","href":"https:\/\/api.w.org\/{rel}","templated":true}]}}