{"id":31519,"date":"2019-10-11T16:03:43","date_gmt":"2019-10-11T14:03:43","guid":{"rendered":"https:\/\/www.euro-camping.com\/?page_id=31519"},"modified":"2026-03-24T15:36:25","modified_gmt":"2026-03-24T14:36:25","slug":"services-et-locations","status":"publish","type":"page","link":"https:\/\/www.euro-camping.com\/fr\/le-camping\/services-et-locations\/","title":{"rendered":"Services et locations"},"content":{"rendered":"<h3 style=\"text-align: center;\">Pour que tout soit \u00e0 porter de votre main\u2026<\/h3>\n","protected":false},"excerpt":{"rendered":"<p>Pour que tout soit \u00e0 porter de votre main\u2026<\/p>\n","protected":false},"author":2,"featured_media":22755,"parent":26684,"menu_order":1,"comment_status":"closed","ping_status":"closed","template":"","meta":{"_acf_changed":false,"footnotes":""},"class_list":["post-31519","page","type-page","status-publish","has-post-thumbnail","hentry"],"acf":[],"yoast_head":"<!-- This site is optimized with the Yoast SEO plugin v26.6 - https:\/\/yoast.com\/wordpress\/plugins\/seo\/ -->\n<title>Camping avec une grande vari\u00e9t\u00e9 de services et de locations<\/title>\n<meta name=\"description\" content=\"Nous offrons nombreux services comme boulangerie, WIFI, un train qui vous emm\u00e8ne \u00e0 la plage (haute saison) et location de r\u00e9frig\u00e9rateur.\" \/>\n<meta name=\"robots\" content=\"index, follow, max-snippet:-1, max-image-preview:large, max-video-preview:-1\" \/>\n<link rel=\"canonical\" href=\"https:\/\/www.euro-camping.com\/fr\/le-camping\/services-et-locations\/\" \/>\n<meta property=\"og:locale\" content=\"fr_FR\" \/>\n<meta property=\"og:type\" content=\"article\" \/>\n<meta property=\"og:title\" content=\"Camping avec une grande vari\u00e9t\u00e9 de services et de locations\" \/>\n<meta property=\"og:description\" content=\"Nous offrons nombreux services comme boulangerie, WIFI, un train qui vous emm\u00e8ne \u00e0 la plage (haute saison) et location de r\u00e9frig\u00e9rateur.\" \/>\n<meta property=\"og:url\" content=\"https:\/\/www.euro-camping.com\/fr\/le-camping\/services-et-locations\/\" \/>\n<meta property=\"og:site_name\" content=\"Euro Camping\" \/>\n<meta property=\"article:modified_time\" content=\"2026-03-24T14:36:25+00:00\" \/>\n<meta property=\"og:image\" content=\"https:\/\/www.euro-camping.com\/wp-content\/uploads\/nens-trenr.jpg\" \/>\n\t<meta property=\"og:image:width\" content=\"800\" \/>\n\t<meta property=\"og:image:height\" content=\"456\" \/>\n\t<meta property=\"og:image:type\" content=\"image\/jpeg\" \/>\n<meta name=\"twitter:card\" content=\"summary_large_image\" \/>\n<meta name=\"twitter:label1\" content=\"Dur\u00e9e de lecture estim\u00e9e\" \/>\n\t<meta name=\"twitter:data1\" content=\"1 minute\" \/>\n<script type=\"application\/ld+json\" class=\"yoast-schema-graph\">{\"@context\":\"https:\/\/schema.org\",\"@graph\":[{\"@type\":\"WebPage\",\"@id\":\"https:\/\/www.euro-camping.com\/fr\/le-camping\/services-et-locations\/\",\"url\":\"https:\/\/www.euro-camping.com\/fr\/le-camping\/services-et-locations\/\",\"name\":\"Camping avec une grande vari\u00e9t\u00e9 de services et de locations\",\"isPartOf\":{\"@id\":\"https:\/\/www.euro-camping.com\/nl\/#website\"},\"primaryImageOfPage\":{\"@id\":\"https:\/\/www.euro-camping.com\/fr\/le-camping\/services-et-locations\/#primaryimage\"},\"image\":{\"@id\":\"https:\/\/www.euro-camping.com\/fr\/le-camping\/services-et-locations\/#primaryimage\"},\"thumbnailUrl\":\"https:\/\/www.euro-camping.com\/wp-content\/uploads\/nens-trenr.jpg\",\"datePublished\":\"2019-10-11T14:03:43+00:00\",\"dateModified\":\"2026-03-24T14:36:25+00:00\",\"description\":\"Nous offrons nombreux services comme boulangerie, WIFI, un train qui vous emm\u00e8ne \u00e0 la plage (haute saison) et location de r\u00e9frig\u00e9rateur.\",\"breadcrumb\":{\"@id\":\"https:\/\/www.euro-camping.com\/fr\/le-camping\/services-et-locations\/#breadcrumb\"},\"inLanguage\":\"fr-FR\",\"potentialAction\":[{\"@type\":\"ReadAction\",\"target\":[\"https:\/\/www.euro-camping.com\/fr\/le-camping\/services-et-locations\/\"]}]},{\"@type\":\"ImageObject\",\"inLanguage\":\"fr-FR\",\"@id\":\"https:\/\/www.euro-camping.com\/fr\/le-camping\/services-et-locations\/#primaryimage\",\"url\":\"https:\/\/www.euro-camping.com\/wp-content\/uploads\/nens-trenr.jpg\",\"contentUrl\":\"https:\/\/www.euro-camping.com\/wp-content\/uploads\/nens-trenr.jpg\",\"width\":800,\"height\":456},{\"@type\":\"BreadcrumbList\",\"@id\":\"https:\/\/www.euro-camping.com\/fr\/le-camping\/services-et-locations\/#breadcrumb\",\"itemListElement\":[{\"@type\":\"ListItem\",\"position\":1,\"name\":\"Portada\",\"item\":\"https:\/\/www.euro-camping.com\/fr\/\"},{\"@type\":\"ListItem\",\"position\":2,\"name\":\"Le camping\",\"item\":\"https:\/\/www.euro-camping.com\/fr\/le-camping\/\"},{\"@type\":\"ListItem\",\"position\":3,\"name\":\"Services et locations\"}]},{\"@type\":\"WebSite\",\"@id\":\"https:\/\/www.euro-camping.com\/nl\/#website\",\"url\":\"https:\/\/www.euro-camping.com\/nl\/\",\"name\":\"Euro Camping\",\"description\":\"EuroCamping, Calonge Camping &amp; Bungalow\",\"publisher\":{\"@id\":\"https:\/\/www.euro-camping.com\/nl\/#organization\"},\"potentialAction\":[{\"@type\":\"SearchAction\",\"target\":{\"@type\":\"EntryPoint\",\"urlTemplate\":\"https:\/\/www.euro-camping.com\/nl\/?s={search_term_string}\"},\"query-input\":{\"@type\":\"PropertyValueSpecification\",\"valueRequired\":true,\"valueName\":\"search_term_string\"}}],\"inLanguage\":\"fr-FR\"},{\"@type\":\"Organization\",\"@id\":\"https:\/\/www.euro-camping.com\/nl\/#organization\",\"name\":\"Euro Camping\",\"url\":\"https:\/\/www.euro-camping.com\/nl\/\",\"logo\":{\"@type\":\"ImageObject\",\"inLanguage\":\"fr-FR\",\"@id\":\"https:\/\/www.euro-camping.com\/nl\/#\/schema\/logo\/image\/\",\"url\":\"https:\/\/www.euro-camping.com\/wp-content\/uploads\/cropped-mesa-de-trabajo-1eurocamping.png\",\"contentUrl\":\"https:\/\/www.euro-camping.com\/wp-content\/uploads\/cropped-mesa-de-trabajo-1eurocamping.png\",\"width\":2000,\"height\":498,\"caption\":\"Euro Camping\"},\"image\":{\"@id\":\"https:\/\/www.euro-camping.com\/nl\/#\/schema\/logo\/image\/\"}}]}<\/script>\n<!-- \/ Yoast SEO plugin. -->","yoast_head_json":{"title":"Camping avec une grande vari\u00e9t\u00e9 de services et de locations","description":"Nous offrons nombreux services comme boulangerie, WIFI, un train qui vous emm\u00e8ne \u00e0 la plage (haute saison) et location de r\u00e9frig\u00e9rateur.","robots":{"index":"index","follow":"follow","max-snippet":"max-snippet:-1","max-image-preview":"max-image-preview:large","max-video-preview":"max-video-preview:-1"},"canonical":"https:\/\/www.euro-camping.com\/fr\/le-camping\/services-et-locations\/","og_locale":"fr_FR","og_type":"article","og_title":"Camping avec une grande vari\u00e9t\u00e9 de services et de locations","og_description":"Nous offrons nombreux services comme boulangerie, WIFI, un train qui vous emm\u00e8ne \u00e0 la plage (haute saison) et location de r\u00e9frig\u00e9rateur.","og_url":"https:\/\/www.euro-camping.com\/fr\/le-camping\/services-et-locations\/","og_site_name":"Euro Camping","article_modified_time":"2026-03-24T14:36:25+00:00","og_image":[{"width":800,"height":456,"url":"https:\/\/www.euro-camping.com\/wp-content\/uploads\/nens-trenr.jpg","type":"image\/jpeg"}],"twitter_card":"summary_large_image","twitter_misc":{"Dur\u00e9e de lecture estim\u00e9e":"1 minute"},"schema":{"@context":"https:\/\/schema.org","@graph":[{"@type":"WebPage","@id":"https:\/\/www.euro-camping.com\/fr\/le-camping\/services-et-locations\/","url":"https:\/\/www.euro-camping.com\/fr\/le-camping\/services-et-locations\/","name":"Camping avec une grande vari\u00e9t\u00e9 de services et de locations","isPartOf":{"@id":"https:\/\/www.euro-camping.com\/nl\/#website"},"primaryImageOfPage":{"@id":"https:\/\/www.euro-camping.com\/fr\/le-camping\/services-et-locations\/#primaryimage"},"image":{"@id":"https:\/\/www.euro-camping.com\/fr\/le-camping\/services-et-locations\/#primaryimage"},"thumbnailUrl":"https:\/\/www.euro-camping.com\/wp-content\/uploads\/nens-trenr.jpg","datePublished":"2019-10-11T14:03:43+00:00","dateModified":"2026-03-24T14:36:25+00:00","description":"Nous offrons nombreux services comme boulangerie, WIFI, un train qui vous emm\u00e8ne \u00e0 la plage (haute saison) et location de r\u00e9frig\u00e9rateur.","breadcrumb":{"@id":"https:\/\/www.euro-camping.com\/fr\/le-camping\/services-et-locations\/#breadcrumb"},"inLanguage":"fr-FR","potentialAction":[{"@type":"ReadAction","target":["https:\/\/www.euro-camping.com\/fr\/le-camping\/services-et-locations\/"]}]},{"@type":"ImageObject","inLanguage":"fr-FR","@id":"https:\/\/www.euro-camping.com\/fr\/le-camping\/services-et-locations\/#primaryimage","url":"https:\/\/www.euro-camping.com\/wp-content\/uploads\/nens-trenr.jpg","contentUrl":"https:\/\/www.euro-camping.com\/wp-content\/uploads\/nens-trenr.jpg","width":800,"height":456},{"@type":"BreadcrumbList","@id":"https:\/\/www.euro-camping.com\/fr\/le-camping\/services-et-locations\/#breadcrumb","itemListElement":[{"@type":"ListItem","position":1,"name":"Portada","item":"https:\/\/www.euro-camping.com\/fr\/"},{"@type":"ListItem","position":2,"name":"Le camping","item":"https:\/\/www.euro-camping.com\/fr\/le-camping\/"},{"@type":"ListItem","position":3,"name":"Services et locations"}]},{"@type":"WebSite","@id":"https:\/\/www.euro-camping.com\/nl\/#website","url":"https:\/\/www.euro-camping.com\/nl\/","name":"Euro Camping","description":"EuroCamping, Calonge Camping &amp; Bungalow","publisher":{"@id":"https:\/\/www.euro-camping.com\/nl\/#organization"},"potentialAction":[{"@type":"SearchAction","target":{"@type":"EntryPoint","urlTemplate":"https:\/\/www.euro-camping.com\/nl\/?s={search_term_string}"},"query-input":{"@type":"PropertyValueSpecification","valueRequired":true,"valueName":"search_term_string"}}],"inLanguage":"fr-FR"},{"@type":"Organization","@id":"https:\/\/www.euro-camping.com\/nl\/#organization","name":"Euro Camping","url":"https:\/\/www.euro-camping.com\/nl\/","logo":{"@type":"ImageObject","inLanguage":"fr-FR","@id":"https:\/\/www.euro-camping.com\/nl\/#\/schema\/logo\/image\/","url":"https:\/\/www.euro-camping.com\/wp-content\/uploads\/cropped-mesa-de-trabajo-1eurocamping.png","contentUrl":"https:\/\/www.euro-camping.com\/wp-content\/uploads\/cropped-mesa-de-trabajo-1eurocamping.png","width":2000,"height":498,"caption":"Euro Camping"},"image":{"@id":"https:\/\/www.euro-camping.com\/nl\/#\/schema\/logo\/image\/"}}]}},"_links":{"self":[{"href":"https:\/\/www.euro-camping.com\/fr\/wp-json\/wp\/v2\/pages\/31519","targetHints":{"allow":["GET"]}}],"collection":[{"href":"https:\/\/www.euro-camping.com\/fr\/wp-json\/wp\/v2\/pages"}],"about":[{"href":"https:\/\/www.euro-camping.com\/fr\/wp-json\/wp\/v2\/types\/page"}],"author":[{"embeddable":true,"href":"https:\/\/www.euro-camping.com\/fr\/wp-json\/wp\/v2\/users\/2"}],"replies":[{"embeddable":true,"href":"https:\/\/www.euro-camping.com\/fr\/wp-json\/wp\/v2\/comments?post=31519"}],"version-history":[{"count":11,"href":"https:\/\/www.euro-camping.com\/fr\/wp-json\/wp\/v2\/pages\/31519\/revisions"}],"predecessor-version":[{"id":60401,"href":"https:\/\/www.euro-camping.com\/fr\/wp-json\/wp\/v2\/pages\/31519\/revisions\/60401"}],"up":[{"embeddable":true,"href":"https:\/\/www.euro-camping.com\/fr\/wp-json\/wp\/v2\/pages\/26684"}],"wp:featuredmedia":[{"embeddable":true,"href":"https:\/\/www.euro-camping.com\/fr\/wp-json\/wp\/v2\/media\/22755"}],"wp:attachment":[{"href":"https:\/\/www.euro-camping.com\/fr\/wp-json\/wp\/v2\/media?parent=31519"}],"curies":[{"name":"wp","href":"https:\/\/api.w.org\/{rel}","templated":true}]}}