{"id":26810,"date":"2018-12-05T11:40:35","date_gmt":"2018-12-05T10:40:41","guid":{"rendered":"https:\/\/www.euro-camping.com\/donde-alojarse\/emplacements\/parcelas-comfort\/"},"modified":"2025-10-16T08:27:10","modified_gmt":"2025-10-16T06:27:10","slug":"emplacements-comfort","status":"publish","type":"page","link":"https:\/\/www.euro-camping.com\/fr\/ou-se-loger\/emplacements\/emplacements-comfort\/","title":{"rendered":"Emplacements Confort"},"content":{"rendered":"<p><strong>Pour une \u00e9quipement de camping par emplacement<\/strong> (caravane, camping-car, fourgonnette ou tente). Se permettra de placer une ou deux tentes suppl\u00e9mentaires sur l&#8217;emplacement, en plus de l&rsquo;\u00e9quipement de camping principale, tant que les limites de l&#8217;emplacement et la capacit\u00e9 maximale de personnes ne sont pas d\u00e9pass\u00e9es.<\/p>\n<ul>\n<li>Emplacements d&rsquo;environ <strong>80m\u00b2<\/strong> .<\/li>\n<li>Ils se trouvent dans les zones A, B et D Confort du camping.<\/li>\n<li>Ils sont equip\u00e9s avec prise d\u2019electricit\u00e9 (10A), avec connection TV\/satellit.et delimit\u00e9s par veg\u00e9tation.<\/li>\n<li>Raccordement \u00e9lectrique standard type Schuko. (zones A et D)<\/li>\n<li>Raccordement \u00e9lectrique type CETAC (CEE). (zone B)<\/li>\n<li>Certains avec prise et drainage d\u2019eau (zone A et B).<\/li>\n<li>Les clients s\u00e9journant en zone A sont pri\u00e9s de garer la voiture sur l&#8217;emplacement.<\/li>\n<li>Les clients s\u00e9journant en zone B et zone D se verront attribuer une place de parking pour la voiture dans l&rsquo;un de nos parkings. Le stationnement sur l&#8217;emplacement m\u00eame est autoris\u00e9, mais les limites de l&#8217;emplacement ne peuvent \u00eatre d\u00e9pass\u00e9es.<\/li>\n<li><strong>Le camping avec des animaux domestiques n&rsquo;est autoris\u00e9 que sur\u00a0les emplacements r\u00e9serv\u00e9s aux animaux domestiques dans les\u00a0zones A et D.<\/strong><\/li>\n<\/ul>\n<p>&nbsp;<\/p>\n","protected":false},"excerpt":{"rendered":"<p>Pour une \u00e9quipement de camping par emplacement (caravane, camping-car, fourgonnette [&hellip;]<\/p>\n","protected":false},"author":4,"featured_media":22730,"parent":26796,"menu_order":1,"comment_status":"closed","ping_status":"closed","template":"templates\/tmpl-alojamiento.php","meta":{"_acf_changed":false,"footnotes":""},"class_list":["post-26810","page","type-page","status-publish","has-post-thumbnail","hentry"],"acf":[],"yoast_head":"<!-- This site is optimized with the Yoast SEO plugin v26.6 - https:\/\/yoast.com\/wordpress\/plugins\/seo\/ -->\n<title>Emplacements Confort - Euro Camping<\/title>\n<meta name=\"robots\" content=\"index, follow, max-snippet:-1, max-image-preview:large, max-video-preview:-1\" \/>\n<link rel=\"canonical\" href=\"https:\/\/www.euro-camping.com\/fr\/ou-se-loger\/emplacements\/emplacements-comfort\/\" \/>\n<meta property=\"og:locale\" content=\"fr_FR\" \/>\n<meta property=\"og:type\" content=\"article\" \/>\n<meta property=\"og:title\" content=\"Emplacements Confort - Euro Camping\" \/>\n<meta property=\"og:description\" content=\"Pour une \u00e9quipement de camping par emplacement (caravane, camping-car, fourgonnette [&hellip;]\" \/>\n<meta property=\"og:url\" content=\"https:\/\/www.euro-camping.com\/fr\/ou-se-loger\/emplacements\/emplacements-comfort\/\" \/>\n<meta property=\"og:site_name\" content=\"Euro Camping\" \/>\n<meta property=\"article:modified_time\" content=\"2025-10-16T06:27:10+00:00\" \/>\n<meta property=\"og:image\" content=\"https:\/\/www.euro-camping.com\/wp-content\/uploads\/parcella4r.webp\" \/>\n\t<meta property=\"og:image:width\" content=\"800\" \/>\n\t<meta property=\"og:image:height\" content=\"508\" \/>\n\t<meta property=\"og:image:type\" content=\"image\/jpeg\" \/>\n<meta name=\"twitter:card\" content=\"summary_large_image\" \/>\n<meta name=\"twitter:label1\" content=\"Dur\u00e9e de lecture estim\u00e9e\" \/>\n\t<meta name=\"twitter:data1\" content=\"2 minutes\" \/>\n<script type=\"application\/ld+json\" class=\"yoast-schema-graph\">{\"@context\":\"https:\/\/schema.org\",\"@graph\":[{\"@type\":\"WebPage\",\"@id\":\"https:\/\/www.euro-camping.com\/fr\/ou-se-loger\/emplacements\/emplacements-comfort\/\",\"url\":\"https:\/\/www.euro-camping.com\/fr\/ou-se-loger\/emplacements\/emplacements-comfort\/\",\"name\":\"Emplacements Confort - Euro Camping\",\"isPartOf\":{\"@id\":\"https:\/\/www.euro-camping.com\/nl\/#website\"},\"primaryImageOfPage\":{\"@id\":\"https:\/\/www.euro-camping.com\/fr\/ou-se-loger\/emplacements\/emplacements-comfort\/#primaryimage\"},\"image\":{\"@id\":\"https:\/\/www.euro-camping.com\/fr\/ou-se-loger\/emplacements\/emplacements-comfort\/#primaryimage\"},\"thumbnailUrl\":\"https:\/\/www.euro-camping.com\/wp-content\/uploads\/parcella4r.webp\",\"datePublished\":\"2018-12-05T10:40:41+00:00\",\"dateModified\":\"2025-10-16T06:27:10+00:00\",\"breadcrumb\":{\"@id\":\"https:\/\/www.euro-camping.com\/fr\/ou-se-loger\/emplacements\/emplacements-comfort\/#breadcrumb\"},\"inLanguage\":\"fr-FR\",\"potentialAction\":[{\"@type\":\"ReadAction\",\"target\":[\"https:\/\/www.euro-camping.com\/fr\/ou-se-loger\/emplacements\/emplacements-comfort\/\"]}]},{\"@type\":\"ImageObject\",\"inLanguage\":\"fr-FR\",\"@id\":\"https:\/\/www.euro-camping.com\/fr\/ou-se-loger\/emplacements\/emplacements-comfort\/#primaryimage\",\"url\":\"https:\/\/www.euro-camping.com\/wp-content\/uploads\/parcella4r.webp\",\"contentUrl\":\"https:\/\/www.euro-camping.com\/wp-content\/uploads\/parcella4r.webp\",\"width\":800,\"height\":508},{\"@type\":\"BreadcrumbList\",\"@id\":\"https:\/\/www.euro-camping.com\/fr\/ou-se-loger\/emplacements\/emplacements-comfort\/#breadcrumb\",\"itemListElement\":[{\"@type\":\"ListItem\",\"position\":1,\"name\":\"Portada\",\"item\":\"https:\/\/www.euro-camping.com\/fr\/\"},{\"@type\":\"ListItem\",\"position\":2,\"name\":\"O\u00f9 se loger\",\"item\":\"https:\/\/www.euro-camping.com\/fr\/ou-se-loger\/\"},{\"@type\":\"ListItem\",\"position\":3,\"name\":\"Emplacements\",\"item\":\"https:\/\/www.euro-camping.com\/fr\/ou-se-loger\/emplacements\/\"},{\"@type\":\"ListItem\",\"position\":4,\"name\":\"Emplacements Confort\"}]},{\"@type\":\"WebSite\",\"@id\":\"https:\/\/www.euro-camping.com\/nl\/#website\",\"url\":\"https:\/\/www.euro-camping.com\/nl\/\",\"name\":\"Euro Camping\",\"description\":\"EuroCamping, Calonge Camping &amp; Bungalow\",\"publisher\":{\"@id\":\"https:\/\/www.euro-camping.com\/nl\/#organization\"},\"potentialAction\":[{\"@type\":\"SearchAction\",\"target\":{\"@type\":\"EntryPoint\",\"urlTemplate\":\"https:\/\/www.euro-camping.com\/nl\/?s={search_term_string}\"},\"query-input\":{\"@type\":\"PropertyValueSpecification\",\"valueRequired\":true,\"valueName\":\"search_term_string\"}}],\"inLanguage\":\"fr-FR\"},{\"@type\":\"Organization\",\"@id\":\"https:\/\/www.euro-camping.com\/nl\/#organization\",\"name\":\"Euro Camping\",\"url\":\"https:\/\/www.euro-camping.com\/nl\/\",\"logo\":{\"@type\":\"ImageObject\",\"inLanguage\":\"fr-FR\",\"@id\":\"https:\/\/www.euro-camping.com\/nl\/#\/schema\/logo\/image\/\",\"url\":\"https:\/\/www.euro-camping.com\/wp-content\/uploads\/cropped-mesa-de-trabajo-1eurocamping.png\",\"contentUrl\":\"https:\/\/www.euro-camping.com\/wp-content\/uploads\/cropped-mesa-de-trabajo-1eurocamping.png\",\"width\":2000,\"height\":498,\"caption\":\"Euro Camping\"},\"image\":{\"@id\":\"https:\/\/www.euro-camping.com\/nl\/#\/schema\/logo\/image\/\"}}]}<\/script>\n<!-- \/ Yoast SEO plugin. -->","yoast_head_json":{"title":"Emplacements Confort - Euro Camping","robots":{"index":"index","follow":"follow","max-snippet":"max-snippet:-1","max-image-preview":"max-image-preview:large","max-video-preview":"max-video-preview:-1"},"canonical":"https:\/\/www.euro-camping.com\/fr\/ou-se-loger\/emplacements\/emplacements-comfort\/","og_locale":"fr_FR","og_type":"article","og_title":"Emplacements Confort - Euro Camping","og_description":"Pour une \u00e9quipement de camping par emplacement (caravane, camping-car, fourgonnette [&hellip;]","og_url":"https:\/\/www.euro-camping.com\/fr\/ou-se-loger\/emplacements\/emplacements-comfort\/","og_site_name":"Euro Camping","article_modified_time":"2025-10-16T06:27:10+00:00","og_image":[{"width":800,"height":508,"url":"https:\/\/www.euro-camping.com\/wp-content\/uploads\/parcella4r.webp","type":"image\/jpeg"}],"twitter_card":"summary_large_image","twitter_misc":{"Dur\u00e9e de lecture estim\u00e9e":"2 minutes"},"schema":{"@context":"https:\/\/schema.org","@graph":[{"@type":"WebPage","@id":"https:\/\/www.euro-camping.com\/fr\/ou-se-loger\/emplacements\/emplacements-comfort\/","url":"https:\/\/www.euro-camping.com\/fr\/ou-se-loger\/emplacements\/emplacements-comfort\/","name":"Emplacements Confort - Euro Camping","isPartOf":{"@id":"https:\/\/www.euro-camping.com\/nl\/#website"},"primaryImageOfPage":{"@id":"https:\/\/www.euro-camping.com\/fr\/ou-se-loger\/emplacements\/emplacements-comfort\/#primaryimage"},"image":{"@id":"https:\/\/www.euro-camping.com\/fr\/ou-se-loger\/emplacements\/emplacements-comfort\/#primaryimage"},"thumbnailUrl":"https:\/\/www.euro-camping.com\/wp-content\/uploads\/parcella4r.webp","datePublished":"2018-12-05T10:40:41+00:00","dateModified":"2025-10-16T06:27:10+00:00","breadcrumb":{"@id":"https:\/\/www.euro-camping.com\/fr\/ou-se-loger\/emplacements\/emplacements-comfort\/#breadcrumb"},"inLanguage":"fr-FR","potentialAction":[{"@type":"ReadAction","target":["https:\/\/www.euro-camping.com\/fr\/ou-se-loger\/emplacements\/emplacements-comfort\/"]}]},{"@type":"ImageObject","inLanguage":"fr-FR","@id":"https:\/\/www.euro-camping.com\/fr\/ou-se-loger\/emplacements\/emplacements-comfort\/#primaryimage","url":"https:\/\/www.euro-camping.com\/wp-content\/uploads\/parcella4r.webp","contentUrl":"https:\/\/www.euro-camping.com\/wp-content\/uploads\/parcella4r.webp","width":800,"height":508},{"@type":"BreadcrumbList","@id":"https:\/\/www.euro-camping.com\/fr\/ou-se-loger\/emplacements\/emplacements-comfort\/#breadcrumb","itemListElement":[{"@type":"ListItem","position":1,"name":"Portada","item":"https:\/\/www.euro-camping.com\/fr\/"},{"@type":"ListItem","position":2,"name":"O\u00f9 se loger","item":"https:\/\/www.euro-camping.com\/fr\/ou-se-loger\/"},{"@type":"ListItem","position":3,"name":"Emplacements","item":"https:\/\/www.euro-camping.com\/fr\/ou-se-loger\/emplacements\/"},{"@type":"ListItem","position":4,"name":"Emplacements Confort"}]},{"@type":"WebSite","@id":"https:\/\/www.euro-camping.com\/nl\/#website","url":"https:\/\/www.euro-camping.com\/nl\/","name":"Euro Camping","description":"EuroCamping, Calonge Camping &amp; Bungalow","publisher":{"@id":"https:\/\/www.euro-camping.com\/nl\/#organization"},"potentialAction":[{"@type":"SearchAction","target":{"@type":"EntryPoint","urlTemplate":"https:\/\/www.euro-camping.com\/nl\/?s={search_term_string}"},"query-input":{"@type":"PropertyValueSpecification","valueRequired":true,"valueName":"search_term_string"}}],"inLanguage":"fr-FR"},{"@type":"Organization","@id":"https:\/\/www.euro-camping.com\/nl\/#organization","name":"Euro Camping","url":"https:\/\/www.euro-camping.com\/nl\/","logo":{"@type":"ImageObject","inLanguage":"fr-FR","@id":"https:\/\/www.euro-camping.com\/nl\/#\/schema\/logo\/image\/","url":"https:\/\/www.euro-camping.com\/wp-content\/uploads\/cropped-mesa-de-trabajo-1eurocamping.png","contentUrl":"https:\/\/www.euro-camping.com\/wp-content\/uploads\/cropped-mesa-de-trabajo-1eurocamping.png","width":2000,"height":498,"caption":"Euro Camping"},"image":{"@id":"https:\/\/www.euro-camping.com\/nl\/#\/schema\/logo\/image\/"}}]}},"_links":{"self":[{"href":"https:\/\/www.euro-camping.com\/fr\/wp-json\/wp\/v2\/pages\/26810","targetHints":{"allow":["GET"]}}],"collection":[{"href":"https:\/\/www.euro-camping.com\/fr\/wp-json\/wp\/v2\/pages"}],"about":[{"href":"https:\/\/www.euro-camping.com\/fr\/wp-json\/wp\/v2\/types\/page"}],"author":[{"embeddable":true,"href":"https:\/\/www.euro-camping.com\/fr\/wp-json\/wp\/v2\/users\/4"}],"replies":[{"embeddable":true,"href":"https:\/\/www.euro-camping.com\/fr\/wp-json\/wp\/v2\/comments?post=26810"}],"version-history":[{"count":8,"href":"https:\/\/www.euro-camping.com\/fr\/wp-json\/wp\/v2\/pages\/26810\/revisions"}],"predecessor-version":[{"id":59760,"href":"https:\/\/www.euro-camping.com\/fr\/wp-json\/wp\/v2\/pages\/26810\/revisions\/59760"}],"up":[{"embeddable":true,"href":"https:\/\/www.euro-camping.com\/fr\/wp-json\/wp\/v2\/pages\/26796"}],"wp:featuredmedia":[{"embeddable":true,"href":"https:\/\/www.euro-camping.com\/fr\/wp-json\/wp\/v2\/media\/22730"}],"wp:attachment":[{"href":"https:\/\/www.euro-camping.com\/fr\/wp-json\/wp\/v2\/media?parent=26810"}],"curies":[{"name":"wp","href":"https:\/\/api.w.org\/{rel}","templated":true}]}}