{"id":26806,"date":"2018-12-11T09:44:09","date_gmt":"2018-12-11T08:44:09","guid":{"rendered":"https:\/\/www.euro-camping.com\/donde-alojarse\/logements\/mobil-home-loisir\/"},"modified":"2025-10-16T11:21:33","modified_gmt":"2025-10-16T09:21:33","slug":"mobil-home-loisir","status":"publish","type":"page","link":"https:\/\/www.euro-camping.com\/fr\/ou-se-loger\/logements\/mobil-home-loisir\/","title":{"rendered":"Mobil Home Loisir"},"content":{"rendered":"<ul>\n<li>Une chambre avec un lit double (140&#215;190).<\/li>\n<li>Une chambre avec deux lits simples (80&#215;190).<\/li>\n<li>Un canap\u00e9 lit dans le salon (130&#215;190).<\/li>\n<li>Cuisine avec des outils de cuisine.<\/li>\n<li>Salle de bain avec douche.<\/li>\n<li>Terrain avec une place pour stationner un v\u00e9hicule \u00e0 cot\u00e9 du logement.<\/li>\n<li>Draps de lit compris pour des s\u00e9jours \u00e0 partir de 7 nuits.<\/li>\n<li>Serviettes PAS comprises.<\/li>\n<li>Animaux PAS admis.<\/li>\n<\/ul>\n","protected":false},"excerpt":{"rendered":"<p>Une chambre avec un lit double (140&#215;190). Une chambre avec [&hellip;]<\/p>\n","protected":false},"author":4,"featured_media":23046,"parent":26792,"menu_order":8,"comment_status":"closed","ping_status":"closed","template":"templates\/tmpl-alojamiento.php","meta":{"_acf_changed":false,"footnotes":""},"class_list":["post-26806","page","type-page","status-publish","has-post-thumbnail","hentry"],"acf":[],"yoast_head":"<!-- This site is optimized with the Yoast SEO plugin v26.6 - https:\/\/yoast.com\/wordpress\/plugins\/seo\/ -->\n<title>Mobil Home Loisir - Euro Camping<\/title>\n<meta name=\"robots\" content=\"index, follow, max-snippet:-1, max-image-preview:large, max-video-preview:-1\" \/>\n<link rel=\"canonical\" href=\"https:\/\/www.euro-camping.com\/fr\/ou-se-loger\/logements\/mobil-home-loisir\/\" \/>\n<meta property=\"og:locale\" content=\"fr_FR\" \/>\n<meta property=\"og:type\" content=\"article\" \/>\n<meta property=\"og:title\" content=\"Mobil Home Loisir - Euro Camping\" \/>\n<meta property=\"og:description\" content=\"Une chambre avec un lit double (140&#215;190). Une chambre avec [&hellip;]\" \/>\n<meta property=\"og:url\" content=\"https:\/\/www.euro-camping.com\/fr\/ou-se-loger\/logements\/mobil-home-loisir\/\" \/>\n<meta property=\"og:site_name\" content=\"Euro Camping\" \/>\n<meta property=\"article:modified_time\" content=\"2025-10-16T09:21:33+00:00\" \/>\n<meta property=\"og:image\" content=\"https:\/\/www.euro-camping.com\/wp-content\/uploads\/loisir-exterior.jpg\" \/>\n\t<meta property=\"og:image:width\" content=\"799\" \/>\n\t<meta property=\"og:image:height\" content=\"531\" \/>\n\t<meta property=\"og:image:type\" content=\"image\/jpeg\" \/>\n<meta name=\"twitter:card\" content=\"summary_large_image\" \/>\n<meta name=\"twitter:label1\" content=\"Dur\u00e9e de lecture estim\u00e9e\" \/>\n\t<meta name=\"twitter:data1\" content=\"1 minute\" \/>\n<script type=\"application\/ld+json\" class=\"yoast-schema-graph\">{\"@context\":\"https:\/\/schema.org\",\"@graph\":[{\"@type\":\"WebPage\",\"@id\":\"https:\/\/www.euro-camping.com\/fr\/ou-se-loger\/logements\/mobil-home-loisir\/\",\"url\":\"https:\/\/www.euro-camping.com\/fr\/ou-se-loger\/logements\/mobil-home-loisir\/\",\"name\":\"Mobil Home Loisir - Euro Camping\",\"isPartOf\":{\"@id\":\"https:\/\/www.euro-camping.com\/nl\/#website\"},\"primaryImageOfPage\":{\"@id\":\"https:\/\/www.euro-camping.com\/fr\/ou-se-loger\/logements\/mobil-home-loisir\/#primaryimage\"},\"image\":{\"@id\":\"https:\/\/www.euro-camping.com\/fr\/ou-se-loger\/logements\/mobil-home-loisir\/#primaryimage\"},\"thumbnailUrl\":\"https:\/\/www.euro-camping.com\/wp-content\/uploads\/loisir-exterior.jpg\",\"datePublished\":\"2018-12-11T08:44:09+00:00\",\"dateModified\":\"2025-10-16T09:21:33+00:00\",\"breadcrumb\":{\"@id\":\"https:\/\/www.euro-camping.com\/fr\/ou-se-loger\/logements\/mobil-home-loisir\/#breadcrumb\"},\"inLanguage\":\"fr-FR\",\"potentialAction\":[{\"@type\":\"ReadAction\",\"target\":[\"https:\/\/www.euro-camping.com\/fr\/ou-se-loger\/logements\/mobil-home-loisir\/\"]}]},{\"@type\":\"ImageObject\",\"inLanguage\":\"fr-FR\",\"@id\":\"https:\/\/www.euro-camping.com\/fr\/ou-se-loger\/logements\/mobil-home-loisir\/#primaryimage\",\"url\":\"https:\/\/www.euro-camping.com\/wp-content\/uploads\/loisir-exterior.jpg\",\"contentUrl\":\"https:\/\/www.euro-camping.com\/wp-content\/uploads\/loisir-exterior.jpg\",\"width\":799,\"height\":531},{\"@type\":\"BreadcrumbList\",\"@id\":\"https:\/\/www.euro-camping.com\/fr\/ou-se-loger\/logements\/mobil-home-loisir\/#breadcrumb\",\"itemListElement\":[{\"@type\":\"ListItem\",\"position\":1,\"name\":\"Portada\",\"item\":\"https:\/\/www.euro-camping.com\/fr\/\"},{\"@type\":\"ListItem\",\"position\":2,\"name\":\"O\u00f9 se loger\",\"item\":\"https:\/\/www.euro-camping.com\/fr\/ou-se-loger\/\"},{\"@type\":\"ListItem\",\"position\":3,\"name\":\"Logements\",\"item\":\"https:\/\/www.euro-camping.com\/fr\/ou-se-loger\/logements\/\"},{\"@type\":\"ListItem\",\"position\":4,\"name\":\"Mobil Home Loisir\"}]},{\"@type\":\"WebSite\",\"@id\":\"https:\/\/www.euro-camping.com\/nl\/#website\",\"url\":\"https:\/\/www.euro-camping.com\/nl\/\",\"name\":\"Euro Camping\",\"description\":\"EuroCamping, Calonge Camping &amp; Bungalow\",\"publisher\":{\"@id\":\"https:\/\/www.euro-camping.com\/nl\/#organization\"},\"potentialAction\":[{\"@type\":\"SearchAction\",\"target\":{\"@type\":\"EntryPoint\",\"urlTemplate\":\"https:\/\/www.euro-camping.com\/nl\/?s={search_term_string}\"},\"query-input\":{\"@type\":\"PropertyValueSpecification\",\"valueRequired\":true,\"valueName\":\"search_term_string\"}}],\"inLanguage\":\"fr-FR\"},{\"@type\":\"Organization\",\"@id\":\"https:\/\/www.euro-camping.com\/nl\/#organization\",\"name\":\"Euro Camping\",\"url\":\"https:\/\/www.euro-camping.com\/nl\/\",\"logo\":{\"@type\":\"ImageObject\",\"inLanguage\":\"fr-FR\",\"@id\":\"https:\/\/www.euro-camping.com\/nl\/#\/schema\/logo\/image\/\",\"url\":\"https:\/\/www.euro-camping.com\/wp-content\/uploads\/cropped-mesa-de-trabajo-1eurocamping.png\",\"contentUrl\":\"https:\/\/www.euro-camping.com\/wp-content\/uploads\/cropped-mesa-de-trabajo-1eurocamping.png\",\"width\":2000,\"height\":498,\"caption\":\"Euro Camping\"},\"image\":{\"@id\":\"https:\/\/www.euro-camping.com\/nl\/#\/schema\/logo\/image\/\"}}]}<\/script>\n<!-- \/ Yoast SEO plugin. -->","yoast_head_json":{"title":"Mobil Home Loisir - Euro Camping","robots":{"index":"index","follow":"follow","max-snippet":"max-snippet:-1","max-image-preview":"max-image-preview:large","max-video-preview":"max-video-preview:-1"},"canonical":"https:\/\/www.euro-camping.com\/fr\/ou-se-loger\/logements\/mobil-home-loisir\/","og_locale":"fr_FR","og_type":"article","og_title":"Mobil Home Loisir - Euro Camping","og_description":"Une chambre avec un lit double (140&#215;190). Une chambre avec [&hellip;]","og_url":"https:\/\/www.euro-camping.com\/fr\/ou-se-loger\/logements\/mobil-home-loisir\/","og_site_name":"Euro Camping","article_modified_time":"2025-10-16T09:21:33+00:00","og_image":[{"width":799,"height":531,"url":"https:\/\/www.euro-camping.com\/wp-content\/uploads\/loisir-exterior.jpg","type":"image\/jpeg"}],"twitter_card":"summary_large_image","twitter_misc":{"Dur\u00e9e de lecture estim\u00e9e":"1 minute"},"schema":{"@context":"https:\/\/schema.org","@graph":[{"@type":"WebPage","@id":"https:\/\/www.euro-camping.com\/fr\/ou-se-loger\/logements\/mobil-home-loisir\/","url":"https:\/\/www.euro-camping.com\/fr\/ou-se-loger\/logements\/mobil-home-loisir\/","name":"Mobil Home Loisir - Euro Camping","isPartOf":{"@id":"https:\/\/www.euro-camping.com\/nl\/#website"},"primaryImageOfPage":{"@id":"https:\/\/www.euro-camping.com\/fr\/ou-se-loger\/logements\/mobil-home-loisir\/#primaryimage"},"image":{"@id":"https:\/\/www.euro-camping.com\/fr\/ou-se-loger\/logements\/mobil-home-loisir\/#primaryimage"},"thumbnailUrl":"https:\/\/www.euro-camping.com\/wp-content\/uploads\/loisir-exterior.jpg","datePublished":"2018-12-11T08:44:09+00:00","dateModified":"2025-10-16T09:21:33+00:00","breadcrumb":{"@id":"https:\/\/www.euro-camping.com\/fr\/ou-se-loger\/logements\/mobil-home-loisir\/#breadcrumb"},"inLanguage":"fr-FR","potentialAction":[{"@type":"ReadAction","target":["https:\/\/www.euro-camping.com\/fr\/ou-se-loger\/logements\/mobil-home-loisir\/"]}]},{"@type":"ImageObject","inLanguage":"fr-FR","@id":"https:\/\/www.euro-camping.com\/fr\/ou-se-loger\/logements\/mobil-home-loisir\/#primaryimage","url":"https:\/\/www.euro-camping.com\/wp-content\/uploads\/loisir-exterior.jpg","contentUrl":"https:\/\/www.euro-camping.com\/wp-content\/uploads\/loisir-exterior.jpg","width":799,"height":531},{"@type":"BreadcrumbList","@id":"https:\/\/www.euro-camping.com\/fr\/ou-se-loger\/logements\/mobil-home-loisir\/#breadcrumb","itemListElement":[{"@type":"ListItem","position":1,"name":"Portada","item":"https:\/\/www.euro-camping.com\/fr\/"},{"@type":"ListItem","position":2,"name":"O\u00f9 se loger","item":"https:\/\/www.euro-camping.com\/fr\/ou-se-loger\/"},{"@type":"ListItem","position":3,"name":"Logements","item":"https:\/\/www.euro-camping.com\/fr\/ou-se-loger\/logements\/"},{"@type":"ListItem","position":4,"name":"Mobil Home Loisir"}]},{"@type":"WebSite","@id":"https:\/\/www.euro-camping.com\/nl\/#website","url":"https:\/\/www.euro-camping.com\/nl\/","name":"Euro Camping","description":"EuroCamping, Calonge Camping &amp; Bungalow","publisher":{"@id":"https:\/\/www.euro-camping.com\/nl\/#organization"},"potentialAction":[{"@type":"SearchAction","target":{"@type":"EntryPoint","urlTemplate":"https:\/\/www.euro-camping.com\/nl\/?s={search_term_string}"},"query-input":{"@type":"PropertyValueSpecification","valueRequired":true,"valueName":"search_term_string"}}],"inLanguage":"fr-FR"},{"@type":"Organization","@id":"https:\/\/www.euro-camping.com\/nl\/#organization","name":"Euro Camping","url":"https:\/\/www.euro-camping.com\/nl\/","logo":{"@type":"ImageObject","inLanguage":"fr-FR","@id":"https:\/\/www.euro-camping.com\/nl\/#\/schema\/logo\/image\/","url":"https:\/\/www.euro-camping.com\/wp-content\/uploads\/cropped-mesa-de-trabajo-1eurocamping.png","contentUrl":"https:\/\/www.euro-camping.com\/wp-content\/uploads\/cropped-mesa-de-trabajo-1eurocamping.png","width":2000,"height":498,"caption":"Euro Camping"},"image":{"@id":"https:\/\/www.euro-camping.com\/nl\/#\/schema\/logo\/image\/"}}]}},"_links":{"self":[{"href":"https:\/\/www.euro-camping.com\/fr\/wp-json\/wp\/v2\/pages\/26806","targetHints":{"allow":["GET"]}}],"collection":[{"href":"https:\/\/www.euro-camping.com\/fr\/wp-json\/wp\/v2\/pages"}],"about":[{"href":"https:\/\/www.euro-camping.com\/fr\/wp-json\/wp\/v2\/types\/page"}],"author":[{"embeddable":true,"href":"https:\/\/www.euro-camping.com\/fr\/wp-json\/wp\/v2\/users\/4"}],"replies":[{"embeddable":true,"href":"https:\/\/www.euro-camping.com\/fr\/wp-json\/wp\/v2\/comments?post=26806"}],"version-history":[{"count":13,"href":"https:\/\/www.euro-camping.com\/fr\/wp-json\/wp\/v2\/pages\/26806\/revisions"}],"predecessor-version":[{"id":59861,"href":"https:\/\/www.euro-camping.com\/fr\/wp-json\/wp\/v2\/pages\/26806\/revisions\/59861"}],"up":[{"embeddable":true,"href":"https:\/\/www.euro-camping.com\/fr\/wp-json\/wp\/v2\/pages\/26792"}],"wp:featuredmedia":[{"embeddable":true,"href":"https:\/\/www.euro-camping.com\/fr\/wp-json\/wp\/v2\/media\/23046"}],"wp:attachment":[{"href":"https:\/\/www.euro-camping.com\/fr\/wp-json\/wp\/v2\/media?parent=26806"}],"curies":[{"name":"wp","href":"https:\/\/api.w.org\/{rel}","templated":true}]}}