{"id":26803,"date":"2018-12-11T10:13:19","date_gmt":"2018-12-11T09:13:19","guid":{"rendered":"https:\/\/www.euro-camping.com\/donde-alojarse\/logements\/chalet-confort\/"},"modified":"2025-10-16T10:42:59","modified_gmt":"2025-10-16T08:42:59","slug":"xalet-confort","status":"publish","type":"page","link":"https:\/\/www.euro-camping.com\/fr\/ou-se-loger\/logements\/xalet-confort\/","title":{"rendered":"Xalet Comfort"},"content":{"rendered":"<ul>\n<li>Une chambre avec un lit double (160&#215;200).<\/li>\n<li>Une chambre avec deux lits simples (80&#215;190).<\/li>\n<li>Un canap\u00e9 lit dans le salon (140&#215;200).<\/li>\n<li>Cuisine et outils de cuisine.<\/li>\n<li>Salle de bain avec douche XL.<\/li>\n<li>Place pour stationner un v\u00e9hicule \u00e0 c\u00f4t\u00e9 du logement.<\/li>\n<li>Draps de lit et serviettes compris.<\/li>\n<li>Animaux pas admis.<\/li>\n<\/ul>\n","protected":false},"excerpt":{"rendered":"<p>Une chambre avec un lit double (160&#215;200). Une chambre avec [&hellip;]<\/p>\n","protected":false},"author":4,"featured_media":24029,"parent":26792,"menu_order":5,"comment_status":"closed","ping_status":"closed","template":"templates\/tmpl-alojamiento.php","meta":{"_acf_changed":false,"footnotes":""},"class_list":["post-26803","page","type-page","status-publish","has-post-thumbnail","hentry"],"acf":[],"yoast_head":"<!-- This site is optimized with the Yoast SEO plugin v26.6 - https:\/\/yoast.com\/wordpress\/plugins\/seo\/ -->\n<title>Xalet Comfort - Euro Camping<\/title>\n<meta name=\"robots\" content=\"index, follow, max-snippet:-1, max-image-preview:large, max-video-preview:-1\" \/>\n<link rel=\"canonical\" href=\"https:\/\/www.euro-camping.com\/fr\/ou-se-loger\/logements\/xalet-confort\/\" \/>\n<meta property=\"og:locale\" content=\"fr_FR\" \/>\n<meta property=\"og:type\" content=\"article\" \/>\n<meta property=\"og:title\" content=\"Xalet Comfort - Euro Camping\" \/>\n<meta property=\"og:description\" content=\"Une chambre avec un lit double (160&#215;200). Une chambre avec [&hellip;]\" \/>\n<meta property=\"og:url\" content=\"https:\/\/www.euro-camping.com\/fr\/ou-se-loger\/logements\/xalet-confort\/\" \/>\n<meta property=\"og:site_name\" content=\"Euro Camping\" \/>\n<meta property=\"article:modified_time\" content=\"2025-10-16T08:42:59+00:00\" \/>\n<meta property=\"og:image\" content=\"https:\/\/www.euro-camping.com\/wp-content\/uploads\/terrassa-confortr.webp\" \/>\n\t<meta property=\"og:image:width\" content=\"2500\" \/>\n\t<meta property=\"og:image:height\" content=\"1612\" \/>\n\t<meta property=\"og:image:type\" content=\"image\/jpeg\" \/>\n<meta name=\"twitter:card\" content=\"summary_large_image\" \/>\n<meta name=\"twitter:label1\" content=\"Dur\u00e9e de lecture estim\u00e9e\" \/>\n\t<meta name=\"twitter:data1\" content=\"1 minute\" \/>\n<script type=\"application\/ld+json\" class=\"yoast-schema-graph\">{\"@context\":\"https:\/\/schema.org\",\"@graph\":[{\"@type\":\"WebPage\",\"@id\":\"https:\/\/www.euro-camping.com\/fr\/ou-se-loger\/logements\/xalet-confort\/\",\"url\":\"https:\/\/www.euro-camping.com\/fr\/ou-se-loger\/logements\/xalet-confort\/\",\"name\":\"Xalet Comfort - Euro Camping\",\"isPartOf\":{\"@id\":\"https:\/\/www.euro-camping.com\/nl\/#website\"},\"primaryImageOfPage\":{\"@id\":\"https:\/\/www.euro-camping.com\/fr\/ou-se-loger\/logements\/xalet-confort\/#primaryimage\"},\"image\":{\"@id\":\"https:\/\/www.euro-camping.com\/fr\/ou-se-loger\/logements\/xalet-confort\/#primaryimage\"},\"thumbnailUrl\":\"https:\/\/www.euro-camping.com\/wp-content\/uploads\/terrassa-confortr.webp\",\"datePublished\":\"2018-12-11T09:13:19+00:00\",\"dateModified\":\"2025-10-16T08:42:59+00:00\",\"breadcrumb\":{\"@id\":\"https:\/\/www.euro-camping.com\/fr\/ou-se-loger\/logements\/xalet-confort\/#breadcrumb\"},\"inLanguage\":\"fr-FR\",\"potentialAction\":[{\"@type\":\"ReadAction\",\"target\":[\"https:\/\/www.euro-camping.com\/fr\/ou-se-loger\/logements\/xalet-confort\/\"]}]},{\"@type\":\"ImageObject\",\"inLanguage\":\"fr-FR\",\"@id\":\"https:\/\/www.euro-camping.com\/fr\/ou-se-loger\/logements\/xalet-confort\/#primaryimage\",\"url\":\"https:\/\/www.euro-camping.com\/wp-content\/uploads\/terrassa-confortr.webp\",\"contentUrl\":\"https:\/\/www.euro-camping.com\/wp-content\/uploads\/terrassa-confortr.webp\",\"width\":2500,\"height\":1612},{\"@type\":\"BreadcrumbList\",\"@id\":\"https:\/\/www.euro-camping.com\/fr\/ou-se-loger\/logements\/xalet-confort\/#breadcrumb\",\"itemListElement\":[{\"@type\":\"ListItem\",\"position\":1,\"name\":\"Portada\",\"item\":\"https:\/\/www.euro-camping.com\/fr\/\"},{\"@type\":\"ListItem\",\"position\":2,\"name\":\"O\u00f9 se loger\",\"item\":\"https:\/\/www.euro-camping.com\/fr\/ou-se-loger\/\"},{\"@type\":\"ListItem\",\"position\":3,\"name\":\"Logements\",\"item\":\"https:\/\/www.euro-camping.com\/fr\/ou-se-loger\/logements\/\"},{\"@type\":\"ListItem\",\"position\":4,\"name\":\"Xalet Comfort\"}]},{\"@type\":\"WebSite\",\"@id\":\"https:\/\/www.euro-camping.com\/nl\/#website\",\"url\":\"https:\/\/www.euro-camping.com\/nl\/\",\"name\":\"Euro Camping\",\"description\":\"EuroCamping, Calonge Camping &amp; Bungalow\",\"publisher\":{\"@id\":\"https:\/\/www.euro-camping.com\/nl\/#organization\"},\"potentialAction\":[{\"@type\":\"SearchAction\",\"target\":{\"@type\":\"EntryPoint\",\"urlTemplate\":\"https:\/\/www.euro-camping.com\/nl\/?s={search_term_string}\"},\"query-input\":{\"@type\":\"PropertyValueSpecification\",\"valueRequired\":true,\"valueName\":\"search_term_string\"}}],\"inLanguage\":\"fr-FR\"},{\"@type\":\"Organization\",\"@id\":\"https:\/\/www.euro-camping.com\/nl\/#organization\",\"name\":\"Euro Camping\",\"url\":\"https:\/\/www.euro-camping.com\/nl\/\",\"logo\":{\"@type\":\"ImageObject\",\"inLanguage\":\"fr-FR\",\"@id\":\"https:\/\/www.euro-camping.com\/nl\/#\/schema\/logo\/image\/\",\"url\":\"https:\/\/www.euro-camping.com\/wp-content\/uploads\/cropped-mesa-de-trabajo-1eurocamping.png\",\"contentUrl\":\"https:\/\/www.euro-camping.com\/wp-content\/uploads\/cropped-mesa-de-trabajo-1eurocamping.png\",\"width\":2000,\"height\":498,\"caption\":\"Euro Camping\"},\"image\":{\"@id\":\"https:\/\/www.euro-camping.com\/nl\/#\/schema\/logo\/image\/\"}}]}<\/script>\n<!-- \/ Yoast SEO plugin. -->","yoast_head_json":{"title":"Xalet Comfort - Euro Camping","robots":{"index":"index","follow":"follow","max-snippet":"max-snippet:-1","max-image-preview":"max-image-preview:large","max-video-preview":"max-video-preview:-1"},"canonical":"https:\/\/www.euro-camping.com\/fr\/ou-se-loger\/logements\/xalet-confort\/","og_locale":"fr_FR","og_type":"article","og_title":"Xalet Comfort - Euro Camping","og_description":"Une chambre avec un lit double (160&#215;200). Une chambre avec [&hellip;]","og_url":"https:\/\/www.euro-camping.com\/fr\/ou-se-loger\/logements\/xalet-confort\/","og_site_name":"Euro Camping","article_modified_time":"2025-10-16T08:42:59+00:00","og_image":[{"width":2500,"height":1612,"url":"https:\/\/www.euro-camping.com\/wp-content\/uploads\/terrassa-confortr.webp","type":"image\/jpeg"}],"twitter_card":"summary_large_image","twitter_misc":{"Dur\u00e9e de lecture estim\u00e9e":"1 minute"},"schema":{"@context":"https:\/\/schema.org","@graph":[{"@type":"WebPage","@id":"https:\/\/www.euro-camping.com\/fr\/ou-se-loger\/logements\/xalet-confort\/","url":"https:\/\/www.euro-camping.com\/fr\/ou-se-loger\/logements\/xalet-confort\/","name":"Xalet Comfort - Euro Camping","isPartOf":{"@id":"https:\/\/www.euro-camping.com\/nl\/#website"},"primaryImageOfPage":{"@id":"https:\/\/www.euro-camping.com\/fr\/ou-se-loger\/logements\/xalet-confort\/#primaryimage"},"image":{"@id":"https:\/\/www.euro-camping.com\/fr\/ou-se-loger\/logements\/xalet-confort\/#primaryimage"},"thumbnailUrl":"https:\/\/www.euro-camping.com\/wp-content\/uploads\/terrassa-confortr.webp","datePublished":"2018-12-11T09:13:19+00:00","dateModified":"2025-10-16T08:42:59+00:00","breadcrumb":{"@id":"https:\/\/www.euro-camping.com\/fr\/ou-se-loger\/logements\/xalet-confort\/#breadcrumb"},"inLanguage":"fr-FR","potentialAction":[{"@type":"ReadAction","target":["https:\/\/www.euro-camping.com\/fr\/ou-se-loger\/logements\/xalet-confort\/"]}]},{"@type":"ImageObject","inLanguage":"fr-FR","@id":"https:\/\/www.euro-camping.com\/fr\/ou-se-loger\/logements\/xalet-confort\/#primaryimage","url":"https:\/\/www.euro-camping.com\/wp-content\/uploads\/terrassa-confortr.webp","contentUrl":"https:\/\/www.euro-camping.com\/wp-content\/uploads\/terrassa-confortr.webp","width":2500,"height":1612},{"@type":"BreadcrumbList","@id":"https:\/\/www.euro-camping.com\/fr\/ou-se-loger\/logements\/xalet-confort\/#breadcrumb","itemListElement":[{"@type":"ListItem","position":1,"name":"Portada","item":"https:\/\/www.euro-camping.com\/fr\/"},{"@type":"ListItem","position":2,"name":"O\u00f9 se loger","item":"https:\/\/www.euro-camping.com\/fr\/ou-se-loger\/"},{"@type":"ListItem","position":3,"name":"Logements","item":"https:\/\/www.euro-camping.com\/fr\/ou-se-loger\/logements\/"},{"@type":"ListItem","position":4,"name":"Xalet Comfort"}]},{"@type":"WebSite","@id":"https:\/\/www.euro-camping.com\/nl\/#website","url":"https:\/\/www.euro-camping.com\/nl\/","name":"Euro Camping","description":"EuroCamping, Calonge Camping &amp; Bungalow","publisher":{"@id":"https:\/\/www.euro-camping.com\/nl\/#organization"},"potentialAction":[{"@type":"SearchAction","target":{"@type":"EntryPoint","urlTemplate":"https:\/\/www.euro-camping.com\/nl\/?s={search_term_string}"},"query-input":{"@type":"PropertyValueSpecification","valueRequired":true,"valueName":"search_term_string"}}],"inLanguage":"fr-FR"},{"@type":"Organization","@id":"https:\/\/www.euro-camping.com\/nl\/#organization","name":"Euro Camping","url":"https:\/\/www.euro-camping.com\/nl\/","logo":{"@type":"ImageObject","inLanguage":"fr-FR","@id":"https:\/\/www.euro-camping.com\/nl\/#\/schema\/logo\/image\/","url":"https:\/\/www.euro-camping.com\/wp-content\/uploads\/cropped-mesa-de-trabajo-1eurocamping.png","contentUrl":"https:\/\/www.euro-camping.com\/wp-content\/uploads\/cropped-mesa-de-trabajo-1eurocamping.png","width":2000,"height":498,"caption":"Euro Camping"},"image":{"@id":"https:\/\/www.euro-camping.com\/nl\/#\/schema\/logo\/image\/"}}]}},"_links":{"self":[{"href":"https:\/\/www.euro-camping.com\/fr\/wp-json\/wp\/v2\/pages\/26803","targetHints":{"allow":["GET"]}}],"collection":[{"href":"https:\/\/www.euro-camping.com\/fr\/wp-json\/wp\/v2\/pages"}],"about":[{"href":"https:\/\/www.euro-camping.com\/fr\/wp-json\/wp\/v2\/types\/page"}],"author":[{"embeddable":true,"href":"https:\/\/www.euro-camping.com\/fr\/wp-json\/wp\/v2\/users\/4"}],"replies":[{"embeddable":true,"href":"https:\/\/www.euro-camping.com\/fr\/wp-json\/wp\/v2\/comments?post=26803"}],"version-history":[{"count":22,"href":"https:\/\/www.euro-camping.com\/fr\/wp-json\/wp\/v2\/pages\/26803\/revisions"}],"predecessor-version":[{"id":59841,"href":"https:\/\/www.euro-camping.com\/fr\/wp-json\/wp\/v2\/pages\/26803\/revisions\/59841"}],"up":[{"embeddable":true,"href":"https:\/\/www.euro-camping.com\/fr\/wp-json\/wp\/v2\/pages\/26792"}],"wp:featuredmedia":[{"embeddable":true,"href":"https:\/\/www.euro-camping.com\/fr\/wp-json\/wp\/v2\/media\/24029"}],"wp:attachment":[{"href":"https:\/\/www.euro-camping.com\/fr\/wp-json\/wp\/v2\/media?parent=26803"}],"curies":[{"name":"wp","href":"https:\/\/api.w.org\/{rel}","templated":true}]}}