{"id":26678,"date":"2018-12-05T08:08:22","date_gmt":"2018-12-05T07:08:22","guid":{"rendered":"https:\/\/www.euro-camping.com\/environnement\/costa-brava\/"},"modified":"2019-02-26T12:43:17","modified_gmt":"2019-02-26T11:43:17","slug":"costa-brava","status":"publish","type":"page","link":"https:\/\/www.euro-camping.com\/fr\/environnement\/costa-brava\/","title":{"rendered":"Costa Brava"},"content":{"rendered":"<h1 style=\"text-align: center;\">Profitez de la Costa Brava<\/h1>\n<p style=\"text-align: center;\">La <strong>Costa Brava<\/strong> est une addition de sensations, sc\u00e9nes et parages de grande valeur biologique et culturelle.<\/p>\n<p style=\"text-align: center;\">Notre littoral vous s\u00e9duira par la beaut\u00e9 de ses plages et ses criques, dont certaines d\u2019elles sont des v\u00e9ritables paradis cach\u00e9s entre les falaises.<\/p>\n<p style=\"text-align: center;\">Sans oublier nos villages avec un fort caract\u00e8re m\u00e9diterran\u00e9en.<\/p>\n<h4 style=\"text-align: center;\">Osez la d\u00e9couvrir!<\/h4>\n<p>&nbsp;<\/p>\n","protected":false},"excerpt":{"rendered":"<p>Profitez de la Costa Brava La Costa Brava est une [&hellip;]<\/p>\n","protected":false},"author":4,"featured_media":24716,"parent":26655,"menu_order":0,"comment_status":"closed","ping_status":"closed","template":"","meta":{"_acf_changed":false,"footnotes":""},"class_list":["post-26678","page","type-page","status-publish","has-post-thumbnail","hentry"],"acf":[],"yoast_head":"<!-- This site is optimized with the Yoast SEO plugin v26.6 - https:\/\/yoast.com\/wordpress\/plugins\/seo\/ -->\n<title>Costa Brava - Euro Camping<\/title>\n<meta name=\"robots\" content=\"index, follow, max-snippet:-1, max-image-preview:large, max-video-preview:-1\" \/>\n<link rel=\"canonical\" href=\"https:\/\/www.euro-camping.com\/entorno\/costa-brava\/\" \/>\n<meta property=\"og:locale\" content=\"fr_FR\" \/>\n<meta property=\"og:type\" content=\"article\" \/>\n<meta property=\"og:title\" content=\"Costa Brava - Euro Camping\" \/>\n<meta property=\"og:description\" content=\"Profitez de la Costa Brava La Costa Brava est une [&hellip;]\" \/>\n<meta property=\"og:url\" content=\"https:\/\/www.euro-camping.com\/entorno\/costa-brava\/\" \/>\n<meta property=\"og:site_name\" content=\"Euro Camping\" \/>\n<meta property=\"article:modified_time\" content=\"2019-02-26T11:43:17+00:00\" \/>\n<meta property=\"og:image\" content=\"https:\/\/www.euro-camping.com\/wp-content\/uploads\/xzona-roca-dels-musclos-santantoni-de-calongep20p281p29jpgpagespeedic-m42dnvmrmu.webp\" \/>\n\t<meta property=\"og:image:width\" content=\"1311\" \/>\n\t<meta property=\"og:image:height\" content=\"874\" \/>\n\t<meta property=\"og:image:type\" content=\"image\/jpeg\" \/>\n<meta name=\"twitter:card\" content=\"summary_large_image\" \/>\n<script type=\"application\/ld+json\" class=\"yoast-schema-graph\">{\"@context\":\"https:\/\/schema.org\",\"@graph\":[{\"@type\":\"WebPage\",\"@id\":\"https:\/\/www.euro-camping.com\/entorno\/costa-brava\/\",\"url\":\"https:\/\/www.euro-camping.com\/entorno\/costa-brava\/\",\"name\":\"Costa Brava - Euro Camping\",\"isPartOf\":{\"@id\":\"https:\/\/www.euro-camping.com\/nl\/#website\"},\"primaryImageOfPage\":{\"@id\":\"https:\/\/www.euro-camping.com\/entorno\/costa-brava\/#primaryimage\"},\"image\":{\"@id\":\"https:\/\/www.euro-camping.com\/entorno\/costa-brava\/#primaryimage\"},\"thumbnailUrl\":\"https:\/\/www.euro-camping.com\/wp-content\/uploads\/xzona-roca-dels-musclos-santantoni-de-calongep20p281p29jpgpagespeedic-m42dnvmrmu.webp\",\"datePublished\":\"2018-12-05T07:08:22+00:00\",\"dateModified\":\"2019-02-26T11:43:17+00:00\",\"breadcrumb\":{\"@id\":\"https:\/\/www.euro-camping.com\/entorno\/costa-brava\/#breadcrumb\"},\"inLanguage\":\"fr-FR\",\"potentialAction\":[{\"@type\":\"ReadAction\",\"target\":[\"https:\/\/www.euro-camping.com\/entorno\/costa-brava\/\"]}]},{\"@type\":\"ImageObject\",\"inLanguage\":\"fr-FR\",\"@id\":\"https:\/\/www.euro-camping.com\/entorno\/costa-brava\/#primaryimage\",\"url\":\"https:\/\/www.euro-camping.com\/wp-content\/uploads\/xzona-roca-dels-musclos-santantoni-de-calongep20p281p29jpgpagespeedic-m42dnvmrmu.webp\",\"contentUrl\":\"https:\/\/www.euro-camping.com\/wp-content\/uploads\/xzona-roca-dels-musclos-santantoni-de-calongep20p281p29jpgpagespeedic-m42dnvmrmu.webp\",\"width\":1311,\"height\":874},{\"@type\":\"BreadcrumbList\",\"@id\":\"https:\/\/www.euro-camping.com\/entorno\/costa-brava\/#breadcrumb\",\"itemListElement\":[{\"@type\":\"ListItem\",\"position\":1,\"name\":\"Portada\",\"item\":\"https:\/\/www.euro-camping.com\/fr\/\"},{\"@type\":\"ListItem\",\"position\":2,\"name\":\"Environnement\",\"item\":\"https:\/\/www.euro-camping.com\/fr\/environnement\/\"},{\"@type\":\"ListItem\",\"position\":3,\"name\":\"Costa Brava\"}]},{\"@type\":\"WebSite\",\"@id\":\"https:\/\/www.euro-camping.com\/nl\/#website\",\"url\":\"https:\/\/www.euro-camping.com\/nl\/\",\"name\":\"Euro Camping\",\"description\":\"EuroCamping, Calonge Camping &amp; Bungalow\",\"publisher\":{\"@id\":\"https:\/\/www.euro-camping.com\/nl\/#organization\"},\"potentialAction\":[{\"@type\":\"SearchAction\",\"target\":{\"@type\":\"EntryPoint\",\"urlTemplate\":\"https:\/\/www.euro-camping.com\/nl\/?s={search_term_string}\"},\"query-input\":{\"@type\":\"PropertyValueSpecification\",\"valueRequired\":true,\"valueName\":\"search_term_string\"}}],\"inLanguage\":\"fr-FR\"},{\"@type\":\"Organization\",\"@id\":\"https:\/\/www.euro-camping.com\/nl\/#organization\",\"name\":\"Euro Camping\",\"url\":\"https:\/\/www.euro-camping.com\/nl\/\",\"logo\":{\"@type\":\"ImageObject\",\"inLanguage\":\"fr-FR\",\"@id\":\"https:\/\/www.euro-camping.com\/nl\/#\/schema\/logo\/image\/\",\"url\":\"https:\/\/www.euro-camping.com\/wp-content\/uploads\/cropped-mesa-de-trabajo-1eurocamping.png\",\"contentUrl\":\"https:\/\/www.euro-camping.com\/wp-content\/uploads\/cropped-mesa-de-trabajo-1eurocamping.png\",\"width\":2000,\"height\":498,\"caption\":\"Euro Camping\"},\"image\":{\"@id\":\"https:\/\/www.euro-camping.com\/nl\/#\/schema\/logo\/image\/\"}}]}<\/script>\n<!-- \/ Yoast SEO plugin. -->","yoast_head_json":{"title":"Costa Brava - Euro Camping","robots":{"index":"index","follow":"follow","max-snippet":"max-snippet:-1","max-image-preview":"max-image-preview:large","max-video-preview":"max-video-preview:-1"},"canonical":"https:\/\/www.euro-camping.com\/entorno\/costa-brava\/","og_locale":"fr_FR","og_type":"article","og_title":"Costa Brava - Euro Camping","og_description":"Profitez de la Costa Brava La Costa Brava est une [&hellip;]","og_url":"https:\/\/www.euro-camping.com\/entorno\/costa-brava\/","og_site_name":"Euro Camping","article_modified_time":"2019-02-26T11:43:17+00:00","og_image":[{"width":1311,"height":874,"url":"https:\/\/www.euro-camping.com\/wp-content\/uploads\/xzona-roca-dels-musclos-santantoni-de-calongep20p281p29jpgpagespeedic-m42dnvmrmu.webp","type":"image\/jpeg"}],"twitter_card":"summary_large_image","schema":{"@context":"https:\/\/schema.org","@graph":[{"@type":"WebPage","@id":"https:\/\/www.euro-camping.com\/entorno\/costa-brava\/","url":"https:\/\/www.euro-camping.com\/entorno\/costa-brava\/","name":"Costa Brava - Euro Camping","isPartOf":{"@id":"https:\/\/www.euro-camping.com\/nl\/#website"},"primaryImageOfPage":{"@id":"https:\/\/www.euro-camping.com\/entorno\/costa-brava\/#primaryimage"},"image":{"@id":"https:\/\/www.euro-camping.com\/entorno\/costa-brava\/#primaryimage"},"thumbnailUrl":"https:\/\/www.euro-camping.com\/wp-content\/uploads\/xzona-roca-dels-musclos-santantoni-de-calongep20p281p29jpgpagespeedic-m42dnvmrmu.webp","datePublished":"2018-12-05T07:08:22+00:00","dateModified":"2019-02-26T11:43:17+00:00","breadcrumb":{"@id":"https:\/\/www.euro-camping.com\/entorno\/costa-brava\/#breadcrumb"},"inLanguage":"fr-FR","potentialAction":[{"@type":"ReadAction","target":["https:\/\/www.euro-camping.com\/entorno\/costa-brava\/"]}]},{"@type":"ImageObject","inLanguage":"fr-FR","@id":"https:\/\/www.euro-camping.com\/entorno\/costa-brava\/#primaryimage","url":"https:\/\/www.euro-camping.com\/wp-content\/uploads\/xzona-roca-dels-musclos-santantoni-de-calongep20p281p29jpgpagespeedic-m42dnvmrmu.webp","contentUrl":"https:\/\/www.euro-camping.com\/wp-content\/uploads\/xzona-roca-dels-musclos-santantoni-de-calongep20p281p29jpgpagespeedic-m42dnvmrmu.webp","width":1311,"height":874},{"@type":"BreadcrumbList","@id":"https:\/\/www.euro-camping.com\/entorno\/costa-brava\/#breadcrumb","itemListElement":[{"@type":"ListItem","position":1,"name":"Portada","item":"https:\/\/www.euro-camping.com\/fr\/"},{"@type":"ListItem","position":2,"name":"Environnement","item":"https:\/\/www.euro-camping.com\/fr\/environnement\/"},{"@type":"ListItem","position":3,"name":"Costa Brava"}]},{"@type":"WebSite","@id":"https:\/\/www.euro-camping.com\/nl\/#website","url":"https:\/\/www.euro-camping.com\/nl\/","name":"Euro Camping","description":"EuroCamping, Calonge Camping &amp; Bungalow","publisher":{"@id":"https:\/\/www.euro-camping.com\/nl\/#organization"},"potentialAction":[{"@type":"SearchAction","target":{"@type":"EntryPoint","urlTemplate":"https:\/\/www.euro-camping.com\/nl\/?s={search_term_string}"},"query-input":{"@type":"PropertyValueSpecification","valueRequired":true,"valueName":"search_term_string"}}],"inLanguage":"fr-FR"},{"@type":"Organization","@id":"https:\/\/www.euro-camping.com\/nl\/#organization","name":"Euro Camping","url":"https:\/\/www.euro-camping.com\/nl\/","logo":{"@type":"ImageObject","inLanguage":"fr-FR","@id":"https:\/\/www.euro-camping.com\/nl\/#\/schema\/logo\/image\/","url":"https:\/\/www.euro-camping.com\/wp-content\/uploads\/cropped-mesa-de-trabajo-1eurocamping.png","contentUrl":"https:\/\/www.euro-camping.com\/wp-content\/uploads\/cropped-mesa-de-trabajo-1eurocamping.png","width":2000,"height":498,"caption":"Euro Camping"},"image":{"@id":"https:\/\/www.euro-camping.com\/nl\/#\/schema\/logo\/image\/"}}]}},"_links":{"self":[{"href":"https:\/\/www.euro-camping.com\/fr\/wp-json\/wp\/v2\/pages\/26678","targetHints":{"allow":["GET"]}}],"collection":[{"href":"https:\/\/www.euro-camping.com\/fr\/wp-json\/wp\/v2\/pages"}],"about":[{"href":"https:\/\/www.euro-camping.com\/fr\/wp-json\/wp\/v2\/types\/page"}],"author":[{"embeddable":true,"href":"https:\/\/www.euro-camping.com\/fr\/wp-json\/wp\/v2\/users\/4"}],"replies":[{"embeddable":true,"href":"https:\/\/www.euro-camping.com\/fr\/wp-json\/wp\/v2\/comments?post=26678"}],"version-history":[{"count":3,"href":"https:\/\/www.euro-camping.com\/fr\/wp-json\/wp\/v2\/pages\/26678\/revisions"}],"predecessor-version":[{"id":27642,"href":"https:\/\/www.euro-camping.com\/fr\/wp-json\/wp\/v2\/pages\/26678\/revisions\/27642"}],"up":[{"embeddable":true,"href":"https:\/\/www.euro-camping.com\/fr\/wp-json\/wp\/v2\/pages\/26655"}],"wp:featuredmedia":[{"embeddable":true,"href":"https:\/\/www.euro-camping.com\/fr\/wp-json\/wp\/v2\/media\/24716"}],"wp:attachment":[{"href":"https:\/\/www.euro-camping.com\/fr\/wp-json\/wp\/v2\/media?parent=26678"}],"curies":[{"name":"wp","href":"https:\/\/api.w.org\/{rel}","templated":true}]}}