{"id":26674,"date":"2018-12-05T08:08:36","date_gmt":"2018-12-05T07:08:36","guid":{"rendered":"https:\/\/www.euro-camping.com\/environnement\/playas\/"},"modified":"2019-02-26T12:47:29","modified_gmt":"2019-02-26T11:47:29","slug":"plages","status":"publish","type":"page","link":"https:\/\/www.euro-camping.com\/fr\/environnement\/plages\/","title":{"rendered":"Plages"},"content":{"rendered":"<h2 style=\"text-align: left;\">Les plages<\/h2>\n<p style=\"text-align: left;\">Eurocamping se trouve \u00e0 peine \u00e0 300 m\u00e8tres de la plage de San Antoni dans la baie de Palam\u00f3s. Il s\u2019agit d\u2019une large plage de sable fin et dor\u00e9 qui offre beaucoup d\u2019espace aux baigneurs. De plus la d\u00e9nivellation graduelle de la plage fait que la baignade soit facile et s\u00fbre pour tous. Elle est totalement pr\u00e9par\u00e9e pour le tourisme familial et offre de multiples services:<\/p>\n<ul>\n<li>Service de secourisme<\/li>\n<li>Zone d\u2019ombre<\/li>\n<li>WC<\/li>\n<li>Douches<\/li>\n<li>Gonflables aquatiques<\/li>\n<li>Espace cardio &#8211; prot\u00e9g\u00e9<\/li>\n<li>Espace b\u00e9b\u00e9 et zone d\u2019allaitement<\/li>\n<\/ul>\n<p>&nbsp;<\/p>\n<p>&nbsp;<\/p>\n","protected":false},"excerpt":{"rendered":"<p>Les plages Eurocamping se trouve \u00e0 peine \u00e0 300 m\u00e8tres [&hellip;]<\/p>\n","protected":false},"author":4,"featured_media":24801,"parent":26655,"menu_order":1,"comment_status":"closed","ping_status":"closed","template":"","meta":{"_acf_changed":false,"footnotes":""},"class_list":["post-26674","page","type-page","status-publish","has-post-thumbnail","hentry"],"acf":[],"yoast_head":"<!-- This site is optimized with the Yoast SEO plugin v26.6 - https:\/\/yoast.com\/wordpress\/plugins\/seo\/ -->\n<title>Plages - Euro Camping<\/title>\n<meta name=\"robots\" content=\"index, follow, max-snippet:-1, max-image-preview:large, max-video-preview:-1\" \/>\n<link rel=\"canonical\" href=\"https:\/\/www.euro-camping.com\/entorno\/playas\/\" \/>\n<meta property=\"og:locale\" content=\"fr_FR\" \/>\n<meta property=\"og:type\" content=\"article\" \/>\n<meta property=\"og:title\" content=\"Plages - Euro Camping\" \/>\n<meta property=\"og:description\" content=\"Les plages Eurocamping se trouve \u00e0 peine \u00e0 300 m\u00e8tres [&hellip;]\" \/>\n<meta property=\"og:url\" content=\"https:\/\/www.euro-camping.com\/entorno\/playas\/\" \/>\n<meta property=\"og:site_name\" content=\"Euro Camping\" \/>\n<meta property=\"article:modified_time\" content=\"2019-02-26T11:47:29+00:00\" \/>\n<meta property=\"og:image\" content=\"https:\/\/www.euro-camping.com\/wp-content\/uploads\/calonge-sant-antoni-5-sentits-1000-y.webp\" \/>\n\t<meta property=\"og:image:width\" content=\"1280\" \/>\n\t<meta property=\"og:image:height\" content=\"720\" \/>\n\t<meta property=\"og:image:type\" content=\"image\/jpeg\" \/>\n<meta name=\"twitter:card\" content=\"summary_large_image\" \/>\n<script type=\"application\/ld+json\" class=\"yoast-schema-graph\">{\"@context\":\"https:\/\/schema.org\",\"@graph\":[{\"@type\":\"WebPage\",\"@id\":\"https:\/\/www.euro-camping.com\/entorno\/playas\/\",\"url\":\"https:\/\/www.euro-camping.com\/entorno\/playas\/\",\"name\":\"Plages - Euro Camping\",\"isPartOf\":{\"@id\":\"https:\/\/www.euro-camping.com\/nl\/#website\"},\"primaryImageOfPage\":{\"@id\":\"https:\/\/www.euro-camping.com\/entorno\/playas\/#primaryimage\"},\"image\":{\"@id\":\"https:\/\/www.euro-camping.com\/entorno\/playas\/#primaryimage\"},\"thumbnailUrl\":\"https:\/\/www.euro-camping.com\/wp-content\/uploads\/calonge-sant-antoni-5-sentits-1000-y.webp\",\"datePublished\":\"2018-12-05T07:08:36+00:00\",\"dateModified\":\"2019-02-26T11:47:29+00:00\",\"breadcrumb\":{\"@id\":\"https:\/\/www.euro-camping.com\/entorno\/playas\/#breadcrumb\"},\"inLanguage\":\"fr-FR\",\"potentialAction\":[{\"@type\":\"ReadAction\",\"target\":[\"https:\/\/www.euro-camping.com\/entorno\/playas\/\"]}]},{\"@type\":\"ImageObject\",\"inLanguage\":\"fr-FR\",\"@id\":\"https:\/\/www.euro-camping.com\/entorno\/playas\/#primaryimage\",\"url\":\"https:\/\/www.euro-camping.com\/wp-content\/uploads\/calonge-sant-antoni-5-sentits-1000-y.webp\",\"contentUrl\":\"https:\/\/www.euro-camping.com\/wp-content\/uploads\/calonge-sant-antoni-5-sentits-1000-y.webp\",\"width\":1280,\"height\":720},{\"@type\":\"BreadcrumbList\",\"@id\":\"https:\/\/www.euro-camping.com\/entorno\/playas\/#breadcrumb\",\"itemListElement\":[{\"@type\":\"ListItem\",\"position\":1,\"name\":\"Portada\",\"item\":\"https:\/\/www.euro-camping.com\/fr\/\"},{\"@type\":\"ListItem\",\"position\":2,\"name\":\"Environnement\",\"item\":\"https:\/\/www.euro-camping.com\/fr\/environnement\/\"},{\"@type\":\"ListItem\",\"position\":3,\"name\":\"Plages\"}]},{\"@type\":\"WebSite\",\"@id\":\"https:\/\/www.euro-camping.com\/nl\/#website\",\"url\":\"https:\/\/www.euro-camping.com\/nl\/\",\"name\":\"Euro Camping\",\"description\":\"EuroCamping, Calonge Camping &amp; Bungalow\",\"publisher\":{\"@id\":\"https:\/\/www.euro-camping.com\/nl\/#organization\"},\"potentialAction\":[{\"@type\":\"SearchAction\",\"target\":{\"@type\":\"EntryPoint\",\"urlTemplate\":\"https:\/\/www.euro-camping.com\/nl\/?s={search_term_string}\"},\"query-input\":{\"@type\":\"PropertyValueSpecification\",\"valueRequired\":true,\"valueName\":\"search_term_string\"}}],\"inLanguage\":\"fr-FR\"},{\"@type\":\"Organization\",\"@id\":\"https:\/\/www.euro-camping.com\/nl\/#organization\",\"name\":\"Euro Camping\",\"url\":\"https:\/\/www.euro-camping.com\/nl\/\",\"logo\":{\"@type\":\"ImageObject\",\"inLanguage\":\"fr-FR\",\"@id\":\"https:\/\/www.euro-camping.com\/nl\/#\/schema\/logo\/image\/\",\"url\":\"https:\/\/www.euro-camping.com\/wp-content\/uploads\/cropped-mesa-de-trabajo-1eurocamping.png\",\"contentUrl\":\"https:\/\/www.euro-camping.com\/wp-content\/uploads\/cropped-mesa-de-trabajo-1eurocamping.png\",\"width\":2000,\"height\":498,\"caption\":\"Euro Camping\"},\"image\":{\"@id\":\"https:\/\/www.euro-camping.com\/nl\/#\/schema\/logo\/image\/\"}}]}<\/script>\n<!-- \/ Yoast SEO plugin. -->","yoast_head_json":{"title":"Plages - Euro Camping","robots":{"index":"index","follow":"follow","max-snippet":"max-snippet:-1","max-image-preview":"max-image-preview:large","max-video-preview":"max-video-preview:-1"},"canonical":"https:\/\/www.euro-camping.com\/entorno\/playas\/","og_locale":"fr_FR","og_type":"article","og_title":"Plages - Euro Camping","og_description":"Les plages Eurocamping se trouve \u00e0 peine \u00e0 300 m\u00e8tres [&hellip;]","og_url":"https:\/\/www.euro-camping.com\/entorno\/playas\/","og_site_name":"Euro Camping","article_modified_time":"2019-02-26T11:47:29+00:00","og_image":[{"width":1280,"height":720,"url":"https:\/\/www.euro-camping.com\/wp-content\/uploads\/calonge-sant-antoni-5-sentits-1000-y.webp","type":"image\/jpeg"}],"twitter_card":"summary_large_image","schema":{"@context":"https:\/\/schema.org","@graph":[{"@type":"WebPage","@id":"https:\/\/www.euro-camping.com\/entorno\/playas\/","url":"https:\/\/www.euro-camping.com\/entorno\/playas\/","name":"Plages - Euro Camping","isPartOf":{"@id":"https:\/\/www.euro-camping.com\/nl\/#website"},"primaryImageOfPage":{"@id":"https:\/\/www.euro-camping.com\/entorno\/playas\/#primaryimage"},"image":{"@id":"https:\/\/www.euro-camping.com\/entorno\/playas\/#primaryimage"},"thumbnailUrl":"https:\/\/www.euro-camping.com\/wp-content\/uploads\/calonge-sant-antoni-5-sentits-1000-y.webp","datePublished":"2018-12-05T07:08:36+00:00","dateModified":"2019-02-26T11:47:29+00:00","breadcrumb":{"@id":"https:\/\/www.euro-camping.com\/entorno\/playas\/#breadcrumb"},"inLanguage":"fr-FR","potentialAction":[{"@type":"ReadAction","target":["https:\/\/www.euro-camping.com\/entorno\/playas\/"]}]},{"@type":"ImageObject","inLanguage":"fr-FR","@id":"https:\/\/www.euro-camping.com\/entorno\/playas\/#primaryimage","url":"https:\/\/www.euro-camping.com\/wp-content\/uploads\/calonge-sant-antoni-5-sentits-1000-y.webp","contentUrl":"https:\/\/www.euro-camping.com\/wp-content\/uploads\/calonge-sant-antoni-5-sentits-1000-y.webp","width":1280,"height":720},{"@type":"BreadcrumbList","@id":"https:\/\/www.euro-camping.com\/entorno\/playas\/#breadcrumb","itemListElement":[{"@type":"ListItem","position":1,"name":"Portada","item":"https:\/\/www.euro-camping.com\/fr\/"},{"@type":"ListItem","position":2,"name":"Environnement","item":"https:\/\/www.euro-camping.com\/fr\/environnement\/"},{"@type":"ListItem","position":3,"name":"Plages"}]},{"@type":"WebSite","@id":"https:\/\/www.euro-camping.com\/nl\/#website","url":"https:\/\/www.euro-camping.com\/nl\/","name":"Euro Camping","description":"EuroCamping, Calonge Camping &amp; Bungalow","publisher":{"@id":"https:\/\/www.euro-camping.com\/nl\/#organization"},"potentialAction":[{"@type":"SearchAction","target":{"@type":"EntryPoint","urlTemplate":"https:\/\/www.euro-camping.com\/nl\/?s={search_term_string}"},"query-input":{"@type":"PropertyValueSpecification","valueRequired":true,"valueName":"search_term_string"}}],"inLanguage":"fr-FR"},{"@type":"Organization","@id":"https:\/\/www.euro-camping.com\/nl\/#organization","name":"Euro Camping","url":"https:\/\/www.euro-camping.com\/nl\/","logo":{"@type":"ImageObject","inLanguage":"fr-FR","@id":"https:\/\/www.euro-camping.com\/nl\/#\/schema\/logo\/image\/","url":"https:\/\/www.euro-camping.com\/wp-content\/uploads\/cropped-mesa-de-trabajo-1eurocamping.png","contentUrl":"https:\/\/www.euro-camping.com\/wp-content\/uploads\/cropped-mesa-de-trabajo-1eurocamping.png","width":2000,"height":498,"caption":"Euro Camping"},"image":{"@id":"https:\/\/www.euro-camping.com\/nl\/#\/schema\/logo\/image\/"}}]}},"_links":{"self":[{"href":"https:\/\/www.euro-camping.com\/fr\/wp-json\/wp\/v2\/pages\/26674","targetHints":{"allow":["GET"]}}],"collection":[{"href":"https:\/\/www.euro-camping.com\/fr\/wp-json\/wp\/v2\/pages"}],"about":[{"href":"https:\/\/www.euro-camping.com\/fr\/wp-json\/wp\/v2\/types\/page"}],"author":[{"embeddable":true,"href":"https:\/\/www.euro-camping.com\/fr\/wp-json\/wp\/v2\/users\/4"}],"replies":[{"embeddable":true,"href":"https:\/\/www.euro-camping.com\/fr\/wp-json\/wp\/v2\/comments?post=26674"}],"version-history":[{"count":5,"href":"https:\/\/www.euro-camping.com\/fr\/wp-json\/wp\/v2\/pages\/26674\/revisions"}],"predecessor-version":[{"id":27644,"href":"https:\/\/www.euro-camping.com\/fr\/wp-json\/wp\/v2\/pages\/26674\/revisions\/27644"}],"up":[{"embeddable":true,"href":"https:\/\/www.euro-camping.com\/fr\/wp-json\/wp\/v2\/pages\/26655"}],"wp:featuredmedia":[{"embeddable":true,"href":"https:\/\/www.euro-camping.com\/fr\/wp-json\/wp\/v2\/media\/24801"}],"wp:attachment":[{"href":"https:\/\/www.euro-camping.com\/fr\/wp-json\/wp\/v2\/media?parent=26674"}],"curies":[{"name":"wp","href":"https:\/\/api.w.org\/{rel}","templated":true}]}}