{"id":26661,"date":"2018-12-05T08:09:26","date_gmt":"2018-12-05T07:09:26","guid":{"rendered":"https:\/\/www.euro-camping.com\/environnement\/el-pueblo\/"},"modified":"2019-02-26T12:50:27","modified_gmt":"2019-02-26T11:50:27","slug":"leville","status":"publish","type":"page","link":"https:\/\/www.euro-camping.com\/fr\/environnement\/leville\/","title":{"rendered":"Calonge et Sant Antoni"},"content":{"rendered":"<h1>Calonge et Sant Antoni<\/h1>\n<p>Eurocamping se trouve \u00e0 Calonge et Sant Antoni, municipalit\u00e9 divis\u00e9e en deux centres urbains<\/p>\n<p>&nbsp;<\/p>\n<div class=\"columna-wrapper\">\n<div class=\"columna col1-2\">\n<h3 style=\"text-align: center;\">Calonge,<\/h3>\n<p>&nbsp;<\/p>\n<p style=\"text-align: center;\">\u00e0 l\u2019int\u00e9rieur, avec son centre historique<\/p>\n<p style=\"text-align: center;\">le ch\u00e2teau m\u00e9di\u00e9val, l\u2019\u00e9glise, le march\u00e9,<\/p>\n<p style=\"text-align: center;\">le charme de ses petites ruelles, etc\u2026<\/p>\n<\/div>\n<div class=\"columna col1-2\">\n<h3 style=\"text-align: center;\">Sant Antoni,<\/h3>\n<p>&nbsp;<\/p>\n<p style=\"text-align: center;\">avec sa promenade maritime, ses plages de r\u00eave<\/p>\n<p style=\"text-align: center;\">ouvertes sur la mer<\/p>\n<p style=\"text-align: center;\">et sa vie, son ambiance en \u00e9t\u00e9.<\/p>\n<\/div>\n<\/div>\n<p>&nbsp;<\/p>\n<p>&nbsp;<\/p>\n","protected":false},"excerpt":{"rendered":"<p>Calonge et Sant Antoni Eurocamping se trouve \u00e0 Calonge et [&hellip;]<\/p>\n","protected":false},"author":4,"featured_media":24791,"parent":26655,"menu_order":2,"comment_status":"closed","ping_status":"closed","template":"","meta":{"_acf_changed":false,"footnotes":""},"class_list":["post-26661","page","type-page","status-publish","has-post-thumbnail","hentry"],"acf":[],"yoast_head":"<!-- This site is optimized with the Yoast SEO plugin v26.6 - https:\/\/yoast.com\/wordpress\/plugins\/seo\/ -->\n<title>Calonge et Sant Antoni - Euro Camping<\/title>\n<meta name=\"robots\" content=\"index, follow, max-snippet:-1, max-image-preview:large, max-video-preview:-1\" \/>\n<link rel=\"canonical\" href=\"https:\/\/www.euro-camping.com\/entorno\/el-pueblo\/\" \/>\n<meta property=\"og:locale\" content=\"fr_FR\" \/>\n<meta property=\"og:type\" content=\"article\" \/>\n<meta property=\"og:title\" content=\"Calonge et Sant Antoni - Euro Camping\" \/>\n<meta property=\"og:description\" content=\"Calonge et Sant Antoni Eurocamping se trouve \u00e0 Calonge et [&hellip;]\" \/>\n<meta property=\"og:url\" content=\"https:\/\/www.euro-camping.com\/entorno\/el-pueblo\/\" \/>\n<meta property=\"og:site_name\" content=\"Euro Camping\" \/>\n<meta property=\"article:modified_time\" content=\"2019-02-26T11:50:27+00:00\" \/>\n<meta property=\"og:image\" content=\"https:\/\/www.euro-camping.com\/wp-content\/uploads\/clps015.jpg\" \/>\n\t<meta property=\"og:image:width\" content=\"1544\" \/>\n\t<meta property=\"og:image:height\" content=\"2500\" \/>\n\t<meta property=\"og:image:type\" content=\"image\/jpeg\" \/>\n<meta name=\"twitter:card\" content=\"summary_large_image\" \/>\n<script type=\"application\/ld+json\" class=\"yoast-schema-graph\">{\"@context\":\"https:\/\/schema.org\",\"@graph\":[{\"@type\":\"WebPage\",\"@id\":\"https:\/\/www.euro-camping.com\/entorno\/el-pueblo\/\",\"url\":\"https:\/\/www.euro-camping.com\/entorno\/el-pueblo\/\",\"name\":\"Calonge et Sant Antoni - Euro Camping\",\"isPartOf\":{\"@id\":\"https:\/\/www.euro-camping.com\/nl\/#website\"},\"primaryImageOfPage\":{\"@id\":\"https:\/\/www.euro-camping.com\/entorno\/el-pueblo\/#primaryimage\"},\"image\":{\"@id\":\"https:\/\/www.euro-camping.com\/entorno\/el-pueblo\/#primaryimage\"},\"thumbnailUrl\":\"https:\/\/www.euro-camping.com\/wp-content\/uploads\/clps015.jpg\",\"datePublished\":\"2018-12-05T07:09:26+00:00\",\"dateModified\":\"2019-02-26T11:50:27+00:00\",\"breadcrumb\":{\"@id\":\"https:\/\/www.euro-camping.com\/entorno\/el-pueblo\/#breadcrumb\"},\"inLanguage\":\"fr-FR\",\"potentialAction\":[{\"@type\":\"ReadAction\",\"target\":[\"https:\/\/www.euro-camping.com\/entorno\/el-pueblo\/\"]}]},{\"@type\":\"ImageObject\",\"inLanguage\":\"fr-FR\",\"@id\":\"https:\/\/www.euro-camping.com\/entorno\/el-pueblo\/#primaryimage\",\"url\":\"https:\/\/www.euro-camping.com\/wp-content\/uploads\/clps015.jpg\",\"contentUrl\":\"https:\/\/www.euro-camping.com\/wp-content\/uploads\/clps015.jpg\",\"width\":1544,\"height\":2500},{\"@type\":\"BreadcrumbList\",\"@id\":\"https:\/\/www.euro-camping.com\/entorno\/el-pueblo\/#breadcrumb\",\"itemListElement\":[{\"@type\":\"ListItem\",\"position\":1,\"name\":\"Portada\",\"item\":\"https:\/\/www.euro-camping.com\/fr\/\"},{\"@type\":\"ListItem\",\"position\":2,\"name\":\"Environnement\",\"item\":\"https:\/\/www.euro-camping.com\/fr\/environnement\/\"},{\"@type\":\"ListItem\",\"position\":3,\"name\":\"Calonge et Sant Antoni\"}]},{\"@type\":\"WebSite\",\"@id\":\"https:\/\/www.euro-camping.com\/nl\/#website\",\"url\":\"https:\/\/www.euro-camping.com\/nl\/\",\"name\":\"Euro Camping\",\"description\":\"EuroCamping, Calonge Camping &amp; Bungalow\",\"publisher\":{\"@id\":\"https:\/\/www.euro-camping.com\/nl\/#organization\"},\"potentialAction\":[{\"@type\":\"SearchAction\",\"target\":{\"@type\":\"EntryPoint\",\"urlTemplate\":\"https:\/\/www.euro-camping.com\/nl\/?s={search_term_string}\"},\"query-input\":{\"@type\":\"PropertyValueSpecification\",\"valueRequired\":true,\"valueName\":\"search_term_string\"}}],\"inLanguage\":\"fr-FR\"},{\"@type\":\"Organization\",\"@id\":\"https:\/\/www.euro-camping.com\/nl\/#organization\",\"name\":\"Euro Camping\",\"url\":\"https:\/\/www.euro-camping.com\/nl\/\",\"logo\":{\"@type\":\"ImageObject\",\"inLanguage\":\"fr-FR\",\"@id\":\"https:\/\/www.euro-camping.com\/nl\/#\/schema\/logo\/image\/\",\"url\":\"https:\/\/www.euro-camping.com\/wp-content\/uploads\/cropped-mesa-de-trabajo-1eurocamping.png\",\"contentUrl\":\"https:\/\/www.euro-camping.com\/wp-content\/uploads\/cropped-mesa-de-trabajo-1eurocamping.png\",\"width\":2000,\"height\":498,\"caption\":\"Euro Camping\"},\"image\":{\"@id\":\"https:\/\/www.euro-camping.com\/nl\/#\/schema\/logo\/image\/\"}}]}<\/script>\n<!-- \/ Yoast SEO plugin. -->","yoast_head_json":{"title":"Calonge et Sant Antoni - Euro Camping","robots":{"index":"index","follow":"follow","max-snippet":"max-snippet:-1","max-image-preview":"max-image-preview:large","max-video-preview":"max-video-preview:-1"},"canonical":"https:\/\/www.euro-camping.com\/entorno\/el-pueblo\/","og_locale":"fr_FR","og_type":"article","og_title":"Calonge et Sant Antoni - Euro Camping","og_description":"Calonge et Sant Antoni Eurocamping se trouve \u00e0 Calonge et [&hellip;]","og_url":"https:\/\/www.euro-camping.com\/entorno\/el-pueblo\/","og_site_name":"Euro Camping","article_modified_time":"2019-02-26T11:50:27+00:00","og_image":[{"width":1544,"height":2500,"url":"https:\/\/www.euro-camping.com\/wp-content\/uploads\/clps015.jpg","type":"image\/jpeg"}],"twitter_card":"summary_large_image","schema":{"@context":"https:\/\/schema.org","@graph":[{"@type":"WebPage","@id":"https:\/\/www.euro-camping.com\/entorno\/el-pueblo\/","url":"https:\/\/www.euro-camping.com\/entorno\/el-pueblo\/","name":"Calonge et Sant Antoni - Euro Camping","isPartOf":{"@id":"https:\/\/www.euro-camping.com\/nl\/#website"},"primaryImageOfPage":{"@id":"https:\/\/www.euro-camping.com\/entorno\/el-pueblo\/#primaryimage"},"image":{"@id":"https:\/\/www.euro-camping.com\/entorno\/el-pueblo\/#primaryimage"},"thumbnailUrl":"https:\/\/www.euro-camping.com\/wp-content\/uploads\/clps015.jpg","datePublished":"2018-12-05T07:09:26+00:00","dateModified":"2019-02-26T11:50:27+00:00","breadcrumb":{"@id":"https:\/\/www.euro-camping.com\/entorno\/el-pueblo\/#breadcrumb"},"inLanguage":"fr-FR","potentialAction":[{"@type":"ReadAction","target":["https:\/\/www.euro-camping.com\/entorno\/el-pueblo\/"]}]},{"@type":"ImageObject","inLanguage":"fr-FR","@id":"https:\/\/www.euro-camping.com\/entorno\/el-pueblo\/#primaryimage","url":"https:\/\/www.euro-camping.com\/wp-content\/uploads\/clps015.jpg","contentUrl":"https:\/\/www.euro-camping.com\/wp-content\/uploads\/clps015.jpg","width":1544,"height":2500},{"@type":"BreadcrumbList","@id":"https:\/\/www.euro-camping.com\/entorno\/el-pueblo\/#breadcrumb","itemListElement":[{"@type":"ListItem","position":1,"name":"Portada","item":"https:\/\/www.euro-camping.com\/fr\/"},{"@type":"ListItem","position":2,"name":"Environnement","item":"https:\/\/www.euro-camping.com\/fr\/environnement\/"},{"@type":"ListItem","position":3,"name":"Calonge et Sant Antoni"}]},{"@type":"WebSite","@id":"https:\/\/www.euro-camping.com\/nl\/#website","url":"https:\/\/www.euro-camping.com\/nl\/","name":"Euro Camping","description":"EuroCamping, Calonge Camping &amp; Bungalow","publisher":{"@id":"https:\/\/www.euro-camping.com\/nl\/#organization"},"potentialAction":[{"@type":"SearchAction","target":{"@type":"EntryPoint","urlTemplate":"https:\/\/www.euro-camping.com\/nl\/?s={search_term_string}"},"query-input":{"@type":"PropertyValueSpecification","valueRequired":true,"valueName":"search_term_string"}}],"inLanguage":"fr-FR"},{"@type":"Organization","@id":"https:\/\/www.euro-camping.com\/nl\/#organization","name":"Euro Camping","url":"https:\/\/www.euro-camping.com\/nl\/","logo":{"@type":"ImageObject","inLanguage":"fr-FR","@id":"https:\/\/www.euro-camping.com\/nl\/#\/schema\/logo\/image\/","url":"https:\/\/www.euro-camping.com\/wp-content\/uploads\/cropped-mesa-de-trabajo-1eurocamping.png","contentUrl":"https:\/\/www.euro-camping.com\/wp-content\/uploads\/cropped-mesa-de-trabajo-1eurocamping.png","width":2000,"height":498,"caption":"Euro Camping"},"image":{"@id":"https:\/\/www.euro-camping.com\/nl\/#\/schema\/logo\/image\/"}}]}},"_links":{"self":[{"href":"https:\/\/www.euro-camping.com\/fr\/wp-json\/wp\/v2\/pages\/26661","targetHints":{"allow":["GET"]}}],"collection":[{"href":"https:\/\/www.euro-camping.com\/fr\/wp-json\/wp\/v2\/pages"}],"about":[{"href":"https:\/\/www.euro-camping.com\/fr\/wp-json\/wp\/v2\/types\/page"}],"author":[{"embeddable":true,"href":"https:\/\/www.euro-camping.com\/fr\/wp-json\/wp\/v2\/users\/4"}],"replies":[{"embeddable":true,"href":"https:\/\/www.euro-camping.com\/fr\/wp-json\/wp\/v2\/comments?post=26661"}],"version-history":[{"count":6,"href":"https:\/\/www.euro-camping.com\/fr\/wp-json\/wp\/v2\/pages\/26661\/revisions"}],"predecessor-version":[{"id":27646,"href":"https:\/\/www.euro-camping.com\/fr\/wp-json\/wp\/v2\/pages\/26661\/revisions\/27646"}],"up":[{"embeddable":true,"href":"https:\/\/www.euro-camping.com\/fr\/wp-json\/wp\/v2\/pages\/26655"}],"wp:featuredmedia":[{"embeddable":true,"href":"https:\/\/www.euro-camping.com\/fr\/wp-json\/wp\/v2\/media\/24791"}],"wp:attachment":[{"href":"https:\/\/www.euro-camping.com\/fr\/wp-json\/wp\/v2\/media?parent=26661"}],"curies":[{"name":"wp","href":"https:\/\/api.w.org\/{rel}","templated":true}]}}