{"id":26655,"date":"2018-12-05T08:08:06","date_gmt":"2018-12-05T07:08:06","guid":{"rendered":"https:\/\/www.euro-camping.com\/entorno\/"},"modified":"2026-03-31T13:33:44","modified_gmt":"2026-03-31T11:33:44","slug":"environnement","status":"publish","type":"page","link":"https:\/\/www.euro-camping.com\/fr\/environnement\/","title":{"rendered":"Environnement"},"content":{"rendered":"<h1>L\u2019emplacement id\u00e9al<\/h1>\n<div class=\"columna-wrapper\">\n<div class=\"columna col1-2\">\n<p>Eurocamping est dans un emplacement id\u00e9al. Situ\u00e9 dans le centre de Calonge et Sant Antoni, il offre de multiples possibilit\u00e9s au moment de choisir les activit\u00e9s \u00e0 faire pendant les vacances.<\/p>\n<p>Il se trouve en plein centre de Sant Antoni de Calonge, \u00e0 l\u2019endroit le plus touristique.<\/p>\n<p>Vous pourrez vous promener tranquillement tout au long de sa renomm\u00e9e promenade maritime qui va jusqu\u2019\u00e0 Palam\u00f3s et vous aurez tous les services et le confort \u00e0 port\u00e9e de main\u00a0: boutiques, restaurants, supermarch\u00e9s, marchands de glaces\u2026<\/p>\n<p style=\"text-align: right;\"><span style=\"color: #C8102E;\"><strong><a style=\"color: #C8102E;\" href=\"https:\/\/www.youtube.com\/watch?v=0BJXac9Grd4\" target=\"_blank\" rel=\"noopener noreferrer\">Voir cam\u00e9ra en direct<\/a><\/strong><\/span><\/p>\n<p>Souvent la mairie organise des activit\u00e9s r\u00e9cr\u00e9atives, culturelles et sportives, foires, concerts\u2026L\u2019office du tourisme se trouve pr\u00e8s du camping et vous offrira un catalogue complet avec les activit\u00e9s et autres services.<\/p>\n<p style=\"text-align: right;\"><span style=\"color: #C8102E;\"><strong><a style=\"color: #C8102E;\" href=\"http:\/\/www.calonge-santantoni.cat\/es\" target=\"_blank\" rel=\"noopener noreferrer\">Voir office du tourisme<\/a><\/strong><\/span><\/p>\n<\/div>\n<div class=\"columna col1-2\">\n<p>Pour ceux qui ont envie d\u2019explorer les alentours, nous recommandons de visiter le village m\u00e9di\u00e9vale et le ch\u00e2teau de Calonge, les randonn\u00e9es \u00e0 pied dans les Gavarres ou de suivre la d\u00e9nomm\u00e9e Route du Vin.<\/p>\n<p>Depuis Eurocamping vous pouvez aussi suivre le joli chemin de Ronde qui unit Torre Valentina \u00e0 Playa de Aro o\u00f9 vous trouverez des endroits remarquables par leur beaut\u00e9 comme la <em>Cala de Roques Planas<\/em> ou la <em>Cala dels Esculls<\/em>.<\/p>\n<p>Vous venez de loin? Vous avez envie d\u2019une \u00e9chapp\u00e9e urbaine?<\/p>\n<p>D\u00e9couvrez les recoins cach\u00e9s dans les ruelles m\u00e9di\u00e9vales de la jolie et historique ville de Girona.<\/p>\n<p>Ou bien allez visiter Barcelone, \u00e0 moins de deux heures de Eurocamping!<\/p>\n<\/div>\n<\/div>\n<p>&nbsp;<\/p>\n","protected":false},"excerpt":{"rendered":"<p>L\u2019emplacement id\u00e9al Eurocamping est dans un emplacement id\u00e9al. Situ\u00e9 dans [&hellip;]<\/p>\n","protected":false},"author":4,"featured_media":0,"parent":0,"menu_order":6,"comment_status":"closed","ping_status":"closed","template":"","meta":{"_acf_changed":false,"footnotes":""},"class_list":["post-26655","page","type-page","status-publish","hentry"],"acf":[],"yoast_head":"<!-- This site is optimized with the Yoast SEO plugin v26.6 - https:\/\/yoast.com\/wordpress\/plugins\/seo\/ -->\n<title>Environnement Eurocamping<\/title>\n<meta name=\"description\" content=\"Camping situ\u00e9 dans le centre de Sant Antoni de Calonge, pr\u00e8s de la plage et avec une multitude de possibilit\u00e9s pour choisir les activit\u00e9s.\" \/>\n<meta name=\"robots\" content=\"index, follow, max-snippet:-1, max-image-preview:large, max-video-preview:-1\" \/>\n<link rel=\"canonical\" href=\"https:\/\/www.euro-camping.com\/fr\/environnement\/\" \/>\n<meta property=\"og:locale\" content=\"fr_FR\" \/>\n<meta property=\"og:type\" content=\"article\" \/>\n<meta property=\"og:title\" content=\"Environnement Eurocamping\" \/>\n<meta property=\"og:description\" content=\"Camping situ\u00e9 dans le centre de Sant Antoni de Calonge, pr\u00e8s de la plage et avec une multitude de possibilit\u00e9s pour choisir les activit\u00e9s.\" \/>\n<meta property=\"og:url\" content=\"https:\/\/www.euro-camping.com\/fr\/environnement\/\" \/>\n<meta property=\"og:site_name\" content=\"Euro Camping\" \/>\n<meta property=\"article:modified_time\" content=\"2026-03-31T11:33:44+00:00\" \/>\n<meta name=\"twitter:card\" content=\"summary_large_image\" \/>\n<meta name=\"twitter:label1\" content=\"Dur\u00e9e de lecture estim\u00e9e\" \/>\n\t<meta name=\"twitter:data1\" content=\"2 minutes\" \/>\n<script type=\"application\/ld+json\" class=\"yoast-schema-graph\">{\"@context\":\"https:\/\/schema.org\",\"@graph\":[{\"@type\":\"WebPage\",\"@id\":\"https:\/\/www.euro-camping.com\/fr\/environnement\/\",\"url\":\"https:\/\/www.euro-camping.com\/fr\/environnement\/\",\"name\":\"Environnement Eurocamping\",\"isPartOf\":{\"@id\":\"https:\/\/www.euro-camping.com\/nl\/#website\"},\"datePublished\":\"2018-12-05T07:08:06+00:00\",\"dateModified\":\"2026-03-31T11:33:44+00:00\",\"description\":\"Camping situ\u00e9 dans le centre de Sant Antoni de Calonge, pr\u00e8s de la plage et avec une multitude de possibilit\u00e9s pour choisir les activit\u00e9s.\",\"breadcrumb\":{\"@id\":\"https:\/\/www.euro-camping.com\/fr\/environnement\/#breadcrumb\"},\"inLanguage\":\"fr-FR\",\"potentialAction\":[{\"@type\":\"ReadAction\",\"target\":[\"https:\/\/www.euro-camping.com\/fr\/environnement\/\"]}]},{\"@type\":\"BreadcrumbList\",\"@id\":\"https:\/\/www.euro-camping.com\/fr\/environnement\/#breadcrumb\",\"itemListElement\":[{\"@type\":\"ListItem\",\"position\":1,\"name\":\"Portada\",\"item\":\"https:\/\/www.euro-camping.com\/fr\/\"},{\"@type\":\"ListItem\",\"position\":2,\"name\":\"Environnement\"}]},{\"@type\":\"WebSite\",\"@id\":\"https:\/\/www.euro-camping.com\/nl\/#website\",\"url\":\"https:\/\/www.euro-camping.com\/nl\/\",\"name\":\"Euro Camping\",\"description\":\"EuroCamping, Calonge Camping &amp; Bungalow\",\"publisher\":{\"@id\":\"https:\/\/www.euro-camping.com\/nl\/#organization\"},\"potentialAction\":[{\"@type\":\"SearchAction\",\"target\":{\"@type\":\"EntryPoint\",\"urlTemplate\":\"https:\/\/www.euro-camping.com\/nl\/?s={search_term_string}\"},\"query-input\":{\"@type\":\"PropertyValueSpecification\",\"valueRequired\":true,\"valueName\":\"search_term_string\"}}],\"inLanguage\":\"fr-FR\"},{\"@type\":\"Organization\",\"@id\":\"https:\/\/www.euro-camping.com\/nl\/#organization\",\"name\":\"Euro Camping\",\"url\":\"https:\/\/www.euro-camping.com\/nl\/\",\"logo\":{\"@type\":\"ImageObject\",\"inLanguage\":\"fr-FR\",\"@id\":\"https:\/\/www.euro-camping.com\/nl\/#\/schema\/logo\/image\/\",\"url\":\"https:\/\/www.euro-camping.com\/wp-content\/uploads\/cropped-mesa-de-trabajo-1eurocamping.png\",\"contentUrl\":\"https:\/\/www.euro-camping.com\/wp-content\/uploads\/cropped-mesa-de-trabajo-1eurocamping.png\",\"width\":2000,\"height\":498,\"caption\":\"Euro Camping\"},\"image\":{\"@id\":\"https:\/\/www.euro-camping.com\/nl\/#\/schema\/logo\/image\/\"}}]}<\/script>\n<!-- \/ Yoast SEO plugin. -->","yoast_head_json":{"title":"Environnement Eurocamping","description":"Camping situ\u00e9 dans le centre de Sant Antoni de Calonge, pr\u00e8s de la plage et avec une multitude de possibilit\u00e9s pour choisir les activit\u00e9s.","robots":{"index":"index","follow":"follow","max-snippet":"max-snippet:-1","max-image-preview":"max-image-preview:large","max-video-preview":"max-video-preview:-1"},"canonical":"https:\/\/www.euro-camping.com\/fr\/environnement\/","og_locale":"fr_FR","og_type":"article","og_title":"Environnement Eurocamping","og_description":"Camping situ\u00e9 dans le centre de Sant Antoni de Calonge, pr\u00e8s de la plage et avec une multitude de possibilit\u00e9s pour choisir les activit\u00e9s.","og_url":"https:\/\/www.euro-camping.com\/fr\/environnement\/","og_site_name":"Euro Camping","article_modified_time":"2026-03-31T11:33:44+00:00","twitter_card":"summary_large_image","twitter_misc":{"Dur\u00e9e de lecture estim\u00e9e":"2 minutes"},"schema":{"@context":"https:\/\/schema.org","@graph":[{"@type":"WebPage","@id":"https:\/\/www.euro-camping.com\/fr\/environnement\/","url":"https:\/\/www.euro-camping.com\/fr\/environnement\/","name":"Environnement Eurocamping","isPartOf":{"@id":"https:\/\/www.euro-camping.com\/nl\/#website"},"datePublished":"2018-12-05T07:08:06+00:00","dateModified":"2026-03-31T11:33:44+00:00","description":"Camping situ\u00e9 dans le centre de Sant Antoni de Calonge, pr\u00e8s de la plage et avec une multitude de possibilit\u00e9s pour choisir les activit\u00e9s.","breadcrumb":{"@id":"https:\/\/www.euro-camping.com\/fr\/environnement\/#breadcrumb"},"inLanguage":"fr-FR","potentialAction":[{"@type":"ReadAction","target":["https:\/\/www.euro-camping.com\/fr\/environnement\/"]}]},{"@type":"BreadcrumbList","@id":"https:\/\/www.euro-camping.com\/fr\/environnement\/#breadcrumb","itemListElement":[{"@type":"ListItem","position":1,"name":"Portada","item":"https:\/\/www.euro-camping.com\/fr\/"},{"@type":"ListItem","position":2,"name":"Environnement"}]},{"@type":"WebSite","@id":"https:\/\/www.euro-camping.com\/nl\/#website","url":"https:\/\/www.euro-camping.com\/nl\/","name":"Euro Camping","description":"EuroCamping, Calonge Camping &amp; Bungalow","publisher":{"@id":"https:\/\/www.euro-camping.com\/nl\/#organization"},"potentialAction":[{"@type":"SearchAction","target":{"@type":"EntryPoint","urlTemplate":"https:\/\/www.euro-camping.com\/nl\/?s={search_term_string}"},"query-input":{"@type":"PropertyValueSpecification","valueRequired":true,"valueName":"search_term_string"}}],"inLanguage":"fr-FR"},{"@type":"Organization","@id":"https:\/\/www.euro-camping.com\/nl\/#organization","name":"Euro Camping","url":"https:\/\/www.euro-camping.com\/nl\/","logo":{"@type":"ImageObject","inLanguage":"fr-FR","@id":"https:\/\/www.euro-camping.com\/nl\/#\/schema\/logo\/image\/","url":"https:\/\/www.euro-camping.com\/wp-content\/uploads\/cropped-mesa-de-trabajo-1eurocamping.png","contentUrl":"https:\/\/www.euro-camping.com\/wp-content\/uploads\/cropped-mesa-de-trabajo-1eurocamping.png","width":2000,"height":498,"caption":"Euro Camping"},"image":{"@id":"https:\/\/www.euro-camping.com\/nl\/#\/schema\/logo\/image\/"}}]}},"_links":{"self":[{"href":"https:\/\/www.euro-camping.com\/fr\/wp-json\/wp\/v2\/pages\/26655","targetHints":{"allow":["GET"]}}],"collection":[{"href":"https:\/\/www.euro-camping.com\/fr\/wp-json\/wp\/v2\/pages"}],"about":[{"href":"https:\/\/www.euro-camping.com\/fr\/wp-json\/wp\/v2\/types\/page"}],"author":[{"embeddable":true,"href":"https:\/\/www.euro-camping.com\/fr\/wp-json\/wp\/v2\/users\/4"}],"replies":[{"embeddable":true,"href":"https:\/\/www.euro-camping.com\/fr\/wp-json\/wp\/v2\/comments?post=26655"}],"version-history":[{"count":7,"href":"https:\/\/www.euro-camping.com\/fr\/wp-json\/wp\/v2\/pages\/26655\/revisions"}],"predecessor-version":[{"id":60452,"href":"https:\/\/www.euro-camping.com\/fr\/wp-json\/wp\/v2\/pages\/26655\/revisions\/60452"}],"wp:attachment":[{"href":"https:\/\/www.euro-camping.com\/fr\/wp-json\/wp\/v2\/media?parent=26655"}],"curies":[{"name":"wp","href":"https:\/\/api.w.org\/{rel}","templated":true}]}}