{"id":26638,"date":"2018-12-20T11:36:22","date_gmt":"2018-12-20T10:36:22","guid":{"rendered":"https:\/\/www.euro-camping.com\/sanitarios\/"},"modified":"2022-06-19T14:32:58","modified_gmt":"2022-06-19T12:32:58","slug":"sanitaires","status":"publish","type":"page","link":"https:\/\/www.euro-camping.com\/fr\/le-camping\/sanitaires\/","title":{"rendered":"Sanitaires"},"content":{"rendered":"<h4 style=\"text-align: center;\">Des sanitaires toujours propres et \u00e0 disposition du client,<\/h4>\n<h4 style=\"text-align: center;\">un des aspects les plus importants<\/h4>\n<p>&nbsp;<\/p>\n<p style=\"text-align: center;\">Eurocamping dispose de cinq modernes blocs sanitaires repartis dans tout le camping. Ainsi, o\u00f9 que vous soyez, il y en aura toujours un pr\u00e8s de vous.<\/p>\n<p style=\"text-align: center;\">Ils disposent tous d\u2019eau chaude et de cabines individuelles ou familiales avec douche, WC et lavabo.<\/p>\n<p style=\"text-align: center;\">Et pour les plus petits, des baignoires \u00e0 leur hauteur et aussi pour les b\u00e9b\u00e9s.<\/p>\n<p style=\"text-align: center;\">Nous disposons aussi de salles de bain adapt\u00e9es pour les usagers \u00e0 haute \u00e0 mobilit\u00e9 r\u00e9duite.<\/p>\n<p style=\"text-align: center;\">Dans trois des cinq blocs sanitaires vous trouverez des points sp\u00e9cifiques pour la vidange des lavabos chimiques.<\/p>\n<hr \/>\n<p>&nbsp;<\/p>\n<p style=\"text-align: right;\"><span style=\"color: #000000;\"><a style=\"color: #000000;\" href=\"https:\/\/www.euro-camping.com\/ca\/planol-sanitaris-2\/\" target=\"_blank\" rel=\"noopener noreferrer\"><em>Voir le plan<\/em><\/a><\/span><\/p>\n","protected":false},"excerpt":{"rendered":"<p>Des sanitaires toujours propres et \u00e0 disposition du client, un [&hellip;]<\/p>\n","protected":false},"author":2,"featured_media":23628,"parent":26684,"menu_order":5,"comment_status":"closed","ping_status":"closed","template":"","meta":{"_acf_changed":false,"footnotes":""},"class_list":["post-26638","page","type-page","status-publish","has-post-thumbnail","hentry"],"acf":[],"yoast_head":"<!-- This site is optimized with the Yoast SEO plugin v26.6 - https:\/\/yoast.com\/wordpress\/plugins\/seo\/ -->\n<title>Sanitaires Eurocamping<\/title>\n<meta name=\"description\" content=\"Cinq blocs sanitaires,tous avec eau chaude,cabines individuelles ou familiales,toilettes pour enfants,baignoires b\u00e9b\u00e9 et sales de bain adapt\u00e9es.\" \/>\n<meta name=\"robots\" content=\"index, follow, max-snippet:-1, max-image-preview:large, max-video-preview:-1\" \/>\n<link rel=\"canonical\" href=\"https:\/\/www.euro-camping.com\/el-camping\/sanitarios\/\" \/>\n<meta property=\"og:locale\" content=\"fr_FR\" \/>\n<meta property=\"og:type\" content=\"article\" \/>\n<meta property=\"og:title\" content=\"Sanitaires Eurocamping\" \/>\n<meta property=\"og:description\" content=\"Cinq blocs sanitaires,tous avec eau chaude,cabines individuelles ou familiales,toilettes pour enfants,baignoires b\u00e9b\u00e9 et sales de bain adapt\u00e9es.\" \/>\n<meta property=\"og:url\" content=\"https:\/\/www.euro-camping.com\/el-camping\/sanitarios\/\" \/>\n<meta property=\"og:site_name\" content=\"Euro Camping\" \/>\n<meta property=\"article:modified_time\" content=\"2022-06-19T12:32:58+00:00\" \/>\n<meta property=\"og:image\" content=\"https:\/\/www.euro-camping.com\/wp-content\/uploads\/dsc8350.webp\" \/>\n\t<meta property=\"og:image:width\" content=\"1660\" \/>\n\t<meta property=\"og:image:height\" content=\"2500\" \/>\n\t<meta property=\"og:image:type\" content=\"image\/jpeg\" \/>\n<meta name=\"twitter:card\" content=\"summary_large_image\" \/>\n<meta name=\"twitter:label1\" content=\"Dur\u00e9e de lecture estim\u00e9e\" \/>\n\t<meta name=\"twitter:data1\" content=\"1 minute\" \/>\n<script type=\"application\/ld+json\" class=\"yoast-schema-graph\">{\"@context\":\"https:\/\/schema.org\",\"@graph\":[{\"@type\":\"WebPage\",\"@id\":\"https:\/\/www.euro-camping.com\/el-camping\/sanitarios\/\",\"url\":\"https:\/\/www.euro-camping.com\/el-camping\/sanitarios\/\",\"name\":\"Sanitaires Eurocamping\",\"isPartOf\":{\"@id\":\"https:\/\/www.euro-camping.com\/nl\/#website\"},\"primaryImageOfPage\":{\"@id\":\"https:\/\/www.euro-camping.com\/el-camping\/sanitarios\/#primaryimage\"},\"image\":{\"@id\":\"https:\/\/www.euro-camping.com\/el-camping\/sanitarios\/#primaryimage\"},\"thumbnailUrl\":\"https:\/\/www.euro-camping.com\/wp-content\/uploads\/dsc8350.webp\",\"datePublished\":\"2018-12-20T10:36:22+00:00\",\"dateModified\":\"2022-06-19T12:32:58+00:00\",\"description\":\"Cinq blocs sanitaires,tous avec eau chaude,cabines individuelles ou familiales,toilettes pour enfants,baignoires b\u00e9b\u00e9 et sales de bain adapt\u00e9es.\",\"breadcrumb\":{\"@id\":\"https:\/\/www.euro-camping.com\/el-camping\/sanitarios\/#breadcrumb\"},\"inLanguage\":\"fr-FR\",\"potentialAction\":[{\"@type\":\"ReadAction\",\"target\":[\"https:\/\/www.euro-camping.com\/el-camping\/sanitarios\/\"]}]},{\"@type\":\"ImageObject\",\"inLanguage\":\"fr-FR\",\"@id\":\"https:\/\/www.euro-camping.com\/el-camping\/sanitarios\/#primaryimage\",\"url\":\"https:\/\/www.euro-camping.com\/wp-content\/uploads\/dsc8350.webp\",\"contentUrl\":\"https:\/\/www.euro-camping.com\/wp-content\/uploads\/dsc8350.webp\",\"width\":1660,\"height\":2500},{\"@type\":\"BreadcrumbList\",\"@id\":\"https:\/\/www.euro-camping.com\/el-camping\/sanitarios\/#breadcrumb\",\"itemListElement\":[{\"@type\":\"ListItem\",\"position\":1,\"name\":\"Portada\",\"item\":\"https:\/\/www.euro-camping.com\/fr\/\"},{\"@type\":\"ListItem\",\"position\":2,\"name\":\"Le camping\",\"item\":\"https:\/\/www.euro-camping.com\/fr\/le-camping\/\"},{\"@type\":\"ListItem\",\"position\":3,\"name\":\"Sanitaires\"}]},{\"@type\":\"WebSite\",\"@id\":\"https:\/\/www.euro-camping.com\/nl\/#website\",\"url\":\"https:\/\/www.euro-camping.com\/nl\/\",\"name\":\"Euro Camping\",\"description\":\"EuroCamping, Calonge Camping &amp; Bungalow\",\"publisher\":{\"@id\":\"https:\/\/www.euro-camping.com\/nl\/#organization\"},\"potentialAction\":[{\"@type\":\"SearchAction\",\"target\":{\"@type\":\"EntryPoint\",\"urlTemplate\":\"https:\/\/www.euro-camping.com\/nl\/?s={search_term_string}\"},\"query-input\":{\"@type\":\"PropertyValueSpecification\",\"valueRequired\":true,\"valueName\":\"search_term_string\"}}],\"inLanguage\":\"fr-FR\"},{\"@type\":\"Organization\",\"@id\":\"https:\/\/www.euro-camping.com\/nl\/#organization\",\"name\":\"Euro Camping\",\"url\":\"https:\/\/www.euro-camping.com\/nl\/\",\"logo\":{\"@type\":\"ImageObject\",\"inLanguage\":\"fr-FR\",\"@id\":\"https:\/\/www.euro-camping.com\/nl\/#\/schema\/logo\/image\/\",\"url\":\"https:\/\/www.euro-camping.com\/wp-content\/uploads\/cropped-mesa-de-trabajo-1eurocamping.png\",\"contentUrl\":\"https:\/\/www.euro-camping.com\/wp-content\/uploads\/cropped-mesa-de-trabajo-1eurocamping.png\",\"width\":2000,\"height\":498,\"caption\":\"Euro Camping\"},\"image\":{\"@id\":\"https:\/\/www.euro-camping.com\/nl\/#\/schema\/logo\/image\/\"}}]}<\/script>\n<!-- \/ Yoast SEO plugin. -->","yoast_head_json":{"title":"Sanitaires Eurocamping","description":"Cinq blocs sanitaires,tous avec eau chaude,cabines individuelles ou familiales,toilettes pour enfants,baignoires b\u00e9b\u00e9 et sales de bain adapt\u00e9es.","robots":{"index":"index","follow":"follow","max-snippet":"max-snippet:-1","max-image-preview":"max-image-preview:large","max-video-preview":"max-video-preview:-1"},"canonical":"https:\/\/www.euro-camping.com\/el-camping\/sanitarios\/","og_locale":"fr_FR","og_type":"article","og_title":"Sanitaires Eurocamping","og_description":"Cinq blocs sanitaires,tous avec eau chaude,cabines individuelles ou familiales,toilettes pour enfants,baignoires b\u00e9b\u00e9 et sales de bain adapt\u00e9es.","og_url":"https:\/\/www.euro-camping.com\/el-camping\/sanitarios\/","og_site_name":"Euro Camping","article_modified_time":"2022-06-19T12:32:58+00:00","og_image":[{"width":1660,"height":2500,"url":"https:\/\/www.euro-camping.com\/wp-content\/uploads\/dsc8350.webp","type":"image\/jpeg"}],"twitter_card":"summary_large_image","twitter_misc":{"Dur\u00e9e de lecture estim\u00e9e":"1 minute"},"schema":{"@context":"https:\/\/schema.org","@graph":[{"@type":"WebPage","@id":"https:\/\/www.euro-camping.com\/el-camping\/sanitarios\/","url":"https:\/\/www.euro-camping.com\/el-camping\/sanitarios\/","name":"Sanitaires Eurocamping","isPartOf":{"@id":"https:\/\/www.euro-camping.com\/nl\/#website"},"primaryImageOfPage":{"@id":"https:\/\/www.euro-camping.com\/el-camping\/sanitarios\/#primaryimage"},"image":{"@id":"https:\/\/www.euro-camping.com\/el-camping\/sanitarios\/#primaryimage"},"thumbnailUrl":"https:\/\/www.euro-camping.com\/wp-content\/uploads\/dsc8350.webp","datePublished":"2018-12-20T10:36:22+00:00","dateModified":"2022-06-19T12:32:58+00:00","description":"Cinq blocs sanitaires,tous avec eau chaude,cabines individuelles ou familiales,toilettes pour enfants,baignoires b\u00e9b\u00e9 et sales de bain adapt\u00e9es.","breadcrumb":{"@id":"https:\/\/www.euro-camping.com\/el-camping\/sanitarios\/#breadcrumb"},"inLanguage":"fr-FR","potentialAction":[{"@type":"ReadAction","target":["https:\/\/www.euro-camping.com\/el-camping\/sanitarios\/"]}]},{"@type":"ImageObject","inLanguage":"fr-FR","@id":"https:\/\/www.euro-camping.com\/el-camping\/sanitarios\/#primaryimage","url":"https:\/\/www.euro-camping.com\/wp-content\/uploads\/dsc8350.webp","contentUrl":"https:\/\/www.euro-camping.com\/wp-content\/uploads\/dsc8350.webp","width":1660,"height":2500},{"@type":"BreadcrumbList","@id":"https:\/\/www.euro-camping.com\/el-camping\/sanitarios\/#breadcrumb","itemListElement":[{"@type":"ListItem","position":1,"name":"Portada","item":"https:\/\/www.euro-camping.com\/fr\/"},{"@type":"ListItem","position":2,"name":"Le camping","item":"https:\/\/www.euro-camping.com\/fr\/le-camping\/"},{"@type":"ListItem","position":3,"name":"Sanitaires"}]},{"@type":"WebSite","@id":"https:\/\/www.euro-camping.com\/nl\/#website","url":"https:\/\/www.euro-camping.com\/nl\/","name":"Euro Camping","description":"EuroCamping, Calonge Camping &amp; Bungalow","publisher":{"@id":"https:\/\/www.euro-camping.com\/nl\/#organization"},"potentialAction":[{"@type":"SearchAction","target":{"@type":"EntryPoint","urlTemplate":"https:\/\/www.euro-camping.com\/nl\/?s={search_term_string}"},"query-input":{"@type":"PropertyValueSpecification","valueRequired":true,"valueName":"search_term_string"}}],"inLanguage":"fr-FR"},{"@type":"Organization","@id":"https:\/\/www.euro-camping.com\/nl\/#organization","name":"Euro Camping","url":"https:\/\/www.euro-camping.com\/nl\/","logo":{"@type":"ImageObject","inLanguage":"fr-FR","@id":"https:\/\/www.euro-camping.com\/nl\/#\/schema\/logo\/image\/","url":"https:\/\/www.euro-camping.com\/wp-content\/uploads\/cropped-mesa-de-trabajo-1eurocamping.png","contentUrl":"https:\/\/www.euro-camping.com\/wp-content\/uploads\/cropped-mesa-de-trabajo-1eurocamping.png","width":2000,"height":498,"caption":"Euro Camping"},"image":{"@id":"https:\/\/www.euro-camping.com\/nl\/#\/schema\/logo\/image\/"}}]}},"_links":{"self":[{"href":"https:\/\/www.euro-camping.com\/fr\/wp-json\/wp\/v2\/pages\/26638","targetHints":{"allow":["GET"]}}],"collection":[{"href":"https:\/\/www.euro-camping.com\/fr\/wp-json\/wp\/v2\/pages"}],"about":[{"href":"https:\/\/www.euro-camping.com\/fr\/wp-json\/wp\/v2\/types\/page"}],"author":[{"embeddable":true,"href":"https:\/\/www.euro-camping.com\/fr\/wp-json\/wp\/v2\/users\/2"}],"replies":[{"embeddable":true,"href":"https:\/\/www.euro-camping.com\/fr\/wp-json\/wp\/v2\/comments?post=26638"}],"version-history":[{"count":8,"href":"https:\/\/www.euro-camping.com\/fr\/wp-json\/wp\/v2\/pages\/26638\/revisions"}],"predecessor-version":[{"id":47692,"href":"https:\/\/www.euro-camping.com\/fr\/wp-json\/wp\/v2\/pages\/26638\/revisions\/47692"}],"up":[{"embeddable":true,"href":"https:\/\/www.euro-camping.com\/fr\/wp-json\/wp\/v2\/pages\/26684"}],"wp:featuredmedia":[{"embeddable":true,"href":"https:\/\/www.euro-camping.com\/fr\/wp-json\/wp\/v2\/media\/23628"}],"wp:attachment":[{"href":"https:\/\/www.euro-camping.com\/fr\/wp-json\/wp\/v2\/media?parent=26638"}],"curies":[{"name":"wp","href":"https:\/\/api.w.org\/{rel}","templated":true}]}}