{"id":26596,"date":"2018-12-05T08:11:59","date_gmt":"2018-12-05T07:11:59","guid":{"rendered":"https:\/\/www.euro-camping.com\/ocio\/"},"modified":"2026-04-16T15:34:30","modified_gmt":"2026-04-16T13:34:30","slug":"loisir","status":"publish","type":"page","link":"https:\/\/www.euro-camping.com\/fr\/le-camping\/loisir\/","title":{"rendered":"Loisir"},"content":{"rendered":"<h2 style=\"text-align: center;\">S\u2019ennuyer? Jamais!<\/h2>\n<p>&nbsp;<\/p>\n<h6 style=\"text-align: center;\">\u00c0 Eurocamping nous disposons de diff\u00e9rentes installations sp\u00e9cialement con\u00e7ues pour que vous soit impossible de vous ennuyer.<\/h6>\n<h6 style=\"text-align: center;\">Pratiquez votre sport pr\u00e9f\u00e9r\u00e9, inscrivez-vous \u00e1 une amusante partie de mini-golf en famille\u00a0 ou jouez au billard dans nos salles de jeux.<\/h6>\n<h6 style=\"text-align: center;\">Le plus petits peuvent glisser sur les toboggans de nos parcs infantiles ou plonger dans la piscine de balles.<\/h6>\n<h6 style=\"text-align: center;\">L\u00a0\u2018amusement est assur\u00e9 pour tous!<\/h6>\n","protected":false},"excerpt":{"rendered":"<p>S\u2019ennuyer? Jamais! &nbsp; \u00c0 Eurocamping nous disposons de diff\u00e9rentes installations [&hellip;]<\/p>\n","protected":false},"author":4,"featured_media":23413,"parent":26684,"menu_order":4,"comment_status":"closed","ping_status":"closed","template":"","meta":{"_acf_changed":false,"footnotes":""},"class_list":["post-26596","page","type-page","status-publish","has-post-thumbnail","hentry"],"acf":[],"yoast_head":"<!-- This site is optimized with the Yoast SEO plugin v26.6 - https:\/\/yoast.com\/wordpress\/plugins\/seo\/ -->\n<title>Loisir Eurocamping<\/title>\n<meta name=\"description\" content=\"Loisirs en famille,zone sportif,salle de sport,aires de jeux,piscine \u00e0 boules,minigolf.Vous ne vous ennuierez pas \u00e0 l&#039;Eurocamping !\" \/>\n<meta name=\"robots\" content=\"index, follow, max-snippet:-1, max-image-preview:large, max-video-preview:-1\" \/>\n<link rel=\"canonical\" href=\"https:\/\/www.euro-camping.com\/fr\/le-camping\/loisir\/\" \/>\n<meta property=\"og:locale\" content=\"fr_FR\" \/>\n<meta property=\"og:type\" content=\"article\" \/>\n<meta property=\"og:title\" content=\"Loisir Eurocamping\" \/>\n<meta property=\"og:description\" content=\"Loisirs en famille,zone sportif,salle de sport,aires de jeux,piscine \u00e0 boules,minigolf.Vous ne vous ennuierez pas \u00e0 l&#039;Eurocamping !\" \/>\n<meta property=\"og:url\" content=\"https:\/\/www.euro-camping.com\/fr\/le-camping\/loisir\/\" \/>\n<meta property=\"og:site_name\" content=\"Euro Camping\" \/>\n<meta property=\"article:modified_time\" content=\"2026-04-16T13:34:30+00:00\" \/>\n<meta property=\"og:image\" content=\"https:\/\/www.euro-camping.com\/wp-content\/uploads\/padle2.webp\" \/>\n\t<meta property=\"og:image:width\" content=\"2500\" \/>\n\t<meta property=\"og:image:height\" content=\"1509\" \/>\n\t<meta property=\"og:image:type\" content=\"image\/jpeg\" \/>\n<meta name=\"twitter:card\" content=\"summary_large_image\" \/>\n<meta name=\"twitter:label1\" content=\"Dur\u00e9e de lecture estim\u00e9e\" \/>\n\t<meta name=\"twitter:data1\" content=\"1 minute\" \/>\n<script type=\"application\/ld+json\" class=\"yoast-schema-graph\">{\"@context\":\"https:\/\/schema.org\",\"@graph\":[{\"@type\":\"WebPage\",\"@id\":\"https:\/\/www.euro-camping.com\/fr\/le-camping\/loisir\/\",\"url\":\"https:\/\/www.euro-camping.com\/fr\/le-camping\/loisir\/\",\"name\":\"Loisir Eurocamping\",\"isPartOf\":{\"@id\":\"https:\/\/www.euro-camping.com\/nl\/#website\"},\"primaryImageOfPage\":{\"@id\":\"https:\/\/www.euro-camping.com\/fr\/le-camping\/loisir\/#primaryimage\"},\"image\":{\"@id\":\"https:\/\/www.euro-camping.com\/fr\/le-camping\/loisir\/#primaryimage\"},\"thumbnailUrl\":\"https:\/\/www.euro-camping.com\/wp-content\/uploads\/padle2.webp\",\"datePublished\":\"2018-12-05T07:11:59+00:00\",\"dateModified\":\"2026-04-16T13:34:30+00:00\",\"description\":\"Loisirs en famille,zone sportif,salle de sport,aires de jeux,piscine \u00e0 boules,minigolf.Vous ne vous ennuierez pas \u00e0 l'Eurocamping !\",\"breadcrumb\":{\"@id\":\"https:\/\/www.euro-camping.com\/fr\/le-camping\/loisir\/#breadcrumb\"},\"inLanguage\":\"fr-FR\",\"potentialAction\":[{\"@type\":\"ReadAction\",\"target\":[\"https:\/\/www.euro-camping.com\/fr\/le-camping\/loisir\/\"]}]},{\"@type\":\"ImageObject\",\"inLanguage\":\"fr-FR\",\"@id\":\"https:\/\/www.euro-camping.com\/fr\/le-camping\/loisir\/#primaryimage\",\"url\":\"https:\/\/www.euro-camping.com\/wp-content\/uploads\/padle2.webp\",\"contentUrl\":\"https:\/\/www.euro-camping.com\/wp-content\/uploads\/padle2.webp\",\"width\":2500,\"height\":1509},{\"@type\":\"BreadcrumbList\",\"@id\":\"https:\/\/www.euro-camping.com\/fr\/le-camping\/loisir\/#breadcrumb\",\"itemListElement\":[{\"@type\":\"ListItem\",\"position\":1,\"name\":\"Portada\",\"item\":\"https:\/\/www.euro-camping.com\/fr\/\"},{\"@type\":\"ListItem\",\"position\":2,\"name\":\"Le camping\",\"item\":\"https:\/\/www.euro-camping.com\/fr\/le-camping\/\"},{\"@type\":\"ListItem\",\"position\":3,\"name\":\"Loisir\"}]},{\"@type\":\"WebSite\",\"@id\":\"https:\/\/www.euro-camping.com\/nl\/#website\",\"url\":\"https:\/\/www.euro-camping.com\/nl\/\",\"name\":\"Euro Camping\",\"description\":\"EuroCamping, Calonge Camping &amp; Bungalow\",\"publisher\":{\"@id\":\"https:\/\/www.euro-camping.com\/nl\/#organization\"},\"potentialAction\":[{\"@type\":\"SearchAction\",\"target\":{\"@type\":\"EntryPoint\",\"urlTemplate\":\"https:\/\/www.euro-camping.com\/nl\/?s={search_term_string}\"},\"query-input\":{\"@type\":\"PropertyValueSpecification\",\"valueRequired\":true,\"valueName\":\"search_term_string\"}}],\"inLanguage\":\"fr-FR\"},{\"@type\":\"Organization\",\"@id\":\"https:\/\/www.euro-camping.com\/nl\/#organization\",\"name\":\"Euro Camping\",\"url\":\"https:\/\/www.euro-camping.com\/nl\/\",\"logo\":{\"@type\":\"ImageObject\",\"inLanguage\":\"fr-FR\",\"@id\":\"https:\/\/www.euro-camping.com\/nl\/#\/schema\/logo\/image\/\",\"url\":\"https:\/\/www.euro-camping.com\/wp-content\/uploads\/cropped-mesa-de-trabajo-1eurocamping.png\",\"contentUrl\":\"https:\/\/www.euro-camping.com\/wp-content\/uploads\/cropped-mesa-de-trabajo-1eurocamping.png\",\"width\":2000,\"height\":498,\"caption\":\"Euro Camping\"},\"image\":{\"@id\":\"https:\/\/www.euro-camping.com\/nl\/#\/schema\/logo\/image\/\"}}]}<\/script>\n<!-- \/ Yoast SEO plugin. -->","yoast_head_json":{"title":"Loisir Eurocamping","description":"Loisirs en famille,zone sportif,salle de sport,aires de jeux,piscine \u00e0 boules,minigolf.Vous ne vous ennuierez pas \u00e0 l'Eurocamping !","robots":{"index":"index","follow":"follow","max-snippet":"max-snippet:-1","max-image-preview":"max-image-preview:large","max-video-preview":"max-video-preview:-1"},"canonical":"https:\/\/www.euro-camping.com\/fr\/le-camping\/loisir\/","og_locale":"fr_FR","og_type":"article","og_title":"Loisir Eurocamping","og_description":"Loisirs en famille,zone sportif,salle de sport,aires de jeux,piscine \u00e0 boules,minigolf.Vous ne vous ennuierez pas \u00e0 l'Eurocamping !","og_url":"https:\/\/www.euro-camping.com\/fr\/le-camping\/loisir\/","og_site_name":"Euro Camping","article_modified_time":"2026-04-16T13:34:30+00:00","og_image":[{"width":2500,"height":1509,"url":"https:\/\/www.euro-camping.com\/wp-content\/uploads\/padle2.webp","type":"image\/jpeg"}],"twitter_card":"summary_large_image","twitter_misc":{"Dur\u00e9e de lecture estim\u00e9e":"1 minute"},"schema":{"@context":"https:\/\/schema.org","@graph":[{"@type":"WebPage","@id":"https:\/\/www.euro-camping.com\/fr\/le-camping\/loisir\/","url":"https:\/\/www.euro-camping.com\/fr\/le-camping\/loisir\/","name":"Loisir Eurocamping","isPartOf":{"@id":"https:\/\/www.euro-camping.com\/nl\/#website"},"primaryImageOfPage":{"@id":"https:\/\/www.euro-camping.com\/fr\/le-camping\/loisir\/#primaryimage"},"image":{"@id":"https:\/\/www.euro-camping.com\/fr\/le-camping\/loisir\/#primaryimage"},"thumbnailUrl":"https:\/\/www.euro-camping.com\/wp-content\/uploads\/padle2.webp","datePublished":"2018-12-05T07:11:59+00:00","dateModified":"2026-04-16T13:34:30+00:00","description":"Loisirs en famille,zone sportif,salle de sport,aires de jeux,piscine \u00e0 boules,minigolf.Vous ne vous ennuierez pas \u00e0 l'Eurocamping !","breadcrumb":{"@id":"https:\/\/www.euro-camping.com\/fr\/le-camping\/loisir\/#breadcrumb"},"inLanguage":"fr-FR","potentialAction":[{"@type":"ReadAction","target":["https:\/\/www.euro-camping.com\/fr\/le-camping\/loisir\/"]}]},{"@type":"ImageObject","inLanguage":"fr-FR","@id":"https:\/\/www.euro-camping.com\/fr\/le-camping\/loisir\/#primaryimage","url":"https:\/\/www.euro-camping.com\/wp-content\/uploads\/padle2.webp","contentUrl":"https:\/\/www.euro-camping.com\/wp-content\/uploads\/padle2.webp","width":2500,"height":1509},{"@type":"BreadcrumbList","@id":"https:\/\/www.euro-camping.com\/fr\/le-camping\/loisir\/#breadcrumb","itemListElement":[{"@type":"ListItem","position":1,"name":"Portada","item":"https:\/\/www.euro-camping.com\/fr\/"},{"@type":"ListItem","position":2,"name":"Le camping","item":"https:\/\/www.euro-camping.com\/fr\/le-camping\/"},{"@type":"ListItem","position":3,"name":"Loisir"}]},{"@type":"WebSite","@id":"https:\/\/www.euro-camping.com\/nl\/#website","url":"https:\/\/www.euro-camping.com\/nl\/","name":"Euro Camping","description":"EuroCamping, Calonge Camping &amp; Bungalow","publisher":{"@id":"https:\/\/www.euro-camping.com\/nl\/#organization"},"potentialAction":[{"@type":"SearchAction","target":{"@type":"EntryPoint","urlTemplate":"https:\/\/www.euro-camping.com\/nl\/?s={search_term_string}"},"query-input":{"@type":"PropertyValueSpecification","valueRequired":true,"valueName":"search_term_string"}}],"inLanguage":"fr-FR"},{"@type":"Organization","@id":"https:\/\/www.euro-camping.com\/nl\/#organization","name":"Euro Camping","url":"https:\/\/www.euro-camping.com\/nl\/","logo":{"@type":"ImageObject","inLanguage":"fr-FR","@id":"https:\/\/www.euro-camping.com\/nl\/#\/schema\/logo\/image\/","url":"https:\/\/www.euro-camping.com\/wp-content\/uploads\/cropped-mesa-de-trabajo-1eurocamping.png","contentUrl":"https:\/\/www.euro-camping.com\/wp-content\/uploads\/cropped-mesa-de-trabajo-1eurocamping.png","width":2000,"height":498,"caption":"Euro Camping"},"image":{"@id":"https:\/\/www.euro-camping.com\/nl\/#\/schema\/logo\/image\/"}}]}},"_links":{"self":[{"href":"https:\/\/www.euro-camping.com\/fr\/wp-json\/wp\/v2\/pages\/26596","targetHints":{"allow":["GET"]}}],"collection":[{"href":"https:\/\/www.euro-camping.com\/fr\/wp-json\/wp\/v2\/pages"}],"about":[{"href":"https:\/\/www.euro-camping.com\/fr\/wp-json\/wp\/v2\/types\/page"}],"author":[{"embeddable":true,"href":"https:\/\/www.euro-camping.com\/fr\/wp-json\/wp\/v2\/users\/4"}],"replies":[{"embeddable":true,"href":"https:\/\/www.euro-camping.com\/fr\/wp-json\/wp\/v2\/comments?post=26596"}],"version-history":[{"count":18,"href":"https:\/\/www.euro-camping.com\/fr\/wp-json\/wp\/v2\/pages\/26596\/revisions"}],"predecessor-version":[{"id":60457,"href":"https:\/\/www.euro-camping.com\/fr\/wp-json\/wp\/v2\/pages\/26596\/revisions\/60457"}],"up":[{"embeddable":true,"href":"https:\/\/www.euro-camping.com\/fr\/wp-json\/wp\/v2\/pages\/26684"}],"wp:featuredmedia":[{"embeddable":true,"href":"https:\/\/www.euro-camping.com\/fr\/wp-json\/wp\/v2\/media\/23413"}],"wp:attachment":[{"href":"https:\/\/www.euro-camping.com\/fr\/wp-json\/wp\/v2\/media?parent=26596"}],"curies":[{"name":"wp","href":"https:\/\/api.w.org\/{rel}","templated":true}]}}