{"id":26491,"date":"2018-12-05T08:11:23","date_gmt":"2018-12-05T07:11:23","guid":{"rendered":"https:\/\/www.euro-camping.com\/gastronomia\/"},"modified":"2025-03-28T12:18:14","modified_gmt":"2025-03-28T11:18:14","slug":"gastronomie","status":"publish","type":"page","link":"https:\/\/www.euro-camping.com\/fr\/le-camping\/gastronomie\/","title":{"rendered":"La gastronomie"},"content":{"rendered":"<h2 style=\"text-align: center;\"><img loading=\"lazy\" decoding=\"async\" class=\"alignnone wp-image-19660\" src=\"https:\/\/www.euro-camping.com\/wp-content\/uploads\/mmm-300x58.png\" alt=\"\" width=\"352\" height=\"68\" \/><\/h2>\n<h4 style=\"text-align: center;\">\u00c0 Eurocamping nous disposons de diff\u00e9rentes options gastronomiques pour tout les go\u00fbts.<\/h4>\n<h4 style=\"text-align: center;\">D\u00e9gustez notre gastronomie m\u00e9diterran\u00e9enne o\u00f9 osez explorer d\u2019autres styles dans notre restaurant au bar-hamburger.<\/h4>\n<h4 style=\"text-align: center;\">Vous trouverez aussi d\u2019autres petits locaux o\u00f9 pouvoir d\u00e9guster une boisson fraiche ou un snack.<\/h4>\n<p><img loading=\"lazy\" decoding=\"async\" class=\"wp-image-56604 aligncenter\" src=\"https:\/\/www.euro-camping.com\/wp-content\/uploads\/celiacscatalunya2025-1.png\" alt=\"\" width=\"118\" height=\"118\" srcset=\"https:\/\/www.euro-camping.com\/wp-content\/uploads\/celiacscatalunya2025-1.png 1795w, https:\/\/www.euro-camping.com\/wp-content\/uploads\/celiacscatalunya2025-1-300x300.png 300w, https:\/\/www.euro-camping.com\/wp-content\/uploads\/celiacscatalunya2025-1-1024x1024.png 1024w, https:\/\/www.euro-camping.com\/wp-content\/uploads\/celiacscatalunya2025-1-150x150.png 150w, https:\/\/www.euro-camping.com\/wp-content\/uploads\/celiacscatalunya2025-1-1536x1536.png 1536w, https:\/\/www.euro-camping.com\/wp-content\/uploads\/celiacscatalunya2025-1-600x600.png 600w, https:\/\/www.euro-camping.com\/wp-content\/uploads\/celiacscatalunya2025-1-128x128.png 128w\" sizes=\"auto, (max-width: 118px) 100vw, 118px\" \/><\/p>\n<h2 style=\"text-align: right;\"><span style=\"color: #ffcc00;\">\u00c0 emporter!<\/span><\/h2>\n","protected":false},"excerpt":{"rendered":"<p>\u00c0 Eurocamping nous disposons de diff\u00e9rentes options gastronomiques pour tout [&hellip;]<\/p>\n","protected":false},"author":4,"featured_media":22745,"parent":26684,"menu_order":3,"comment_status":"closed","ping_status":"closed","template":"","meta":{"_acf_changed":false,"footnotes":""},"class_list":["post-26491","page","type-page","status-publish","has-post-thumbnail","hentry"],"acf":[],"yoast_head":"<!-- This site is optimized with the Yoast SEO plugin v26.6 - https:\/\/yoast.com\/wordpress\/plugins\/seo\/ -->\n<title>La gastronomie Eurocamping<\/title>\n<meta name=\"description\" content=\"D\u00e9gustez notre gastronomie m\u00e9diterran\u00e9enne o\u00f9 osez explorer d\u2019autres styles dans notre restaurant au bar-hamburger.\" \/>\n<meta name=\"robots\" content=\"index, follow, max-snippet:-1, max-image-preview:large, max-video-preview:-1\" \/>\n<link rel=\"canonical\" href=\"https:\/\/www.euro-camping.com\/fr\/le-camping\/gastronomie\/\" \/>\n<meta property=\"og:locale\" content=\"fr_FR\" \/>\n<meta property=\"og:type\" content=\"article\" \/>\n<meta property=\"og:title\" content=\"La gastronomie Eurocamping\" \/>\n<meta property=\"og:description\" content=\"D\u00e9gustez notre gastronomie m\u00e9diterran\u00e9enne o\u00f9 osez explorer d\u2019autres styles dans notre restaurant au bar-hamburger.\" \/>\n<meta property=\"og:url\" content=\"https:\/\/www.euro-camping.com\/fr\/le-camping\/gastronomie\/\" \/>\n<meta property=\"og:site_name\" content=\"Euro Camping\" \/>\n<meta property=\"article:modified_time\" content=\"2025-03-28T11:18:14+00:00\" \/>\n<meta property=\"og:image\" content=\"https:\/\/www.euro-camping.com\/wp-content\/uploads\/carnr.webp\" \/>\n\t<meta property=\"og:image:width\" content=\"800\" \/>\n\t<meta property=\"og:image:height\" content=\"503\" \/>\n\t<meta property=\"og:image:type\" content=\"image\/jpeg\" \/>\n<meta name=\"twitter:card\" content=\"summary_large_image\" \/>\n<meta name=\"twitter:label1\" content=\"Dur\u00e9e de lecture estim\u00e9e\" \/>\n\t<meta name=\"twitter:data1\" content=\"1 minute\" \/>\n<script type=\"application\/ld+json\" class=\"yoast-schema-graph\">{\"@context\":\"https:\/\/schema.org\",\"@graph\":[{\"@type\":\"WebPage\",\"@id\":\"https:\/\/www.euro-camping.com\/fr\/le-camping\/gastronomie\/\",\"url\":\"https:\/\/www.euro-camping.com\/fr\/le-camping\/gastronomie\/\",\"name\":\"La gastronomie Eurocamping\",\"isPartOf\":{\"@id\":\"https:\/\/www.euro-camping.com\/nl\/#website\"},\"primaryImageOfPage\":{\"@id\":\"https:\/\/www.euro-camping.com\/fr\/le-camping\/gastronomie\/#primaryimage\"},\"image\":{\"@id\":\"https:\/\/www.euro-camping.com\/fr\/le-camping\/gastronomie\/#primaryimage\"},\"thumbnailUrl\":\"https:\/\/www.euro-camping.com\/wp-content\/uploads\/carnr.webp\",\"datePublished\":\"2018-12-05T07:11:23+00:00\",\"dateModified\":\"2025-03-28T11:18:14+00:00\",\"description\":\"D\u00e9gustez notre gastronomie m\u00e9diterran\u00e9enne o\u00f9 osez explorer d\u2019autres styles dans notre restaurant au bar-hamburger.\",\"breadcrumb\":{\"@id\":\"https:\/\/www.euro-camping.com\/fr\/le-camping\/gastronomie\/#breadcrumb\"},\"inLanguage\":\"fr-FR\",\"potentialAction\":[{\"@type\":\"ReadAction\",\"target\":[\"https:\/\/www.euro-camping.com\/fr\/le-camping\/gastronomie\/\"]}]},{\"@type\":\"ImageObject\",\"inLanguage\":\"fr-FR\",\"@id\":\"https:\/\/www.euro-camping.com\/fr\/le-camping\/gastronomie\/#primaryimage\",\"url\":\"https:\/\/www.euro-camping.com\/wp-content\/uploads\/carnr.webp\",\"contentUrl\":\"https:\/\/www.euro-camping.com\/wp-content\/uploads\/carnr.webp\",\"width\":800,\"height\":503},{\"@type\":\"BreadcrumbList\",\"@id\":\"https:\/\/www.euro-camping.com\/fr\/le-camping\/gastronomie\/#breadcrumb\",\"itemListElement\":[{\"@type\":\"ListItem\",\"position\":1,\"name\":\"Portada\",\"item\":\"https:\/\/www.euro-camping.com\/fr\/\"},{\"@type\":\"ListItem\",\"position\":2,\"name\":\"Le camping\",\"item\":\"https:\/\/www.euro-camping.com\/fr\/le-camping\/\"},{\"@type\":\"ListItem\",\"position\":3,\"name\":\"La gastronomie\"}]},{\"@type\":\"WebSite\",\"@id\":\"https:\/\/www.euro-camping.com\/nl\/#website\",\"url\":\"https:\/\/www.euro-camping.com\/nl\/\",\"name\":\"Euro Camping\",\"description\":\"EuroCamping, Calonge Camping &amp; Bungalow\",\"publisher\":{\"@id\":\"https:\/\/www.euro-camping.com\/nl\/#organization\"},\"potentialAction\":[{\"@type\":\"SearchAction\",\"target\":{\"@type\":\"EntryPoint\",\"urlTemplate\":\"https:\/\/www.euro-camping.com\/nl\/?s={search_term_string}\"},\"query-input\":{\"@type\":\"PropertyValueSpecification\",\"valueRequired\":true,\"valueName\":\"search_term_string\"}}],\"inLanguage\":\"fr-FR\"},{\"@type\":\"Organization\",\"@id\":\"https:\/\/www.euro-camping.com\/nl\/#organization\",\"name\":\"Euro Camping\",\"url\":\"https:\/\/www.euro-camping.com\/nl\/\",\"logo\":{\"@type\":\"ImageObject\",\"inLanguage\":\"fr-FR\",\"@id\":\"https:\/\/www.euro-camping.com\/nl\/#\/schema\/logo\/image\/\",\"url\":\"https:\/\/www.euro-camping.com\/wp-content\/uploads\/cropped-mesa-de-trabajo-1eurocamping.png\",\"contentUrl\":\"https:\/\/www.euro-camping.com\/wp-content\/uploads\/cropped-mesa-de-trabajo-1eurocamping.png\",\"width\":2000,\"height\":498,\"caption\":\"Euro Camping\"},\"image\":{\"@id\":\"https:\/\/www.euro-camping.com\/nl\/#\/schema\/logo\/image\/\"}}]}<\/script>\n<!-- \/ Yoast SEO plugin. -->","yoast_head_json":{"title":"La gastronomie Eurocamping","description":"D\u00e9gustez notre gastronomie m\u00e9diterran\u00e9enne o\u00f9 osez explorer d\u2019autres styles dans notre restaurant au bar-hamburger.","robots":{"index":"index","follow":"follow","max-snippet":"max-snippet:-1","max-image-preview":"max-image-preview:large","max-video-preview":"max-video-preview:-1"},"canonical":"https:\/\/www.euro-camping.com\/fr\/le-camping\/gastronomie\/","og_locale":"fr_FR","og_type":"article","og_title":"La gastronomie Eurocamping","og_description":"D\u00e9gustez notre gastronomie m\u00e9diterran\u00e9enne o\u00f9 osez explorer d\u2019autres styles dans notre restaurant au bar-hamburger.","og_url":"https:\/\/www.euro-camping.com\/fr\/le-camping\/gastronomie\/","og_site_name":"Euro Camping","article_modified_time":"2025-03-28T11:18:14+00:00","og_image":[{"width":800,"height":503,"url":"https:\/\/www.euro-camping.com\/wp-content\/uploads\/carnr.webp","type":"image\/jpeg"}],"twitter_card":"summary_large_image","twitter_misc":{"Dur\u00e9e de lecture estim\u00e9e":"1 minute"},"schema":{"@context":"https:\/\/schema.org","@graph":[{"@type":"WebPage","@id":"https:\/\/www.euro-camping.com\/fr\/le-camping\/gastronomie\/","url":"https:\/\/www.euro-camping.com\/fr\/le-camping\/gastronomie\/","name":"La gastronomie Eurocamping","isPartOf":{"@id":"https:\/\/www.euro-camping.com\/nl\/#website"},"primaryImageOfPage":{"@id":"https:\/\/www.euro-camping.com\/fr\/le-camping\/gastronomie\/#primaryimage"},"image":{"@id":"https:\/\/www.euro-camping.com\/fr\/le-camping\/gastronomie\/#primaryimage"},"thumbnailUrl":"https:\/\/www.euro-camping.com\/wp-content\/uploads\/carnr.webp","datePublished":"2018-12-05T07:11:23+00:00","dateModified":"2025-03-28T11:18:14+00:00","description":"D\u00e9gustez notre gastronomie m\u00e9diterran\u00e9enne o\u00f9 osez explorer d\u2019autres styles dans notre restaurant au bar-hamburger.","breadcrumb":{"@id":"https:\/\/www.euro-camping.com\/fr\/le-camping\/gastronomie\/#breadcrumb"},"inLanguage":"fr-FR","potentialAction":[{"@type":"ReadAction","target":["https:\/\/www.euro-camping.com\/fr\/le-camping\/gastronomie\/"]}]},{"@type":"ImageObject","inLanguage":"fr-FR","@id":"https:\/\/www.euro-camping.com\/fr\/le-camping\/gastronomie\/#primaryimage","url":"https:\/\/www.euro-camping.com\/wp-content\/uploads\/carnr.webp","contentUrl":"https:\/\/www.euro-camping.com\/wp-content\/uploads\/carnr.webp","width":800,"height":503},{"@type":"BreadcrumbList","@id":"https:\/\/www.euro-camping.com\/fr\/le-camping\/gastronomie\/#breadcrumb","itemListElement":[{"@type":"ListItem","position":1,"name":"Portada","item":"https:\/\/www.euro-camping.com\/fr\/"},{"@type":"ListItem","position":2,"name":"Le camping","item":"https:\/\/www.euro-camping.com\/fr\/le-camping\/"},{"@type":"ListItem","position":3,"name":"La gastronomie"}]},{"@type":"WebSite","@id":"https:\/\/www.euro-camping.com\/nl\/#website","url":"https:\/\/www.euro-camping.com\/nl\/","name":"Euro Camping","description":"EuroCamping, Calonge Camping &amp; Bungalow","publisher":{"@id":"https:\/\/www.euro-camping.com\/nl\/#organization"},"potentialAction":[{"@type":"SearchAction","target":{"@type":"EntryPoint","urlTemplate":"https:\/\/www.euro-camping.com\/nl\/?s={search_term_string}"},"query-input":{"@type":"PropertyValueSpecification","valueRequired":true,"valueName":"search_term_string"}}],"inLanguage":"fr-FR"},{"@type":"Organization","@id":"https:\/\/www.euro-camping.com\/nl\/#organization","name":"Euro Camping","url":"https:\/\/www.euro-camping.com\/nl\/","logo":{"@type":"ImageObject","inLanguage":"fr-FR","@id":"https:\/\/www.euro-camping.com\/nl\/#\/schema\/logo\/image\/","url":"https:\/\/www.euro-camping.com\/wp-content\/uploads\/cropped-mesa-de-trabajo-1eurocamping.png","contentUrl":"https:\/\/www.euro-camping.com\/wp-content\/uploads\/cropped-mesa-de-trabajo-1eurocamping.png","width":2000,"height":498,"caption":"Euro Camping"},"image":{"@id":"https:\/\/www.euro-camping.com\/nl\/#\/schema\/logo\/image\/"}}]}},"_links":{"self":[{"href":"https:\/\/www.euro-camping.com\/fr\/wp-json\/wp\/v2\/pages\/26491","targetHints":{"allow":["GET"]}}],"collection":[{"href":"https:\/\/www.euro-camping.com\/fr\/wp-json\/wp\/v2\/pages"}],"about":[{"href":"https:\/\/www.euro-camping.com\/fr\/wp-json\/wp\/v2\/types\/page"}],"author":[{"embeddable":true,"href":"https:\/\/www.euro-camping.com\/fr\/wp-json\/wp\/v2\/users\/4"}],"replies":[{"embeddable":true,"href":"https:\/\/www.euro-camping.com\/fr\/wp-json\/wp\/v2\/comments?post=26491"}],"version-history":[{"count":20,"href":"https:\/\/www.euro-camping.com\/fr\/wp-json\/wp\/v2\/pages\/26491\/revisions"}],"predecessor-version":[{"id":57019,"href":"https:\/\/www.euro-camping.com\/fr\/wp-json\/wp\/v2\/pages\/26491\/revisions\/57019"}],"up":[{"embeddable":true,"href":"https:\/\/www.euro-camping.com\/fr\/wp-json\/wp\/v2\/pages\/26684"}],"wp:featuredmedia":[{"embeddable":true,"href":"https:\/\/www.euro-camping.com\/fr\/wp-json\/wp\/v2\/media\/22745"}],"wp:attachment":[{"href":"https:\/\/www.euro-camping.com\/fr\/wp-json\/wp\/v2\/media?parent=26491"}],"curies":[{"name":"wp","href":"https:\/\/api.w.org\/{rel}","templated":true}]}}