{"id":26471,"date":"2018-12-05T08:11:04","date_gmt":"2018-12-05T07:11:04","guid":{"rendered":"https:\/\/www.euro-camping.com\/animacion\/"},"modified":"2026-03-25T16:14:34","modified_gmt":"2026-03-25T15:14:34","slug":"animation","status":"publish","type":"page","link":"https:\/\/www.euro-camping.com\/fr\/le-camping\/animation\/","title":{"rendered":"Animation"},"content":{"rendered":"<h2 style=\"text-align: center;\"><img loading=\"lazy\" decoding=\"async\" class=\"wp-image-27329 aligncenter\" src=\"https:\/\/www.euro-camping.com\/wp-content\/uploads\/animation-eng-e1550744689722.png\" alt=\"\" width=\"424\" height=\"94\" srcset=\"https:\/\/www.euro-camping.com\/wp-content\/uploads\/animation-eng-e1550744689722.png 2036w, https:\/\/www.euro-camping.com\/wp-content\/uploads\/animation-eng-e1550744689722-300x67.png 300w, https:\/\/www.euro-camping.com\/wp-content\/uploads\/animation-eng-e1550744689722-1024x227.png 1024w, https:\/\/www.euro-camping.com\/wp-content\/uploads\/animation-eng-e1550744689722-900x200.png 900w, https:\/\/www.euro-camping.com\/wp-content\/uploads\/animation-eng-e1550744689722-128x28.png 128w\" sizes=\"auto, (max-width: 424px) 100vw, 424px\" \/><\/h2>\n<h4 style=\"text-align: center;\">Eurocamping signifie amusement.<\/h4>\n<p style=\"text-align: center;\">Notre \u00e9quipe d\u2019animation propose un programme vari\u00e9 d\u2019activit\u00e9s pour petits et grands.<\/p>\n<div class=\"columna-wrapper\">\n<div class=\"columna col1-3\">\n<p>&nbsp;<\/p>\n<p style=\"text-align: center;\">A Eurocamping nous disposons de diff\u00e9rents programmes sp\u00e9cialement pr\u00e9par\u00e9s pour les enfants de tous \u00e2ges.<\/p>\n<p style=\"text-align: center;\">Ateliers, f\u00eates th\u00e9matiques, gymkhana, jeux d&rsquo;eau, mini disques, aire de jeux gonflable,\u00a0 f\u00eate de la mousse, comp\u00e9titions sportives\u2026<\/p>\n<p style=\"text-align: center;\"><strong>Voulez-vous vous inscrire?<\/strong><\/p>\n<\/div>\n<div class=\"columna col1-3\" style=\"text-align: center;\">\n<p>&nbsp;<\/p>\n<p style=\"text-align: center;\"><strong>Qui dit que les vacances ne servent qu\u00b4\u00e0 se reposer?<\/strong><\/p>\n<p>Mettez-vous en forme, lib\u00e9r\u00e9e l&rsquo;adr\u00e9naline ou relaxez-vous avec nos <em>activit\u00e9s fitness et wellness :<\/em><\/p>\n<p><em>z<\/em>umba, yoga, aquagym, pilates, comp\u00e9tition de football, crossfit, tournois de padel\u2026<\/p>\n<p><em>\u00a0<\/em><\/p>\n<\/div>\n<div class=\"columna col1-3\">\n<p>&nbsp;<\/p>\n<p style=\"text-align: center;\"><strong>Vivez les nuits Eurocamping<\/strong><\/p>\n<p style=\"text-align: center;\">Profitez de la nuit avec nos diff\u00e9rents spectacles et des f\u00eates th\u00e9matiques pour tous les go\u00fbts: musiques, dance, magie, acrobaties, karaok\u00e9, <em>talent show<\/em>\u2026<\/p>\n<\/div>\n<\/div>\n<p>&nbsp;<\/p>\n<p style=\"text-align: center;\">Explorez nos espaces <strong>Euri Club<\/strong> et <strong>Baby Club<\/strong>, pens\u00e9s pour que les enfants s\u00b4en donnent \u00e0 c\u0153ur j\u00b4oie.<\/p>\n","protected":false},"excerpt":{"rendered":"<p>Eurocamping signifie amusement. Notre \u00e9quipe d\u2019animation propose un programme vari\u00e9 [&hellip;]<\/p>\n","protected":false},"author":4,"featured_media":23403,"parent":26684,"menu_order":2,"comment_status":"closed","ping_status":"closed","template":"","meta":{"_acf_changed":false,"footnotes":""},"class_list":["post-26471","page","type-page","status-publish","has-post-thumbnail","hentry"],"acf":[],"yoast_head":"<!-- This site is optimized with the Yoast SEO plugin v26.6 - https:\/\/yoast.com\/wordpress\/plugins\/seo\/ -->\n<title>Camping Resort &amp; Parc de Bungalows Eurocamping, Costa Brava<\/title>\n<meta name=\"description\" content=\"Notre \u00e9quipe d\u00b4animation a pr\u00e9par\u00e9 des activit\u00e9s pour tout les publiques, des plus jeunes campeurs jusqu\u2019aux adultes.\" \/>\n<meta name=\"robots\" content=\"index, follow, max-snippet:-1, max-image-preview:large, max-video-preview:-1\" \/>\n<link rel=\"canonical\" href=\"https:\/\/www.euro-camping.com\/fr\/le-camping\/animation\/\" \/>\n<meta property=\"og:locale\" content=\"fr_FR\" \/>\n<meta property=\"og:type\" content=\"article\" \/>\n<meta property=\"og:title\" content=\"Camping Resort &amp; Parc de Bungalows Eurocamping, Costa Brava\" \/>\n<meta property=\"og:description\" content=\"Notre \u00e9quipe d\u00b4animation a pr\u00e9par\u00e9 des activit\u00e9s pour tout les publiques, des plus jeunes campeurs jusqu\u2019aux adultes.\" \/>\n<meta property=\"og:url\" content=\"https:\/\/www.euro-camping.com\/fr\/le-camping\/animation\/\" \/>\n<meta property=\"og:site_name\" content=\"Euro Camping\" \/>\n<meta property=\"article:modified_time\" content=\"2026-03-25T15:14:34+00:00\" \/>\n<meta property=\"og:image\" content=\"https:\/\/www.euro-camping.com\/wp-content\/uploads\/euri-animacio.jpg\" \/>\n\t<meta property=\"og:image:width\" content=\"1342\" \/>\n\t<meta property=\"og:image:height\" content=\"682\" \/>\n\t<meta property=\"og:image:type\" content=\"image\/jpeg\" \/>\n<meta name=\"twitter:card\" content=\"summary_large_image\" \/>\n<meta name=\"twitter:label1\" content=\"Dur\u00e9e de lecture estim\u00e9e\" \/>\n\t<meta name=\"twitter:data1\" content=\"2 minutes\" \/>\n<script type=\"application\/ld+json\" class=\"yoast-schema-graph\">{\"@context\":\"https:\/\/schema.org\",\"@graph\":[{\"@type\":\"WebPage\",\"@id\":\"https:\/\/www.euro-camping.com\/fr\/le-camping\/animation\/\",\"url\":\"https:\/\/www.euro-camping.com\/fr\/le-camping\/animation\/\",\"name\":\"Camping Resort & Parc de Bungalows Eurocamping, Costa Brava\",\"isPartOf\":{\"@id\":\"https:\/\/www.euro-camping.com\/nl\/#website\"},\"primaryImageOfPage\":{\"@id\":\"https:\/\/www.euro-camping.com\/fr\/le-camping\/animation\/#primaryimage\"},\"image\":{\"@id\":\"https:\/\/www.euro-camping.com\/fr\/le-camping\/animation\/#primaryimage\"},\"thumbnailUrl\":\"https:\/\/www.euro-camping.com\/wp-content\/uploads\/euri-animacio.jpg\",\"datePublished\":\"2018-12-05T07:11:04+00:00\",\"dateModified\":\"2026-03-25T15:14:34+00:00\",\"description\":\"Notre \u00e9quipe d\u00b4animation a pr\u00e9par\u00e9 des activit\u00e9s pour tout les publiques, des plus jeunes campeurs jusqu\u2019aux adultes.\",\"breadcrumb\":{\"@id\":\"https:\/\/www.euro-camping.com\/fr\/le-camping\/animation\/#breadcrumb\"},\"inLanguage\":\"fr-FR\",\"potentialAction\":[{\"@type\":\"ReadAction\",\"target\":[\"https:\/\/www.euro-camping.com\/fr\/le-camping\/animation\/\"]}]},{\"@type\":\"ImageObject\",\"inLanguage\":\"fr-FR\",\"@id\":\"https:\/\/www.euro-camping.com\/fr\/le-camping\/animation\/#primaryimage\",\"url\":\"https:\/\/www.euro-camping.com\/wp-content\/uploads\/euri-animacio.jpg\",\"contentUrl\":\"https:\/\/www.euro-camping.com\/wp-content\/uploads\/euri-animacio.jpg\",\"width\":1342,\"height\":682},{\"@type\":\"BreadcrumbList\",\"@id\":\"https:\/\/www.euro-camping.com\/fr\/le-camping\/animation\/#breadcrumb\",\"itemListElement\":[{\"@type\":\"ListItem\",\"position\":1,\"name\":\"Portada\",\"item\":\"https:\/\/www.euro-camping.com\/fr\/\"},{\"@type\":\"ListItem\",\"position\":2,\"name\":\"Le camping\",\"item\":\"https:\/\/www.euro-camping.com\/fr\/le-camping\/\"},{\"@type\":\"ListItem\",\"position\":3,\"name\":\"Animation\"}]},{\"@type\":\"WebSite\",\"@id\":\"https:\/\/www.euro-camping.com\/nl\/#website\",\"url\":\"https:\/\/www.euro-camping.com\/nl\/\",\"name\":\"Euro Camping\",\"description\":\"EuroCamping, Calonge Camping &amp; Bungalow\",\"publisher\":{\"@id\":\"https:\/\/www.euro-camping.com\/nl\/#organization\"},\"potentialAction\":[{\"@type\":\"SearchAction\",\"target\":{\"@type\":\"EntryPoint\",\"urlTemplate\":\"https:\/\/www.euro-camping.com\/nl\/?s={search_term_string}\"},\"query-input\":{\"@type\":\"PropertyValueSpecification\",\"valueRequired\":true,\"valueName\":\"search_term_string\"}}],\"inLanguage\":\"fr-FR\"},{\"@type\":\"Organization\",\"@id\":\"https:\/\/www.euro-camping.com\/nl\/#organization\",\"name\":\"Euro Camping\",\"url\":\"https:\/\/www.euro-camping.com\/nl\/\",\"logo\":{\"@type\":\"ImageObject\",\"inLanguage\":\"fr-FR\",\"@id\":\"https:\/\/www.euro-camping.com\/nl\/#\/schema\/logo\/image\/\",\"url\":\"https:\/\/www.euro-camping.com\/wp-content\/uploads\/cropped-mesa-de-trabajo-1eurocamping.png\",\"contentUrl\":\"https:\/\/www.euro-camping.com\/wp-content\/uploads\/cropped-mesa-de-trabajo-1eurocamping.png\",\"width\":2000,\"height\":498,\"caption\":\"Euro Camping\"},\"image\":{\"@id\":\"https:\/\/www.euro-camping.com\/nl\/#\/schema\/logo\/image\/\"}}]}<\/script>\n<!-- \/ Yoast SEO plugin. -->","yoast_head_json":{"title":"Camping Resort & Parc de Bungalows Eurocamping, Costa Brava","description":"Notre \u00e9quipe d\u00b4animation a pr\u00e9par\u00e9 des activit\u00e9s pour tout les publiques, des plus jeunes campeurs jusqu\u2019aux adultes.","robots":{"index":"index","follow":"follow","max-snippet":"max-snippet:-1","max-image-preview":"max-image-preview:large","max-video-preview":"max-video-preview:-1"},"canonical":"https:\/\/www.euro-camping.com\/fr\/le-camping\/animation\/","og_locale":"fr_FR","og_type":"article","og_title":"Camping Resort & Parc de Bungalows Eurocamping, Costa Brava","og_description":"Notre \u00e9quipe d\u00b4animation a pr\u00e9par\u00e9 des activit\u00e9s pour tout les publiques, des plus jeunes campeurs jusqu\u2019aux adultes.","og_url":"https:\/\/www.euro-camping.com\/fr\/le-camping\/animation\/","og_site_name":"Euro Camping","article_modified_time":"2026-03-25T15:14:34+00:00","og_image":[{"width":1342,"height":682,"url":"https:\/\/www.euro-camping.com\/wp-content\/uploads\/euri-animacio.jpg","type":"image\/jpeg"}],"twitter_card":"summary_large_image","twitter_misc":{"Dur\u00e9e de lecture estim\u00e9e":"2 minutes"},"schema":{"@context":"https:\/\/schema.org","@graph":[{"@type":"WebPage","@id":"https:\/\/www.euro-camping.com\/fr\/le-camping\/animation\/","url":"https:\/\/www.euro-camping.com\/fr\/le-camping\/animation\/","name":"Camping Resort & Parc de Bungalows Eurocamping, Costa Brava","isPartOf":{"@id":"https:\/\/www.euro-camping.com\/nl\/#website"},"primaryImageOfPage":{"@id":"https:\/\/www.euro-camping.com\/fr\/le-camping\/animation\/#primaryimage"},"image":{"@id":"https:\/\/www.euro-camping.com\/fr\/le-camping\/animation\/#primaryimage"},"thumbnailUrl":"https:\/\/www.euro-camping.com\/wp-content\/uploads\/euri-animacio.jpg","datePublished":"2018-12-05T07:11:04+00:00","dateModified":"2026-03-25T15:14:34+00:00","description":"Notre \u00e9quipe d\u00b4animation a pr\u00e9par\u00e9 des activit\u00e9s pour tout les publiques, des plus jeunes campeurs jusqu\u2019aux adultes.","breadcrumb":{"@id":"https:\/\/www.euro-camping.com\/fr\/le-camping\/animation\/#breadcrumb"},"inLanguage":"fr-FR","potentialAction":[{"@type":"ReadAction","target":["https:\/\/www.euro-camping.com\/fr\/le-camping\/animation\/"]}]},{"@type":"ImageObject","inLanguage":"fr-FR","@id":"https:\/\/www.euro-camping.com\/fr\/le-camping\/animation\/#primaryimage","url":"https:\/\/www.euro-camping.com\/wp-content\/uploads\/euri-animacio.jpg","contentUrl":"https:\/\/www.euro-camping.com\/wp-content\/uploads\/euri-animacio.jpg","width":1342,"height":682},{"@type":"BreadcrumbList","@id":"https:\/\/www.euro-camping.com\/fr\/le-camping\/animation\/#breadcrumb","itemListElement":[{"@type":"ListItem","position":1,"name":"Portada","item":"https:\/\/www.euro-camping.com\/fr\/"},{"@type":"ListItem","position":2,"name":"Le camping","item":"https:\/\/www.euro-camping.com\/fr\/le-camping\/"},{"@type":"ListItem","position":3,"name":"Animation"}]},{"@type":"WebSite","@id":"https:\/\/www.euro-camping.com\/nl\/#website","url":"https:\/\/www.euro-camping.com\/nl\/","name":"Euro Camping","description":"EuroCamping, Calonge Camping &amp; Bungalow","publisher":{"@id":"https:\/\/www.euro-camping.com\/nl\/#organization"},"potentialAction":[{"@type":"SearchAction","target":{"@type":"EntryPoint","urlTemplate":"https:\/\/www.euro-camping.com\/nl\/?s={search_term_string}"},"query-input":{"@type":"PropertyValueSpecification","valueRequired":true,"valueName":"search_term_string"}}],"inLanguage":"fr-FR"},{"@type":"Organization","@id":"https:\/\/www.euro-camping.com\/nl\/#organization","name":"Euro Camping","url":"https:\/\/www.euro-camping.com\/nl\/","logo":{"@type":"ImageObject","inLanguage":"fr-FR","@id":"https:\/\/www.euro-camping.com\/nl\/#\/schema\/logo\/image\/","url":"https:\/\/www.euro-camping.com\/wp-content\/uploads\/cropped-mesa-de-trabajo-1eurocamping.png","contentUrl":"https:\/\/www.euro-camping.com\/wp-content\/uploads\/cropped-mesa-de-trabajo-1eurocamping.png","width":2000,"height":498,"caption":"Euro Camping"},"image":{"@id":"https:\/\/www.euro-camping.com\/nl\/#\/schema\/logo\/image\/"}}]}},"_links":{"self":[{"href":"https:\/\/www.euro-camping.com\/fr\/wp-json\/wp\/v2\/pages\/26471","targetHints":{"allow":["GET"]}}],"collection":[{"href":"https:\/\/www.euro-camping.com\/fr\/wp-json\/wp\/v2\/pages"}],"about":[{"href":"https:\/\/www.euro-camping.com\/fr\/wp-json\/wp\/v2\/types\/page"}],"author":[{"embeddable":true,"href":"https:\/\/www.euro-camping.com\/fr\/wp-json\/wp\/v2\/users\/4"}],"replies":[{"embeddable":true,"href":"https:\/\/www.euro-camping.com\/fr\/wp-json\/wp\/v2\/comments?post=26471"}],"version-history":[{"count":12,"href":"https:\/\/www.euro-camping.com\/fr\/wp-json\/wp\/v2\/pages\/26471\/revisions"}],"predecessor-version":[{"id":60411,"href":"https:\/\/www.euro-camping.com\/fr\/wp-json\/wp\/v2\/pages\/26471\/revisions\/60411"}],"up":[{"embeddable":true,"href":"https:\/\/www.euro-camping.com\/fr\/wp-json\/wp\/v2\/pages\/26684"}],"wp:featuredmedia":[{"embeddable":true,"href":"https:\/\/www.euro-camping.com\/fr\/wp-json\/wp\/v2\/media\/23403"}],"wp:attachment":[{"href":"https:\/\/www.euro-camping.com\/fr\/wp-json\/wp\/v2\/media?parent=26471"}],"curies":[{"name":"wp","href":"https:\/\/api.w.org\/{rel}","templated":true}]}}