{"id":26460,"date":"2018-12-05T08:10:46","date_gmt":"2018-12-05T07:10:46","guid":{"rendered":"https:\/\/www.euro-camping.com\/piscinas\/"},"modified":"2026-03-19T15:55:10","modified_gmt":"2026-03-19T14:55:10","slug":"camping-familial-avec-piscines-sur-la-costa-brava","status":"publish","type":"page","link":"https:\/\/www.euro-camping.com\/fr\/le-camping\/camping-familial-avec-piscines-sur-la-costa-brava\/","title":{"rendered":"Piscines"},"content":{"rendered":"<h1 style=\"text-align: center;\"><strong>Nos piscines<\/strong><\/h1>\n<h3 style=\"text-align: center;\">Profitez de la piscine centrale de Eurocamping<\/h3>\n<div class=\"columna-wrapper\">\n<div class=\"columna col1-2\">\n<p>Sa situation au centre du camping fait qu&rsquo;elle soit facilement accessible de n&rsquo;importe quel endroit du camping.<\/p>\n<p><strong>Plaisir garanti pour tous les \u00e2ges !<\/strong><\/p>\n<p>Elle dispose d&rsquo;une zone d&rsquo;\u00e9quipement de jeux d&rsquo;eau pour les plus petits et a diff\u00e9rentes profondeurs pour que tout le monde puisse se baigner en s\u00e9curit\u00e9. L&rsquo;acc\u00e8s est genre plage et va du peu profond au plus profond. Pour les enfants plus grands et les adultes, vous trouverais nos\u00a0 toboggans aquatiques.<\/p>\n<p>&nbsp;<\/p>\n<\/div>\n<div class=\"columna col1-2\">\n<p><span style=\"color: #00ffff;\"><span style=\"color: #000000;\">Nous avons le parc aquatique interactif<\/span> <strong><span style=\"color: #00ffff;\">Euri Splash<\/span>, <\/strong><\/span>qui \u00e9largit notre offre d&rsquo;equipaments de jeux aquatiques pour les enfants.<\/p>\n<p><strong><span style=\"color: #00ffff;\">Aqua Splash Mountain, <\/span><\/strong><span style=\"color: #00ffff;\"><span style=\"color: #000000;\">\u00a0zone de toboggans aquatiques, compos\u00e9e de trois toboggans d&rsquo;une longueur totale de 60 m\u00e8tres. L&rsquo;Aqua Splash Mountain offre la possibilit\u00e9 de se lancer de deux hauteurs et de choisir entre trois toboggans de formes et de parcours diff\u00e9rents. Comme l\u2019Euri Splash est destin\u00e9 aux plus petits, l&rsquo;Aqua Splash Mountain est destin\u00e9 \u00e0\u00a0 divertir les plus grands (taille minimum <strong>1,20m<\/strong>).<\/span><\/span><\/p>\n<p style=\"text-align: right;\"><b><span lang=\"fr\">Voulez-vous y jeter un coup d&rsquo;oeil?<br \/>\n<\/span><\/b><b><span lang=\"fr\">Explorez notre carte 3D interactive:<\/span><\/b><\/p>\n<p><a href=\"https:\/\/my.matterport.com\/show\/?m=ANXEBjkStPk\" target=\"_blank\" rel=\"noopener noreferrer\"><img loading=\"lazy\" decoding=\"async\" class=\"alignright wp-image-29986\" src=\"https:\/\/www.euro-camping.com\/wp-content\/uploads\/vt-icon.png\" alt=\"\" width=\"95\" height=\"36\" \/><\/a><\/p>\n<\/div>\n<\/div>\n<p>&nbsp;<\/p>\n","protected":false},"excerpt":{"rendered":"<p>Nos piscines Profitez de la piscine centrale de Eurocamping Sa [&hellip;]<\/p>\n","protected":false},"author":4,"featured_media":22700,"parent":26684,"menu_order":0,"comment_status":"closed","ping_status":"closed","template":"","meta":{"_acf_changed":false,"footnotes":""},"class_list":["post-26460","page","type-page","status-publish","has-post-thumbnail","hentry"],"acf":[],"yoast_head":"<!-- This site is optimized with the Yoast SEO plugin v26.6 - https:\/\/yoast.com\/wordpress\/plugins\/seo\/ -->\n<title>Piscines - Euro Camping<\/title>\n<meta name=\"description\" content=\"Profitez de les piscines du camping sur la Costa Brava Eurocamping. Camping avec parc aquatique id\u00e9al pour les familles et les petits enfants.\" \/>\n<meta name=\"robots\" content=\"index, follow, max-snippet:-1, max-image-preview:large, max-video-preview:-1\" \/>\n<link rel=\"canonical\" href=\"https:\/\/www.euro-camping.com\/fr\/le-camping\/camping-familial-avec-piscines-sur-la-costa-brava\/\" \/>\n<meta property=\"og:locale\" content=\"fr_FR\" \/>\n<meta property=\"og:type\" content=\"article\" \/>\n<meta property=\"og:title\" content=\"Piscines - Euro Camping\" \/>\n<meta property=\"og:description\" content=\"Profitez de les piscines du camping sur la Costa Brava Eurocamping. Camping avec parc aquatique id\u00e9al pour les familles et les petits enfants.\" \/>\n<meta property=\"og:url\" content=\"https:\/\/www.euro-camping.com\/fr\/le-camping\/camping-familial-avec-piscines-sur-la-costa-brava\/\" \/>\n<meta property=\"og:site_name\" content=\"Euro Camping\" \/>\n<meta property=\"article:modified_time\" content=\"2026-03-19T14:55:10+00:00\" \/>\n<meta property=\"og:image\" content=\"https:\/\/www.euro-camping.com\/wp-content\/uploads\/piscines-confort-2.webp\" \/>\n\t<meta property=\"og:image:width\" content=\"1889\" \/>\n\t<meta property=\"og:image:height\" content=\"1080\" \/>\n\t<meta property=\"og:image:type\" content=\"image\/jpeg\" \/>\n<meta name=\"twitter:card\" content=\"summary_large_image\" \/>\n<meta name=\"twitter:label1\" content=\"Dur\u00e9e de lecture estim\u00e9e\" \/>\n\t<meta name=\"twitter:data1\" content=\"2 minutes\" \/>\n<script type=\"application\/ld+json\" class=\"yoast-schema-graph\">{\"@context\":\"https:\/\/schema.org\",\"@graph\":[{\"@type\":\"WebPage\",\"@id\":\"https:\/\/www.euro-camping.com\/fr\/le-camping\/camping-familial-avec-piscines-sur-la-costa-brava\/\",\"url\":\"https:\/\/www.euro-camping.com\/fr\/le-camping\/camping-familial-avec-piscines-sur-la-costa-brava\/\",\"name\":\"Piscines - Euro Camping\",\"isPartOf\":{\"@id\":\"https:\/\/www.euro-camping.com\/nl\/#website\"},\"primaryImageOfPage\":{\"@id\":\"https:\/\/www.euro-camping.com\/fr\/le-camping\/camping-familial-avec-piscines-sur-la-costa-brava\/#primaryimage\"},\"image\":{\"@id\":\"https:\/\/www.euro-camping.com\/fr\/le-camping\/camping-familial-avec-piscines-sur-la-costa-brava\/#primaryimage\"},\"thumbnailUrl\":\"https:\/\/www.euro-camping.com\/wp-content\/uploads\/piscines-confort-2.webp\",\"datePublished\":\"2018-12-05T07:10:46+00:00\",\"dateModified\":\"2026-03-19T14:55:10+00:00\",\"description\":\"Profitez de les piscines du camping sur la Costa Brava Eurocamping. Camping avec parc aquatique id\u00e9al pour les familles et les petits enfants.\",\"breadcrumb\":{\"@id\":\"https:\/\/www.euro-camping.com\/fr\/le-camping\/camping-familial-avec-piscines-sur-la-costa-brava\/#breadcrumb\"},\"inLanguage\":\"fr-FR\",\"potentialAction\":[{\"@type\":\"ReadAction\",\"target\":[\"https:\/\/www.euro-camping.com\/fr\/le-camping\/camping-familial-avec-piscines-sur-la-costa-brava\/\"]}]},{\"@type\":\"ImageObject\",\"inLanguage\":\"fr-FR\",\"@id\":\"https:\/\/www.euro-camping.com\/fr\/le-camping\/camping-familial-avec-piscines-sur-la-costa-brava\/#primaryimage\",\"url\":\"https:\/\/www.euro-camping.com\/wp-content\/uploads\/piscines-confort-2.webp\",\"contentUrl\":\"https:\/\/www.euro-camping.com\/wp-content\/uploads\/piscines-confort-2.webp\",\"width\":1889,\"height\":1080},{\"@type\":\"BreadcrumbList\",\"@id\":\"https:\/\/www.euro-camping.com\/fr\/le-camping\/camping-familial-avec-piscines-sur-la-costa-brava\/#breadcrumb\",\"itemListElement\":[{\"@type\":\"ListItem\",\"position\":1,\"name\":\"Portada\",\"item\":\"https:\/\/www.euro-camping.com\/fr\/\"},{\"@type\":\"ListItem\",\"position\":2,\"name\":\"Le camping\",\"item\":\"https:\/\/www.euro-camping.com\/fr\/le-camping\/\"},{\"@type\":\"ListItem\",\"position\":3,\"name\":\"Piscines\"}]},{\"@type\":\"WebSite\",\"@id\":\"https:\/\/www.euro-camping.com\/nl\/#website\",\"url\":\"https:\/\/www.euro-camping.com\/nl\/\",\"name\":\"Euro Camping\",\"description\":\"EuroCamping, Calonge Camping &amp; Bungalow\",\"publisher\":{\"@id\":\"https:\/\/www.euro-camping.com\/nl\/#organization\"},\"potentialAction\":[{\"@type\":\"SearchAction\",\"target\":{\"@type\":\"EntryPoint\",\"urlTemplate\":\"https:\/\/www.euro-camping.com\/nl\/?s={search_term_string}\"},\"query-input\":{\"@type\":\"PropertyValueSpecification\",\"valueRequired\":true,\"valueName\":\"search_term_string\"}}],\"inLanguage\":\"fr-FR\"},{\"@type\":\"Organization\",\"@id\":\"https:\/\/www.euro-camping.com\/nl\/#organization\",\"name\":\"Euro Camping\",\"url\":\"https:\/\/www.euro-camping.com\/nl\/\",\"logo\":{\"@type\":\"ImageObject\",\"inLanguage\":\"fr-FR\",\"@id\":\"https:\/\/www.euro-camping.com\/nl\/#\/schema\/logo\/image\/\",\"url\":\"https:\/\/www.euro-camping.com\/wp-content\/uploads\/cropped-mesa-de-trabajo-1eurocamping.png\",\"contentUrl\":\"https:\/\/www.euro-camping.com\/wp-content\/uploads\/cropped-mesa-de-trabajo-1eurocamping.png\",\"width\":2000,\"height\":498,\"caption\":\"Euro Camping\"},\"image\":{\"@id\":\"https:\/\/www.euro-camping.com\/nl\/#\/schema\/logo\/image\/\"}}]}<\/script>\n<!-- \/ Yoast SEO plugin. -->","yoast_head_json":{"title":"Piscines - Euro Camping","description":"Profitez de les piscines du camping sur la Costa Brava Eurocamping. Camping avec parc aquatique id\u00e9al pour les familles et les petits enfants.","robots":{"index":"index","follow":"follow","max-snippet":"max-snippet:-1","max-image-preview":"max-image-preview:large","max-video-preview":"max-video-preview:-1"},"canonical":"https:\/\/www.euro-camping.com\/fr\/le-camping\/camping-familial-avec-piscines-sur-la-costa-brava\/","og_locale":"fr_FR","og_type":"article","og_title":"Piscines - Euro Camping","og_description":"Profitez de les piscines du camping sur la Costa Brava Eurocamping. Camping avec parc aquatique id\u00e9al pour les familles et les petits enfants.","og_url":"https:\/\/www.euro-camping.com\/fr\/le-camping\/camping-familial-avec-piscines-sur-la-costa-brava\/","og_site_name":"Euro Camping","article_modified_time":"2026-03-19T14:55:10+00:00","og_image":[{"width":1889,"height":1080,"url":"https:\/\/www.euro-camping.com\/wp-content\/uploads\/piscines-confort-2.webp","type":"image\/jpeg"}],"twitter_card":"summary_large_image","twitter_misc":{"Dur\u00e9e de lecture estim\u00e9e":"2 minutes"},"schema":{"@context":"https:\/\/schema.org","@graph":[{"@type":"WebPage","@id":"https:\/\/www.euro-camping.com\/fr\/le-camping\/camping-familial-avec-piscines-sur-la-costa-brava\/","url":"https:\/\/www.euro-camping.com\/fr\/le-camping\/camping-familial-avec-piscines-sur-la-costa-brava\/","name":"Piscines - Euro Camping","isPartOf":{"@id":"https:\/\/www.euro-camping.com\/nl\/#website"},"primaryImageOfPage":{"@id":"https:\/\/www.euro-camping.com\/fr\/le-camping\/camping-familial-avec-piscines-sur-la-costa-brava\/#primaryimage"},"image":{"@id":"https:\/\/www.euro-camping.com\/fr\/le-camping\/camping-familial-avec-piscines-sur-la-costa-brava\/#primaryimage"},"thumbnailUrl":"https:\/\/www.euro-camping.com\/wp-content\/uploads\/piscines-confort-2.webp","datePublished":"2018-12-05T07:10:46+00:00","dateModified":"2026-03-19T14:55:10+00:00","description":"Profitez de les piscines du camping sur la Costa Brava Eurocamping. Camping avec parc aquatique id\u00e9al pour les familles et les petits enfants.","breadcrumb":{"@id":"https:\/\/www.euro-camping.com\/fr\/le-camping\/camping-familial-avec-piscines-sur-la-costa-brava\/#breadcrumb"},"inLanguage":"fr-FR","potentialAction":[{"@type":"ReadAction","target":["https:\/\/www.euro-camping.com\/fr\/le-camping\/camping-familial-avec-piscines-sur-la-costa-brava\/"]}]},{"@type":"ImageObject","inLanguage":"fr-FR","@id":"https:\/\/www.euro-camping.com\/fr\/le-camping\/camping-familial-avec-piscines-sur-la-costa-brava\/#primaryimage","url":"https:\/\/www.euro-camping.com\/wp-content\/uploads\/piscines-confort-2.webp","contentUrl":"https:\/\/www.euro-camping.com\/wp-content\/uploads\/piscines-confort-2.webp","width":1889,"height":1080},{"@type":"BreadcrumbList","@id":"https:\/\/www.euro-camping.com\/fr\/le-camping\/camping-familial-avec-piscines-sur-la-costa-brava\/#breadcrumb","itemListElement":[{"@type":"ListItem","position":1,"name":"Portada","item":"https:\/\/www.euro-camping.com\/fr\/"},{"@type":"ListItem","position":2,"name":"Le camping","item":"https:\/\/www.euro-camping.com\/fr\/le-camping\/"},{"@type":"ListItem","position":3,"name":"Piscines"}]},{"@type":"WebSite","@id":"https:\/\/www.euro-camping.com\/nl\/#website","url":"https:\/\/www.euro-camping.com\/nl\/","name":"Euro Camping","description":"EuroCamping, Calonge Camping &amp; Bungalow","publisher":{"@id":"https:\/\/www.euro-camping.com\/nl\/#organization"},"potentialAction":[{"@type":"SearchAction","target":{"@type":"EntryPoint","urlTemplate":"https:\/\/www.euro-camping.com\/nl\/?s={search_term_string}"},"query-input":{"@type":"PropertyValueSpecification","valueRequired":true,"valueName":"search_term_string"}}],"inLanguage":"fr-FR"},{"@type":"Organization","@id":"https:\/\/www.euro-camping.com\/nl\/#organization","name":"Euro Camping","url":"https:\/\/www.euro-camping.com\/nl\/","logo":{"@type":"ImageObject","inLanguage":"fr-FR","@id":"https:\/\/www.euro-camping.com\/nl\/#\/schema\/logo\/image\/","url":"https:\/\/www.euro-camping.com\/wp-content\/uploads\/cropped-mesa-de-trabajo-1eurocamping.png","contentUrl":"https:\/\/www.euro-camping.com\/wp-content\/uploads\/cropped-mesa-de-trabajo-1eurocamping.png","width":2000,"height":498,"caption":"Euro Camping"},"image":{"@id":"https:\/\/www.euro-camping.com\/nl\/#\/schema\/logo\/image\/"}}]}},"_links":{"self":[{"href":"https:\/\/www.euro-camping.com\/fr\/wp-json\/wp\/v2\/pages\/26460","targetHints":{"allow":["GET"]}}],"collection":[{"href":"https:\/\/www.euro-camping.com\/fr\/wp-json\/wp\/v2\/pages"}],"about":[{"href":"https:\/\/www.euro-camping.com\/fr\/wp-json\/wp\/v2\/types\/page"}],"author":[{"embeddable":true,"href":"https:\/\/www.euro-camping.com\/fr\/wp-json\/wp\/v2\/users\/4"}],"replies":[{"embeddable":true,"href":"https:\/\/www.euro-camping.com\/fr\/wp-json\/wp\/v2\/comments?post=26460"}],"version-history":[{"count":27,"href":"https:\/\/www.euro-camping.com\/fr\/wp-json\/wp\/v2\/pages\/26460\/revisions"}],"predecessor-version":[{"id":60384,"href":"https:\/\/www.euro-camping.com\/fr\/wp-json\/wp\/v2\/pages\/26460\/revisions\/60384"}],"up":[{"embeddable":true,"href":"https:\/\/www.euro-camping.com\/fr\/wp-json\/wp\/v2\/pages\/26684"}],"wp:featuredmedia":[{"embeddable":true,"href":"https:\/\/www.euro-camping.com\/fr\/wp-json\/wp\/v2\/media\/22700"}],"wp:attachment":[{"href":"https:\/\/www.euro-camping.com\/fr\/wp-json\/wp\/v2\/media?parent=26460"}],"curies":[{"name":"wp","href":"https:\/\/api.w.org\/{rel}","templated":true}]}}