{"id":27585,"date":"2019-02-22T12:46:08","date_gmt":"2019-02-22T11:46:08","guid":{"rendered":"https:\/\/www.euro-camping.com\/privacidad-y-proteccion-de-datos-personales\/"},"modified":"2019-02-26T10:44:56","modified_gmt":"2019-02-26T09:44:56","slug":"privacidad-y-proteccion-de-datos-personales","status":"publish","type":"page","link":"https:\/\/www.euro-camping.com\/en\/privacidad-y-proteccion-de-datos-personales\/","title":{"rendered":"Privacy and personal data protection"},"content":{"rendered":"<p><strong>Web: <\/strong>http:\/\/euro-camping.com<br \/>\n<strong>Titular: <\/strong>COMERCIAL TILE S.A. \u00a0(en adelante, EURO CAMPING)<br \/>\n<strong>Domicilio: <\/strong>KG-000108 Avda Catalunya, 15 17252 Sant Antoni de Calonge<br \/>\n<strong>C.I.F:<\/strong> A17133737<br \/>\n<strong>E-mail:<\/strong> info@euro-camping.com<\/p>\n<p>En el marco del cumplimiento de la legislaci\u00f3n vigente, recogida en la Ley Org\u00e1nica 15\/1999, de 13 de diciembre, sobre protecci\u00f3n de Datos de Car\u00e1cter Personal (LOPD), cuyo objeto es garantizar y proteger, en lo que concierne al tratamiento de los datos personales, las libertades y derechos fundamentales de las personas f\u00edsicas, y especialmente de su honor e intimidad personal, EURO CAMPING informa a los usuarios de que:<\/p>\n<ul>\n<li>Cualquier dato de car\u00e1cter personal que el Usuario facilite a trav\u00e9s del correo electr\u00f3nico, formularios electr\u00f3nicos u otros medios pasar\u00e1n a formar parte de los ficheros propiedad de EURO CAMPING que se encuentran debidamente registrados en la Agencia Espa\u00f1ola de Protecci\u00f3n de Datos. La negativa a proporcionar los datos calificados como obligatorios por medio del s\u00edmbolo del asterisco (*) en los formularios de recogida, si existieran, o la no aceptaci\u00f3n expresa o inequ\u00edvoca de la presente pol\u00edtica de privacidad supondr\u00e1 la imposibilidad de prestar al Usuario el servicio solicitado.<\/li>\n<li>Las finalidades de los tratamientos van dirigidas a la prestaci\u00f3n de los servicios que el Usuario pudiera manifestar, a la correcta identificaci\u00f3n del Usuario que solicita servicios personalizados, a la realizaci\u00f3n de estudios estad\u00edsticos que permitan dise\u00f1ar mejoras en los servicios prestados, a la gesti\u00f3n de la solicitud de empleo y a la inclusi\u00f3n de la misma en futuros procesos de selecci\u00f3n de personal que el Responsable pudiera llevar a cabo, a la realizaci\u00f3n de acciones formativas, a la gesti\u00f3n de tareas b\u00e1sicas de administraci\u00f3n, as\u00ed como para la comunicaci\u00f3n, bien por correo electr\u00f3nico bien por cualquier otro medio, de novedades, productos y servicios relacionados con EURO CAMPING o con terceras entidades colaboradoras que pudieran resultar de su inter\u00e9s (tarea esta \u00faltima siempre identificada como tal).<\/li>\n<li>EURO CAMPING se compromete a tratar los datos del Usuario de forma confidencial y solamente ser\u00e1n cedidos a terceros (entendi\u00e9ndose por tercero &#8220;Las entidades colaboradoras de EURO CAMPING que suministran servicios espec\u00edficos a sus clientes o empleados&#8221;) para el cumplimiento efectivo de los servicios solicitados por el Usuario. De otra forma, solicitar\u00e1 el consentimiento previo al Usuario.<\/li>\n<li>El Usuario responder\u00e1, en cualquier caso, de la veracidad de los datos facilitados, reserv\u00e1ndose EURO CAMPING el derecho a excluir de los servicios registrados a todo Usuario que haya facilitado datos falsos, sin perjuicio de las dem\u00e1s acciones que procedan en Derecho.<\/li>\n<li>EURO CAMPING declara que ha adoptado las medidas a su alcance dirigidas a evitar la p\u00e9rdida, mal uso, alteraci\u00f3n, acceso no autorizado y robo de los datos que el Usuario facilita, acorde al nivel de seguridad aplicable, en sus instalaciones, sistemas y ficheros, de conformidad con lo establecido en el T\u00edtulo VIII del Reglamento de desarrollo de la LOPD (aprobado por el Real Decreto 1720\/2007, de 21 de diciembre). Sin embargo, el usuario debe ser consciente de que en la actualidad las medidas de seguridad en Internet no son inexpugnables.<\/li>\n<li>El Usuario podr\u00e1 ejercitar los derechos reconocidos en la LOPD, de acceso, rectificaci\u00f3n, cancelaci\u00f3n y oposici\u00f3n mediante petici\u00f3n escrita dirigida a EURO CAMPING (Ref. Protecci\u00f3n de Datos) mediante escrito dirigido a la direcci\u00f3n postal KG-000108 Avda Catalunya, 15 17252 Sant Antoni de Calonge (Espa\u00f1a) o a trav\u00e9s de correo electr\u00f3nico a la cuenta info@euro-camping.com, se\u00f1alando el derecho a ejercer y aportando documento acreditativo de su identidad.<\/li>\n<\/ul>\n","protected":false},"excerpt":{"rendered":"<p>Web: http:\/\/euro-camping.com Titular: COMERCIAL TILE S.A. \u00a0(en adelante, EURO CAMPING) [&hellip;]<\/p>\n","protected":false},"author":4,"featured_media":0,"parent":0,"menu_order":1,"comment_status":"closed","ping_status":"closed","template":"","meta":{"_acf_changed":false,"footnotes":""},"class_list":["post-27585","page","type-page","status-publish","hentry"],"acf":[],"yoast_head":"<!-- This site is optimized with the Yoast SEO plugin v26.6 - https:\/\/yoast.com\/wordpress\/plugins\/seo\/ -->\n<title>Privacy and personal data protection - Euro Camping<\/title>\n<meta name=\"robots\" content=\"index, follow, max-snippet:-1, max-image-preview:large, max-video-preview:-1\" \/>\n<link rel=\"canonical\" href=\"https:\/\/www.euro-camping.com\/privacidad-y-proteccion-de-datos-personales\/\" \/>\n<meta property=\"og:locale\" content=\"en_US\" \/>\n<meta property=\"og:type\" content=\"article\" \/>\n<meta property=\"og:title\" content=\"Privacy and personal data protection - Euro Camping\" \/>\n<meta property=\"og:description\" content=\"Web: http:\/\/euro-camping.com Titular: COMERCIAL TILE S.A. \u00a0(en adelante, EURO CAMPING) [&hellip;]\" \/>\n<meta property=\"og:url\" content=\"https:\/\/www.euro-camping.com\/privacidad-y-proteccion-de-datos-personales\/\" \/>\n<meta property=\"og:site_name\" content=\"Euro Camping\" \/>\n<meta property=\"article:modified_time\" content=\"2019-02-26T09:44:56+00:00\" \/>\n<meta name=\"twitter:card\" content=\"summary_large_image\" \/>\n<meta name=\"twitter:label1\" content=\"Est. reading time\" \/>\n\t<meta name=\"twitter:data1\" content=\"3 minutes\" \/>\n<script type=\"application\/ld+json\" class=\"yoast-schema-graph\">{\"@context\":\"https:\/\/schema.org\",\"@graph\":[{\"@type\":\"WebPage\",\"@id\":\"https:\/\/www.euro-camping.com\/privacidad-y-proteccion-de-datos-personales\/\",\"url\":\"https:\/\/www.euro-camping.com\/privacidad-y-proteccion-de-datos-personales\/\",\"name\":\"Privacy and personal data protection - Euro Camping\",\"isPartOf\":{\"@id\":\"https:\/\/www.euro-camping.com\/nl\/#website\"},\"datePublished\":\"2019-02-22T11:46:08+00:00\",\"dateModified\":\"2019-02-26T09:44:56+00:00\",\"breadcrumb\":{\"@id\":\"https:\/\/www.euro-camping.com\/privacidad-y-proteccion-de-datos-personales\/#breadcrumb\"},\"inLanguage\":\"en-US\",\"potentialAction\":[{\"@type\":\"ReadAction\",\"target\":[\"https:\/\/www.euro-camping.com\/privacidad-y-proteccion-de-datos-personales\/\"]}]},{\"@type\":\"BreadcrumbList\",\"@id\":\"https:\/\/www.euro-camping.com\/privacidad-y-proteccion-de-datos-personales\/#breadcrumb\",\"itemListElement\":[{\"@type\":\"ListItem\",\"position\":1,\"name\":\"Portada\",\"item\":\"https:\/\/www.euro-camping.com\/en\/\"},{\"@type\":\"ListItem\",\"position\":2,\"name\":\"Privacy and personal data protection\"}]},{\"@type\":\"WebSite\",\"@id\":\"https:\/\/www.euro-camping.com\/nl\/#website\",\"url\":\"https:\/\/www.euro-camping.com\/nl\/\",\"name\":\"Euro Camping\",\"description\":\"EuroCamping, Calonge Camping &amp; Bungalow\",\"publisher\":{\"@id\":\"https:\/\/www.euro-camping.com\/nl\/#organization\"},\"potentialAction\":[{\"@type\":\"SearchAction\",\"target\":{\"@type\":\"EntryPoint\",\"urlTemplate\":\"https:\/\/www.euro-camping.com\/nl\/?s={search_term_string}\"},\"query-input\":{\"@type\":\"PropertyValueSpecification\",\"valueRequired\":true,\"valueName\":\"search_term_string\"}}],\"inLanguage\":\"en-US\"},{\"@type\":\"Organization\",\"@id\":\"https:\/\/www.euro-camping.com\/nl\/#organization\",\"name\":\"Euro Camping\",\"url\":\"https:\/\/www.euro-camping.com\/nl\/\",\"logo\":{\"@type\":\"ImageObject\",\"inLanguage\":\"en-US\",\"@id\":\"https:\/\/www.euro-camping.com\/nl\/#\/schema\/logo\/image\/\",\"url\":\"https:\/\/www.euro-camping.com\/wp-content\/uploads\/cropped-mesa-de-trabajo-1eurocamping.png\",\"contentUrl\":\"https:\/\/www.euro-camping.com\/wp-content\/uploads\/cropped-mesa-de-trabajo-1eurocamping.png\",\"width\":2000,\"height\":498,\"caption\":\"Euro Camping\"},\"image\":{\"@id\":\"https:\/\/www.euro-camping.com\/nl\/#\/schema\/logo\/image\/\"}}]}<\/script>\n<!-- \/ Yoast SEO plugin. -->","yoast_head_json":{"title":"Privacy and personal data protection - Euro Camping","robots":{"index":"index","follow":"follow","max-snippet":"max-snippet:-1","max-image-preview":"max-image-preview:large","max-video-preview":"max-video-preview:-1"},"canonical":"https:\/\/www.euro-camping.com\/privacidad-y-proteccion-de-datos-personales\/","og_locale":"en_US","og_type":"article","og_title":"Privacy and personal data protection - Euro Camping","og_description":"Web: http:\/\/euro-camping.com Titular: COMERCIAL TILE S.A. \u00a0(en adelante, EURO CAMPING) [&hellip;]","og_url":"https:\/\/www.euro-camping.com\/privacidad-y-proteccion-de-datos-personales\/","og_site_name":"Euro Camping","article_modified_time":"2019-02-26T09:44:56+00:00","twitter_card":"summary_large_image","twitter_misc":{"Est. reading time":"3 minutes"},"schema":{"@context":"https:\/\/schema.org","@graph":[{"@type":"WebPage","@id":"https:\/\/www.euro-camping.com\/privacidad-y-proteccion-de-datos-personales\/","url":"https:\/\/www.euro-camping.com\/privacidad-y-proteccion-de-datos-personales\/","name":"Privacy and personal data protection - Euro Camping","isPartOf":{"@id":"https:\/\/www.euro-camping.com\/nl\/#website"},"datePublished":"2019-02-22T11:46:08+00:00","dateModified":"2019-02-26T09:44:56+00:00","breadcrumb":{"@id":"https:\/\/www.euro-camping.com\/privacidad-y-proteccion-de-datos-personales\/#breadcrumb"},"inLanguage":"en-US","potentialAction":[{"@type":"ReadAction","target":["https:\/\/www.euro-camping.com\/privacidad-y-proteccion-de-datos-personales\/"]}]},{"@type":"BreadcrumbList","@id":"https:\/\/www.euro-camping.com\/privacidad-y-proteccion-de-datos-personales\/#breadcrumb","itemListElement":[{"@type":"ListItem","position":1,"name":"Portada","item":"https:\/\/www.euro-camping.com\/en\/"},{"@type":"ListItem","position":2,"name":"Privacy and personal data protection"}]},{"@type":"WebSite","@id":"https:\/\/www.euro-camping.com\/nl\/#website","url":"https:\/\/www.euro-camping.com\/nl\/","name":"Euro Camping","description":"EuroCamping, Calonge Camping &amp; Bungalow","publisher":{"@id":"https:\/\/www.euro-camping.com\/nl\/#organization"},"potentialAction":[{"@type":"SearchAction","target":{"@type":"EntryPoint","urlTemplate":"https:\/\/www.euro-camping.com\/nl\/?s={search_term_string}"},"query-input":{"@type":"PropertyValueSpecification","valueRequired":true,"valueName":"search_term_string"}}],"inLanguage":"en-US"},{"@type":"Organization","@id":"https:\/\/www.euro-camping.com\/nl\/#organization","name":"Euro Camping","url":"https:\/\/www.euro-camping.com\/nl\/","logo":{"@type":"ImageObject","inLanguage":"en-US","@id":"https:\/\/www.euro-camping.com\/nl\/#\/schema\/logo\/image\/","url":"https:\/\/www.euro-camping.com\/wp-content\/uploads\/cropped-mesa-de-trabajo-1eurocamping.png","contentUrl":"https:\/\/www.euro-camping.com\/wp-content\/uploads\/cropped-mesa-de-trabajo-1eurocamping.png","width":2000,"height":498,"caption":"Euro Camping"},"image":{"@id":"https:\/\/www.euro-camping.com\/nl\/#\/schema\/logo\/image\/"}}]}},"_links":{"self":[{"href":"https:\/\/www.euro-camping.com\/en\/wp-json\/wp\/v2\/pages\/27585","targetHints":{"allow":["GET"]}}],"collection":[{"href":"https:\/\/www.euro-camping.com\/en\/wp-json\/wp\/v2\/pages"}],"about":[{"href":"https:\/\/www.euro-camping.com\/en\/wp-json\/wp\/v2\/types\/page"}],"author":[{"embeddable":true,"href":"https:\/\/www.euro-camping.com\/en\/wp-json\/wp\/v2\/users\/4"}],"replies":[{"embeddable":true,"href":"https:\/\/www.euro-camping.com\/en\/wp-json\/wp\/v2\/comments?post=27585"}],"version-history":[{"count":2,"href":"https:\/\/www.euro-camping.com\/en\/wp-json\/wp\/v2\/pages\/27585\/revisions"}],"predecessor-version":[{"id":27624,"href":"https:\/\/www.euro-camping.com\/en\/wp-json\/wp\/v2\/pages\/27585\/revisions\/27624"}],"wp:attachment":[{"href":"https:\/\/www.euro-camping.com\/en\/wp-json\/wp\/v2\/media?parent=27585"}],"curies":[{"name":"wp","href":"https:\/\/api.w.org\/{rel}","templated":true}]}}