{"id":27088,"date":"2018-12-05T11:40:35","date_gmt":"2018-12-05T10:40:41","guid":{"rendered":"https:\/\/www.euro-camping.com\/stellplaetze\/parcelas-comfort\/"},"modified":"2025-10-16T08:29:27","modified_gmt":"2025-10-16T06:29:27","slug":"komfort-stellplaetze","status":"publish","type":"page","link":"https:\/\/www.euro-camping.com\/de\/wo-zu-verbleiben\/stellplaetze\/komfort-stellplaetze\/","title":{"rendered":"Komfort Stellpl\u00e4tze"},"content":{"rendered":"<p><strong>F\u00fcr eine Mobile Unterkunft pro Stellplatz<\/strong> (Wohnwagen, Wohnmobil, Van oder Zelt). Es ist erlaubt, neben der Hauptcampingausr\u00fcstung ein oder zwei zus\u00e4tzliche Zelte auf dem Stellplatz aufzustellen, immer wenn die Grenzen der Stellplatz und die \u00a0 \u00a0 \u00a0maximale Personenkapazit\u00e4t nicht \u00fcberschritten werden.<\/p>\n<ul>\n<li>Stellpl\u00e4tze von ungef\u00e4hr <strong>80m\u00b2<\/strong>.<\/li>\n<li>Die Komfort-Stellpl\u00e4tze befinden sich im\u00a0A, B und D Komfort Bereich des Campingplatzes.<\/li>\n<li>Die Komfort-Stellpl\u00e4tze sind\u00a0ausgestattet mit Strom (10A) und durch Vegetation von einander getrennt.<\/li>\n<li>Standard-Stromanschluss Typ Schuko im A und D.<\/li>\n<li>Stromanschluss Typ CETAC (CEE) im B.<\/li>\n<li>Eine begrenzte Anzahl verf\u00fcgt \u00fcber Wasser- und Abwasseranschluss (A und B Bereich).<\/li>\n<li>Es gibt bestimmte Stellpl\u00e4tze im A und D Bereich wo campen mit Haustieren erlaubt ist.<\/li>\n<li>G\u00e4ste im\u00a0A Bereich werden gebeten, das Auto auf dem Stellplatz selbst zu parken.<\/li>\n<li>G\u00e4ste, die im\u00a0B oder\u00a0D Bereich \u00fcbernachten, verf\u00fcgen \u00fcber einen Parkplatz f\u00fcr das Auto auf einem unserer Parkpl\u00e4tze. Das Parken auf dem Stellplatz selbst ist erlaubt, aber die Grenzen des Stellplatzes d\u00fcrfen nicht \u00fcberschritten werden.<\/li>\n<li>Kampieren mit Haustieren ist nur auf den speziell ausgewiesenen Stellpl\u00e4tzen f\u00fcr Haustiere im A und D Bereich gestattet.<\/li>\n<\/ul>\n","protected":false},"excerpt":{"rendered":"<p>F\u00fcr eine Mobile Unterkunft pro Stellplatz (Wohnwagen, Wohnmobil, Van oder [&hellip;]<\/p>\n","protected":false},"author":4,"featured_media":22731,"parent":27031,"menu_order":1,"comment_status":"closed","ping_status":"closed","template":"templates\/tmpl-alojamiento.php","meta":{"_acf_changed":false,"footnotes":""},"class_list":["post-27088","page","type-page","status-publish","has-post-thumbnail","hentry"],"acf":[],"yoast_head":"<!-- This site is optimized with the Yoast SEO plugin v26.6 - https:\/\/yoast.com\/wordpress\/plugins\/seo\/ -->\n<title>Komfort Stellpl\u00e4tze - Euro Camping<\/title>\n<meta name=\"robots\" content=\"index, follow, max-snippet:-1, max-image-preview:large, max-video-preview:-1\" \/>\n<link rel=\"canonical\" href=\"https:\/\/www.euro-camping.com\/de\/wo-zu-verbleiben\/stellplaetze\/komfort-stellplaetze\/\" \/>\n<meta property=\"og:locale\" content=\"de_DE\" \/>\n<meta property=\"og:type\" content=\"article\" \/>\n<meta property=\"og:title\" content=\"Komfort Stellpl\u00e4tze - Euro Camping\" \/>\n<meta property=\"og:description\" content=\"F\u00fcr eine Mobile Unterkunft pro Stellplatz (Wohnwagen, Wohnmobil, Van oder [&hellip;]\" \/>\n<meta property=\"og:url\" content=\"https:\/\/www.euro-camping.com\/de\/wo-zu-verbleiben\/stellplaetze\/komfort-stellplaetze\/\" \/>\n<meta property=\"og:site_name\" content=\"Euro Camping\" \/>\n<meta property=\"article:modified_time\" content=\"2025-10-16T06:29:27+00:00\" \/>\n<meta property=\"og:image\" content=\"https:\/\/www.euro-camping.com\/wp-content\/uploads\/parcella4r.webp\" \/>\n\t<meta property=\"og:image:width\" content=\"800\" \/>\n\t<meta property=\"og:image:height\" content=\"508\" \/>\n\t<meta property=\"og:image:type\" content=\"image\/jpeg\" \/>\n<meta name=\"twitter:card\" content=\"summary_large_image\" \/>\n<meta name=\"twitter:label1\" content=\"Gesch\u00e4tzte Lesezeit\" \/>\n\t<meta name=\"twitter:data1\" content=\"2\u00a0Minuten\" \/>\n<script type=\"application\/ld+json\" class=\"yoast-schema-graph\">{\"@context\":\"https:\/\/schema.org\",\"@graph\":[{\"@type\":\"WebPage\",\"@id\":\"https:\/\/www.euro-camping.com\/de\/wo-zu-verbleiben\/stellplaetze\/komfort-stellplaetze\/\",\"url\":\"https:\/\/www.euro-camping.com\/de\/wo-zu-verbleiben\/stellplaetze\/komfort-stellplaetze\/\",\"name\":\"Komfort Stellpl\u00e4tze - Euro Camping\",\"isPartOf\":{\"@id\":\"https:\/\/www.euro-camping.com\/nl\/#website\"},\"primaryImageOfPage\":{\"@id\":\"https:\/\/www.euro-camping.com\/de\/wo-zu-verbleiben\/stellplaetze\/komfort-stellplaetze\/#primaryimage\"},\"image\":{\"@id\":\"https:\/\/www.euro-camping.com\/de\/wo-zu-verbleiben\/stellplaetze\/komfort-stellplaetze\/#primaryimage\"},\"thumbnailUrl\":\"https:\/\/www.euro-camping.com\/wp-content\/uploads\/parcella4r.webp\",\"datePublished\":\"2018-12-05T10:40:41+00:00\",\"dateModified\":\"2025-10-16T06:29:27+00:00\",\"breadcrumb\":{\"@id\":\"https:\/\/www.euro-camping.com\/de\/wo-zu-verbleiben\/stellplaetze\/komfort-stellplaetze\/#breadcrumb\"},\"inLanguage\":\"de\",\"potentialAction\":[{\"@type\":\"ReadAction\",\"target\":[\"https:\/\/www.euro-camping.com\/de\/wo-zu-verbleiben\/stellplaetze\/komfort-stellplaetze\/\"]}]},{\"@type\":\"ImageObject\",\"inLanguage\":\"de\",\"@id\":\"https:\/\/www.euro-camping.com\/de\/wo-zu-verbleiben\/stellplaetze\/komfort-stellplaetze\/#primaryimage\",\"url\":\"https:\/\/www.euro-camping.com\/wp-content\/uploads\/parcella4r.webp\",\"contentUrl\":\"https:\/\/www.euro-camping.com\/wp-content\/uploads\/parcella4r.webp\",\"width\":800,\"height\":508},{\"@type\":\"BreadcrumbList\",\"@id\":\"https:\/\/www.euro-camping.com\/de\/wo-zu-verbleiben\/stellplaetze\/komfort-stellplaetze\/#breadcrumb\",\"itemListElement\":[{\"@type\":\"ListItem\",\"position\":1,\"name\":\"Portada\",\"item\":\"https:\/\/www.euro-camping.com\/de\/\"},{\"@type\":\"ListItem\",\"position\":2,\"name\":\"Wo zu verbleiben\",\"item\":\"https:\/\/www.euro-camping.com\/de\/wo-zu-verbleiben\/\"},{\"@type\":\"ListItem\",\"position\":3,\"name\":\"Stellpl\u00e4tze\",\"item\":\"https:\/\/www.euro-camping.com\/de\/wo-zu-verbleiben\/stellplaetze\/\"},{\"@type\":\"ListItem\",\"position\":4,\"name\":\"Komfort Stellpl\u00e4tze\"}]},{\"@type\":\"WebSite\",\"@id\":\"https:\/\/www.euro-camping.com\/nl\/#website\",\"url\":\"https:\/\/www.euro-camping.com\/nl\/\",\"name\":\"Euro Camping\",\"description\":\"EuroCamping, Calonge Camping &amp; Bungalow\",\"publisher\":{\"@id\":\"https:\/\/www.euro-camping.com\/nl\/#organization\"},\"potentialAction\":[{\"@type\":\"SearchAction\",\"target\":{\"@type\":\"EntryPoint\",\"urlTemplate\":\"https:\/\/www.euro-camping.com\/nl\/?s={search_term_string}\"},\"query-input\":{\"@type\":\"PropertyValueSpecification\",\"valueRequired\":true,\"valueName\":\"search_term_string\"}}],\"inLanguage\":\"de\"},{\"@type\":\"Organization\",\"@id\":\"https:\/\/www.euro-camping.com\/nl\/#organization\",\"name\":\"Euro Camping\",\"url\":\"https:\/\/www.euro-camping.com\/nl\/\",\"logo\":{\"@type\":\"ImageObject\",\"inLanguage\":\"de\",\"@id\":\"https:\/\/www.euro-camping.com\/nl\/#\/schema\/logo\/image\/\",\"url\":\"https:\/\/www.euro-camping.com\/wp-content\/uploads\/cropped-mesa-de-trabajo-1eurocamping.png\",\"contentUrl\":\"https:\/\/www.euro-camping.com\/wp-content\/uploads\/cropped-mesa-de-trabajo-1eurocamping.png\",\"width\":2000,\"height\":498,\"caption\":\"Euro Camping\"},\"image\":{\"@id\":\"https:\/\/www.euro-camping.com\/nl\/#\/schema\/logo\/image\/\"}}]}<\/script>\n<!-- \/ Yoast SEO plugin. -->","yoast_head_json":{"title":"Komfort Stellpl\u00e4tze - Euro Camping","robots":{"index":"index","follow":"follow","max-snippet":"max-snippet:-1","max-image-preview":"max-image-preview:large","max-video-preview":"max-video-preview:-1"},"canonical":"https:\/\/www.euro-camping.com\/de\/wo-zu-verbleiben\/stellplaetze\/komfort-stellplaetze\/","og_locale":"de_DE","og_type":"article","og_title":"Komfort Stellpl\u00e4tze - Euro Camping","og_description":"F\u00fcr eine Mobile Unterkunft pro Stellplatz (Wohnwagen, Wohnmobil, Van oder [&hellip;]","og_url":"https:\/\/www.euro-camping.com\/de\/wo-zu-verbleiben\/stellplaetze\/komfort-stellplaetze\/","og_site_name":"Euro Camping","article_modified_time":"2025-10-16T06:29:27+00:00","og_image":[{"width":800,"height":508,"url":"https:\/\/www.euro-camping.com\/wp-content\/uploads\/parcella4r.webp","type":"image\/jpeg"}],"twitter_card":"summary_large_image","twitter_misc":{"Gesch\u00e4tzte Lesezeit":"2\u00a0Minuten"},"schema":{"@context":"https:\/\/schema.org","@graph":[{"@type":"WebPage","@id":"https:\/\/www.euro-camping.com\/de\/wo-zu-verbleiben\/stellplaetze\/komfort-stellplaetze\/","url":"https:\/\/www.euro-camping.com\/de\/wo-zu-verbleiben\/stellplaetze\/komfort-stellplaetze\/","name":"Komfort Stellpl\u00e4tze - Euro Camping","isPartOf":{"@id":"https:\/\/www.euro-camping.com\/nl\/#website"},"primaryImageOfPage":{"@id":"https:\/\/www.euro-camping.com\/de\/wo-zu-verbleiben\/stellplaetze\/komfort-stellplaetze\/#primaryimage"},"image":{"@id":"https:\/\/www.euro-camping.com\/de\/wo-zu-verbleiben\/stellplaetze\/komfort-stellplaetze\/#primaryimage"},"thumbnailUrl":"https:\/\/www.euro-camping.com\/wp-content\/uploads\/parcella4r.webp","datePublished":"2018-12-05T10:40:41+00:00","dateModified":"2025-10-16T06:29:27+00:00","breadcrumb":{"@id":"https:\/\/www.euro-camping.com\/de\/wo-zu-verbleiben\/stellplaetze\/komfort-stellplaetze\/#breadcrumb"},"inLanguage":"de","potentialAction":[{"@type":"ReadAction","target":["https:\/\/www.euro-camping.com\/de\/wo-zu-verbleiben\/stellplaetze\/komfort-stellplaetze\/"]}]},{"@type":"ImageObject","inLanguage":"de","@id":"https:\/\/www.euro-camping.com\/de\/wo-zu-verbleiben\/stellplaetze\/komfort-stellplaetze\/#primaryimage","url":"https:\/\/www.euro-camping.com\/wp-content\/uploads\/parcella4r.webp","contentUrl":"https:\/\/www.euro-camping.com\/wp-content\/uploads\/parcella4r.webp","width":800,"height":508},{"@type":"BreadcrumbList","@id":"https:\/\/www.euro-camping.com\/de\/wo-zu-verbleiben\/stellplaetze\/komfort-stellplaetze\/#breadcrumb","itemListElement":[{"@type":"ListItem","position":1,"name":"Portada","item":"https:\/\/www.euro-camping.com\/de\/"},{"@type":"ListItem","position":2,"name":"Wo zu verbleiben","item":"https:\/\/www.euro-camping.com\/de\/wo-zu-verbleiben\/"},{"@type":"ListItem","position":3,"name":"Stellpl\u00e4tze","item":"https:\/\/www.euro-camping.com\/de\/wo-zu-verbleiben\/stellplaetze\/"},{"@type":"ListItem","position":4,"name":"Komfort Stellpl\u00e4tze"}]},{"@type":"WebSite","@id":"https:\/\/www.euro-camping.com\/nl\/#website","url":"https:\/\/www.euro-camping.com\/nl\/","name":"Euro Camping","description":"EuroCamping, Calonge Camping &amp; Bungalow","publisher":{"@id":"https:\/\/www.euro-camping.com\/nl\/#organization"},"potentialAction":[{"@type":"SearchAction","target":{"@type":"EntryPoint","urlTemplate":"https:\/\/www.euro-camping.com\/nl\/?s={search_term_string}"},"query-input":{"@type":"PropertyValueSpecification","valueRequired":true,"valueName":"search_term_string"}}],"inLanguage":"de"},{"@type":"Organization","@id":"https:\/\/www.euro-camping.com\/nl\/#organization","name":"Euro Camping","url":"https:\/\/www.euro-camping.com\/nl\/","logo":{"@type":"ImageObject","inLanguage":"de","@id":"https:\/\/www.euro-camping.com\/nl\/#\/schema\/logo\/image\/","url":"https:\/\/www.euro-camping.com\/wp-content\/uploads\/cropped-mesa-de-trabajo-1eurocamping.png","contentUrl":"https:\/\/www.euro-camping.com\/wp-content\/uploads\/cropped-mesa-de-trabajo-1eurocamping.png","width":2000,"height":498,"caption":"Euro Camping"},"image":{"@id":"https:\/\/www.euro-camping.com\/nl\/#\/schema\/logo\/image\/"}}]}},"_links":{"self":[{"href":"https:\/\/www.euro-camping.com\/de\/wp-json\/wp\/v2\/pages\/27088","targetHints":{"allow":["GET"]}}],"collection":[{"href":"https:\/\/www.euro-camping.com\/de\/wp-json\/wp\/v2\/pages"}],"about":[{"href":"https:\/\/www.euro-camping.com\/de\/wp-json\/wp\/v2\/types\/page"}],"author":[{"embeddable":true,"href":"https:\/\/www.euro-camping.com\/de\/wp-json\/wp\/v2\/users\/4"}],"replies":[{"embeddable":true,"href":"https:\/\/www.euro-camping.com\/de\/wp-json\/wp\/v2\/comments?post=27088"}],"version-history":[{"count":11,"href":"https:\/\/www.euro-camping.com\/de\/wp-json\/wp\/v2\/pages\/27088\/revisions"}],"predecessor-version":[{"id":59762,"href":"https:\/\/www.euro-camping.com\/de\/wp-json\/wp\/v2\/pages\/27088\/revisions\/59762"}],"up":[{"embeddable":true,"href":"https:\/\/www.euro-camping.com\/de\/wp-json\/wp\/v2\/pages\/27031"}],"wp:featuredmedia":[{"embeddable":true,"href":"https:\/\/www.euro-camping.com\/de\/wp-json\/wp\/v2\/media\/22731"}],"wp:attachment":[{"href":"https:\/\/www.euro-camping.com\/de\/wp-json\/wp\/v2\/media?parent=27088"}],"curies":[{"name":"wp","href":"https:\/\/api.w.org\/{rel}","templated":true}]}}