{"id":26982,"date":"2018-12-05T08:08:36","date_gmt":"2018-12-05T07:08:36","guid":{"rendered":"https:\/\/www.euro-camping.com\/umgebung\/playas\/"},"modified":"2019-02-27T14:45:59","modified_gmt":"2019-02-27T13:45:59","slug":"die-straende","status":"publish","type":"page","link":"https:\/\/www.euro-camping.com\/de\/umgebung\/die-straende\/","title":{"rendered":"Die Str\u00e4nde"},"content":{"rendered":"<h2 style=\"text-align: left;\">Die Str\u00e4nde<\/h2>\n<p style=\"text-align: left;\">Der Eurocamping liegt nur 300 Meter vom Strand von Sant Antoni entfernt in der Bucht von Palam\u00f3s. Es ist ein breiter Strand aus feinem goldenen Sand, der viel Platz f\u00fcr Badeg\u00e4ste bietet. Es hat auch ebene Eing\u00e4nge in das Meer, die das Baden f\u00fcr jedermann einfach und sicher macht. Es ist vollst\u00e4ndig auf den Familientourismus vorbereitet und bietet viele Dienstleistungen:<\/p>\n<ul>\n<li>Rettungsschwimmer<\/li>\n<li>Schattenplatze<\/li>\n<li>WC<\/li>\n<li>Duschen<\/li>\n<li>Wasserh\u00fcpfburgen<\/li>\n<li>Cardioprotected Space<\/li>\n<li>Babyraum und Stillbereich<\/li>\n<\/ul>\n<p>&nbsp;<\/p>\n<p>&nbsp;<\/p>\n","protected":false},"excerpt":{"rendered":"<p>Die Str\u00e4nde Der Eurocamping liegt nur 300 Meter vom Strand [&hellip;]<\/p>\n","protected":false},"author":4,"featured_media":24802,"parent":26970,"menu_order":1,"comment_status":"closed","ping_status":"closed","template":"","meta":{"_acf_changed":false,"footnotes":""},"class_list":["post-26982","page","type-page","status-publish","has-post-thumbnail","hentry"],"acf":[],"yoast_head":"<!-- This site is optimized with the Yoast SEO plugin v26.6 - https:\/\/yoast.com\/wordpress\/plugins\/seo\/ -->\n<title>Die Str\u00e4nde - Euro Camping<\/title>\n<meta name=\"robots\" content=\"index, follow, max-snippet:-1, max-image-preview:large, max-video-preview:-1\" \/>\n<link rel=\"canonical\" href=\"https:\/\/www.euro-camping.com\/entorno\/playas\/\" \/>\n<meta property=\"og:locale\" content=\"de_DE\" \/>\n<meta property=\"og:type\" content=\"article\" \/>\n<meta property=\"og:title\" content=\"Die Str\u00e4nde - Euro Camping\" \/>\n<meta property=\"og:description\" content=\"Die Str\u00e4nde Der Eurocamping liegt nur 300 Meter vom Strand [&hellip;]\" \/>\n<meta property=\"og:url\" content=\"https:\/\/www.euro-camping.com\/entorno\/playas\/\" \/>\n<meta property=\"og:site_name\" content=\"Euro Camping\" \/>\n<meta property=\"article:modified_time\" content=\"2019-02-27T13:45:59+00:00\" \/>\n<meta property=\"og:image\" content=\"https:\/\/www.euro-camping.com\/wp-content\/uploads\/calonge-sant-antoni-5-sentits-1000-y.webp\" \/>\n\t<meta property=\"og:image:width\" content=\"1280\" \/>\n\t<meta property=\"og:image:height\" content=\"720\" \/>\n\t<meta property=\"og:image:type\" content=\"image\/jpeg\" \/>\n<meta name=\"twitter:card\" content=\"summary_large_image\" \/>\n<script type=\"application\/ld+json\" class=\"yoast-schema-graph\">{\"@context\":\"https:\/\/schema.org\",\"@graph\":[{\"@type\":\"WebPage\",\"@id\":\"https:\/\/www.euro-camping.com\/entorno\/playas\/\",\"url\":\"https:\/\/www.euro-camping.com\/entorno\/playas\/\",\"name\":\"Die Str\u00e4nde - Euro Camping\",\"isPartOf\":{\"@id\":\"https:\/\/www.euro-camping.com\/nl\/#website\"},\"primaryImageOfPage\":{\"@id\":\"https:\/\/www.euro-camping.com\/entorno\/playas\/#primaryimage\"},\"image\":{\"@id\":\"https:\/\/www.euro-camping.com\/entorno\/playas\/#primaryimage\"},\"thumbnailUrl\":\"https:\/\/www.euro-camping.com\/wp-content\/uploads\/calonge-sant-antoni-5-sentits-1000-y.webp\",\"datePublished\":\"2018-12-05T07:08:36+00:00\",\"dateModified\":\"2019-02-27T13:45:59+00:00\",\"breadcrumb\":{\"@id\":\"https:\/\/www.euro-camping.com\/entorno\/playas\/#breadcrumb\"},\"inLanguage\":\"de\",\"potentialAction\":[{\"@type\":\"ReadAction\",\"target\":[\"https:\/\/www.euro-camping.com\/entorno\/playas\/\"]}]},{\"@type\":\"ImageObject\",\"inLanguage\":\"de\",\"@id\":\"https:\/\/www.euro-camping.com\/entorno\/playas\/#primaryimage\",\"url\":\"https:\/\/www.euro-camping.com\/wp-content\/uploads\/calonge-sant-antoni-5-sentits-1000-y.webp\",\"contentUrl\":\"https:\/\/www.euro-camping.com\/wp-content\/uploads\/calonge-sant-antoni-5-sentits-1000-y.webp\",\"width\":1280,\"height\":720},{\"@type\":\"BreadcrumbList\",\"@id\":\"https:\/\/www.euro-camping.com\/entorno\/playas\/#breadcrumb\",\"itemListElement\":[{\"@type\":\"ListItem\",\"position\":1,\"name\":\"Portada\",\"item\":\"https:\/\/www.euro-camping.com\/de\/\"},{\"@type\":\"ListItem\",\"position\":2,\"name\":\"Umgebung\",\"item\":\"https:\/\/www.euro-camping.com\/de\/umgebung\/\"},{\"@type\":\"ListItem\",\"position\":3,\"name\":\"Die Str\u00e4nde\"}]},{\"@type\":\"WebSite\",\"@id\":\"https:\/\/www.euro-camping.com\/nl\/#website\",\"url\":\"https:\/\/www.euro-camping.com\/nl\/\",\"name\":\"Euro Camping\",\"description\":\"EuroCamping, Calonge Camping &amp; Bungalow\",\"publisher\":{\"@id\":\"https:\/\/www.euro-camping.com\/nl\/#organization\"},\"potentialAction\":[{\"@type\":\"SearchAction\",\"target\":{\"@type\":\"EntryPoint\",\"urlTemplate\":\"https:\/\/www.euro-camping.com\/nl\/?s={search_term_string}\"},\"query-input\":{\"@type\":\"PropertyValueSpecification\",\"valueRequired\":true,\"valueName\":\"search_term_string\"}}],\"inLanguage\":\"de\"},{\"@type\":\"Organization\",\"@id\":\"https:\/\/www.euro-camping.com\/nl\/#organization\",\"name\":\"Euro Camping\",\"url\":\"https:\/\/www.euro-camping.com\/nl\/\",\"logo\":{\"@type\":\"ImageObject\",\"inLanguage\":\"de\",\"@id\":\"https:\/\/www.euro-camping.com\/nl\/#\/schema\/logo\/image\/\",\"url\":\"https:\/\/www.euro-camping.com\/wp-content\/uploads\/cropped-mesa-de-trabajo-1eurocamping.png\",\"contentUrl\":\"https:\/\/www.euro-camping.com\/wp-content\/uploads\/cropped-mesa-de-trabajo-1eurocamping.png\",\"width\":2000,\"height\":498,\"caption\":\"Euro Camping\"},\"image\":{\"@id\":\"https:\/\/www.euro-camping.com\/nl\/#\/schema\/logo\/image\/\"}}]}<\/script>\n<!-- \/ Yoast SEO plugin. -->","yoast_head_json":{"title":"Die Str\u00e4nde - Euro Camping","robots":{"index":"index","follow":"follow","max-snippet":"max-snippet:-1","max-image-preview":"max-image-preview:large","max-video-preview":"max-video-preview:-1"},"canonical":"https:\/\/www.euro-camping.com\/entorno\/playas\/","og_locale":"de_DE","og_type":"article","og_title":"Die Str\u00e4nde - Euro Camping","og_description":"Die Str\u00e4nde Der Eurocamping liegt nur 300 Meter vom Strand [&hellip;]","og_url":"https:\/\/www.euro-camping.com\/entorno\/playas\/","og_site_name":"Euro Camping","article_modified_time":"2019-02-27T13:45:59+00:00","og_image":[{"width":1280,"height":720,"url":"https:\/\/www.euro-camping.com\/wp-content\/uploads\/calonge-sant-antoni-5-sentits-1000-y.webp","type":"image\/jpeg"}],"twitter_card":"summary_large_image","schema":{"@context":"https:\/\/schema.org","@graph":[{"@type":"WebPage","@id":"https:\/\/www.euro-camping.com\/entorno\/playas\/","url":"https:\/\/www.euro-camping.com\/entorno\/playas\/","name":"Die Str\u00e4nde - Euro Camping","isPartOf":{"@id":"https:\/\/www.euro-camping.com\/nl\/#website"},"primaryImageOfPage":{"@id":"https:\/\/www.euro-camping.com\/entorno\/playas\/#primaryimage"},"image":{"@id":"https:\/\/www.euro-camping.com\/entorno\/playas\/#primaryimage"},"thumbnailUrl":"https:\/\/www.euro-camping.com\/wp-content\/uploads\/calonge-sant-antoni-5-sentits-1000-y.webp","datePublished":"2018-12-05T07:08:36+00:00","dateModified":"2019-02-27T13:45:59+00:00","breadcrumb":{"@id":"https:\/\/www.euro-camping.com\/entorno\/playas\/#breadcrumb"},"inLanguage":"de","potentialAction":[{"@type":"ReadAction","target":["https:\/\/www.euro-camping.com\/entorno\/playas\/"]}]},{"@type":"ImageObject","inLanguage":"de","@id":"https:\/\/www.euro-camping.com\/entorno\/playas\/#primaryimage","url":"https:\/\/www.euro-camping.com\/wp-content\/uploads\/calonge-sant-antoni-5-sentits-1000-y.webp","contentUrl":"https:\/\/www.euro-camping.com\/wp-content\/uploads\/calonge-sant-antoni-5-sentits-1000-y.webp","width":1280,"height":720},{"@type":"BreadcrumbList","@id":"https:\/\/www.euro-camping.com\/entorno\/playas\/#breadcrumb","itemListElement":[{"@type":"ListItem","position":1,"name":"Portada","item":"https:\/\/www.euro-camping.com\/de\/"},{"@type":"ListItem","position":2,"name":"Umgebung","item":"https:\/\/www.euro-camping.com\/de\/umgebung\/"},{"@type":"ListItem","position":3,"name":"Die Str\u00e4nde"}]},{"@type":"WebSite","@id":"https:\/\/www.euro-camping.com\/nl\/#website","url":"https:\/\/www.euro-camping.com\/nl\/","name":"Euro Camping","description":"EuroCamping, Calonge Camping &amp; Bungalow","publisher":{"@id":"https:\/\/www.euro-camping.com\/nl\/#organization"},"potentialAction":[{"@type":"SearchAction","target":{"@type":"EntryPoint","urlTemplate":"https:\/\/www.euro-camping.com\/nl\/?s={search_term_string}"},"query-input":{"@type":"PropertyValueSpecification","valueRequired":true,"valueName":"search_term_string"}}],"inLanguage":"de"},{"@type":"Organization","@id":"https:\/\/www.euro-camping.com\/nl\/#organization","name":"Euro Camping","url":"https:\/\/www.euro-camping.com\/nl\/","logo":{"@type":"ImageObject","inLanguage":"de","@id":"https:\/\/www.euro-camping.com\/nl\/#\/schema\/logo\/image\/","url":"https:\/\/www.euro-camping.com\/wp-content\/uploads\/cropped-mesa-de-trabajo-1eurocamping.png","contentUrl":"https:\/\/www.euro-camping.com\/wp-content\/uploads\/cropped-mesa-de-trabajo-1eurocamping.png","width":2000,"height":498,"caption":"Euro Camping"},"image":{"@id":"https:\/\/www.euro-camping.com\/nl\/#\/schema\/logo\/image\/"}}]}},"_links":{"self":[{"href":"https:\/\/www.euro-camping.com\/de\/wp-json\/wp\/v2\/pages\/26982","targetHints":{"allow":["GET"]}}],"collection":[{"href":"https:\/\/www.euro-camping.com\/de\/wp-json\/wp\/v2\/pages"}],"about":[{"href":"https:\/\/www.euro-camping.com\/de\/wp-json\/wp\/v2\/types\/page"}],"author":[{"embeddable":true,"href":"https:\/\/www.euro-camping.com\/de\/wp-json\/wp\/v2\/users\/4"}],"replies":[{"embeddable":true,"href":"https:\/\/www.euro-camping.com\/de\/wp-json\/wp\/v2\/comments?post=26982"}],"version-history":[{"count":4,"href":"https:\/\/www.euro-camping.com\/de\/wp-json\/wp\/v2\/pages\/26982\/revisions"}],"predecessor-version":[{"id":27679,"href":"https:\/\/www.euro-camping.com\/de\/wp-json\/wp\/v2\/pages\/26982\/revisions\/27679"}],"up":[{"embeddable":true,"href":"https:\/\/www.euro-camping.com\/de\/wp-json\/wp\/v2\/pages\/26970"}],"wp:featuredmedia":[{"embeddable":true,"href":"https:\/\/www.euro-camping.com\/de\/wp-json\/wp\/v2\/media\/24802"}],"wp:attachment":[{"href":"https:\/\/www.euro-camping.com\/de\/wp-json\/wp\/v2\/media?parent=26982"}],"curies":[{"name":"wp","href":"https:\/\/api.w.org\/{rel}","templated":true}]}}