{"id":26970,"date":"2018-12-05T08:08:06","date_gmt":"2018-12-05T07:08:06","guid":{"rendered":"https:\/\/www.euro-camping.com\/entorno\/"},"modified":"2026-03-31T13:34:25","modified_gmt":"2026-03-31T11:34:25","slug":"umgebung","status":"publish","type":"page","link":"https:\/\/www.euro-camping.com\/de\/umgebung\/","title":{"rendered":"Umgebung"},"content":{"rendered":"<h1>Die ideale Lage<\/h1>\n<div class=\"columna-wrapper\">\n<div class=\"columna col1-2\">\n<p>Der Eurocamping hat die ideale Lage. Er befindet sich im Stadtkern von Calonge und Sant Antoni und bietet eine Vielzahl von M\u00f6glichkeiten, wenn Sie sich f\u00fcr Aktivit\u00e4ten entscheiden, die Sie in den Ferien machen m\u00f6chten.<\/p>\n<p style=\"text-align: left;\">Er befindet sich im Herzen von Sant Antoni de Calonge, im touristischsten Teil. Sie k\u00f6nnen einen Spaziergang entlang der bekannten Promenade machen, die Palam\u00f3s erreicht, und Sie haben alle Annehmlichkeiten zur Verf\u00fcgung: Gesch\u00e4fte, Restaurants, Superm\u00e4rkte, Eisdielen&#8230;<\/p>\n<p style=\"text-align: right;\"><span style=\"color: #C8102E;\"><strong><a style=\"color: #C8102E;\" href=\"https:\/\/www.youtube.com\/watch?v=0BJXac9Grd4\" target=\"_blank\" rel=\"noopener\">Sehen Sie sich die Live-Kamera an<\/a><\/strong><\/span><\/p>\n<p>In vielen F\u00e4llen organisiert die Gemeinde Freizeitprogramme, kulturelle und sportliche Aktivit\u00e4ten, Messen, Konzerte &#8230; Das Tourismusb\u00fcro befindet sich in der N\u00e4he des Campingplatzes und bietet Ihnen einen kompletten Katalog an Aktivit\u00e4ten und anderen Dienstleistungen.<\/p>\n<p style=\"text-align: right;\"><span style=\"color: #C8102E;\"><strong><a style=\"color: #C8102E;\" href=\"http:\/\/www.calonge-santantoni.cat\/es\" target=\"_blank\" rel=\"noopener\">Werfen sie ein Blick in das Tourismus B\u00fcro<\/a><\/strong><\/span><\/p>\n<\/div>\n<div class=\"columna col1-2\">\n<p>F\u00fcr diejenigen, die etwas erkunden m\u00f6chten, empfehlen wir einen Besuch der mittelalterlichen Stadt und des Schlosses von Calonge, Wanderungen durch die Gavarres oder entlang der sogenannten Weinstra\u00dfe.<\/p>\n<p>Vom selben Eurocamping aus k\u00f6nnen Sie auch den sch\u00f6nen Pfad, der Torre Valentina mit Platja d&#8217;Aro verbindet, erkunden. Die Ecken sind ebenso bemerkenswert f\u00fcr ihre Sch\u00f6nheit wie die Bucht <em>Roques Planes<\/em> oder <em>Cala dels Esculls<\/em>.<\/p>\n<p>Kommst du von weit her? Lust auf einen St\u00e4dtetrip?<\/p>\n<p>Entdecken Sie die versteckten Ecken in den mittelalterlichen Gassen der sch\u00f6nen und historischen Stadt Girona.<\/p>\n<p>Oder besuchen Sie Barcelona, weniger als zwei Stunden von Eurocamping entfernt!<\/p>\n<\/div>\n<\/div>\n<p>&nbsp;<\/p>\n","protected":false},"excerpt":{"rendered":"<p>Die ideale Lage Der Eurocamping hat die ideale Lage. Er [&hellip;]<\/p>\n","protected":false},"author":4,"featured_media":0,"parent":0,"menu_order":6,"comment_status":"closed","ping_status":"closed","template":"","meta":{"_acf_changed":false,"footnotes":""},"class_list":["post-26970","page","type-page","status-publish","hentry"],"acf":[],"yoast_head":"<!-- This site is optimized with the Yoast SEO plugin v26.6 - https:\/\/yoast.com\/wordpress\/plugins\/seo\/ -->\n<title>Umgebung Eurocamping<\/title>\n<meta name=\"description\" content=\"Camping im Zentrum von Sant Antoni de Calonge, in Strandn\u00e4he und mit Vielzahl von M\u00f6glichkeiten bei der Auswahl von Aktivit\u00e4ten.\" \/>\n<meta name=\"robots\" content=\"index, follow, max-snippet:-1, max-image-preview:large, max-video-preview:-1\" \/>\n<link rel=\"canonical\" href=\"https:\/\/www.euro-camping.com\/de\/umgebung\/\" \/>\n<meta property=\"og:locale\" content=\"de_DE\" \/>\n<meta property=\"og:type\" content=\"article\" \/>\n<meta property=\"og:title\" content=\"Umgebung Eurocamping\" \/>\n<meta property=\"og:description\" content=\"Camping im Zentrum von Sant Antoni de Calonge, in Strandn\u00e4he und mit Vielzahl von M\u00f6glichkeiten bei der Auswahl von Aktivit\u00e4ten.\" \/>\n<meta property=\"og:url\" content=\"https:\/\/www.euro-camping.com\/de\/umgebung\/\" \/>\n<meta property=\"og:site_name\" content=\"Euro Camping\" \/>\n<meta property=\"article:modified_time\" content=\"2026-03-31T11:34:25+00:00\" \/>\n<meta name=\"twitter:card\" content=\"summary_large_image\" \/>\n<meta name=\"twitter:label1\" content=\"Gesch\u00e4tzte Lesezeit\" \/>\n\t<meta name=\"twitter:data1\" content=\"1\u00a0Minute\" \/>\n<script type=\"application\/ld+json\" class=\"yoast-schema-graph\">{\"@context\":\"https:\/\/schema.org\",\"@graph\":[{\"@type\":\"WebPage\",\"@id\":\"https:\/\/www.euro-camping.com\/de\/umgebung\/\",\"url\":\"https:\/\/www.euro-camping.com\/de\/umgebung\/\",\"name\":\"Umgebung Eurocamping\",\"isPartOf\":{\"@id\":\"https:\/\/www.euro-camping.com\/nl\/#website\"},\"datePublished\":\"2018-12-05T07:08:06+00:00\",\"dateModified\":\"2026-03-31T11:34:25+00:00\",\"description\":\"Camping im Zentrum von Sant Antoni de Calonge, in Strandn\u00e4he und mit Vielzahl von M\u00f6glichkeiten bei der Auswahl von Aktivit\u00e4ten.\",\"breadcrumb\":{\"@id\":\"https:\/\/www.euro-camping.com\/de\/umgebung\/#breadcrumb\"},\"inLanguage\":\"de\",\"potentialAction\":[{\"@type\":\"ReadAction\",\"target\":[\"https:\/\/www.euro-camping.com\/de\/umgebung\/\"]}]},{\"@type\":\"BreadcrumbList\",\"@id\":\"https:\/\/www.euro-camping.com\/de\/umgebung\/#breadcrumb\",\"itemListElement\":[{\"@type\":\"ListItem\",\"position\":1,\"name\":\"Portada\",\"item\":\"https:\/\/www.euro-camping.com\/de\/\"},{\"@type\":\"ListItem\",\"position\":2,\"name\":\"Umgebung\"}]},{\"@type\":\"WebSite\",\"@id\":\"https:\/\/www.euro-camping.com\/nl\/#website\",\"url\":\"https:\/\/www.euro-camping.com\/nl\/\",\"name\":\"Euro Camping\",\"description\":\"EuroCamping, Calonge Camping &amp; Bungalow\",\"publisher\":{\"@id\":\"https:\/\/www.euro-camping.com\/nl\/#organization\"},\"potentialAction\":[{\"@type\":\"SearchAction\",\"target\":{\"@type\":\"EntryPoint\",\"urlTemplate\":\"https:\/\/www.euro-camping.com\/nl\/?s={search_term_string}\"},\"query-input\":{\"@type\":\"PropertyValueSpecification\",\"valueRequired\":true,\"valueName\":\"search_term_string\"}}],\"inLanguage\":\"de\"},{\"@type\":\"Organization\",\"@id\":\"https:\/\/www.euro-camping.com\/nl\/#organization\",\"name\":\"Euro Camping\",\"url\":\"https:\/\/www.euro-camping.com\/nl\/\",\"logo\":{\"@type\":\"ImageObject\",\"inLanguage\":\"de\",\"@id\":\"https:\/\/www.euro-camping.com\/nl\/#\/schema\/logo\/image\/\",\"url\":\"https:\/\/www.euro-camping.com\/wp-content\/uploads\/cropped-mesa-de-trabajo-1eurocamping.png\",\"contentUrl\":\"https:\/\/www.euro-camping.com\/wp-content\/uploads\/cropped-mesa-de-trabajo-1eurocamping.png\",\"width\":2000,\"height\":498,\"caption\":\"Euro Camping\"},\"image\":{\"@id\":\"https:\/\/www.euro-camping.com\/nl\/#\/schema\/logo\/image\/\"}}]}<\/script>\n<!-- \/ Yoast SEO plugin. -->","yoast_head_json":{"title":"Umgebung Eurocamping","description":"Camping im Zentrum von Sant Antoni de Calonge, in Strandn\u00e4he und mit Vielzahl von M\u00f6glichkeiten bei der Auswahl von Aktivit\u00e4ten.","robots":{"index":"index","follow":"follow","max-snippet":"max-snippet:-1","max-image-preview":"max-image-preview:large","max-video-preview":"max-video-preview:-1"},"canonical":"https:\/\/www.euro-camping.com\/de\/umgebung\/","og_locale":"de_DE","og_type":"article","og_title":"Umgebung Eurocamping","og_description":"Camping im Zentrum von Sant Antoni de Calonge, in Strandn\u00e4he und mit Vielzahl von M\u00f6glichkeiten bei der Auswahl von Aktivit\u00e4ten.","og_url":"https:\/\/www.euro-camping.com\/de\/umgebung\/","og_site_name":"Euro Camping","article_modified_time":"2026-03-31T11:34:25+00:00","twitter_card":"summary_large_image","twitter_misc":{"Gesch\u00e4tzte Lesezeit":"1\u00a0Minute"},"schema":{"@context":"https:\/\/schema.org","@graph":[{"@type":"WebPage","@id":"https:\/\/www.euro-camping.com\/de\/umgebung\/","url":"https:\/\/www.euro-camping.com\/de\/umgebung\/","name":"Umgebung Eurocamping","isPartOf":{"@id":"https:\/\/www.euro-camping.com\/nl\/#website"},"datePublished":"2018-12-05T07:08:06+00:00","dateModified":"2026-03-31T11:34:25+00:00","description":"Camping im Zentrum von Sant Antoni de Calonge, in Strandn\u00e4he und mit Vielzahl von M\u00f6glichkeiten bei der Auswahl von Aktivit\u00e4ten.","breadcrumb":{"@id":"https:\/\/www.euro-camping.com\/de\/umgebung\/#breadcrumb"},"inLanguage":"de","potentialAction":[{"@type":"ReadAction","target":["https:\/\/www.euro-camping.com\/de\/umgebung\/"]}]},{"@type":"BreadcrumbList","@id":"https:\/\/www.euro-camping.com\/de\/umgebung\/#breadcrumb","itemListElement":[{"@type":"ListItem","position":1,"name":"Portada","item":"https:\/\/www.euro-camping.com\/de\/"},{"@type":"ListItem","position":2,"name":"Umgebung"}]},{"@type":"WebSite","@id":"https:\/\/www.euro-camping.com\/nl\/#website","url":"https:\/\/www.euro-camping.com\/nl\/","name":"Euro Camping","description":"EuroCamping, Calonge Camping &amp; Bungalow","publisher":{"@id":"https:\/\/www.euro-camping.com\/nl\/#organization"},"potentialAction":[{"@type":"SearchAction","target":{"@type":"EntryPoint","urlTemplate":"https:\/\/www.euro-camping.com\/nl\/?s={search_term_string}"},"query-input":{"@type":"PropertyValueSpecification","valueRequired":true,"valueName":"search_term_string"}}],"inLanguage":"de"},{"@type":"Organization","@id":"https:\/\/www.euro-camping.com\/nl\/#organization","name":"Euro Camping","url":"https:\/\/www.euro-camping.com\/nl\/","logo":{"@type":"ImageObject","inLanguage":"de","@id":"https:\/\/www.euro-camping.com\/nl\/#\/schema\/logo\/image\/","url":"https:\/\/www.euro-camping.com\/wp-content\/uploads\/cropped-mesa-de-trabajo-1eurocamping.png","contentUrl":"https:\/\/www.euro-camping.com\/wp-content\/uploads\/cropped-mesa-de-trabajo-1eurocamping.png","width":2000,"height":498,"caption":"Euro Camping"},"image":{"@id":"https:\/\/www.euro-camping.com\/nl\/#\/schema\/logo\/image\/"}}]}},"_links":{"self":[{"href":"https:\/\/www.euro-camping.com\/de\/wp-json\/wp\/v2\/pages\/26970","targetHints":{"allow":["GET"]}}],"collection":[{"href":"https:\/\/www.euro-camping.com\/de\/wp-json\/wp\/v2\/pages"}],"about":[{"href":"https:\/\/www.euro-camping.com\/de\/wp-json\/wp\/v2\/types\/page"}],"author":[{"embeddable":true,"href":"https:\/\/www.euro-camping.com\/de\/wp-json\/wp\/v2\/users\/4"}],"replies":[{"embeddable":true,"href":"https:\/\/www.euro-camping.com\/de\/wp-json\/wp\/v2\/comments?post=26970"}],"version-history":[{"count":7,"href":"https:\/\/www.euro-camping.com\/de\/wp-json\/wp\/v2\/pages\/26970\/revisions"}],"predecessor-version":[{"id":60453,"href":"https:\/\/www.euro-camping.com\/de\/wp-json\/wp\/v2\/pages\/26970\/revisions\/60453"}],"wp:attachment":[{"href":"https:\/\/www.euro-camping.com\/de\/wp-json\/wp\/v2\/media?parent=26970"}],"curies":[{"name":"wp","href":"https:\/\/api.w.org\/{rel}","templated":true}]}}