{"id":26943,"date":"2018-12-20T11:36:22","date_gmt":"2018-12-20T10:36:22","guid":{"rendered":"https:\/\/www.euro-camping.com\/der-campingplatz\/sanitarios\/"},"modified":"2022-06-19T14:31:46","modified_gmt":"2022-06-19T12:31:46","slug":"sanitaer","status":"publish","type":"page","link":"https:\/\/www.euro-camping.com\/de\/der-campingplatz\/sanitaer\/","title":{"rendered":"Sanit\u00e4r"},"content":{"rendered":"<h4 style=\"text-align: center;\"><strong>Sanit\u00e4reinrichtungen, immer sauber und f\u00fcr den Kunden immer verf\u00fcgbar, <\/strong><\/h4>\n<h4 style=\"text-align: center;\"><strong>einer der wichtigsten Aspekte<\/strong><\/h4>\n<p>&nbsp;<\/p>\n<p style=\"text-align: center;\">DerEurocamping verf\u00fcgt \u00fcber f\u00fcnf moderne Sanit\u00e4ranlagen, die auf dem gesamten Campingplatz verteilt sind. So haben Sie von jedem Punkt aus immer einen in Ihrer N\u00e4he.<\/p>\n<p style=\"text-align: center;\">Alle verf\u00fcgen \u00fcber Warmwasser und Einzel- oder Familienkabinen mit Dusche, WC und Waschbecken.<\/p>\n<p style=\"text-align: center;\">Und f\u00fcr die Kleinsten, Badezimmer in ihrer H\u00f6he und Babywannen.<\/p>\n<p style=\"text-align: center;\">Wir haben auch Badezimmer f\u00fcr Benutzer mit eingeschr\u00e4nkter Mobilit\u00e4t.<\/p>\n<p style=\"text-align: center;\">In drei der f\u00fcnf Toiletten finden Sie spezielle Punkte zum Entleeren von chemischen Toiletten.<\/p>\n<hr \/>\n<p>&nbsp;<\/p>\n<p style=\"text-align: right;\"><span style=\"color: #000000;\"><a style=\"color: #000000;\" href=\"https:\/\/www.euro-camping.com\/ca\/planol-sanitaris-2\/\" target=\"_blank\" rel=\"noopener noreferrer\"><em>\u00a0Auf der Karte ansehen<\/em><\/a><\/span><\/p>\n","protected":false},"excerpt":{"rendered":"<p>Sanit\u00e4reinrichtungen, immer sauber und f\u00fcr den Kunden immer verf\u00fcgbar, einer [&hellip;]<\/p>\n","protected":false},"author":2,"featured_media":23629,"parent":26855,"menu_order":5,"comment_status":"closed","ping_status":"closed","template":"","meta":{"_acf_changed":false,"footnotes":""},"class_list":["post-26943","page","type-page","status-publish","has-post-thumbnail","hentry"],"acf":[],"yoast_head":"<!-- This site is optimized with the Yoast SEO plugin v26.6 - https:\/\/yoast.com\/wordpress\/plugins\/seo\/ -->\n<title>Sanit\u00e4r Eurocamping<\/title>\n<meta name=\"description\" content=\"F\u00fcnf Sanit\u00e4rbl\u00f6cke, alle mit Warmwasser, Einzel- oder Familienkabinen, Kindertoilette, Babybadewannen und angepasste Toilette.\" \/>\n<meta name=\"robots\" content=\"index, follow, max-snippet:-1, max-image-preview:large, max-video-preview:-1\" \/>\n<link rel=\"canonical\" href=\"https:\/\/www.euro-camping.com\/de\/der-campingplatz\/sanitaer\/\" \/>\n<meta property=\"og:locale\" content=\"de_DE\" \/>\n<meta property=\"og:type\" content=\"article\" \/>\n<meta property=\"og:title\" content=\"Sanit\u00e4r Eurocamping\" \/>\n<meta property=\"og:description\" content=\"F\u00fcnf Sanit\u00e4rbl\u00f6cke, alle mit Warmwasser, Einzel- oder Familienkabinen, Kindertoilette, Babybadewannen und angepasste Toilette.\" \/>\n<meta property=\"og:url\" content=\"https:\/\/www.euro-camping.com\/de\/der-campingplatz\/sanitaer\/\" \/>\n<meta property=\"og:site_name\" content=\"Euro Camping\" \/>\n<meta property=\"article:modified_time\" content=\"2022-06-19T12:31:46+00:00\" \/>\n<meta property=\"og:image\" content=\"https:\/\/www.euro-camping.com\/wp-content\/uploads\/dsc8350.webp\" \/>\n\t<meta property=\"og:image:width\" content=\"1660\" \/>\n\t<meta property=\"og:image:height\" content=\"2500\" \/>\n\t<meta property=\"og:image:type\" content=\"image\/jpeg\" \/>\n<meta name=\"twitter:card\" content=\"summary_large_image\" \/>\n<meta name=\"twitter:label1\" content=\"Gesch\u00e4tzte Lesezeit\" \/>\n\t<meta name=\"twitter:data1\" content=\"1\u00a0Minute\" \/>\n<script type=\"application\/ld+json\" class=\"yoast-schema-graph\">{\"@context\":\"https:\/\/schema.org\",\"@graph\":[{\"@type\":\"WebPage\",\"@id\":\"https:\/\/www.euro-camping.com\/de\/der-campingplatz\/sanitaer\/\",\"url\":\"https:\/\/www.euro-camping.com\/de\/der-campingplatz\/sanitaer\/\",\"name\":\"Sanit\u00e4r Eurocamping\",\"isPartOf\":{\"@id\":\"https:\/\/www.euro-camping.com\/nl\/#website\"},\"primaryImageOfPage\":{\"@id\":\"https:\/\/www.euro-camping.com\/de\/der-campingplatz\/sanitaer\/#primaryimage\"},\"image\":{\"@id\":\"https:\/\/www.euro-camping.com\/de\/der-campingplatz\/sanitaer\/#primaryimage\"},\"thumbnailUrl\":\"https:\/\/www.euro-camping.com\/wp-content\/uploads\/dsc8350.webp\",\"datePublished\":\"2018-12-20T10:36:22+00:00\",\"dateModified\":\"2022-06-19T12:31:46+00:00\",\"description\":\"F\u00fcnf Sanit\u00e4rbl\u00f6cke, alle mit Warmwasser, Einzel- oder Familienkabinen, Kindertoilette, Babybadewannen und angepasste Toilette.\",\"breadcrumb\":{\"@id\":\"https:\/\/www.euro-camping.com\/de\/der-campingplatz\/sanitaer\/#breadcrumb\"},\"inLanguage\":\"de\",\"potentialAction\":[{\"@type\":\"ReadAction\",\"target\":[\"https:\/\/www.euro-camping.com\/de\/der-campingplatz\/sanitaer\/\"]}]},{\"@type\":\"ImageObject\",\"inLanguage\":\"de\",\"@id\":\"https:\/\/www.euro-camping.com\/de\/der-campingplatz\/sanitaer\/#primaryimage\",\"url\":\"https:\/\/www.euro-camping.com\/wp-content\/uploads\/dsc8350.webp\",\"contentUrl\":\"https:\/\/www.euro-camping.com\/wp-content\/uploads\/dsc8350.webp\",\"width\":1660,\"height\":2500},{\"@type\":\"BreadcrumbList\",\"@id\":\"https:\/\/www.euro-camping.com\/de\/der-campingplatz\/sanitaer\/#breadcrumb\",\"itemListElement\":[{\"@type\":\"ListItem\",\"position\":1,\"name\":\"Portada\",\"item\":\"https:\/\/www.euro-camping.com\/de\/\"},{\"@type\":\"ListItem\",\"position\":2,\"name\":\"Der Campingplatz\",\"item\":\"https:\/\/www.euro-camping.com\/de\/der-campingplatz\/\"},{\"@type\":\"ListItem\",\"position\":3,\"name\":\"Sanit\u00e4r\"}]},{\"@type\":\"WebSite\",\"@id\":\"https:\/\/www.euro-camping.com\/nl\/#website\",\"url\":\"https:\/\/www.euro-camping.com\/nl\/\",\"name\":\"Euro Camping\",\"description\":\"EuroCamping, Calonge Camping &amp; Bungalow\",\"publisher\":{\"@id\":\"https:\/\/www.euro-camping.com\/nl\/#organization\"},\"potentialAction\":[{\"@type\":\"SearchAction\",\"target\":{\"@type\":\"EntryPoint\",\"urlTemplate\":\"https:\/\/www.euro-camping.com\/nl\/?s={search_term_string}\"},\"query-input\":{\"@type\":\"PropertyValueSpecification\",\"valueRequired\":true,\"valueName\":\"search_term_string\"}}],\"inLanguage\":\"de\"},{\"@type\":\"Organization\",\"@id\":\"https:\/\/www.euro-camping.com\/nl\/#organization\",\"name\":\"Euro Camping\",\"url\":\"https:\/\/www.euro-camping.com\/nl\/\",\"logo\":{\"@type\":\"ImageObject\",\"inLanguage\":\"de\",\"@id\":\"https:\/\/www.euro-camping.com\/nl\/#\/schema\/logo\/image\/\",\"url\":\"https:\/\/www.euro-camping.com\/wp-content\/uploads\/cropped-mesa-de-trabajo-1eurocamping.png\",\"contentUrl\":\"https:\/\/www.euro-camping.com\/wp-content\/uploads\/cropped-mesa-de-trabajo-1eurocamping.png\",\"width\":2000,\"height\":498,\"caption\":\"Euro Camping\"},\"image\":{\"@id\":\"https:\/\/www.euro-camping.com\/nl\/#\/schema\/logo\/image\/\"}}]}<\/script>\n<!-- \/ Yoast SEO plugin. -->","yoast_head_json":{"title":"Sanit\u00e4r Eurocamping","description":"F\u00fcnf Sanit\u00e4rbl\u00f6cke, alle mit Warmwasser, Einzel- oder Familienkabinen, Kindertoilette, Babybadewannen und angepasste Toilette.","robots":{"index":"index","follow":"follow","max-snippet":"max-snippet:-1","max-image-preview":"max-image-preview:large","max-video-preview":"max-video-preview:-1"},"canonical":"https:\/\/www.euro-camping.com\/de\/der-campingplatz\/sanitaer\/","og_locale":"de_DE","og_type":"article","og_title":"Sanit\u00e4r Eurocamping","og_description":"F\u00fcnf Sanit\u00e4rbl\u00f6cke, alle mit Warmwasser, Einzel- oder Familienkabinen, Kindertoilette, Babybadewannen und angepasste Toilette.","og_url":"https:\/\/www.euro-camping.com\/de\/der-campingplatz\/sanitaer\/","og_site_name":"Euro Camping","article_modified_time":"2022-06-19T12:31:46+00:00","og_image":[{"width":1660,"height":2500,"url":"https:\/\/www.euro-camping.com\/wp-content\/uploads\/dsc8350.webp","type":"image\/jpeg"}],"twitter_card":"summary_large_image","twitter_misc":{"Gesch\u00e4tzte Lesezeit":"1\u00a0Minute"},"schema":{"@context":"https:\/\/schema.org","@graph":[{"@type":"WebPage","@id":"https:\/\/www.euro-camping.com\/de\/der-campingplatz\/sanitaer\/","url":"https:\/\/www.euro-camping.com\/de\/der-campingplatz\/sanitaer\/","name":"Sanit\u00e4r Eurocamping","isPartOf":{"@id":"https:\/\/www.euro-camping.com\/nl\/#website"},"primaryImageOfPage":{"@id":"https:\/\/www.euro-camping.com\/de\/der-campingplatz\/sanitaer\/#primaryimage"},"image":{"@id":"https:\/\/www.euro-camping.com\/de\/der-campingplatz\/sanitaer\/#primaryimage"},"thumbnailUrl":"https:\/\/www.euro-camping.com\/wp-content\/uploads\/dsc8350.webp","datePublished":"2018-12-20T10:36:22+00:00","dateModified":"2022-06-19T12:31:46+00:00","description":"F\u00fcnf Sanit\u00e4rbl\u00f6cke, alle mit Warmwasser, Einzel- oder Familienkabinen, Kindertoilette, Babybadewannen und angepasste Toilette.","breadcrumb":{"@id":"https:\/\/www.euro-camping.com\/de\/der-campingplatz\/sanitaer\/#breadcrumb"},"inLanguage":"de","potentialAction":[{"@type":"ReadAction","target":["https:\/\/www.euro-camping.com\/de\/der-campingplatz\/sanitaer\/"]}]},{"@type":"ImageObject","inLanguage":"de","@id":"https:\/\/www.euro-camping.com\/de\/der-campingplatz\/sanitaer\/#primaryimage","url":"https:\/\/www.euro-camping.com\/wp-content\/uploads\/dsc8350.webp","contentUrl":"https:\/\/www.euro-camping.com\/wp-content\/uploads\/dsc8350.webp","width":1660,"height":2500},{"@type":"BreadcrumbList","@id":"https:\/\/www.euro-camping.com\/de\/der-campingplatz\/sanitaer\/#breadcrumb","itemListElement":[{"@type":"ListItem","position":1,"name":"Portada","item":"https:\/\/www.euro-camping.com\/de\/"},{"@type":"ListItem","position":2,"name":"Der Campingplatz","item":"https:\/\/www.euro-camping.com\/de\/der-campingplatz\/"},{"@type":"ListItem","position":3,"name":"Sanit\u00e4r"}]},{"@type":"WebSite","@id":"https:\/\/www.euro-camping.com\/nl\/#website","url":"https:\/\/www.euro-camping.com\/nl\/","name":"Euro Camping","description":"EuroCamping, Calonge Camping &amp; Bungalow","publisher":{"@id":"https:\/\/www.euro-camping.com\/nl\/#organization"},"potentialAction":[{"@type":"SearchAction","target":{"@type":"EntryPoint","urlTemplate":"https:\/\/www.euro-camping.com\/nl\/?s={search_term_string}"},"query-input":{"@type":"PropertyValueSpecification","valueRequired":true,"valueName":"search_term_string"}}],"inLanguage":"de"},{"@type":"Organization","@id":"https:\/\/www.euro-camping.com\/nl\/#organization","name":"Euro Camping","url":"https:\/\/www.euro-camping.com\/nl\/","logo":{"@type":"ImageObject","inLanguage":"de","@id":"https:\/\/www.euro-camping.com\/nl\/#\/schema\/logo\/image\/","url":"https:\/\/www.euro-camping.com\/wp-content\/uploads\/cropped-mesa-de-trabajo-1eurocamping.png","contentUrl":"https:\/\/www.euro-camping.com\/wp-content\/uploads\/cropped-mesa-de-trabajo-1eurocamping.png","width":2000,"height":498,"caption":"Euro Camping"},"image":{"@id":"https:\/\/www.euro-camping.com\/nl\/#\/schema\/logo\/image\/"}}]}},"_links":{"self":[{"href":"https:\/\/www.euro-camping.com\/de\/wp-json\/wp\/v2\/pages\/26943","targetHints":{"allow":["GET"]}}],"collection":[{"href":"https:\/\/www.euro-camping.com\/de\/wp-json\/wp\/v2\/pages"}],"about":[{"href":"https:\/\/www.euro-camping.com\/de\/wp-json\/wp\/v2\/types\/page"}],"author":[{"embeddable":true,"href":"https:\/\/www.euro-camping.com\/de\/wp-json\/wp\/v2\/users\/2"}],"replies":[{"embeddable":true,"href":"https:\/\/www.euro-camping.com\/de\/wp-json\/wp\/v2\/comments?post=26943"}],"version-history":[{"count":8,"href":"https:\/\/www.euro-camping.com\/de\/wp-json\/wp\/v2\/pages\/26943\/revisions"}],"predecessor-version":[{"id":47691,"href":"https:\/\/www.euro-camping.com\/de\/wp-json\/wp\/v2\/pages\/26943\/revisions\/47691"}],"up":[{"embeddable":true,"href":"https:\/\/www.euro-camping.com\/de\/wp-json\/wp\/v2\/pages\/26855"}],"wp:featuredmedia":[{"embeddable":true,"href":"https:\/\/www.euro-camping.com\/de\/wp-json\/wp\/v2\/media\/23629"}],"wp:attachment":[{"href":"https:\/\/www.euro-camping.com\/de\/wp-json\/wp\/v2\/media?parent=26943"}],"curies":[{"name":"wp","href":"https:\/\/api.w.org\/{rel}","templated":true}]}}