{"id":26882,"date":"2018-12-05T08:11:04","date_gmt":"2018-12-05T07:11:04","guid":{"rendered":"https:\/\/www.euro-camping.com\/der-campingplatz\/animacion\/"},"modified":"2026-03-25T16:13:08","modified_gmt":"2026-03-25T15:13:08","slug":"animation","status":"publish","type":"page","link":"https:\/\/www.euro-camping.com\/de\/der-campingplatz\/animation\/","title":{"rendered":"Animation"},"content":{"rendered":"<h2 style=\"text-align: center;\"><img loading=\"lazy\" decoding=\"async\" class=\"alignnone wp-image-27333 \" src=\"https:\/\/www.euro-camping.com\/wp-content\/uploads\/animation-eng-e1550760757308.png\" alt=\"\" width=\"379\" height=\"99\" srcset=\"https:\/\/www.euro-camping.com\/wp-content\/uploads\/animation-eng-e1550760757308.png 1968w, https:\/\/www.euro-camping.com\/wp-content\/uploads\/animation-eng-e1550760757308-300x78.png 300w, https:\/\/www.euro-camping.com\/wp-content\/uploads\/animation-eng-e1550760757308-1024x267.png 1024w, https:\/\/www.euro-camping.com\/wp-content\/uploads\/animation-eng-e1550760757308-900x235.png 900w, https:\/\/www.euro-camping.com\/wp-content\/uploads\/animation-eng-e1550760757308-128x33.png 128w\" sizes=\"auto, (max-width: 379px) 100vw, 379px\" \/><\/h2>\n<h4 style=\"text-align: center;\">Eurocamping bedeutet Spass.<\/h4>\n<p style=\"text-align: center;\">Unser Animationsteam bietet ein abwechslungsreiches Aktivit\u00e4tsprogramm f\u00fcr Jung und Alt.<\/p>\n<p>&nbsp;<\/p>\n<div class=\"columna-wrapper\">\n<div class=\"columna col1-3\">\n<p>&nbsp;<\/p>\n<p style=\"text-align: center;\">Im Eurocamping bieten wir verschiedene Programme an, die speziell f\u00fcr Kinder verschiedenen Alters ausgerichtet sind.<\/p>\n<p style=\"text-align: center;\">Workshops, Themenpartys, Wasserspiele, Minidiscos, Boote, Schaumpartys, Sportwettk\u00e4mpfe \u2026<\/p>\n<p style=\"text-align: center;\"><strong>Machst du mit?<\/strong><\/p>\n<\/div>\n<div class=\"columna col1-3\" style=\"text-align: center;\">\n<p>&nbsp;<\/p>\n<p style=\"text-align: center;\"><strong>Wer sagt, dass die Ferien nur zum Faulenzen sind?<\/strong><\/p>\n<p style=\"text-align: center;\">Machen Sie sich fit, tanken Sie Energie auf oder entspannen Sie sich mit unseren <em>Fitness und Wellnessaktivit\u00e4ten<\/em>:<em><br \/>\n<\/em>Zumba, Yoga, Wassergymnastik, Pilates, Fu\u00dfballwettbewerbe, Crossfit, Paddelturniere\u2026<em><br \/>\n<\/em><\/p>\n<\/div>\n<div class=\"columna col1-3\">\n<p>&nbsp;<\/p>\n<p style=\"text-align: center;\"><strong>Lebe die Eurocamping-N\u00e4chte<\/strong><\/p>\n<p style=\"text-align: center;\">Genie\u00dfen Sie die Nacht mit unseren abwechslungsreichen Shows und Themenpartys f\u00fcr jeden Geschmack: Musik, Tanz, Magie, Akrobatik, Karaoke, Talent Shows&#8230;<\/p>\n<\/div>\n<\/div>\n<p>&nbsp;<\/p>\n<p style=\"text-align: center;\">Entdecken Sie unsere Aktivit\u00e4ten: <strong>Euri Club<\/strong> und <strong>Baby Club<\/strong>, die f\u00fcr Kinder und Jugendliche jeden Alters konzipiert wurden.<\/p>\n","protected":false},"excerpt":{"rendered":"<p>Eurocamping bedeutet Spass. Unser Animationsteam bietet ein abwechslungsreiches Aktivit\u00e4tsprogramm f\u00fcr [&hellip;]<\/p>\n","protected":false},"author":4,"featured_media":23404,"parent":26855,"menu_order":2,"comment_status":"closed","ping_status":"closed","template":"","meta":{"_acf_changed":false,"footnotes":""},"class_list":["post-26882","page","type-page","status-publish","has-post-thumbnail","hentry"],"acf":[],"yoast_head":"<!-- This site is optimized with the Yoast SEO plugin v26.6 - https:\/\/yoast.com\/wordpress\/plugins\/seo\/ -->\n<title>Camping Resort &amp; Bungalow Park Eurocamping, Costa Brava<\/title>\n<meta name=\"description\" content=\"Unser Animationsteam hat Aktivit\u00e4ten f\u00fcr jedes Alter vorbereitet, f\u00fcr den kleinsten\u00a0 bis zum grossen Camper.\" \/>\n<meta name=\"robots\" content=\"index, follow, max-snippet:-1, max-image-preview:large, max-video-preview:-1\" \/>\n<link rel=\"canonical\" href=\"https:\/\/www.euro-camping.com\/de\/der-campingplatz\/animation\/\" \/>\n<meta property=\"og:locale\" content=\"de_DE\" \/>\n<meta property=\"og:type\" content=\"article\" \/>\n<meta property=\"og:title\" content=\"Camping Resort &amp; Bungalow Park Eurocamping, Costa Brava\" \/>\n<meta property=\"og:description\" content=\"Unser Animationsteam hat Aktivit\u00e4ten f\u00fcr jedes Alter vorbereitet, f\u00fcr den kleinsten\u00a0 bis zum grossen Camper.\" \/>\n<meta property=\"og:url\" content=\"https:\/\/www.euro-camping.com\/de\/der-campingplatz\/animation\/\" \/>\n<meta property=\"og:site_name\" content=\"Euro Camping\" \/>\n<meta property=\"article:modified_time\" content=\"2026-03-25T15:13:08+00:00\" \/>\n<meta property=\"og:image\" content=\"https:\/\/www.euro-camping.com\/wp-content\/uploads\/euri-animacio.jpg\" \/>\n\t<meta property=\"og:image:width\" content=\"1342\" \/>\n\t<meta property=\"og:image:height\" content=\"682\" \/>\n\t<meta property=\"og:image:type\" content=\"image\/jpeg\" \/>\n<meta name=\"twitter:card\" content=\"summary_large_image\" \/>\n<meta name=\"twitter:label1\" content=\"Gesch\u00e4tzte Lesezeit\" \/>\n\t<meta name=\"twitter:data1\" content=\"1\u00a0Minute\" \/>\n<script type=\"application\/ld+json\" class=\"yoast-schema-graph\">{\"@context\":\"https:\/\/schema.org\",\"@graph\":[{\"@type\":\"WebPage\",\"@id\":\"https:\/\/www.euro-camping.com\/de\/der-campingplatz\/animation\/\",\"url\":\"https:\/\/www.euro-camping.com\/de\/der-campingplatz\/animation\/\",\"name\":\"Camping Resort & Bungalow Park Eurocamping, Costa Brava\",\"isPartOf\":{\"@id\":\"https:\/\/www.euro-camping.com\/nl\/#website\"},\"primaryImageOfPage\":{\"@id\":\"https:\/\/www.euro-camping.com\/de\/der-campingplatz\/animation\/#primaryimage\"},\"image\":{\"@id\":\"https:\/\/www.euro-camping.com\/de\/der-campingplatz\/animation\/#primaryimage\"},\"thumbnailUrl\":\"https:\/\/www.euro-camping.com\/wp-content\/uploads\/euri-animacio.jpg\",\"datePublished\":\"2018-12-05T07:11:04+00:00\",\"dateModified\":\"2026-03-25T15:13:08+00:00\",\"description\":\"Unser Animationsteam hat Aktivit\u00e4ten f\u00fcr jedes Alter vorbereitet, f\u00fcr den kleinsten\u00a0 bis zum grossen Camper.\",\"breadcrumb\":{\"@id\":\"https:\/\/www.euro-camping.com\/de\/der-campingplatz\/animation\/#breadcrumb\"},\"inLanguage\":\"de\",\"potentialAction\":[{\"@type\":\"ReadAction\",\"target\":[\"https:\/\/www.euro-camping.com\/de\/der-campingplatz\/animation\/\"]}]},{\"@type\":\"ImageObject\",\"inLanguage\":\"de\",\"@id\":\"https:\/\/www.euro-camping.com\/de\/der-campingplatz\/animation\/#primaryimage\",\"url\":\"https:\/\/www.euro-camping.com\/wp-content\/uploads\/euri-animacio.jpg\",\"contentUrl\":\"https:\/\/www.euro-camping.com\/wp-content\/uploads\/euri-animacio.jpg\",\"width\":1342,\"height\":682},{\"@type\":\"BreadcrumbList\",\"@id\":\"https:\/\/www.euro-camping.com\/de\/der-campingplatz\/animation\/#breadcrumb\",\"itemListElement\":[{\"@type\":\"ListItem\",\"position\":1,\"name\":\"Portada\",\"item\":\"https:\/\/www.euro-camping.com\/de\/\"},{\"@type\":\"ListItem\",\"position\":2,\"name\":\"Der Campingplatz\",\"item\":\"https:\/\/www.euro-camping.com\/de\/der-campingplatz\/\"},{\"@type\":\"ListItem\",\"position\":3,\"name\":\"Animation\"}]},{\"@type\":\"WebSite\",\"@id\":\"https:\/\/www.euro-camping.com\/nl\/#website\",\"url\":\"https:\/\/www.euro-camping.com\/nl\/\",\"name\":\"Euro Camping\",\"description\":\"EuroCamping, Calonge Camping &amp; Bungalow\",\"publisher\":{\"@id\":\"https:\/\/www.euro-camping.com\/nl\/#organization\"},\"potentialAction\":[{\"@type\":\"SearchAction\",\"target\":{\"@type\":\"EntryPoint\",\"urlTemplate\":\"https:\/\/www.euro-camping.com\/nl\/?s={search_term_string}\"},\"query-input\":{\"@type\":\"PropertyValueSpecification\",\"valueRequired\":true,\"valueName\":\"search_term_string\"}}],\"inLanguage\":\"de\"},{\"@type\":\"Organization\",\"@id\":\"https:\/\/www.euro-camping.com\/nl\/#organization\",\"name\":\"Euro Camping\",\"url\":\"https:\/\/www.euro-camping.com\/nl\/\",\"logo\":{\"@type\":\"ImageObject\",\"inLanguage\":\"de\",\"@id\":\"https:\/\/www.euro-camping.com\/nl\/#\/schema\/logo\/image\/\",\"url\":\"https:\/\/www.euro-camping.com\/wp-content\/uploads\/cropped-mesa-de-trabajo-1eurocamping.png\",\"contentUrl\":\"https:\/\/www.euro-camping.com\/wp-content\/uploads\/cropped-mesa-de-trabajo-1eurocamping.png\",\"width\":2000,\"height\":498,\"caption\":\"Euro Camping\"},\"image\":{\"@id\":\"https:\/\/www.euro-camping.com\/nl\/#\/schema\/logo\/image\/\"}}]}<\/script>\n<!-- \/ Yoast SEO plugin. -->","yoast_head_json":{"title":"Camping Resort & Bungalow Park Eurocamping, Costa Brava","description":"Unser Animationsteam hat Aktivit\u00e4ten f\u00fcr jedes Alter vorbereitet, f\u00fcr den kleinsten\u00a0 bis zum grossen Camper.","robots":{"index":"index","follow":"follow","max-snippet":"max-snippet:-1","max-image-preview":"max-image-preview:large","max-video-preview":"max-video-preview:-1"},"canonical":"https:\/\/www.euro-camping.com\/de\/der-campingplatz\/animation\/","og_locale":"de_DE","og_type":"article","og_title":"Camping Resort & Bungalow Park Eurocamping, Costa Brava","og_description":"Unser Animationsteam hat Aktivit\u00e4ten f\u00fcr jedes Alter vorbereitet, f\u00fcr den kleinsten\u00a0 bis zum grossen Camper.","og_url":"https:\/\/www.euro-camping.com\/de\/der-campingplatz\/animation\/","og_site_name":"Euro Camping","article_modified_time":"2026-03-25T15:13:08+00:00","og_image":[{"width":1342,"height":682,"url":"https:\/\/www.euro-camping.com\/wp-content\/uploads\/euri-animacio.jpg","type":"image\/jpeg"}],"twitter_card":"summary_large_image","twitter_misc":{"Gesch\u00e4tzte Lesezeit":"1\u00a0Minute"},"schema":{"@context":"https:\/\/schema.org","@graph":[{"@type":"WebPage","@id":"https:\/\/www.euro-camping.com\/de\/der-campingplatz\/animation\/","url":"https:\/\/www.euro-camping.com\/de\/der-campingplatz\/animation\/","name":"Camping Resort & Bungalow Park Eurocamping, Costa Brava","isPartOf":{"@id":"https:\/\/www.euro-camping.com\/nl\/#website"},"primaryImageOfPage":{"@id":"https:\/\/www.euro-camping.com\/de\/der-campingplatz\/animation\/#primaryimage"},"image":{"@id":"https:\/\/www.euro-camping.com\/de\/der-campingplatz\/animation\/#primaryimage"},"thumbnailUrl":"https:\/\/www.euro-camping.com\/wp-content\/uploads\/euri-animacio.jpg","datePublished":"2018-12-05T07:11:04+00:00","dateModified":"2026-03-25T15:13:08+00:00","description":"Unser Animationsteam hat Aktivit\u00e4ten f\u00fcr jedes Alter vorbereitet, f\u00fcr den kleinsten\u00a0 bis zum grossen Camper.","breadcrumb":{"@id":"https:\/\/www.euro-camping.com\/de\/der-campingplatz\/animation\/#breadcrumb"},"inLanguage":"de","potentialAction":[{"@type":"ReadAction","target":["https:\/\/www.euro-camping.com\/de\/der-campingplatz\/animation\/"]}]},{"@type":"ImageObject","inLanguage":"de","@id":"https:\/\/www.euro-camping.com\/de\/der-campingplatz\/animation\/#primaryimage","url":"https:\/\/www.euro-camping.com\/wp-content\/uploads\/euri-animacio.jpg","contentUrl":"https:\/\/www.euro-camping.com\/wp-content\/uploads\/euri-animacio.jpg","width":1342,"height":682},{"@type":"BreadcrumbList","@id":"https:\/\/www.euro-camping.com\/de\/der-campingplatz\/animation\/#breadcrumb","itemListElement":[{"@type":"ListItem","position":1,"name":"Portada","item":"https:\/\/www.euro-camping.com\/de\/"},{"@type":"ListItem","position":2,"name":"Der Campingplatz","item":"https:\/\/www.euro-camping.com\/de\/der-campingplatz\/"},{"@type":"ListItem","position":3,"name":"Animation"}]},{"@type":"WebSite","@id":"https:\/\/www.euro-camping.com\/nl\/#website","url":"https:\/\/www.euro-camping.com\/nl\/","name":"Euro Camping","description":"EuroCamping, Calonge Camping &amp; Bungalow","publisher":{"@id":"https:\/\/www.euro-camping.com\/nl\/#organization"},"potentialAction":[{"@type":"SearchAction","target":{"@type":"EntryPoint","urlTemplate":"https:\/\/www.euro-camping.com\/nl\/?s={search_term_string}"},"query-input":{"@type":"PropertyValueSpecification","valueRequired":true,"valueName":"search_term_string"}}],"inLanguage":"de"},{"@type":"Organization","@id":"https:\/\/www.euro-camping.com\/nl\/#organization","name":"Euro Camping","url":"https:\/\/www.euro-camping.com\/nl\/","logo":{"@type":"ImageObject","inLanguage":"de","@id":"https:\/\/www.euro-camping.com\/nl\/#\/schema\/logo\/image\/","url":"https:\/\/www.euro-camping.com\/wp-content\/uploads\/cropped-mesa-de-trabajo-1eurocamping.png","contentUrl":"https:\/\/www.euro-camping.com\/wp-content\/uploads\/cropped-mesa-de-trabajo-1eurocamping.png","width":2000,"height":498,"caption":"Euro Camping"},"image":{"@id":"https:\/\/www.euro-camping.com\/nl\/#\/schema\/logo\/image\/"}}]}},"_links":{"self":[{"href":"https:\/\/www.euro-camping.com\/de\/wp-json\/wp\/v2\/pages\/26882","targetHints":{"allow":["GET"]}}],"collection":[{"href":"https:\/\/www.euro-camping.com\/de\/wp-json\/wp\/v2\/pages"}],"about":[{"href":"https:\/\/www.euro-camping.com\/de\/wp-json\/wp\/v2\/types\/page"}],"author":[{"embeddable":true,"href":"https:\/\/www.euro-camping.com\/de\/wp-json\/wp\/v2\/users\/4"}],"replies":[{"embeddable":true,"href":"https:\/\/www.euro-camping.com\/de\/wp-json\/wp\/v2\/comments?post=26882"}],"version-history":[{"count":12,"href":"https:\/\/www.euro-camping.com\/de\/wp-json\/wp\/v2\/pages\/26882\/revisions"}],"predecessor-version":[{"id":60410,"href":"https:\/\/www.euro-camping.com\/de\/wp-json\/wp\/v2\/pages\/26882\/revisions\/60410"}],"up":[{"embeddable":true,"href":"https:\/\/www.euro-camping.com\/de\/wp-json\/wp\/v2\/pages\/26855"}],"wp:featuredmedia":[{"embeddable":true,"href":"https:\/\/www.euro-camping.com\/de\/wp-json\/wp\/v2\/media\/23404"}],"wp:attachment":[{"href":"https:\/\/www.euro-camping.com\/de\/wp-json\/wp\/v2\/media?parent=26882"}],"curies":[{"name":"wp","href":"https:\/\/api.w.org\/{rel}","templated":true}]}}