{"id":26859,"date":"2018-12-05T08:10:46","date_gmt":"2018-12-05T07:10:46","guid":{"rendered":"https:\/\/www.euro-camping.com\/der-campingplatz\/piscinas\/"},"modified":"2026-03-19T15:57:00","modified_gmt":"2026-03-19T14:57:00","slug":"familien-campingplatz-mit-schimmbad-an-der-costa-brava","status":"publish","type":"page","link":"https:\/\/www.euro-camping.com\/de\/der-campingplatz\/familien-campingplatz-mit-schimmbad-an-der-costa-brava\/","title":{"rendered":"Schwimmb\u00e4der"},"content":{"rendered":"<h1 style=\"text-align: center;\"><strong>Unsere Schwimmb\u00e4der<\/strong><\/h1>\n<h3 style=\"text-align: center;\">Genie\u00dfen Sie den zentralen Swimmingpool vom Eurocamping<\/h3>\n<div class=\"columna-wrapper\">\n<div class=\"columna col1-2\">\n<p>Durch die Zentrale Lage auf dem Campingplatz ist der Swimmingpool von \u00fcberall leicht erreichbar.<\/p>\n<p><strong>Garantierter Spa\u00df\u00a0 f\u00fcr Jung und Alt!<\/strong><\/p>\n<p>Dieser Poolbereich hat einen Bereich mit Wasserspielger\u00e4ten f\u00fcr die Kleinen und hat unterschiedliche Tiefen, damit jeder sicher baden kann. Der Zugang\u00a0 geht von untief bis tiefer. F\u00fcr die gr\u00f6\u00dferen Kinder und Erwachsenen finden Sie unseren Wasserrutschen.<\/p>\n<p>&nbsp;<\/p>\n<\/div>\n<div class=\"columna col1-2\">\n<p style=\"text-align: left;\">Wir haben den interaktiven Wasserpark, <strong><span style=\"color: #00ffff;\">Euri Splash<\/span><\/strong>, der unser Angebot an Wasserspielger\u00e4ten f\u00fcr Kinder erweitet.<\/p>\n<p style=\"text-align: left;\"><strong><span style=\"color: #00ffff;\">Aqua Splash Mountain<\/span><\/strong>, Wasserrutschen bereich, bestehend aus drei Rutschen mit einer Gesamtl\u00e4nge von 60 Metern. Der Aqua Splash Mountain bietet die M\u00f6glichkeit von zwei verschiedenen H\u00f6hen herunterzurutschen und Sie k\u00f6nnen aus drei Arten von Rutschen w\u00e4hlen. Da Euri Splash f\u00fcr die ganz Kleinen gedacht ist, soll der Aqua Splash Mountain die Gr\u00f6\u00dferen unterhalten (Minimale gro\u00dfe <strong>1,20M<\/strong>.)<\/p>\n<p style=\"text-align: right;\"><b><span lang=\"de\">M\u00f6chten Sie einen Blick darauf werfen?<br \/>\n<\/span><\/b><b><span lang=\"de\">Entdecken Sie unsere interaktive 3D-Karte:<\/span><\/b><\/p>\n<p><a href=\"https:\/\/my.matterport.com\/show\/?m=ANXEBjkStPk\" target=\"_blank\" rel=\"noopener noreferrer\"><img loading=\"lazy\" decoding=\"async\" class=\"alignright wp-image-29986\" src=\"https:\/\/www.euro-camping.com\/wp-content\/uploads\/vt-icon.png\" alt=\"\" width=\"87\" height=\"33\" \/><\/a><\/p>\n<\/div>\n<\/div>\n<p>&nbsp;<\/p>\n","protected":false},"excerpt":{"rendered":"<p>Unsere Schwimmb\u00e4der Genie\u00dfen Sie den zentralen Swimmingpool vom Eurocamping Durch [&hellip;]<\/p>\n","protected":false},"author":4,"featured_media":22701,"parent":26855,"menu_order":0,"comment_status":"closed","ping_status":"closed","template":"","meta":{"_acf_changed":false,"footnotes":""},"class_list":["post-26859","page","type-page","status-publish","has-post-thumbnail","hentry"],"acf":[],"yoast_head":"<!-- This site is optimized with the Yoast SEO plugin v26.6 - https:\/\/yoast.com\/wordpress\/plugins\/seo\/ -->\n<title>Schwimmb\u00e4der - Euro Camping<\/title>\n<meta name=\"description\" content=\"Genie\u00dfen Sie die Schwimmb\u00e4der des Campingplatzes Eurocamping an der Costa Brava.Campingplatz mit Wasserpark und Rutschen ideal f\u00fcr Familien.\" \/>\n<meta name=\"robots\" content=\"index, follow, max-snippet:-1, max-image-preview:large, max-video-preview:-1\" \/>\n<link rel=\"canonical\" href=\"https:\/\/www.euro-camping.com\/de\/der-campingplatz\/familien-campingplatz-mit-schimmbad-an-der-costa-brava\/\" \/>\n<meta property=\"og:locale\" content=\"de_DE\" \/>\n<meta property=\"og:type\" content=\"article\" \/>\n<meta property=\"og:title\" content=\"Schwimmb\u00e4der - Euro Camping\" \/>\n<meta property=\"og:description\" content=\"Genie\u00dfen Sie die Schwimmb\u00e4der des Campingplatzes Eurocamping an der Costa Brava.Campingplatz mit Wasserpark und Rutschen ideal f\u00fcr Familien.\" \/>\n<meta property=\"og:url\" content=\"https:\/\/www.euro-camping.com\/de\/der-campingplatz\/familien-campingplatz-mit-schimmbad-an-der-costa-brava\/\" \/>\n<meta property=\"og:site_name\" content=\"Euro Camping\" \/>\n<meta property=\"article:modified_time\" content=\"2026-03-19T14:57:00+00:00\" \/>\n<meta property=\"og:image\" content=\"https:\/\/www.euro-camping.com\/wp-content\/uploads\/piscines-confort-2.webp\" \/>\n\t<meta property=\"og:image:width\" content=\"1889\" \/>\n\t<meta property=\"og:image:height\" content=\"1080\" \/>\n\t<meta property=\"og:image:type\" content=\"image\/jpeg\" \/>\n<meta name=\"twitter:card\" content=\"summary_large_image\" \/>\n<meta name=\"twitter:label1\" content=\"Gesch\u00e4tzte Lesezeit\" \/>\n\t<meta name=\"twitter:data1\" content=\"2\u00a0Minuten\" \/>\n<script type=\"application\/ld+json\" class=\"yoast-schema-graph\">{\"@context\":\"https:\/\/schema.org\",\"@graph\":[{\"@type\":\"WebPage\",\"@id\":\"https:\/\/www.euro-camping.com\/de\/der-campingplatz\/familien-campingplatz-mit-schimmbad-an-der-costa-brava\/\",\"url\":\"https:\/\/www.euro-camping.com\/de\/der-campingplatz\/familien-campingplatz-mit-schimmbad-an-der-costa-brava\/\",\"name\":\"Schwimmb\u00e4der - Euro Camping\",\"isPartOf\":{\"@id\":\"https:\/\/www.euro-camping.com\/nl\/#website\"},\"primaryImageOfPage\":{\"@id\":\"https:\/\/www.euro-camping.com\/de\/der-campingplatz\/familien-campingplatz-mit-schimmbad-an-der-costa-brava\/#primaryimage\"},\"image\":{\"@id\":\"https:\/\/www.euro-camping.com\/de\/der-campingplatz\/familien-campingplatz-mit-schimmbad-an-der-costa-brava\/#primaryimage\"},\"thumbnailUrl\":\"https:\/\/www.euro-camping.com\/wp-content\/uploads\/piscines-confort-2.webp\",\"datePublished\":\"2018-12-05T07:10:46+00:00\",\"dateModified\":\"2026-03-19T14:57:00+00:00\",\"description\":\"Genie\u00dfen Sie die Schwimmb\u00e4der des Campingplatzes Eurocamping an der Costa Brava.Campingplatz mit Wasserpark und Rutschen ideal f\u00fcr Familien.\",\"breadcrumb\":{\"@id\":\"https:\/\/www.euro-camping.com\/de\/der-campingplatz\/familien-campingplatz-mit-schimmbad-an-der-costa-brava\/#breadcrumb\"},\"inLanguage\":\"de\",\"potentialAction\":[{\"@type\":\"ReadAction\",\"target\":[\"https:\/\/www.euro-camping.com\/de\/der-campingplatz\/familien-campingplatz-mit-schimmbad-an-der-costa-brava\/\"]}]},{\"@type\":\"ImageObject\",\"inLanguage\":\"de\",\"@id\":\"https:\/\/www.euro-camping.com\/de\/der-campingplatz\/familien-campingplatz-mit-schimmbad-an-der-costa-brava\/#primaryimage\",\"url\":\"https:\/\/www.euro-camping.com\/wp-content\/uploads\/piscines-confort-2.webp\",\"contentUrl\":\"https:\/\/www.euro-camping.com\/wp-content\/uploads\/piscines-confort-2.webp\",\"width\":1889,\"height\":1080},{\"@type\":\"BreadcrumbList\",\"@id\":\"https:\/\/www.euro-camping.com\/de\/der-campingplatz\/familien-campingplatz-mit-schimmbad-an-der-costa-brava\/#breadcrumb\",\"itemListElement\":[{\"@type\":\"ListItem\",\"position\":1,\"name\":\"Portada\",\"item\":\"https:\/\/www.euro-camping.com\/de\/\"},{\"@type\":\"ListItem\",\"position\":2,\"name\":\"Der Campingplatz\",\"item\":\"https:\/\/www.euro-camping.com\/de\/der-campingplatz\/\"},{\"@type\":\"ListItem\",\"position\":3,\"name\":\"Schwimmb\u00e4der\"}]},{\"@type\":\"WebSite\",\"@id\":\"https:\/\/www.euro-camping.com\/nl\/#website\",\"url\":\"https:\/\/www.euro-camping.com\/nl\/\",\"name\":\"Euro Camping\",\"description\":\"EuroCamping, Calonge Camping &amp; Bungalow\",\"publisher\":{\"@id\":\"https:\/\/www.euro-camping.com\/nl\/#organization\"},\"potentialAction\":[{\"@type\":\"SearchAction\",\"target\":{\"@type\":\"EntryPoint\",\"urlTemplate\":\"https:\/\/www.euro-camping.com\/nl\/?s={search_term_string}\"},\"query-input\":{\"@type\":\"PropertyValueSpecification\",\"valueRequired\":true,\"valueName\":\"search_term_string\"}}],\"inLanguage\":\"de\"},{\"@type\":\"Organization\",\"@id\":\"https:\/\/www.euro-camping.com\/nl\/#organization\",\"name\":\"Euro Camping\",\"url\":\"https:\/\/www.euro-camping.com\/nl\/\",\"logo\":{\"@type\":\"ImageObject\",\"inLanguage\":\"de\",\"@id\":\"https:\/\/www.euro-camping.com\/nl\/#\/schema\/logo\/image\/\",\"url\":\"https:\/\/www.euro-camping.com\/wp-content\/uploads\/cropped-mesa-de-trabajo-1eurocamping.png\",\"contentUrl\":\"https:\/\/www.euro-camping.com\/wp-content\/uploads\/cropped-mesa-de-trabajo-1eurocamping.png\",\"width\":2000,\"height\":498,\"caption\":\"Euro Camping\"},\"image\":{\"@id\":\"https:\/\/www.euro-camping.com\/nl\/#\/schema\/logo\/image\/\"}}]}<\/script>\n<!-- \/ Yoast SEO plugin. -->","yoast_head_json":{"title":"Schwimmb\u00e4der - Euro Camping","description":"Genie\u00dfen Sie die Schwimmb\u00e4der des Campingplatzes Eurocamping an der Costa Brava.Campingplatz mit Wasserpark und Rutschen ideal f\u00fcr Familien.","robots":{"index":"index","follow":"follow","max-snippet":"max-snippet:-1","max-image-preview":"max-image-preview:large","max-video-preview":"max-video-preview:-1"},"canonical":"https:\/\/www.euro-camping.com\/de\/der-campingplatz\/familien-campingplatz-mit-schimmbad-an-der-costa-brava\/","og_locale":"de_DE","og_type":"article","og_title":"Schwimmb\u00e4der - Euro Camping","og_description":"Genie\u00dfen Sie die Schwimmb\u00e4der des Campingplatzes Eurocamping an der Costa Brava.Campingplatz mit Wasserpark und Rutschen ideal f\u00fcr Familien.","og_url":"https:\/\/www.euro-camping.com\/de\/der-campingplatz\/familien-campingplatz-mit-schimmbad-an-der-costa-brava\/","og_site_name":"Euro Camping","article_modified_time":"2026-03-19T14:57:00+00:00","og_image":[{"width":1889,"height":1080,"url":"https:\/\/www.euro-camping.com\/wp-content\/uploads\/piscines-confort-2.webp","type":"image\/jpeg"}],"twitter_card":"summary_large_image","twitter_misc":{"Gesch\u00e4tzte Lesezeit":"2\u00a0Minuten"},"schema":{"@context":"https:\/\/schema.org","@graph":[{"@type":"WebPage","@id":"https:\/\/www.euro-camping.com\/de\/der-campingplatz\/familien-campingplatz-mit-schimmbad-an-der-costa-brava\/","url":"https:\/\/www.euro-camping.com\/de\/der-campingplatz\/familien-campingplatz-mit-schimmbad-an-der-costa-brava\/","name":"Schwimmb\u00e4der - Euro Camping","isPartOf":{"@id":"https:\/\/www.euro-camping.com\/nl\/#website"},"primaryImageOfPage":{"@id":"https:\/\/www.euro-camping.com\/de\/der-campingplatz\/familien-campingplatz-mit-schimmbad-an-der-costa-brava\/#primaryimage"},"image":{"@id":"https:\/\/www.euro-camping.com\/de\/der-campingplatz\/familien-campingplatz-mit-schimmbad-an-der-costa-brava\/#primaryimage"},"thumbnailUrl":"https:\/\/www.euro-camping.com\/wp-content\/uploads\/piscines-confort-2.webp","datePublished":"2018-12-05T07:10:46+00:00","dateModified":"2026-03-19T14:57:00+00:00","description":"Genie\u00dfen Sie die Schwimmb\u00e4der des Campingplatzes Eurocamping an der Costa Brava.Campingplatz mit Wasserpark und Rutschen ideal f\u00fcr Familien.","breadcrumb":{"@id":"https:\/\/www.euro-camping.com\/de\/der-campingplatz\/familien-campingplatz-mit-schimmbad-an-der-costa-brava\/#breadcrumb"},"inLanguage":"de","potentialAction":[{"@type":"ReadAction","target":["https:\/\/www.euro-camping.com\/de\/der-campingplatz\/familien-campingplatz-mit-schimmbad-an-der-costa-brava\/"]}]},{"@type":"ImageObject","inLanguage":"de","@id":"https:\/\/www.euro-camping.com\/de\/der-campingplatz\/familien-campingplatz-mit-schimmbad-an-der-costa-brava\/#primaryimage","url":"https:\/\/www.euro-camping.com\/wp-content\/uploads\/piscines-confort-2.webp","contentUrl":"https:\/\/www.euro-camping.com\/wp-content\/uploads\/piscines-confort-2.webp","width":1889,"height":1080},{"@type":"BreadcrumbList","@id":"https:\/\/www.euro-camping.com\/de\/der-campingplatz\/familien-campingplatz-mit-schimmbad-an-der-costa-brava\/#breadcrumb","itemListElement":[{"@type":"ListItem","position":1,"name":"Portada","item":"https:\/\/www.euro-camping.com\/de\/"},{"@type":"ListItem","position":2,"name":"Der Campingplatz","item":"https:\/\/www.euro-camping.com\/de\/der-campingplatz\/"},{"@type":"ListItem","position":3,"name":"Schwimmb\u00e4der"}]},{"@type":"WebSite","@id":"https:\/\/www.euro-camping.com\/nl\/#website","url":"https:\/\/www.euro-camping.com\/nl\/","name":"Euro Camping","description":"EuroCamping, Calonge Camping &amp; Bungalow","publisher":{"@id":"https:\/\/www.euro-camping.com\/nl\/#organization"},"potentialAction":[{"@type":"SearchAction","target":{"@type":"EntryPoint","urlTemplate":"https:\/\/www.euro-camping.com\/nl\/?s={search_term_string}"},"query-input":{"@type":"PropertyValueSpecification","valueRequired":true,"valueName":"search_term_string"}}],"inLanguage":"de"},{"@type":"Organization","@id":"https:\/\/www.euro-camping.com\/nl\/#organization","name":"Euro Camping","url":"https:\/\/www.euro-camping.com\/nl\/","logo":{"@type":"ImageObject","inLanguage":"de","@id":"https:\/\/www.euro-camping.com\/nl\/#\/schema\/logo\/image\/","url":"https:\/\/www.euro-camping.com\/wp-content\/uploads\/cropped-mesa-de-trabajo-1eurocamping.png","contentUrl":"https:\/\/www.euro-camping.com\/wp-content\/uploads\/cropped-mesa-de-trabajo-1eurocamping.png","width":2000,"height":498,"caption":"Euro Camping"},"image":{"@id":"https:\/\/www.euro-camping.com\/nl\/#\/schema\/logo\/image\/"}}]}},"_links":{"self":[{"href":"https:\/\/www.euro-camping.com\/de\/wp-json\/wp\/v2\/pages\/26859","targetHints":{"allow":["GET"]}}],"collection":[{"href":"https:\/\/www.euro-camping.com\/de\/wp-json\/wp\/v2\/pages"}],"about":[{"href":"https:\/\/www.euro-camping.com\/de\/wp-json\/wp\/v2\/types\/page"}],"author":[{"embeddable":true,"href":"https:\/\/www.euro-camping.com\/de\/wp-json\/wp\/v2\/users\/4"}],"replies":[{"embeddable":true,"href":"https:\/\/www.euro-camping.com\/de\/wp-json\/wp\/v2\/comments?post=26859"}],"version-history":[{"count":27,"href":"https:\/\/www.euro-camping.com\/de\/wp-json\/wp\/v2\/pages\/26859\/revisions"}],"predecessor-version":[{"id":60385,"href":"https:\/\/www.euro-camping.com\/de\/wp-json\/wp\/v2\/pages\/26859\/revisions\/60385"}],"up":[{"embeddable":true,"href":"https:\/\/www.euro-camping.com\/de\/wp-json\/wp\/v2\/pages\/26855"}],"wp:featuredmedia":[{"embeddable":true,"href":"https:\/\/www.euro-camping.com\/de\/wp-json\/wp\/v2\/media\/22701"}],"wp:attachment":[{"href":"https:\/\/www.euro-camping.com\/de\/wp-json\/wp\/v2\/media?parent=26859"}],"curies":[{"name":"wp","href":"https:\/\/api.w.org\/{rel}","templated":true}]}}