{"id":26852,"date":"2014-04-22T13:28:59","date_gmt":"2014-04-22T13:28:59","guid":{"rendered":"https:\/\/www.euro-camping.com\/home\/"},"modified":"2025-12-05T11:42:31","modified_gmt":"2025-12-05T10:42:31","slug":"home","status":"publish","type":"page","link":"https:\/\/www.euro-camping.com\/de\/","title":{"rendered":"Home"},"content":{"rendered":"<h1 style=\"text-align: center;\"><strong>Genie\u00dfen Sie Natur im Zentrum von Sant Antoni de Calonge<\/strong><\/h1>\n<div class=\"columna-wrapper\">\n<div class=\"columna col1-2\">\n<p>Eurocamping ist ein Familiencampingplatz mit modernen Einrichtungen, der es Ihnen erm\u00f6glicht, die Natur mit allem modernen Komfort zu genie\u00dfen.<\/p>\n<p>Dank der Lage im Stadtzentrum von Sant Antoni de Calonge ist es ideal, um Ihre kleine Oase der Ruhe zu finden und gleichzeitig alles in Reichweite zu haben.<\/p>\n<\/div>\n<div class=\"columna col1-2\">\n<p>Das flache und gepflasterte Gel\u00e4nde, die vielf\u00e4ltigen Unterk\u00fcnfte, die Wasser- und Freizeitbereiche werden Ihren Aufenthalt zu einem unvergesslichen Erlebnis machen.<\/p>\n<p>Wir erwarten Sie!<img loading=\"lazy\" decoding=\"async\" class=\"wp-image-27402 alignright\" src=\"https:\/\/www.euro-camping.com\/wp-content\/uploads\/eurocamping-team-eng-e1550762095332.png\" alt=\"\" width=\"302\" height=\"92\" srcset=\"https:\/\/www.euro-camping.com\/wp-content\/uploads\/eurocamping-team-eng-e1550762095332.png 897w, https:\/\/www.euro-camping.com\/wp-content\/uploads\/eurocamping-team-eng-e1550762095332-300x91.png 300w, https:\/\/www.euro-camping.com\/wp-content\/uploads\/eurocamping-team-eng-e1550762095332-128x39.png 128w\" sizes=\"auto, (max-width: 302px) 100vw, 302px\" \/><\/p>\n<\/div>\n<\/div>\n<p><img loading=\"lazy\" decoding=\"async\" class=\"wp-image-56574 alignright\" src=\"https:\/\/www.euro-camping.com\/wp-content\/uploads\/anwb-weblogo-300x300-top-2026.png\" alt=\"\" width=\"200\" height=\"200\" \/><\/p>\n<p><img loading=\"lazy\" decoding=\"async\" class=\"size-full wp-image-59534 alignright\" src=\"https:\/\/www.euro-camping.com\/wp-content\/uploads\/logotip-top-10-2025.png\" alt=\"\" width=\"200\" height=\"200\" srcset=\"https:\/\/www.euro-camping.com\/wp-content\/uploads\/logotip-top-10-2025.png 200w, https:\/\/www.euro-camping.com\/wp-content\/uploads\/logotip-top-10-2025-150x150.png 150w, https:\/\/www.euro-camping.com\/wp-content\/uploads\/logotip-top-10-2025-128x128.png 128w\" sizes=\"auto, (max-width: 200px) 100vw, 200px\" \/><\/p>\n<p>&nbsp;<\/p>\n<p>&nbsp;<\/p>\n<p>&nbsp;<\/p>\n<p>&nbsp;<\/p>\n<p>&nbsp;<\/p>\n<p>&nbsp;<\/p>\n<p>&nbsp;<\/p>\n","protected":false},"excerpt":{"rendered":"<p>Genie\u00dfen Sie Natur im Zentrum von Sant Antoni de Calonge [&hellip;]<\/p>\n","protected":false},"author":4,"featured_media":0,"parent":0,"menu_order":0,"comment_status":"open","ping_status":"closed","template":"","meta":{"_acf_changed":false,"footnotes":""},"class_list":["post-26852","page","type-page","status-publish","hentry"],"acf":[],"yoast_head":"<!-- This site is optimized with the Yoast SEO plugin v26.6 - https:\/\/yoast.com\/wordpress\/plugins\/seo\/ -->\n<title>Home - Euro Camping<\/title>\n<meta name=\"robots\" content=\"index, follow, max-snippet:-1, max-image-preview:large, max-video-preview:-1\" \/>\n<link rel=\"canonical\" href=\"https:\/\/www.euro-camping.com\/de\/\" \/>\n<meta property=\"og:locale\" content=\"de_DE\" \/>\n<meta property=\"og:type\" content=\"article\" \/>\n<meta property=\"og:title\" content=\"Home - Euro Camping\" \/>\n<meta property=\"og:description\" content=\"Genie\u00dfen Sie Natur im Zentrum von Sant Antoni de Calonge [&hellip;]\" \/>\n<meta property=\"og:url\" content=\"https:\/\/www.euro-camping.com\/de\/\" \/>\n<meta property=\"og:site_name\" content=\"Euro Camping\" \/>\n<meta property=\"article:modified_time\" content=\"2025-12-05T10:42:31+00:00\" \/>\n<meta property=\"og:image\" content=\"https:\/\/www.euro-camping.com\/wp-content\/uploads\/eurocamping-team-eng-e1550762095332.png\" \/>\n\t<meta property=\"og:image:width\" content=\"897\" \/>\n\t<meta property=\"og:image:height\" content=\"273\" \/>\n\t<meta property=\"og:image:type\" content=\"image\/png\" \/>\n<meta name=\"twitter:card\" content=\"summary_large_image\" \/>\n<meta name=\"twitter:label1\" content=\"Gesch\u00e4tzte Lesezeit\" \/>\n\t<meta name=\"twitter:data1\" content=\"1\u00a0Minute\" \/>\n<script type=\"application\/ld+json\" class=\"yoast-schema-graph\">{\"@context\":\"https:\/\/schema.org\",\"@graph\":[{\"@type\":\"WebPage\",\"@id\":\"https:\/\/www.euro-camping.com\/de\/\",\"url\":\"https:\/\/www.euro-camping.com\/de\/\",\"name\":\"Home - Euro Camping\",\"isPartOf\":{\"@id\":\"https:\/\/www.euro-camping.com\/nl\/#website\"},\"primaryImageOfPage\":{\"@id\":\"https:\/\/www.euro-camping.com\/de\/#primaryimage\"},\"image\":{\"@id\":\"https:\/\/www.euro-camping.com\/de\/#primaryimage\"},\"thumbnailUrl\":\"https:\/\/www.euro-camping.com\/wp-content\/uploads\/eurocamping-team-eng-e1550762095332.png\",\"datePublished\":\"2014-04-22T13:28:59+00:00\",\"dateModified\":\"2025-12-05T10:42:31+00:00\",\"breadcrumb\":{\"@id\":\"https:\/\/www.euro-camping.com\/de\/#breadcrumb\"},\"inLanguage\":\"de\",\"potentialAction\":[{\"@type\":\"ReadAction\",\"target\":[\"https:\/\/www.euro-camping.com\/de\/\"]}]},{\"@type\":\"ImageObject\",\"inLanguage\":\"de\",\"@id\":\"https:\/\/www.euro-camping.com\/de\/#primaryimage\",\"url\":\"https:\/\/www.euro-camping.com\/wp-content\/uploads\/eurocamping-team-eng-e1550762095332.png\",\"contentUrl\":\"https:\/\/www.euro-camping.com\/wp-content\/uploads\/eurocamping-team-eng-e1550762095332.png\"},{\"@type\":\"BreadcrumbList\",\"@id\":\"https:\/\/www.euro-camping.com\/de\/#breadcrumb\",\"itemListElement\":[{\"@type\":\"ListItem\",\"position\":1,\"name\":\"Portada\",\"item\":\"https:\/\/www.euro-camping.com\/de\/\"},{\"@type\":\"ListItem\",\"position\":2,\"name\":\"Home\"}]},{\"@type\":\"WebSite\",\"@id\":\"https:\/\/www.euro-camping.com\/nl\/#website\",\"url\":\"https:\/\/www.euro-camping.com\/nl\/\",\"name\":\"Euro Camping\",\"description\":\"EuroCamping, Calonge Camping &amp; Bungalow\",\"publisher\":{\"@id\":\"https:\/\/www.euro-camping.com\/nl\/#organization\"},\"potentialAction\":[{\"@type\":\"SearchAction\",\"target\":{\"@type\":\"EntryPoint\",\"urlTemplate\":\"https:\/\/www.euro-camping.com\/nl\/?s={search_term_string}\"},\"query-input\":{\"@type\":\"PropertyValueSpecification\",\"valueRequired\":true,\"valueName\":\"search_term_string\"}}],\"inLanguage\":\"de\"},{\"@type\":\"Organization\",\"@id\":\"https:\/\/www.euro-camping.com\/nl\/#organization\",\"name\":\"Euro Camping\",\"url\":\"https:\/\/www.euro-camping.com\/nl\/\",\"logo\":{\"@type\":\"ImageObject\",\"inLanguage\":\"de\",\"@id\":\"https:\/\/www.euro-camping.com\/nl\/#\/schema\/logo\/image\/\",\"url\":\"https:\/\/www.euro-camping.com\/wp-content\/uploads\/cropped-mesa-de-trabajo-1eurocamping.png\",\"contentUrl\":\"https:\/\/www.euro-camping.com\/wp-content\/uploads\/cropped-mesa-de-trabajo-1eurocamping.png\",\"width\":2000,\"height\":498,\"caption\":\"Euro Camping\"},\"image\":{\"@id\":\"https:\/\/www.euro-camping.com\/nl\/#\/schema\/logo\/image\/\"}}]}<\/script>\n<!-- \/ Yoast SEO plugin. -->","yoast_head_json":{"title":"Home - Euro Camping","robots":{"index":"index","follow":"follow","max-snippet":"max-snippet:-1","max-image-preview":"max-image-preview:large","max-video-preview":"max-video-preview:-1"},"canonical":"https:\/\/www.euro-camping.com\/de\/","og_locale":"de_DE","og_type":"article","og_title":"Home - Euro Camping","og_description":"Genie\u00dfen Sie Natur im Zentrum von Sant Antoni de Calonge [&hellip;]","og_url":"https:\/\/www.euro-camping.com\/de\/","og_site_name":"Euro Camping","article_modified_time":"2025-12-05T10:42:31+00:00","og_image":[{"width":897,"height":273,"url":"https:\/\/www.euro-camping.com\/wp-content\/uploads\/eurocamping-team-eng-e1550762095332.png","type":"image\/png"}],"twitter_card":"summary_large_image","twitter_misc":{"Gesch\u00e4tzte Lesezeit":"1\u00a0Minute"},"schema":{"@context":"https:\/\/schema.org","@graph":[{"@type":"WebPage","@id":"https:\/\/www.euro-camping.com\/de\/","url":"https:\/\/www.euro-camping.com\/de\/","name":"Home - Euro Camping","isPartOf":{"@id":"https:\/\/www.euro-camping.com\/nl\/#website"},"primaryImageOfPage":{"@id":"https:\/\/www.euro-camping.com\/de\/#primaryimage"},"image":{"@id":"https:\/\/www.euro-camping.com\/de\/#primaryimage"},"thumbnailUrl":"https:\/\/www.euro-camping.com\/wp-content\/uploads\/eurocamping-team-eng-e1550762095332.png","datePublished":"2014-04-22T13:28:59+00:00","dateModified":"2025-12-05T10:42:31+00:00","breadcrumb":{"@id":"https:\/\/www.euro-camping.com\/de\/#breadcrumb"},"inLanguage":"de","potentialAction":[{"@type":"ReadAction","target":["https:\/\/www.euro-camping.com\/de\/"]}]},{"@type":"ImageObject","inLanguage":"de","@id":"https:\/\/www.euro-camping.com\/de\/#primaryimage","url":"https:\/\/www.euro-camping.com\/wp-content\/uploads\/eurocamping-team-eng-e1550762095332.png","contentUrl":"https:\/\/www.euro-camping.com\/wp-content\/uploads\/eurocamping-team-eng-e1550762095332.png"},{"@type":"BreadcrumbList","@id":"https:\/\/www.euro-camping.com\/de\/#breadcrumb","itemListElement":[{"@type":"ListItem","position":1,"name":"Portada","item":"https:\/\/www.euro-camping.com\/de\/"},{"@type":"ListItem","position":2,"name":"Home"}]},{"@type":"WebSite","@id":"https:\/\/www.euro-camping.com\/nl\/#website","url":"https:\/\/www.euro-camping.com\/nl\/","name":"Euro Camping","description":"EuroCamping, Calonge Camping &amp; Bungalow","publisher":{"@id":"https:\/\/www.euro-camping.com\/nl\/#organization"},"potentialAction":[{"@type":"SearchAction","target":{"@type":"EntryPoint","urlTemplate":"https:\/\/www.euro-camping.com\/nl\/?s={search_term_string}"},"query-input":{"@type":"PropertyValueSpecification","valueRequired":true,"valueName":"search_term_string"}}],"inLanguage":"de"},{"@type":"Organization","@id":"https:\/\/www.euro-camping.com\/nl\/#organization","name":"Euro Camping","url":"https:\/\/www.euro-camping.com\/nl\/","logo":{"@type":"ImageObject","inLanguage":"de","@id":"https:\/\/www.euro-camping.com\/nl\/#\/schema\/logo\/image\/","url":"https:\/\/www.euro-camping.com\/wp-content\/uploads\/cropped-mesa-de-trabajo-1eurocamping.png","contentUrl":"https:\/\/www.euro-camping.com\/wp-content\/uploads\/cropped-mesa-de-trabajo-1eurocamping.png","width":2000,"height":498,"caption":"Euro Camping"},"image":{"@id":"https:\/\/www.euro-camping.com\/nl\/#\/schema\/logo\/image\/"}}]}},"_links":{"self":[{"href":"https:\/\/www.euro-camping.com\/de\/wp-json\/wp\/v2\/pages\/26852","targetHints":{"allow":["GET"]}}],"collection":[{"href":"https:\/\/www.euro-camping.com\/de\/wp-json\/wp\/v2\/pages"}],"about":[{"href":"https:\/\/www.euro-camping.com\/de\/wp-json\/wp\/v2\/types\/page"}],"author":[{"embeddable":true,"href":"https:\/\/www.euro-camping.com\/de\/wp-json\/wp\/v2\/users\/4"}],"replies":[{"embeddable":true,"href":"https:\/\/www.euro-camping.com\/de\/wp-json\/wp\/v2\/comments?post=26852"}],"version-history":[{"count":16,"href":"https:\/\/www.euro-camping.com\/de\/wp-json\/wp\/v2\/pages\/26852\/revisions"}],"predecessor-version":[{"id":60025,"href":"https:\/\/www.euro-camping.com\/de\/wp-json\/wp\/v2\/pages\/26852\/revisions\/60025"}],"wp:attachment":[{"href":"https:\/\/www.euro-camping.com\/de\/wp-json\/wp\/v2\/media?parent=26852"}],"curies":[{"name":"wp","href":"https:\/\/api.w.org\/{rel}","templated":true}]}}