{"id":22367,"date":"2018-12-05T11:40:21","date_gmt":"2018-12-05T10:40:21","guid":{"rendered":"https:\/\/www.euro-camping.com\/parcelas-standard\/"},"modified":"2025-10-16T08:17:06","modified_gmt":"2025-10-16T06:17:06","slug":"parcel-les-standard","status":"publish","type":"page","link":"https:\/\/www.euro-camping.com\/ca\/donde-alojarse\/parcel-les\/parcel-les-standard\/","title":{"rendered":"Parcel\u00b7les Standard"},"content":{"rendered":"<p><strong>Per a una unitat d\u2019acampada per parcel\u00b7la<\/strong> (caravana, autocaravana, furgoneta o tenda). Es permetr\u00e0 col\u00b7locar una o dos tendes extres a la parcel\u00b7la, a part de la unitat d\u2019acampada principal, sempre que no se superin els l\u00edmits de la parcel\u00b7la i la capacitat m\u00e0xima de persones.<\/p>\n<ul>\n<li>Parcel\u00b7les Standard a partir de <strong>55m\u00b2<\/strong>.<\/li>\n<li>Es troben situades a les zonas A,B i C del c\u00e0mping.<\/li>\n<li>Equipades amb electricitat (5A).<\/li>\n<li>Connexi\u00f3 el\u00e8ctrica est\u00e0ndard tipus Schuko.<\/li>\n<li>Delimitades per vegetaci\u00f3.<\/li>\n<li>Algunes amb presa d&#8217;aigua\/desgu\u00e0s (zones A i C).<\/li>\n<li>Opci\u00f3 d&#8217;aparcar el cotxe a la mateixa parcel\u00b7la o en una de les zones d&#8217;aparcament habilitades.<\/li>\n<li><strong>L\u2019acampada amb animals de companyia nom\u00e9s est\u00e0 permesa a les parcel.les\u00a0per a mascotes de la zona A.<\/strong><\/li>\n<\/ul>\n","protected":false},"excerpt":{"rendered":"<p>Per a una unitat d\u2019acampada per parcel\u00b7la (caravana, autocaravana, furgoneta [&hellip;]<\/p>\n","protected":false},"author":4,"featured_media":22737,"parent":22521,"menu_order":0,"comment_status":"closed","ping_status":"closed","template":"templates\/tmpl-alojamiento.php","meta":{"_acf_changed":false,"footnotes":""},"class_list":["post-22367","page","type-page","status-publish","has-post-thumbnail","hentry"],"acf":[],"yoast_head":"<!-- This site is optimized with the Yoast SEO plugin v26.6 - https:\/\/yoast.com\/wordpress\/plugins\/seo\/ -->\n<title>Parcel\u00b7les Standard - Euro Camping<\/title>\n<meta name=\"robots\" content=\"index, follow, max-snippet:-1, max-image-preview:large, max-video-preview:-1\" \/>\n<link rel=\"canonical\" href=\"https:\/\/www.euro-camping.com\/ca\/donde-alojarse\/parcel-les\/parcel-les-standard\/\" \/>\n<meta property=\"og:locale\" content=\"ca_ES\" \/>\n<meta property=\"og:type\" content=\"article\" \/>\n<meta property=\"og:title\" content=\"Parcel\u00b7les Standard - Euro Camping\" \/>\n<meta property=\"og:description\" content=\"Per a una unitat d\u2019acampada per parcel\u00b7la (caravana, autocaravana, furgoneta [&hellip;]\" \/>\n<meta property=\"og:url\" content=\"https:\/\/www.euro-camping.com\/ca\/donde-alojarse\/parcel-les\/parcel-les-standard\/\" \/>\n<meta property=\"og:site_name\" content=\"Euro Camping\" \/>\n<meta property=\"article:modified_time\" content=\"2025-10-16T06:17:06+00:00\" \/>\n<meta property=\"og:image\" content=\"https:\/\/www.euro-camping.com\/wp-content\/uploads\/75-1.webp\" \/>\n\t<meta property=\"og:image:width\" content=\"2048\" \/>\n\t<meta property=\"og:image:height\" content=\"1360\" \/>\n\t<meta property=\"og:image:type\" content=\"image\/jpeg\" \/>\n<meta name=\"twitter:card\" content=\"summary_large_image\" \/>\n<meta name=\"twitter:label1\" content=\"Temps estimat de lectura\" \/>\n\t<meta name=\"twitter:data1\" content=\"1 minut\" \/>\n<script type=\"application\/ld+json\" class=\"yoast-schema-graph\">{\"@context\":\"https:\/\/schema.org\",\"@graph\":[{\"@type\":\"WebPage\",\"@id\":\"https:\/\/www.euro-camping.com\/ca\/donde-alojarse\/parcel-les\/parcel-les-standard\/\",\"url\":\"https:\/\/www.euro-camping.com\/ca\/donde-alojarse\/parcel-les\/parcel-les-standard\/\",\"name\":\"Parcel\u00b7les Standard - Euro Camping\",\"isPartOf\":{\"@id\":\"https:\/\/www.euro-camping.com\/nl\/#website\"},\"primaryImageOfPage\":{\"@id\":\"https:\/\/www.euro-camping.com\/ca\/donde-alojarse\/parcel-les\/parcel-les-standard\/#primaryimage\"},\"image\":{\"@id\":\"https:\/\/www.euro-camping.com\/ca\/donde-alojarse\/parcel-les\/parcel-les-standard\/#primaryimage\"},\"thumbnailUrl\":\"https:\/\/www.euro-camping.com\/wp-content\/uploads\/75-1.webp\",\"datePublished\":\"2018-12-05T10:40:21+00:00\",\"dateModified\":\"2025-10-16T06:17:06+00:00\",\"breadcrumb\":{\"@id\":\"https:\/\/www.euro-camping.com\/ca\/donde-alojarse\/parcel-les\/parcel-les-standard\/#breadcrumb\"},\"inLanguage\":\"ca\",\"potentialAction\":[{\"@type\":\"ReadAction\",\"target\":[\"https:\/\/www.euro-camping.com\/ca\/donde-alojarse\/parcel-les\/parcel-les-standard\/\"]}]},{\"@type\":\"ImageObject\",\"inLanguage\":\"ca\",\"@id\":\"https:\/\/www.euro-camping.com\/ca\/donde-alojarse\/parcel-les\/parcel-les-standard\/#primaryimage\",\"url\":\"https:\/\/www.euro-camping.com\/wp-content\/uploads\/75-1.webp\",\"contentUrl\":\"https:\/\/www.euro-camping.com\/wp-content\/uploads\/75-1.webp\",\"width\":2048,\"height\":1360},{\"@type\":\"BreadcrumbList\",\"@id\":\"https:\/\/www.euro-camping.com\/ca\/donde-alojarse\/parcel-les\/parcel-les-standard\/#breadcrumb\",\"itemListElement\":[{\"@type\":\"ListItem\",\"position\":1,\"name\":\"Portada\",\"item\":\"https:\/\/www.euro-camping.com\/ca\/\"},{\"@type\":\"ListItem\",\"position\":2,\"name\":\"On allotjar-se\",\"item\":\"https:\/\/www.euro-camping.com\/ca\/donde-alojarse\/\"},{\"@type\":\"ListItem\",\"position\":3,\"name\":\"Parcel\u00b7les\",\"item\":\"https:\/\/www.euro-camping.com\/ca\/donde-alojarse\/parcel-les\/\"},{\"@type\":\"ListItem\",\"position\":4,\"name\":\"Parcel\u00b7les Standard\"}]},{\"@type\":\"WebSite\",\"@id\":\"https:\/\/www.euro-camping.com\/nl\/#website\",\"url\":\"https:\/\/www.euro-camping.com\/nl\/\",\"name\":\"Euro Camping\",\"description\":\"EuroCamping, Calonge Camping &amp; Bungalow\",\"publisher\":{\"@id\":\"https:\/\/www.euro-camping.com\/nl\/#organization\"},\"potentialAction\":[{\"@type\":\"SearchAction\",\"target\":{\"@type\":\"EntryPoint\",\"urlTemplate\":\"https:\/\/www.euro-camping.com\/nl\/?s={search_term_string}\"},\"query-input\":{\"@type\":\"PropertyValueSpecification\",\"valueRequired\":true,\"valueName\":\"search_term_string\"}}],\"inLanguage\":\"ca\"},{\"@type\":\"Organization\",\"@id\":\"https:\/\/www.euro-camping.com\/nl\/#organization\",\"name\":\"Euro Camping\",\"url\":\"https:\/\/www.euro-camping.com\/nl\/\",\"logo\":{\"@type\":\"ImageObject\",\"inLanguage\":\"ca\",\"@id\":\"https:\/\/www.euro-camping.com\/nl\/#\/schema\/logo\/image\/\",\"url\":\"https:\/\/www.euro-camping.com\/wp-content\/uploads\/cropped-mesa-de-trabajo-1eurocamping.png\",\"contentUrl\":\"https:\/\/www.euro-camping.com\/wp-content\/uploads\/cropped-mesa-de-trabajo-1eurocamping.png\",\"width\":2000,\"height\":498,\"caption\":\"Euro Camping\"},\"image\":{\"@id\":\"https:\/\/www.euro-camping.com\/nl\/#\/schema\/logo\/image\/\"}}]}<\/script>\n<!-- \/ Yoast SEO plugin. -->","yoast_head_json":{"title":"Parcel\u00b7les Standard - Euro Camping","robots":{"index":"index","follow":"follow","max-snippet":"max-snippet:-1","max-image-preview":"max-image-preview:large","max-video-preview":"max-video-preview:-1"},"canonical":"https:\/\/www.euro-camping.com\/ca\/donde-alojarse\/parcel-les\/parcel-les-standard\/","og_locale":"ca_ES","og_type":"article","og_title":"Parcel\u00b7les Standard - Euro Camping","og_description":"Per a una unitat d\u2019acampada per parcel\u00b7la (caravana, autocaravana, furgoneta [&hellip;]","og_url":"https:\/\/www.euro-camping.com\/ca\/donde-alojarse\/parcel-les\/parcel-les-standard\/","og_site_name":"Euro Camping","article_modified_time":"2025-10-16T06:17:06+00:00","og_image":[{"width":2048,"height":1360,"url":"https:\/\/www.euro-camping.com\/wp-content\/uploads\/75-1.webp","type":"image\/jpeg"}],"twitter_card":"summary_large_image","twitter_misc":{"Temps estimat de lectura":"1 minut"},"schema":{"@context":"https:\/\/schema.org","@graph":[{"@type":"WebPage","@id":"https:\/\/www.euro-camping.com\/ca\/donde-alojarse\/parcel-les\/parcel-les-standard\/","url":"https:\/\/www.euro-camping.com\/ca\/donde-alojarse\/parcel-les\/parcel-les-standard\/","name":"Parcel\u00b7les Standard - Euro Camping","isPartOf":{"@id":"https:\/\/www.euro-camping.com\/nl\/#website"},"primaryImageOfPage":{"@id":"https:\/\/www.euro-camping.com\/ca\/donde-alojarse\/parcel-les\/parcel-les-standard\/#primaryimage"},"image":{"@id":"https:\/\/www.euro-camping.com\/ca\/donde-alojarse\/parcel-les\/parcel-les-standard\/#primaryimage"},"thumbnailUrl":"https:\/\/www.euro-camping.com\/wp-content\/uploads\/75-1.webp","datePublished":"2018-12-05T10:40:21+00:00","dateModified":"2025-10-16T06:17:06+00:00","breadcrumb":{"@id":"https:\/\/www.euro-camping.com\/ca\/donde-alojarse\/parcel-les\/parcel-les-standard\/#breadcrumb"},"inLanguage":"ca","potentialAction":[{"@type":"ReadAction","target":["https:\/\/www.euro-camping.com\/ca\/donde-alojarse\/parcel-les\/parcel-les-standard\/"]}]},{"@type":"ImageObject","inLanguage":"ca","@id":"https:\/\/www.euro-camping.com\/ca\/donde-alojarse\/parcel-les\/parcel-les-standard\/#primaryimage","url":"https:\/\/www.euro-camping.com\/wp-content\/uploads\/75-1.webp","contentUrl":"https:\/\/www.euro-camping.com\/wp-content\/uploads\/75-1.webp","width":2048,"height":1360},{"@type":"BreadcrumbList","@id":"https:\/\/www.euro-camping.com\/ca\/donde-alojarse\/parcel-les\/parcel-les-standard\/#breadcrumb","itemListElement":[{"@type":"ListItem","position":1,"name":"Portada","item":"https:\/\/www.euro-camping.com\/ca\/"},{"@type":"ListItem","position":2,"name":"On allotjar-se","item":"https:\/\/www.euro-camping.com\/ca\/donde-alojarse\/"},{"@type":"ListItem","position":3,"name":"Parcel\u00b7les","item":"https:\/\/www.euro-camping.com\/ca\/donde-alojarse\/parcel-les\/"},{"@type":"ListItem","position":4,"name":"Parcel\u00b7les Standard"}]},{"@type":"WebSite","@id":"https:\/\/www.euro-camping.com\/nl\/#website","url":"https:\/\/www.euro-camping.com\/nl\/","name":"Euro Camping","description":"EuroCamping, Calonge Camping &amp; Bungalow","publisher":{"@id":"https:\/\/www.euro-camping.com\/nl\/#organization"},"potentialAction":[{"@type":"SearchAction","target":{"@type":"EntryPoint","urlTemplate":"https:\/\/www.euro-camping.com\/nl\/?s={search_term_string}"},"query-input":{"@type":"PropertyValueSpecification","valueRequired":true,"valueName":"search_term_string"}}],"inLanguage":"ca"},{"@type":"Organization","@id":"https:\/\/www.euro-camping.com\/nl\/#organization","name":"Euro Camping","url":"https:\/\/www.euro-camping.com\/nl\/","logo":{"@type":"ImageObject","inLanguage":"ca","@id":"https:\/\/www.euro-camping.com\/nl\/#\/schema\/logo\/image\/","url":"https:\/\/www.euro-camping.com\/wp-content\/uploads\/cropped-mesa-de-trabajo-1eurocamping.png","contentUrl":"https:\/\/www.euro-camping.com\/wp-content\/uploads\/cropped-mesa-de-trabajo-1eurocamping.png","width":2000,"height":498,"caption":"Euro Camping"},"image":{"@id":"https:\/\/www.euro-camping.com\/nl\/#\/schema\/logo\/image\/"}}]}},"_links":{"self":[{"href":"https:\/\/www.euro-camping.com\/ca\/wp-json\/wp\/v2\/pages\/22367","targetHints":{"allow":["GET"]}}],"collection":[{"href":"https:\/\/www.euro-camping.com\/ca\/wp-json\/wp\/v2\/pages"}],"about":[{"href":"https:\/\/www.euro-camping.com\/ca\/wp-json\/wp\/v2\/types\/page"}],"author":[{"embeddable":true,"href":"https:\/\/www.euro-camping.com\/ca\/wp-json\/wp\/v2\/users\/4"}],"replies":[{"embeddable":true,"href":"https:\/\/www.euro-camping.com\/ca\/wp-json\/wp\/v2\/comments?post=22367"}],"version-history":[{"count":12,"href":"https:\/\/www.euro-camping.com\/ca\/wp-json\/wp\/v2\/pages\/22367\/revisions"}],"predecessor-version":[{"id":59756,"href":"https:\/\/www.euro-camping.com\/ca\/wp-json\/wp\/v2\/pages\/22367\/revisions\/59756"}],"up":[{"embeddable":true,"href":"https:\/\/www.euro-camping.com\/ca\/wp-json\/wp\/v2\/pages\/22521"}],"wp:featuredmedia":[{"embeddable":true,"href":"https:\/\/www.euro-camping.com\/ca\/wp-json\/wp\/v2\/media\/22737"}],"wp:attachment":[{"href":"https:\/\/www.euro-camping.com\/ca\/wp-json\/wp\/v2\/media?parent=22367"}],"curies":[{"name":"wp","href":"https:\/\/api.w.org\/{rel}","templated":true}]}}