{"id":22340,"date":"2018-12-20T11:36:22","date_gmt":"2018-12-20T10:36:22","guid":{"rendered":"https:\/\/www.euro-camping.com\/el-camping\/sanitarios\/"},"modified":"2022-06-19T14:26:29","modified_gmt":"2022-06-19T12:26:29","slug":"sanitaris","status":"publish","type":"page","link":"https:\/\/www.euro-camping.com\/ca\/el-camping\/sanitaris\/","title":{"rendered":"Sanitaris"},"content":{"rendered":"<h4 style=\"text-align: center;\">Sanitaris sempre nets i a disposici\u00f3 del client,<\/h4>\n<h4 style=\"text-align: center;\">un dels aspectes m\u00e9s importants<\/h4>\n<p>&nbsp;<\/p>\n<p style=\"text-align: center;\">L&#8217;Eurocamping disposa de cinc moderns blocs sanitaris repartits per tot el c\u00e0mping. Aix\u00ed, des de qualsevol punt sempre n&#8217;hi quedar\u00e0 un a prop.<\/p>\n<p style=\"text-align: center;\">Tots tenen aigua calenta i cabines individuals o familiars amb dutxa, WC\u00a0 i lavabo.<\/p>\n<p style=\"text-align: center;\">I, per als m\u00e9s petits, banys a la seva al\u00e7ada i banyeres per a beb\u00e8s.<\/p>\n<p style=\"text-align: center;\">Tamb\u00e9 disposem de banys adaptats per a usuaris amb mobilitat redu\u00efda.<\/p>\n<p style=\"text-align: center;\">A tres dels cinc sanitaris tamb\u00e9 podr\u00e0 trobar punts espec\u00edfics\u00a0 per buidar els lavabos qu\u00edmics.<\/p>\n<hr \/>\n<p>&nbsp;<\/p>\n<p style=\"text-align: right;\"><span style=\"color: #000000;\"><a style=\"color: #000000;\" href=\"https:\/\/www.euro-camping.com\/ca\/planol-sanitaris-2\/\" target=\"_blank\" rel=\"noopener noreferrer\"><em>Veure en el mapa<\/em><\/a><\/span><\/p>\n","protected":false},"excerpt":{"rendered":"<p>Sanitaris sempre nets i a disposici\u00f3 del client, un dels [&hellip;]<\/p>\n","protected":false},"author":2,"featured_media":23625,"parent":22215,"menu_order":5,"comment_status":"closed","ping_status":"closed","template":"","meta":{"_acf_changed":false,"footnotes":""},"class_list":["post-22340","page","type-page","status-publish","has-post-thumbnail","hentry"],"acf":[],"yoast_head":"<!-- This site is optimized with the Yoast SEO plugin v26.6 - https:\/\/yoast.com\/wordpress\/plugins\/seo\/ -->\n<title>Sanitaris Eurocamping<\/title>\n<meta name=\"description\" content=\"Cinc blocs sanitaris, tots amb aigua calenta, cabines individuals o familiars, banys infantils, banyeres per a beb\u00e8s i banys adaptats.\" \/>\n<meta name=\"robots\" content=\"index, follow, max-snippet:-1, max-image-preview:large, max-video-preview:-1\" \/>\n<link rel=\"canonical\" href=\"https:\/\/www.euro-camping.com\/el-camping\/sanitarios\/\" \/>\n<meta property=\"og:locale\" content=\"ca_ES\" \/>\n<meta property=\"og:type\" content=\"article\" \/>\n<meta property=\"og:title\" content=\"Sanitaris Eurocamping\" \/>\n<meta property=\"og:description\" content=\"Cinc blocs sanitaris, tots amb aigua calenta, cabines individuals o familiars, banys infantils, banyeres per a beb\u00e8s i banys adaptats.\" \/>\n<meta property=\"og:url\" content=\"https:\/\/www.euro-camping.com\/el-camping\/sanitarios\/\" \/>\n<meta property=\"og:site_name\" content=\"Euro Camping\" \/>\n<meta property=\"article:modified_time\" content=\"2022-06-19T12:26:29+00:00\" \/>\n<meta property=\"og:image\" content=\"https:\/\/www.euro-camping.com\/wp-content\/uploads\/dsc8350.webp\" \/>\n\t<meta property=\"og:image:width\" content=\"1660\" \/>\n\t<meta property=\"og:image:height\" content=\"2500\" \/>\n\t<meta property=\"og:image:type\" content=\"image\/jpeg\" \/>\n<meta name=\"twitter:card\" content=\"summary_large_image\" \/>\n<meta name=\"twitter:label1\" content=\"Temps estimat de lectura\" \/>\n\t<meta name=\"twitter:data1\" content=\"1 minut\" \/>\n<script type=\"application\/ld+json\" class=\"yoast-schema-graph\">{\"@context\":\"https:\/\/schema.org\",\"@graph\":[{\"@type\":\"WebPage\",\"@id\":\"https:\/\/www.euro-camping.com\/el-camping\/sanitarios\/\",\"url\":\"https:\/\/www.euro-camping.com\/el-camping\/sanitarios\/\",\"name\":\"Sanitaris Eurocamping\",\"isPartOf\":{\"@id\":\"https:\/\/www.euro-camping.com\/nl\/#website\"},\"primaryImageOfPage\":{\"@id\":\"https:\/\/www.euro-camping.com\/el-camping\/sanitarios\/#primaryimage\"},\"image\":{\"@id\":\"https:\/\/www.euro-camping.com\/el-camping\/sanitarios\/#primaryimage\"},\"thumbnailUrl\":\"https:\/\/www.euro-camping.com\/wp-content\/uploads\/dsc8350.webp\",\"datePublished\":\"2018-12-20T10:36:22+00:00\",\"dateModified\":\"2022-06-19T12:26:29+00:00\",\"description\":\"Cinc blocs sanitaris, tots amb aigua calenta, cabines individuals o familiars, banys infantils, banyeres per a beb\u00e8s i banys adaptats.\",\"breadcrumb\":{\"@id\":\"https:\/\/www.euro-camping.com\/el-camping\/sanitarios\/#breadcrumb\"},\"inLanguage\":\"ca\",\"potentialAction\":[{\"@type\":\"ReadAction\",\"target\":[\"https:\/\/www.euro-camping.com\/el-camping\/sanitarios\/\"]}]},{\"@type\":\"ImageObject\",\"inLanguage\":\"ca\",\"@id\":\"https:\/\/www.euro-camping.com\/el-camping\/sanitarios\/#primaryimage\",\"url\":\"https:\/\/www.euro-camping.com\/wp-content\/uploads\/dsc8350.webp\",\"contentUrl\":\"https:\/\/www.euro-camping.com\/wp-content\/uploads\/dsc8350.webp\",\"width\":1660,\"height\":2500},{\"@type\":\"BreadcrumbList\",\"@id\":\"https:\/\/www.euro-camping.com\/el-camping\/sanitarios\/#breadcrumb\",\"itemListElement\":[{\"@type\":\"ListItem\",\"position\":1,\"name\":\"Portada\",\"item\":\"https:\/\/www.euro-camping.com\/ca\/\"},{\"@type\":\"ListItem\",\"position\":2,\"name\":\"El c\u00e0mping\",\"item\":\"https:\/\/www.euro-camping.com\/ca\/el-camping\/\"},{\"@type\":\"ListItem\",\"position\":3,\"name\":\"Sanitaris\"}]},{\"@type\":\"WebSite\",\"@id\":\"https:\/\/www.euro-camping.com\/nl\/#website\",\"url\":\"https:\/\/www.euro-camping.com\/nl\/\",\"name\":\"Euro Camping\",\"description\":\"EuroCamping, Calonge Camping &amp; Bungalow\",\"publisher\":{\"@id\":\"https:\/\/www.euro-camping.com\/nl\/#organization\"},\"potentialAction\":[{\"@type\":\"SearchAction\",\"target\":{\"@type\":\"EntryPoint\",\"urlTemplate\":\"https:\/\/www.euro-camping.com\/nl\/?s={search_term_string}\"},\"query-input\":{\"@type\":\"PropertyValueSpecification\",\"valueRequired\":true,\"valueName\":\"search_term_string\"}}],\"inLanguage\":\"ca\"},{\"@type\":\"Organization\",\"@id\":\"https:\/\/www.euro-camping.com\/nl\/#organization\",\"name\":\"Euro Camping\",\"url\":\"https:\/\/www.euro-camping.com\/nl\/\",\"logo\":{\"@type\":\"ImageObject\",\"inLanguage\":\"ca\",\"@id\":\"https:\/\/www.euro-camping.com\/nl\/#\/schema\/logo\/image\/\",\"url\":\"https:\/\/www.euro-camping.com\/wp-content\/uploads\/cropped-mesa-de-trabajo-1eurocamping.png\",\"contentUrl\":\"https:\/\/www.euro-camping.com\/wp-content\/uploads\/cropped-mesa-de-trabajo-1eurocamping.png\",\"width\":2000,\"height\":498,\"caption\":\"Euro Camping\"},\"image\":{\"@id\":\"https:\/\/www.euro-camping.com\/nl\/#\/schema\/logo\/image\/\"}}]}<\/script>\n<!-- \/ Yoast SEO plugin. -->","yoast_head_json":{"title":"Sanitaris Eurocamping","description":"Cinc blocs sanitaris, tots amb aigua calenta, cabines individuals o familiars, banys infantils, banyeres per a beb\u00e8s i banys adaptats.","robots":{"index":"index","follow":"follow","max-snippet":"max-snippet:-1","max-image-preview":"max-image-preview:large","max-video-preview":"max-video-preview:-1"},"canonical":"https:\/\/www.euro-camping.com\/el-camping\/sanitarios\/","og_locale":"ca_ES","og_type":"article","og_title":"Sanitaris Eurocamping","og_description":"Cinc blocs sanitaris, tots amb aigua calenta, cabines individuals o familiars, banys infantils, banyeres per a beb\u00e8s i banys adaptats.","og_url":"https:\/\/www.euro-camping.com\/el-camping\/sanitarios\/","og_site_name":"Euro Camping","article_modified_time":"2022-06-19T12:26:29+00:00","og_image":[{"width":1660,"height":2500,"url":"https:\/\/www.euro-camping.com\/wp-content\/uploads\/dsc8350.webp","type":"image\/jpeg"}],"twitter_card":"summary_large_image","twitter_misc":{"Temps estimat de lectura":"1 minut"},"schema":{"@context":"https:\/\/schema.org","@graph":[{"@type":"WebPage","@id":"https:\/\/www.euro-camping.com\/el-camping\/sanitarios\/","url":"https:\/\/www.euro-camping.com\/el-camping\/sanitarios\/","name":"Sanitaris Eurocamping","isPartOf":{"@id":"https:\/\/www.euro-camping.com\/nl\/#website"},"primaryImageOfPage":{"@id":"https:\/\/www.euro-camping.com\/el-camping\/sanitarios\/#primaryimage"},"image":{"@id":"https:\/\/www.euro-camping.com\/el-camping\/sanitarios\/#primaryimage"},"thumbnailUrl":"https:\/\/www.euro-camping.com\/wp-content\/uploads\/dsc8350.webp","datePublished":"2018-12-20T10:36:22+00:00","dateModified":"2022-06-19T12:26:29+00:00","description":"Cinc blocs sanitaris, tots amb aigua calenta, cabines individuals o familiars, banys infantils, banyeres per a beb\u00e8s i banys adaptats.","breadcrumb":{"@id":"https:\/\/www.euro-camping.com\/el-camping\/sanitarios\/#breadcrumb"},"inLanguage":"ca","potentialAction":[{"@type":"ReadAction","target":["https:\/\/www.euro-camping.com\/el-camping\/sanitarios\/"]}]},{"@type":"ImageObject","inLanguage":"ca","@id":"https:\/\/www.euro-camping.com\/el-camping\/sanitarios\/#primaryimage","url":"https:\/\/www.euro-camping.com\/wp-content\/uploads\/dsc8350.webp","contentUrl":"https:\/\/www.euro-camping.com\/wp-content\/uploads\/dsc8350.webp","width":1660,"height":2500},{"@type":"BreadcrumbList","@id":"https:\/\/www.euro-camping.com\/el-camping\/sanitarios\/#breadcrumb","itemListElement":[{"@type":"ListItem","position":1,"name":"Portada","item":"https:\/\/www.euro-camping.com\/ca\/"},{"@type":"ListItem","position":2,"name":"El c\u00e0mping","item":"https:\/\/www.euro-camping.com\/ca\/el-camping\/"},{"@type":"ListItem","position":3,"name":"Sanitaris"}]},{"@type":"WebSite","@id":"https:\/\/www.euro-camping.com\/nl\/#website","url":"https:\/\/www.euro-camping.com\/nl\/","name":"Euro Camping","description":"EuroCamping, Calonge Camping &amp; Bungalow","publisher":{"@id":"https:\/\/www.euro-camping.com\/nl\/#organization"},"potentialAction":[{"@type":"SearchAction","target":{"@type":"EntryPoint","urlTemplate":"https:\/\/www.euro-camping.com\/nl\/?s={search_term_string}"},"query-input":{"@type":"PropertyValueSpecification","valueRequired":true,"valueName":"search_term_string"}}],"inLanguage":"ca"},{"@type":"Organization","@id":"https:\/\/www.euro-camping.com\/nl\/#organization","name":"Euro Camping","url":"https:\/\/www.euro-camping.com\/nl\/","logo":{"@type":"ImageObject","inLanguage":"ca","@id":"https:\/\/www.euro-camping.com\/nl\/#\/schema\/logo\/image\/","url":"https:\/\/www.euro-camping.com\/wp-content\/uploads\/cropped-mesa-de-trabajo-1eurocamping.png","contentUrl":"https:\/\/www.euro-camping.com\/wp-content\/uploads\/cropped-mesa-de-trabajo-1eurocamping.png","width":2000,"height":498,"caption":"Euro Camping"},"image":{"@id":"https:\/\/www.euro-camping.com\/nl\/#\/schema\/logo\/image\/"}}]}},"_links":{"self":[{"href":"https:\/\/www.euro-camping.com\/ca\/wp-json\/wp\/v2\/pages\/22340","targetHints":{"allow":["GET"]}}],"collection":[{"href":"https:\/\/www.euro-camping.com\/ca\/wp-json\/wp\/v2\/pages"}],"about":[{"href":"https:\/\/www.euro-camping.com\/ca\/wp-json\/wp\/v2\/types\/page"}],"author":[{"embeddable":true,"href":"https:\/\/www.euro-camping.com\/ca\/wp-json\/wp\/v2\/users\/2"}],"replies":[{"embeddable":true,"href":"https:\/\/www.euro-camping.com\/ca\/wp-json\/wp\/v2\/comments?post=22340"}],"version-history":[{"count":5,"href":"https:\/\/www.euro-camping.com\/ca\/wp-json\/wp\/v2\/pages\/22340\/revisions"}],"predecessor-version":[{"id":47688,"href":"https:\/\/www.euro-camping.com\/ca\/wp-json\/wp\/v2\/pages\/22340\/revisions\/47688"}],"up":[{"embeddable":true,"href":"https:\/\/www.euro-camping.com\/ca\/wp-json\/wp\/v2\/pages\/22215"}],"wp:featuredmedia":[{"embeddable":true,"href":"https:\/\/www.euro-camping.com\/ca\/wp-json\/wp\/v2\/media\/23625"}],"wp:attachment":[{"href":"https:\/\/www.euro-camping.com\/ca\/wp-json\/wp\/v2\/media?parent=22340"}],"curies":[{"name":"wp","href":"https:\/\/api.w.org\/{rel}","templated":true}]}}