{"id":22225,"date":"2018-12-05T08:11:04","date_gmt":"2018-12-05T07:11:04","guid":{"rendered":"https:\/\/www.euro-camping.com\/el-camping\/animacion\/"},"modified":"2026-03-25T16:09:04","modified_gmt":"2026-03-25T15:09:04","slug":"animacio","status":"publish","type":"page","link":"https:\/\/www.euro-camping.com\/ca\/el-camping\/animacio\/","title":{"rendered":"Animaci\u00f3"},"content":{"rendered":"<h2 style=\"text-align: center;\"><img loading=\"lazy\" decoding=\"async\" class=\"alignnone wp-image-22396\" src=\"https:\/\/www.euro-camping.com\/wp-content\/uploads\/animacio-cat-e1549022723565.png\" alt=\"\" width=\"469\" height=\"151\" srcset=\"https:\/\/www.euro-camping.com\/wp-content\/uploads\/animacio-cat-e1549022723565.png 1741w, https:\/\/www.euro-camping.com\/wp-content\/uploads\/animacio-cat-e1549022723565-300x97.png 300w, https:\/\/www.euro-camping.com\/wp-content\/uploads\/animacio-cat-e1549022723565-1024x330.png 1024w, https:\/\/www.euro-camping.com\/wp-content\/uploads\/animacio-cat-e1549022723565-900x290.png 900w, https:\/\/www.euro-camping.com\/wp-content\/uploads\/animacio-cat-e1549022723565-128x41.png 128w\" sizes=\"auto, (max-width: 469px) 100vw, 469px\" \/><\/h2>\n<h4 style=\"text-align: center;\">Eurocamping significa diversi\u00f3.<\/h4>\n<p style=\"text-align: center;\">El nostre equip d\u2019animaci\u00f3 ofereix activitats per a tots els p\u00fablics, des dels m\u00e9s petits fins als adults.<\/p>\n<div class=\"columna-wrapper\">\n<div class=\"columna col1-3\">\n<p>&nbsp;<\/p>\n<p style=\"text-align: center;\">A l&#8217;Eurocamping disposem de diferents programes especialment dissenyats per a nens\/es de totes les edats.<\/p>\n<p style=\"text-align: center;\">Tallers, festes tem\u00e0tiques, gimcanes, jocs d&#8217;aigua, minidisco, inflables, festa de l&#8217;escuma, competicions esportives&#8230;<\/p>\n<p style=\"text-align: center;\"><strong>\u00bfT&#8217;hi apuntes?<\/strong><\/p>\n<\/div>\n<div class=\"columna col1-3\" style=\"text-align: center;\">\n<p>&nbsp;<\/p>\n<p style=\"text-align: center;\"><strong>Qui diu que les vacances nom\u00e9s s\u00f3n per descansar?<\/strong><\/p>\n<p style=\"text-align: center;\">Posa&#8217;t en forma, descarrega adrenalina o relaxa&#8217;t amb les nostres activitats\u00a0<em>fitness<\/em>\u00a0i\u00a0<em>wellness:<br \/>\nzumba<\/em>, yoga, aquagym, pilates, competicions de futbol, <em>crossfit<\/em>,\u00a0tornejos de p\u00e0del&#8230;<\/p>\n<\/div>\n<div class=\"columna col1-3\">\n<p>&nbsp;<\/p>\n<p style=\"text-align: center;\"><strong>Viu les nits Eurocamping<\/strong><\/p>\n<p style=\"text-align: center;\">Gaudeix de la nit amb els nostres espectacles variats i festes tem\u00e0tiques per a tots els gustos: m\u00fasica, dansa, m\u00e0gia, acrob\u00e0cies, karaoke, <em>Talent Show<\/em>&#8230;<\/p>\n<\/div>\n<\/div>\n<p>&nbsp;<\/p>\n<p style=\"text-align: center;\"><span style=\"text-align: center;\">Explora els nostres espais<\/span><strong style=\"text-align: center;\">\u00a0Euri Club\u00a0<\/strong>i<span style=\"text-align: center;\">\u00a0<\/span><strong style=\"text-align: center;\">Baby Club<\/strong><span style=\"text-align: center;\">, pensats perqu\u00e8 els nens de totes les edats s&#8217;ho passin d&#8217;all\u00f2 m\u00e9s b\u00e9.<\/span><\/p>\n","protected":false},"excerpt":{"rendered":"<p>Eurocamping significa diversi\u00f3. El nostre equip d\u2019animaci\u00f3 ofereix activitats per [&hellip;]<\/p>\n","protected":false},"author":4,"featured_media":23400,"parent":22215,"menu_order":2,"comment_status":"closed","ping_status":"closed","template":"","meta":{"_acf_changed":false,"footnotes":""},"class_list":["post-22225","page","type-page","status-publish","has-post-thumbnail","hentry"],"acf":[],"yoast_head":"<!-- This site is optimized with the Yoast SEO plugin v26.6 - https:\/\/yoast.com\/wordpress\/plugins\/seo\/ -->\n<title>C\u00e0mping Resort &amp; Bungalow Park Eurocamping, Costa Brava<\/title>\n<meta name=\"description\" content=\"El nostre equip d&#039; animaci\u00f3 t\u00e9 preparades un munt d&#039;activitats per a tots els p\u00fablics, des dels campistes m\u00e9s petits fins als adults.\" \/>\n<meta name=\"robots\" content=\"index, follow, max-snippet:-1, max-image-preview:large, max-video-preview:-1\" \/>\n<link rel=\"canonical\" href=\"https:\/\/www.euro-camping.com\/ca\/el-camping\/animacio\/\" \/>\n<meta property=\"og:locale\" content=\"ca_ES\" \/>\n<meta property=\"og:type\" content=\"article\" \/>\n<meta property=\"og:title\" content=\"C\u00e0mping Resort &amp; Bungalow Park Eurocamping, Costa Brava\" \/>\n<meta property=\"og:description\" content=\"El nostre equip d&#039; animaci\u00f3 t\u00e9 preparades un munt d&#039;activitats per a tots els p\u00fablics, des dels campistes m\u00e9s petits fins als adults.\" \/>\n<meta property=\"og:url\" content=\"https:\/\/www.euro-camping.com\/ca\/el-camping\/animacio\/\" \/>\n<meta property=\"og:site_name\" content=\"Euro Camping\" \/>\n<meta property=\"article:modified_time\" content=\"2026-03-25T15:09:04+00:00\" \/>\n<meta property=\"og:image\" content=\"https:\/\/www.euro-camping.com\/wp-content\/uploads\/euri-animacio.jpg\" \/>\n\t<meta property=\"og:image:width\" content=\"1342\" \/>\n\t<meta property=\"og:image:height\" content=\"682\" \/>\n\t<meta property=\"og:image:type\" content=\"image\/jpeg\" \/>\n<meta name=\"twitter:card\" content=\"summary_large_image\" \/>\n<meta name=\"twitter:label1\" content=\"Temps estimat de lectura\" \/>\n\t<meta name=\"twitter:data1\" content=\"2 minuts\" \/>\n<script type=\"application\/ld+json\" class=\"yoast-schema-graph\">{\"@context\":\"https:\/\/schema.org\",\"@graph\":[{\"@type\":\"WebPage\",\"@id\":\"https:\/\/www.euro-camping.com\/ca\/el-camping\/animacio\/\",\"url\":\"https:\/\/www.euro-camping.com\/ca\/el-camping\/animacio\/\",\"name\":\"C\u00e0mping Resort & Bungalow Park Eurocamping, Costa Brava\",\"isPartOf\":{\"@id\":\"https:\/\/www.euro-camping.com\/nl\/#website\"},\"primaryImageOfPage\":{\"@id\":\"https:\/\/www.euro-camping.com\/ca\/el-camping\/animacio\/#primaryimage\"},\"image\":{\"@id\":\"https:\/\/www.euro-camping.com\/ca\/el-camping\/animacio\/#primaryimage\"},\"thumbnailUrl\":\"https:\/\/www.euro-camping.com\/wp-content\/uploads\/euri-animacio.jpg\",\"datePublished\":\"2018-12-05T07:11:04+00:00\",\"dateModified\":\"2026-03-25T15:09:04+00:00\",\"description\":\"El nostre equip d' animaci\u00f3 t\u00e9 preparades un munt d'activitats per a tots els p\u00fablics, des dels campistes m\u00e9s petits fins als adults.\",\"breadcrumb\":{\"@id\":\"https:\/\/www.euro-camping.com\/ca\/el-camping\/animacio\/#breadcrumb\"},\"inLanguage\":\"ca\",\"potentialAction\":[{\"@type\":\"ReadAction\",\"target\":[\"https:\/\/www.euro-camping.com\/ca\/el-camping\/animacio\/\"]}]},{\"@type\":\"ImageObject\",\"inLanguage\":\"ca\",\"@id\":\"https:\/\/www.euro-camping.com\/ca\/el-camping\/animacio\/#primaryimage\",\"url\":\"https:\/\/www.euro-camping.com\/wp-content\/uploads\/euri-animacio.jpg\",\"contentUrl\":\"https:\/\/www.euro-camping.com\/wp-content\/uploads\/euri-animacio.jpg\",\"width\":1342,\"height\":682},{\"@type\":\"BreadcrumbList\",\"@id\":\"https:\/\/www.euro-camping.com\/ca\/el-camping\/animacio\/#breadcrumb\",\"itemListElement\":[{\"@type\":\"ListItem\",\"position\":1,\"name\":\"Portada\",\"item\":\"https:\/\/www.euro-camping.com\/ca\/\"},{\"@type\":\"ListItem\",\"position\":2,\"name\":\"El c\u00e0mping\",\"item\":\"https:\/\/www.euro-camping.com\/ca\/el-camping\/\"},{\"@type\":\"ListItem\",\"position\":3,\"name\":\"Animaci\u00f3\"}]},{\"@type\":\"WebSite\",\"@id\":\"https:\/\/www.euro-camping.com\/nl\/#website\",\"url\":\"https:\/\/www.euro-camping.com\/nl\/\",\"name\":\"Euro Camping\",\"description\":\"EuroCamping, Calonge Camping &amp; Bungalow\",\"publisher\":{\"@id\":\"https:\/\/www.euro-camping.com\/nl\/#organization\"},\"potentialAction\":[{\"@type\":\"SearchAction\",\"target\":{\"@type\":\"EntryPoint\",\"urlTemplate\":\"https:\/\/www.euro-camping.com\/nl\/?s={search_term_string}\"},\"query-input\":{\"@type\":\"PropertyValueSpecification\",\"valueRequired\":true,\"valueName\":\"search_term_string\"}}],\"inLanguage\":\"ca\"},{\"@type\":\"Organization\",\"@id\":\"https:\/\/www.euro-camping.com\/nl\/#organization\",\"name\":\"Euro Camping\",\"url\":\"https:\/\/www.euro-camping.com\/nl\/\",\"logo\":{\"@type\":\"ImageObject\",\"inLanguage\":\"ca\",\"@id\":\"https:\/\/www.euro-camping.com\/nl\/#\/schema\/logo\/image\/\",\"url\":\"https:\/\/www.euro-camping.com\/wp-content\/uploads\/cropped-mesa-de-trabajo-1eurocamping.png\",\"contentUrl\":\"https:\/\/www.euro-camping.com\/wp-content\/uploads\/cropped-mesa-de-trabajo-1eurocamping.png\",\"width\":2000,\"height\":498,\"caption\":\"Euro Camping\"},\"image\":{\"@id\":\"https:\/\/www.euro-camping.com\/nl\/#\/schema\/logo\/image\/\"}}]}<\/script>\n<!-- \/ Yoast SEO plugin. -->","yoast_head_json":{"title":"C\u00e0mping Resort & Bungalow Park Eurocamping, Costa Brava","description":"El nostre equip d' animaci\u00f3 t\u00e9 preparades un munt d'activitats per a tots els p\u00fablics, des dels campistes m\u00e9s petits fins als adults.","robots":{"index":"index","follow":"follow","max-snippet":"max-snippet:-1","max-image-preview":"max-image-preview:large","max-video-preview":"max-video-preview:-1"},"canonical":"https:\/\/www.euro-camping.com\/ca\/el-camping\/animacio\/","og_locale":"ca_ES","og_type":"article","og_title":"C\u00e0mping Resort & Bungalow Park Eurocamping, Costa Brava","og_description":"El nostre equip d' animaci\u00f3 t\u00e9 preparades un munt d'activitats per a tots els p\u00fablics, des dels campistes m\u00e9s petits fins als adults.","og_url":"https:\/\/www.euro-camping.com\/ca\/el-camping\/animacio\/","og_site_name":"Euro Camping","article_modified_time":"2026-03-25T15:09:04+00:00","og_image":[{"width":1342,"height":682,"url":"https:\/\/www.euro-camping.com\/wp-content\/uploads\/euri-animacio.jpg","type":"image\/jpeg"}],"twitter_card":"summary_large_image","twitter_misc":{"Temps estimat de lectura":"2 minuts"},"schema":{"@context":"https:\/\/schema.org","@graph":[{"@type":"WebPage","@id":"https:\/\/www.euro-camping.com\/ca\/el-camping\/animacio\/","url":"https:\/\/www.euro-camping.com\/ca\/el-camping\/animacio\/","name":"C\u00e0mping Resort & Bungalow Park Eurocamping, Costa Brava","isPartOf":{"@id":"https:\/\/www.euro-camping.com\/nl\/#website"},"primaryImageOfPage":{"@id":"https:\/\/www.euro-camping.com\/ca\/el-camping\/animacio\/#primaryimage"},"image":{"@id":"https:\/\/www.euro-camping.com\/ca\/el-camping\/animacio\/#primaryimage"},"thumbnailUrl":"https:\/\/www.euro-camping.com\/wp-content\/uploads\/euri-animacio.jpg","datePublished":"2018-12-05T07:11:04+00:00","dateModified":"2026-03-25T15:09:04+00:00","description":"El nostre equip d' animaci\u00f3 t\u00e9 preparades un munt d'activitats per a tots els p\u00fablics, des dels campistes m\u00e9s petits fins als adults.","breadcrumb":{"@id":"https:\/\/www.euro-camping.com\/ca\/el-camping\/animacio\/#breadcrumb"},"inLanguage":"ca","potentialAction":[{"@type":"ReadAction","target":["https:\/\/www.euro-camping.com\/ca\/el-camping\/animacio\/"]}]},{"@type":"ImageObject","inLanguage":"ca","@id":"https:\/\/www.euro-camping.com\/ca\/el-camping\/animacio\/#primaryimage","url":"https:\/\/www.euro-camping.com\/wp-content\/uploads\/euri-animacio.jpg","contentUrl":"https:\/\/www.euro-camping.com\/wp-content\/uploads\/euri-animacio.jpg","width":1342,"height":682},{"@type":"BreadcrumbList","@id":"https:\/\/www.euro-camping.com\/ca\/el-camping\/animacio\/#breadcrumb","itemListElement":[{"@type":"ListItem","position":1,"name":"Portada","item":"https:\/\/www.euro-camping.com\/ca\/"},{"@type":"ListItem","position":2,"name":"El c\u00e0mping","item":"https:\/\/www.euro-camping.com\/ca\/el-camping\/"},{"@type":"ListItem","position":3,"name":"Animaci\u00f3"}]},{"@type":"WebSite","@id":"https:\/\/www.euro-camping.com\/nl\/#website","url":"https:\/\/www.euro-camping.com\/nl\/","name":"Euro Camping","description":"EuroCamping, Calonge Camping &amp; Bungalow","publisher":{"@id":"https:\/\/www.euro-camping.com\/nl\/#organization"},"potentialAction":[{"@type":"SearchAction","target":{"@type":"EntryPoint","urlTemplate":"https:\/\/www.euro-camping.com\/nl\/?s={search_term_string}"},"query-input":{"@type":"PropertyValueSpecification","valueRequired":true,"valueName":"search_term_string"}}],"inLanguage":"ca"},{"@type":"Organization","@id":"https:\/\/www.euro-camping.com\/nl\/#organization","name":"Euro Camping","url":"https:\/\/www.euro-camping.com\/nl\/","logo":{"@type":"ImageObject","inLanguage":"ca","@id":"https:\/\/www.euro-camping.com\/nl\/#\/schema\/logo\/image\/","url":"https:\/\/www.euro-camping.com\/wp-content\/uploads\/cropped-mesa-de-trabajo-1eurocamping.png","contentUrl":"https:\/\/www.euro-camping.com\/wp-content\/uploads\/cropped-mesa-de-trabajo-1eurocamping.png","width":2000,"height":498,"caption":"Euro Camping"},"image":{"@id":"https:\/\/www.euro-camping.com\/nl\/#\/schema\/logo\/image\/"}}]}},"_links":{"self":[{"href":"https:\/\/www.euro-camping.com\/ca\/wp-json\/wp\/v2\/pages\/22225","targetHints":{"allow":["GET"]}}],"collection":[{"href":"https:\/\/www.euro-camping.com\/ca\/wp-json\/wp\/v2\/pages"}],"about":[{"href":"https:\/\/www.euro-camping.com\/ca\/wp-json\/wp\/v2\/types\/page"}],"author":[{"embeddable":true,"href":"https:\/\/www.euro-camping.com\/ca\/wp-json\/wp\/v2\/users\/4"}],"replies":[{"embeddable":true,"href":"https:\/\/www.euro-camping.com\/ca\/wp-json\/wp\/v2\/comments?post=22225"}],"version-history":[{"count":11,"href":"https:\/\/www.euro-camping.com\/ca\/wp-json\/wp\/v2\/pages\/22225\/revisions"}],"predecessor-version":[{"id":60407,"href":"https:\/\/www.euro-camping.com\/ca\/wp-json\/wp\/v2\/pages\/22225\/revisions\/60407"}],"up":[{"embeddable":true,"href":"https:\/\/www.euro-camping.com\/ca\/wp-json\/wp\/v2\/pages\/22215"}],"wp:featuredmedia":[{"embeddable":true,"href":"https:\/\/www.euro-camping.com\/ca\/wp-json\/wp\/v2\/media\/23400"}],"wp:attachment":[{"href":"https:\/\/www.euro-camping.com\/ca\/wp-json\/wp\/v2\/media?parent=22225"}],"curies":[{"name":"wp","href":"https:\/\/api.w.org\/{rel}","templated":true}]}}