{"id":22218,"date":"2018-12-05T08:10:46","date_gmt":"2018-12-05T07:10:46","guid":{"rendered":"https:\/\/www.euro-camping.com\/el-camping\/piscinas\/"},"modified":"2026-03-19T14:19:08","modified_gmt":"2026-03-19T13:19:08","slug":"camping-familiar-amb-piscina-en-la-costa-brava","status":"publish","type":"page","link":"https:\/\/www.euro-camping.com\/ca\/el-camping\/camping-familiar-amb-piscina-en-la-costa-brava\/","title":{"rendered":"Piscines"},"content":{"rendered":"<h1 style=\"text-align: center;\"><strong>Les nostres piscines<\/strong><\/h1>\n<h3 style=\"text-align: center;\">Gaudeix de la <strong>piscina central<\/strong> de l&#8217;Eurocamping<\/h3>\n<div class=\"columna-wrapper\">\n<div class=\"columna col1-2\">\n<p>Situada al centre del c\u00e0mping, la qual cosa fa que sigui f\u00e0cilment accessible des de qualsevol lloc.<\/p>\n<p><strong>Diversi\u00f3 garantida per a totes les edats!<\/strong><\/p>\n<p>Disposa d&#8217; una zona de jocs d&#8217;aigua per als m\u00e9s petits i t\u00e9 diferents profunditats perqu\u00e8 tothom es pugui banyar de forma segura. A m\u00e9s, l&#8217;acc\u00e9s tamb\u00e9 \u00e9s de tipus platja. Per als nens m\u00e9s grans i adults tenim els nostres tobogans aqu\u00e0tics.<\/p>\n<\/div>\n<div class=\"columna col1-2\">\n<p style=\"text-align: left;\">Disposem del parc aqu\u00e0tic interactiu <span style=\"color: #0000ff;\"><strong>Euri Splash<\/strong><\/span>,\u00a0 que amplia la nostra oferta de jocs aqu\u00e0tics per a nens.<\/p>\n<p><span style=\"color: #00ffff;\"><span style=\"color: #0000ff;\"><strong>Aqua Splash Mountain, <\/strong><\/span><span style=\"color: #000000;\">zona de tobogans aqu\u00e0tics formats per 3 tobogans de 60m. de longitud. Aqua Splash Mountain ofereix la possibilitat de llan\u00e7ar-se des de dues altures i triar entre tres tobogans amb diferents formes i recorreguts. Seguint l&#8217;ess\u00e8ncia del Euri Splash, el Aqua Splash Mountain ve per a donar diversi\u00f3 als m\u00e9s majors (m\u00ednima altura <strong>1.20m<\/strong>)<\/span><\/span><\/p>\n<p style=\"text-align: right;\"><strong>Vols fer-hi un cop d\u2019ull?<br \/>\n<\/strong><strong>Explora el nostre mapa 3D interactiu:<\/strong><\/p>\n<p><a href=\"https:\/\/my.matterport.com\/show\/?m=ANXEBjkStPk\" target=\"_blank\" rel=\"noopener noreferrer\"><img loading=\"lazy\" decoding=\"async\" class=\"alignright wp-image-29986\" src=\"https:\/\/www.euro-camping.com\/wp-content\/uploads\/vt-icon.png\" alt=\"\" width=\"87\" height=\"33\" \/><\/a><\/p>\n<\/div>\n<\/div>\n<p>&nbsp;<\/p>\n","protected":false},"excerpt":{"rendered":"<p>Les nostres piscines Gaudeix de la piscina central de l&#8217;Eurocamping [&hellip;]<\/p>\n","protected":false},"author":4,"featured_media":22697,"parent":22215,"menu_order":0,"comment_status":"closed","ping_status":"closed","template":"","meta":{"_acf_changed":false,"footnotes":""},"class_list":["post-22218","page","type-page","status-publish","has-post-thumbnail","hentry"],"acf":[],"yoast_head":"<!-- This site is optimized with the Yoast SEO plugin v26.6 - https:\/\/yoast.com\/wordpress\/plugins\/seo\/ -->\n<title>Piscines - Euro Camping<\/title>\n<meta name=\"description\" content=\"Gaudeix de les piscina del c\u00e0mping en la Costa Brava Eurocamping. C\u00e0mping amb parc aqu\u00e0tic ideal per a fam\u00edlies i nens petits.\" \/>\n<meta name=\"robots\" content=\"index, follow, max-snippet:-1, max-image-preview:large, max-video-preview:-1\" \/>\n<link rel=\"canonical\" href=\"https:\/\/www.euro-camping.com\/ca\/el-camping\/camping-familiar-amb-piscina-en-la-costa-brava\/\" \/>\n<meta property=\"og:locale\" content=\"ca_ES\" \/>\n<meta property=\"og:type\" content=\"article\" \/>\n<meta property=\"og:title\" content=\"Piscines - Euro Camping\" \/>\n<meta property=\"og:description\" content=\"Gaudeix de les piscina del c\u00e0mping en la Costa Brava Eurocamping. C\u00e0mping amb parc aqu\u00e0tic ideal per a fam\u00edlies i nens petits.\" \/>\n<meta property=\"og:url\" content=\"https:\/\/www.euro-camping.com\/ca\/el-camping\/camping-familiar-amb-piscina-en-la-costa-brava\/\" \/>\n<meta property=\"og:site_name\" content=\"Euro Camping\" \/>\n<meta property=\"article:modified_time\" content=\"2026-03-19T13:19:08+00:00\" \/>\n<meta property=\"og:image\" content=\"https:\/\/www.euro-camping.com\/wp-content\/uploads\/piscines-confort-2.webp\" \/>\n\t<meta property=\"og:image:width\" content=\"1889\" \/>\n\t<meta property=\"og:image:height\" content=\"1080\" \/>\n\t<meta property=\"og:image:type\" content=\"image\/jpeg\" \/>\n<meta name=\"twitter:card\" content=\"summary_large_image\" \/>\n<meta name=\"twitter:label1\" content=\"Temps estimat de lectura\" \/>\n\t<meta name=\"twitter:data1\" content=\"2 minuts\" \/>\n<script type=\"application\/ld+json\" class=\"yoast-schema-graph\">{\"@context\":\"https:\/\/schema.org\",\"@graph\":[{\"@type\":\"WebPage\",\"@id\":\"https:\/\/www.euro-camping.com\/ca\/el-camping\/camping-familiar-amb-piscina-en-la-costa-brava\/\",\"url\":\"https:\/\/www.euro-camping.com\/ca\/el-camping\/camping-familiar-amb-piscina-en-la-costa-brava\/\",\"name\":\"Piscines - Euro Camping\",\"isPartOf\":{\"@id\":\"https:\/\/www.euro-camping.com\/nl\/#website\"},\"primaryImageOfPage\":{\"@id\":\"https:\/\/www.euro-camping.com\/ca\/el-camping\/camping-familiar-amb-piscina-en-la-costa-brava\/#primaryimage\"},\"image\":{\"@id\":\"https:\/\/www.euro-camping.com\/ca\/el-camping\/camping-familiar-amb-piscina-en-la-costa-brava\/#primaryimage\"},\"thumbnailUrl\":\"https:\/\/www.euro-camping.com\/wp-content\/uploads\/piscines-confort-2.webp\",\"datePublished\":\"2018-12-05T07:10:46+00:00\",\"dateModified\":\"2026-03-19T13:19:08+00:00\",\"description\":\"Gaudeix de les piscina del c\u00e0mping en la Costa Brava Eurocamping. C\u00e0mping amb parc aqu\u00e0tic ideal per a fam\u00edlies i nens petits.\",\"breadcrumb\":{\"@id\":\"https:\/\/www.euro-camping.com\/ca\/el-camping\/camping-familiar-amb-piscina-en-la-costa-brava\/#breadcrumb\"},\"inLanguage\":\"ca\",\"potentialAction\":[{\"@type\":\"ReadAction\",\"target\":[\"https:\/\/www.euro-camping.com\/ca\/el-camping\/camping-familiar-amb-piscina-en-la-costa-brava\/\"]}]},{\"@type\":\"ImageObject\",\"inLanguage\":\"ca\",\"@id\":\"https:\/\/www.euro-camping.com\/ca\/el-camping\/camping-familiar-amb-piscina-en-la-costa-brava\/#primaryimage\",\"url\":\"https:\/\/www.euro-camping.com\/wp-content\/uploads\/piscines-confort-2.webp\",\"contentUrl\":\"https:\/\/www.euro-camping.com\/wp-content\/uploads\/piscines-confort-2.webp\",\"width\":1889,\"height\":1080},{\"@type\":\"BreadcrumbList\",\"@id\":\"https:\/\/www.euro-camping.com\/ca\/el-camping\/camping-familiar-amb-piscina-en-la-costa-brava\/#breadcrumb\",\"itemListElement\":[{\"@type\":\"ListItem\",\"position\":1,\"name\":\"Portada\",\"item\":\"https:\/\/www.euro-camping.com\/ca\/\"},{\"@type\":\"ListItem\",\"position\":2,\"name\":\"El c\u00e0mping\",\"item\":\"https:\/\/www.euro-camping.com\/ca\/el-camping\/\"},{\"@type\":\"ListItem\",\"position\":3,\"name\":\"Piscines\"}]},{\"@type\":\"WebSite\",\"@id\":\"https:\/\/www.euro-camping.com\/nl\/#website\",\"url\":\"https:\/\/www.euro-camping.com\/nl\/\",\"name\":\"Euro Camping\",\"description\":\"EuroCamping, Calonge Camping &amp; Bungalow\",\"publisher\":{\"@id\":\"https:\/\/www.euro-camping.com\/nl\/#organization\"},\"potentialAction\":[{\"@type\":\"SearchAction\",\"target\":{\"@type\":\"EntryPoint\",\"urlTemplate\":\"https:\/\/www.euro-camping.com\/nl\/?s={search_term_string}\"},\"query-input\":{\"@type\":\"PropertyValueSpecification\",\"valueRequired\":true,\"valueName\":\"search_term_string\"}}],\"inLanguage\":\"ca\"},{\"@type\":\"Organization\",\"@id\":\"https:\/\/www.euro-camping.com\/nl\/#organization\",\"name\":\"Euro Camping\",\"url\":\"https:\/\/www.euro-camping.com\/nl\/\",\"logo\":{\"@type\":\"ImageObject\",\"inLanguage\":\"ca\",\"@id\":\"https:\/\/www.euro-camping.com\/nl\/#\/schema\/logo\/image\/\",\"url\":\"https:\/\/www.euro-camping.com\/wp-content\/uploads\/cropped-mesa-de-trabajo-1eurocamping.png\",\"contentUrl\":\"https:\/\/www.euro-camping.com\/wp-content\/uploads\/cropped-mesa-de-trabajo-1eurocamping.png\",\"width\":2000,\"height\":498,\"caption\":\"Euro Camping\"},\"image\":{\"@id\":\"https:\/\/www.euro-camping.com\/nl\/#\/schema\/logo\/image\/\"}}]}<\/script>\n<!-- \/ Yoast SEO plugin. -->","yoast_head_json":{"title":"Piscines - Euro Camping","description":"Gaudeix de les piscina del c\u00e0mping en la Costa Brava Eurocamping. C\u00e0mping amb parc aqu\u00e0tic ideal per a fam\u00edlies i nens petits.","robots":{"index":"index","follow":"follow","max-snippet":"max-snippet:-1","max-image-preview":"max-image-preview:large","max-video-preview":"max-video-preview:-1"},"canonical":"https:\/\/www.euro-camping.com\/ca\/el-camping\/camping-familiar-amb-piscina-en-la-costa-brava\/","og_locale":"ca_ES","og_type":"article","og_title":"Piscines - Euro Camping","og_description":"Gaudeix de les piscina del c\u00e0mping en la Costa Brava Eurocamping. C\u00e0mping amb parc aqu\u00e0tic ideal per a fam\u00edlies i nens petits.","og_url":"https:\/\/www.euro-camping.com\/ca\/el-camping\/camping-familiar-amb-piscina-en-la-costa-brava\/","og_site_name":"Euro Camping","article_modified_time":"2026-03-19T13:19:08+00:00","og_image":[{"width":1889,"height":1080,"url":"https:\/\/www.euro-camping.com\/wp-content\/uploads\/piscines-confort-2.webp","type":"image\/jpeg"}],"twitter_card":"summary_large_image","twitter_misc":{"Temps estimat de lectura":"2 minuts"},"schema":{"@context":"https:\/\/schema.org","@graph":[{"@type":"WebPage","@id":"https:\/\/www.euro-camping.com\/ca\/el-camping\/camping-familiar-amb-piscina-en-la-costa-brava\/","url":"https:\/\/www.euro-camping.com\/ca\/el-camping\/camping-familiar-amb-piscina-en-la-costa-brava\/","name":"Piscines - Euro Camping","isPartOf":{"@id":"https:\/\/www.euro-camping.com\/nl\/#website"},"primaryImageOfPage":{"@id":"https:\/\/www.euro-camping.com\/ca\/el-camping\/camping-familiar-amb-piscina-en-la-costa-brava\/#primaryimage"},"image":{"@id":"https:\/\/www.euro-camping.com\/ca\/el-camping\/camping-familiar-amb-piscina-en-la-costa-brava\/#primaryimage"},"thumbnailUrl":"https:\/\/www.euro-camping.com\/wp-content\/uploads\/piscines-confort-2.webp","datePublished":"2018-12-05T07:10:46+00:00","dateModified":"2026-03-19T13:19:08+00:00","description":"Gaudeix de les piscina del c\u00e0mping en la Costa Brava Eurocamping. C\u00e0mping amb parc aqu\u00e0tic ideal per a fam\u00edlies i nens petits.","breadcrumb":{"@id":"https:\/\/www.euro-camping.com\/ca\/el-camping\/camping-familiar-amb-piscina-en-la-costa-brava\/#breadcrumb"},"inLanguage":"ca","potentialAction":[{"@type":"ReadAction","target":["https:\/\/www.euro-camping.com\/ca\/el-camping\/camping-familiar-amb-piscina-en-la-costa-brava\/"]}]},{"@type":"ImageObject","inLanguage":"ca","@id":"https:\/\/www.euro-camping.com\/ca\/el-camping\/camping-familiar-amb-piscina-en-la-costa-brava\/#primaryimage","url":"https:\/\/www.euro-camping.com\/wp-content\/uploads\/piscines-confort-2.webp","contentUrl":"https:\/\/www.euro-camping.com\/wp-content\/uploads\/piscines-confort-2.webp","width":1889,"height":1080},{"@type":"BreadcrumbList","@id":"https:\/\/www.euro-camping.com\/ca\/el-camping\/camping-familiar-amb-piscina-en-la-costa-brava\/#breadcrumb","itemListElement":[{"@type":"ListItem","position":1,"name":"Portada","item":"https:\/\/www.euro-camping.com\/ca\/"},{"@type":"ListItem","position":2,"name":"El c\u00e0mping","item":"https:\/\/www.euro-camping.com\/ca\/el-camping\/"},{"@type":"ListItem","position":3,"name":"Piscines"}]},{"@type":"WebSite","@id":"https:\/\/www.euro-camping.com\/nl\/#website","url":"https:\/\/www.euro-camping.com\/nl\/","name":"Euro Camping","description":"EuroCamping, Calonge Camping &amp; Bungalow","publisher":{"@id":"https:\/\/www.euro-camping.com\/nl\/#organization"},"potentialAction":[{"@type":"SearchAction","target":{"@type":"EntryPoint","urlTemplate":"https:\/\/www.euro-camping.com\/nl\/?s={search_term_string}"},"query-input":{"@type":"PropertyValueSpecification","valueRequired":true,"valueName":"search_term_string"}}],"inLanguage":"ca"},{"@type":"Organization","@id":"https:\/\/www.euro-camping.com\/nl\/#organization","name":"Euro Camping","url":"https:\/\/www.euro-camping.com\/nl\/","logo":{"@type":"ImageObject","inLanguage":"ca","@id":"https:\/\/www.euro-camping.com\/nl\/#\/schema\/logo\/image\/","url":"https:\/\/www.euro-camping.com\/wp-content\/uploads\/cropped-mesa-de-trabajo-1eurocamping.png","contentUrl":"https:\/\/www.euro-camping.com\/wp-content\/uploads\/cropped-mesa-de-trabajo-1eurocamping.png","width":2000,"height":498,"caption":"Euro Camping"},"image":{"@id":"https:\/\/www.euro-camping.com\/nl\/#\/schema\/logo\/image\/"}}]}},"_links":{"self":[{"href":"https:\/\/www.euro-camping.com\/ca\/wp-json\/wp\/v2\/pages\/22218","targetHints":{"allow":["GET"]}}],"collection":[{"href":"https:\/\/www.euro-camping.com\/ca\/wp-json\/wp\/v2\/pages"}],"about":[{"href":"https:\/\/www.euro-camping.com\/ca\/wp-json\/wp\/v2\/types\/page"}],"author":[{"embeddable":true,"href":"https:\/\/www.euro-camping.com\/ca\/wp-json\/wp\/v2\/users\/4"}],"replies":[{"embeddable":true,"href":"https:\/\/www.euro-camping.com\/ca\/wp-json\/wp\/v2\/comments?post=22218"}],"version-history":[{"count":30,"href":"https:\/\/www.euro-camping.com\/ca\/wp-json\/wp\/v2\/pages\/22218\/revisions"}],"predecessor-version":[{"id":60377,"href":"https:\/\/www.euro-camping.com\/ca\/wp-json\/wp\/v2\/pages\/22218\/revisions\/60377"}],"up":[{"embeddable":true,"href":"https:\/\/www.euro-camping.com\/ca\/wp-json\/wp\/v2\/pages\/22215"}],"wp:featuredmedia":[{"embeddable":true,"href":"https:\/\/www.euro-camping.com\/ca\/wp-json\/wp\/v2\/media\/22697"}],"wp:attachment":[{"href":"https:\/\/www.euro-camping.com\/ca\/wp-json\/wp\/v2\/media?parent=22218"}],"curies":[{"name":"wp","href":"https:\/\/api.w.org\/{rel}","templated":true}]}}