{"id":22188,"date":"2018-12-05T08:08:36","date_gmt":"2018-12-05T07:08:36","guid":{"rendered":"https:\/\/www.euro-camping.com\/entorn\/playas\/"},"modified":"2019-02-21T10:48:13","modified_gmt":"2019-02-21T09:48:13","slug":"platges","status":"publish","type":"page","link":"https:\/\/www.euro-camping.com\/ca\/entorn\/platges\/","title":{"rendered":"Platges"},"content":{"rendered":"<h2 style=\"text-align: left;\">Les platges<\/h2>\n<p style=\"text-align: left;\">L&#8217;Eurocamping es troba a nom\u00e9s 300 metres de la platja de Sant Antoni, a la badia de Palam\u00f3s. Es tracta d&#8217; una \u00e0mplia platja de sorra fina i daurada que proporciona molt d&#8217;espai als banyistes. A m\u00e9s, t\u00e9 uns desnivells suaus que fan que banyar-s&#8217;hi sigui segur per a tothom. Est\u00e0 totalment preparada per al turisme familiar i ofereix nombrosos serveis:<\/p>\n<ul>\n<li>Servei de socorrisme<\/li>\n<li>Zona amb ombra<\/li>\n<li>WC<\/li>\n<li>Dutxes<\/li>\n<li>Inflables aqu\u00e0tics<\/li>\n<li>Espai cardioprotegit<\/li>\n<li>Espai beb\u00e8 i zona de lact\u00e0ncia<\/li>\n<\/ul>\n<p>&nbsp;<\/p>\n<p>&nbsp;<\/p>\n","protected":false},"excerpt":{"rendered":"<p>Les platges L&#8217;Eurocamping es troba a nom\u00e9s 300 metres de [&hellip;]<\/p>\n","protected":false},"author":4,"featured_media":24798,"parent":22172,"menu_order":1,"comment_status":"closed","ping_status":"closed","template":"","meta":{"_acf_changed":false,"footnotes":""},"class_list":["post-22188","page","type-page","status-publish","has-post-thumbnail","hentry"],"acf":[],"yoast_head":"<!-- This site is optimized with the Yoast SEO plugin v26.6 - https:\/\/yoast.com\/wordpress\/plugins\/seo\/ -->\n<title>Platges - Euro Camping<\/title>\n<meta name=\"robots\" content=\"index, follow, max-snippet:-1, max-image-preview:large, max-video-preview:-1\" \/>\n<link rel=\"canonical\" href=\"https:\/\/www.euro-camping.com\/ca\/entorn\/platges\/\" \/>\n<meta property=\"og:locale\" content=\"ca_ES\" \/>\n<meta property=\"og:type\" content=\"article\" \/>\n<meta property=\"og:title\" content=\"Platges - Euro Camping\" \/>\n<meta property=\"og:description\" content=\"Les platges L&#8217;Eurocamping es troba a nom\u00e9s 300 metres de [&hellip;]\" \/>\n<meta property=\"og:url\" content=\"https:\/\/www.euro-camping.com\/ca\/entorn\/platges\/\" \/>\n<meta property=\"og:site_name\" content=\"Euro Camping\" \/>\n<meta property=\"article:modified_time\" content=\"2019-02-21T09:48:13+00:00\" \/>\n<meta name=\"twitter:card\" content=\"summary_large_image\" \/>\n<script type=\"application\/ld+json\" class=\"yoast-schema-graph\">{\"@context\":\"https:\/\/schema.org\",\"@graph\":[{\"@type\":\"WebPage\",\"@id\":\"https:\/\/www.euro-camping.com\/ca\/entorn\/platges\/\",\"url\":\"https:\/\/www.euro-camping.com\/ca\/entorn\/platges\/\",\"name\":\"Platges - Euro Camping\",\"isPartOf\":{\"@id\":\"https:\/\/www.euro-camping.com\/nl\/#website\"},\"primaryImageOfPage\":{\"@id\":\"https:\/\/www.euro-camping.com\/ca\/entorn\/platges\/#primaryimage\"},\"image\":{\"@id\":\"https:\/\/www.euro-camping.com\/ca\/entorn\/platges\/#primaryimage\"},\"thumbnailUrl\":\"https:\/\/www.euro-camping.com\/wp-content\/uploads\/calonge-sant-antoni-5-sentits-1000-y.webp\",\"datePublished\":\"2018-12-05T07:08:36+00:00\",\"dateModified\":\"2019-02-21T09:48:13+00:00\",\"breadcrumb\":{\"@id\":\"https:\/\/www.euro-camping.com\/ca\/entorn\/platges\/#breadcrumb\"},\"inLanguage\":\"ca\",\"potentialAction\":[{\"@type\":\"ReadAction\",\"target\":[\"https:\/\/www.euro-camping.com\/ca\/entorn\/platges\/\"]}]},{\"@type\":\"ImageObject\",\"inLanguage\":\"ca\",\"@id\":\"https:\/\/www.euro-camping.com\/ca\/entorn\/platges\/#primaryimage\",\"url\":\"https:\/\/www.euro-camping.com\/wp-content\/uploads\/calonge-sant-antoni-5-sentits-1000-y.webp\",\"contentUrl\":\"https:\/\/www.euro-camping.com\/wp-content\/uploads\/calonge-sant-antoni-5-sentits-1000-y.webp\",\"width\":1280,\"height\":720},{\"@type\":\"BreadcrumbList\",\"@id\":\"https:\/\/www.euro-camping.com\/ca\/entorn\/platges\/#breadcrumb\",\"itemListElement\":[{\"@type\":\"ListItem\",\"position\":1,\"name\":\"Portada\",\"item\":\"https:\/\/www.euro-camping.com\/ca\/\"},{\"@type\":\"ListItem\",\"position\":2,\"name\":\"Entorn\",\"item\":\"https:\/\/www.euro-camping.com\/ca\/entorn\/\"},{\"@type\":\"ListItem\",\"position\":3,\"name\":\"Platges\"}]},{\"@type\":\"WebSite\",\"@id\":\"https:\/\/www.euro-camping.com\/nl\/#website\",\"url\":\"https:\/\/www.euro-camping.com\/nl\/\",\"name\":\"Euro Camping\",\"description\":\"EuroCamping, Calonge Camping &amp; Bungalow\",\"publisher\":{\"@id\":\"https:\/\/www.euro-camping.com\/nl\/#organization\"},\"potentialAction\":[{\"@type\":\"SearchAction\",\"target\":{\"@type\":\"EntryPoint\",\"urlTemplate\":\"https:\/\/www.euro-camping.com\/nl\/?s={search_term_string}\"},\"query-input\":{\"@type\":\"PropertyValueSpecification\",\"valueRequired\":true,\"valueName\":\"search_term_string\"}}],\"inLanguage\":\"ca\"},{\"@type\":\"Organization\",\"@id\":\"https:\/\/www.euro-camping.com\/nl\/#organization\",\"name\":\"Euro Camping\",\"url\":\"https:\/\/www.euro-camping.com\/nl\/\",\"logo\":{\"@type\":\"ImageObject\",\"inLanguage\":\"ca\",\"@id\":\"https:\/\/www.euro-camping.com\/nl\/#\/schema\/logo\/image\/\",\"url\":\"https:\/\/www.euro-camping.com\/wp-content\/uploads\/cropped-mesa-de-trabajo-1eurocamping.png\",\"contentUrl\":\"https:\/\/www.euro-camping.com\/wp-content\/uploads\/cropped-mesa-de-trabajo-1eurocamping.png\",\"width\":2000,\"height\":498,\"caption\":\"Euro Camping\"},\"image\":{\"@id\":\"https:\/\/www.euro-camping.com\/nl\/#\/schema\/logo\/image\/\"}}]}<\/script>\n<!-- \/ Yoast SEO plugin. -->","yoast_head_json":{"title":"Platges - Euro Camping","robots":{"index":"index","follow":"follow","max-snippet":"max-snippet:-1","max-image-preview":"max-image-preview:large","max-video-preview":"max-video-preview:-1"},"canonical":"https:\/\/www.euro-camping.com\/ca\/entorn\/platges\/","og_locale":"ca_ES","og_type":"article","og_title":"Platges - Euro Camping","og_description":"Les platges L&#8217;Eurocamping es troba a nom\u00e9s 300 metres de [&hellip;]","og_url":"https:\/\/www.euro-camping.com\/ca\/entorn\/platges\/","og_site_name":"Euro Camping","article_modified_time":"2019-02-21T09:48:13+00:00","twitter_card":"summary_large_image","schema":{"@context":"https:\/\/schema.org","@graph":[{"@type":"WebPage","@id":"https:\/\/www.euro-camping.com\/ca\/entorn\/platges\/","url":"https:\/\/www.euro-camping.com\/ca\/entorn\/platges\/","name":"Platges - Euro Camping","isPartOf":{"@id":"https:\/\/www.euro-camping.com\/nl\/#website"},"primaryImageOfPage":{"@id":"https:\/\/www.euro-camping.com\/ca\/entorn\/platges\/#primaryimage"},"image":{"@id":"https:\/\/www.euro-camping.com\/ca\/entorn\/platges\/#primaryimage"},"thumbnailUrl":"https:\/\/www.euro-camping.com\/wp-content\/uploads\/calonge-sant-antoni-5-sentits-1000-y.webp","datePublished":"2018-12-05T07:08:36+00:00","dateModified":"2019-02-21T09:48:13+00:00","breadcrumb":{"@id":"https:\/\/www.euro-camping.com\/ca\/entorn\/platges\/#breadcrumb"},"inLanguage":"ca","potentialAction":[{"@type":"ReadAction","target":["https:\/\/www.euro-camping.com\/ca\/entorn\/platges\/"]}]},{"@type":"ImageObject","inLanguage":"ca","@id":"https:\/\/www.euro-camping.com\/ca\/entorn\/platges\/#primaryimage","url":"https:\/\/www.euro-camping.com\/wp-content\/uploads\/calonge-sant-antoni-5-sentits-1000-y.webp","contentUrl":"https:\/\/www.euro-camping.com\/wp-content\/uploads\/calonge-sant-antoni-5-sentits-1000-y.webp","width":1280,"height":720},{"@type":"BreadcrumbList","@id":"https:\/\/www.euro-camping.com\/ca\/entorn\/platges\/#breadcrumb","itemListElement":[{"@type":"ListItem","position":1,"name":"Portada","item":"https:\/\/www.euro-camping.com\/ca\/"},{"@type":"ListItem","position":2,"name":"Entorn","item":"https:\/\/www.euro-camping.com\/ca\/entorn\/"},{"@type":"ListItem","position":3,"name":"Platges"}]},{"@type":"WebSite","@id":"https:\/\/www.euro-camping.com\/nl\/#website","url":"https:\/\/www.euro-camping.com\/nl\/","name":"Euro Camping","description":"EuroCamping, Calonge Camping &amp; Bungalow","publisher":{"@id":"https:\/\/www.euro-camping.com\/nl\/#organization"},"potentialAction":[{"@type":"SearchAction","target":{"@type":"EntryPoint","urlTemplate":"https:\/\/www.euro-camping.com\/nl\/?s={search_term_string}"},"query-input":{"@type":"PropertyValueSpecification","valueRequired":true,"valueName":"search_term_string"}}],"inLanguage":"ca"},{"@type":"Organization","@id":"https:\/\/www.euro-camping.com\/nl\/#organization","name":"Euro Camping","url":"https:\/\/www.euro-camping.com\/nl\/","logo":{"@type":"ImageObject","inLanguage":"ca","@id":"https:\/\/www.euro-camping.com\/nl\/#\/schema\/logo\/image\/","url":"https:\/\/www.euro-camping.com\/wp-content\/uploads\/cropped-mesa-de-trabajo-1eurocamping.png","contentUrl":"https:\/\/www.euro-camping.com\/wp-content\/uploads\/cropped-mesa-de-trabajo-1eurocamping.png","width":2000,"height":498,"caption":"Euro Camping"},"image":{"@id":"https:\/\/www.euro-camping.com\/nl\/#\/schema\/logo\/image\/"}}]}},"_links":{"self":[{"href":"https:\/\/www.euro-camping.com\/ca\/wp-json\/wp\/v2\/pages\/22188","targetHints":{"allow":["GET"]}}],"collection":[{"href":"https:\/\/www.euro-camping.com\/ca\/wp-json\/wp\/v2\/pages"}],"about":[{"href":"https:\/\/www.euro-camping.com\/ca\/wp-json\/wp\/v2\/types\/page"}],"author":[{"embeddable":true,"href":"https:\/\/www.euro-camping.com\/ca\/wp-json\/wp\/v2\/users\/4"}],"replies":[{"embeddable":true,"href":"https:\/\/www.euro-camping.com\/ca\/wp-json\/wp\/v2\/comments?post=22188"}],"version-history":[{"count":4,"href":"https:\/\/www.euro-camping.com\/ca\/wp-json\/wp\/v2\/pages\/22188\/revisions"}],"predecessor-version":[{"id":27292,"href":"https:\/\/www.euro-camping.com\/ca\/wp-json\/wp\/v2\/pages\/22188\/revisions\/27292"}],"up":[{"embeddable":true,"href":"https:\/\/www.euro-camping.com\/ca\/wp-json\/wp\/v2\/pages\/22172"}],"wp:featuredmedia":[{"embeddable":true,"href":"https:\/\/www.euro-camping.com\/ca\/wp-json\/wp\/v2\/media\/24798"}],"wp:attachment":[{"href":"https:\/\/www.euro-camping.com\/ca\/wp-json\/wp\/v2\/media?parent=22188"}],"curies":[{"name":"wp","href":"https:\/\/api.w.org\/{rel}","templated":true}]}}