{"id":22172,"date":"2018-12-05T08:08:06","date_gmt":"2018-12-05T07:08:06","guid":{"rendered":"https:\/\/www.euro-camping.com\/entorno\/"},"modified":"2026-03-31T13:32:24","modified_gmt":"2026-03-31T11:32:24","slug":"entorn","status":"publish","type":"page","link":"https:\/\/www.euro-camping.com\/ca\/entorn\/","title":{"rendered":"Entorn"},"content":{"rendered":"<h1>La ubicaci\u00f3 ideal<\/h1>\n<div class=\"columna-wrapper\">\n<div class=\"columna col1-2\">\n<p>L&#8217;Eurocamping t\u00e9 la ubicaci\u00f3 ideal. Situat a dins del nucli urb\u00e0 de Calonge i Sant Antoni, ofereix nombroses possibilitats a l&#8217; hora d&#8217;escollir activitats per fer durant les vacances.<\/p>\n<p style=\"text-align: left;\">Es troba situat just al centre de Sant Antoni de Calonge, a la part m\u00e9s tur\u00edstica. Podreu passejar tranquil.lament pel seu conegut passeig mar\u00edtim que arriba fins a Palam\u00f3s i tindreu tots els serveis i comoditats al vostre abast: botigues, restaurants, supermercats, gelateries&#8230;<\/p>\n<p style=\"text-align: right;\"><span style=\"color: #C8102E;\"><strong><a style=\"color: #C8102E;\" href=\"https:\/\/www.youtube.com\/watch?v=0BJXac9Grd4\" target=\"_blank\" rel=\"noopener\">Veure c\u00e0mera en directe<\/a><\/strong><\/span><\/p>\n<p>Molt sovint, l&#8217;Ajuntament organitza activitats d&#8217; oci, culturals i esportives, fires, concerts&#8230; L&#8217; oficina de turisme es troba prop del c\u00e0mping i us pot oferir el cat\u00e0leg complet d&#8217; activitats, aix\u00ed com d&#8217;altres serveis.<\/p>\n<p style=\"text-align: right;\"><span style=\"color: #C8102E;\"><strong><a style=\"color: #C8102E;\" href=\"http:\/\/www.calonge-santantoni.cat\/es\" target=\"_blank\" rel=\"noopener\">Veure oficina de turisme<\/a><\/strong><\/span><\/p>\n<\/div>\n<div class=\"columna col1-2\">\n<p>Per a tots aquells que tinguin ganes d&#8217;explorar us recomanem visitar el poble medieval i el castell de Calonge, excursions a peu per les Gavarres o seguint la denominada Ruta del Vi.<\/p>\n<p>Des de l&#8217;Eurocamping mateix tamb\u00e9 es pot fer el bonic cam\u00ed de ronda que uneix Torre Valentina amb Platja d&#8217;Aro, amb racons tan bells com la <em>cala de Roques Planes<\/em> o la <em>cala dels Esculls.<\/em><\/p>\n<p>V\u00e9ns de lluny? T&#8217;agradaria fer una escapada urbana?<\/p>\n<p>Descobreix els llocs amagats pels carrerons medievals de la bonica i hist\u00f2rica ciutat de Girona.<\/p>\n<p>O anima&#8217;t a visitar Barcelona, \u00a1\u00e9s a menys de dues hores de l&#8217;Eurocamping!<\/p>\n<\/div>\n<\/div>\n<p>&nbsp;<\/p>\n","protected":false},"excerpt":{"rendered":"<p>La ubicaci\u00f3 ideal L&#8217;Eurocamping t\u00e9 la ubicaci\u00f3 ideal. Situat a [&hellip;]<\/p>\n","protected":false},"author":4,"featured_media":0,"parent":0,"menu_order":6,"comment_status":"closed","ping_status":"closed","template":"","meta":{"_acf_changed":false,"footnotes":""},"class_list":["post-22172","page","type-page","status-publish","hentry"],"acf":[],"yoast_head":"<!-- This site is optimized with the Yoast SEO plugin v26.6 - https:\/\/yoast.com\/wordpress\/plugins\/seo\/ -->\n<title>Entorn Eurocamping<\/title>\n<meta name=\"description\" content=\"C\u00e0mping situat en el centre Sant Antoni de Calonge, a prop de la platja i amb multitud de possibilitats a l&#039;hora de triar activitats.\" \/>\n<meta name=\"robots\" content=\"index, follow, max-snippet:-1, max-image-preview:large, max-video-preview:-1\" \/>\n<link rel=\"canonical\" href=\"https:\/\/www.euro-camping.com\/ca\/entorn\/\" \/>\n<meta property=\"og:locale\" content=\"ca_ES\" \/>\n<meta property=\"og:type\" content=\"article\" \/>\n<meta property=\"og:title\" content=\"Entorn Eurocamping\" \/>\n<meta property=\"og:description\" content=\"C\u00e0mping situat en el centre Sant Antoni de Calonge, a prop de la platja i amb multitud de possibilitats a l&#039;hora de triar activitats.\" \/>\n<meta property=\"og:url\" content=\"https:\/\/www.euro-camping.com\/ca\/entorn\/\" \/>\n<meta property=\"og:site_name\" content=\"Euro Camping\" \/>\n<meta property=\"article:modified_time\" content=\"2026-03-31T11:32:24+00:00\" \/>\n<meta name=\"twitter:card\" content=\"summary_large_image\" \/>\n<meta name=\"twitter:label1\" content=\"Temps estimat de lectura\" \/>\n\t<meta name=\"twitter:data1\" content=\"2 minuts\" \/>\n<script type=\"application\/ld+json\" class=\"yoast-schema-graph\">{\"@context\":\"https:\/\/schema.org\",\"@graph\":[{\"@type\":\"WebPage\",\"@id\":\"https:\/\/www.euro-camping.com\/ca\/entorn\/\",\"url\":\"https:\/\/www.euro-camping.com\/ca\/entorn\/\",\"name\":\"Entorn Eurocamping\",\"isPartOf\":{\"@id\":\"https:\/\/www.euro-camping.com\/nl\/#website\"},\"datePublished\":\"2018-12-05T07:08:06+00:00\",\"dateModified\":\"2026-03-31T11:32:24+00:00\",\"description\":\"C\u00e0mping situat en el centre Sant Antoni de Calonge, a prop de la platja i amb multitud de possibilitats a l'hora de triar activitats.\",\"breadcrumb\":{\"@id\":\"https:\/\/www.euro-camping.com\/ca\/entorn\/#breadcrumb\"},\"inLanguage\":\"ca\",\"potentialAction\":[{\"@type\":\"ReadAction\",\"target\":[\"https:\/\/www.euro-camping.com\/ca\/entorn\/\"]}]},{\"@type\":\"BreadcrumbList\",\"@id\":\"https:\/\/www.euro-camping.com\/ca\/entorn\/#breadcrumb\",\"itemListElement\":[{\"@type\":\"ListItem\",\"position\":1,\"name\":\"Portada\",\"item\":\"https:\/\/www.euro-camping.com\/ca\/\"},{\"@type\":\"ListItem\",\"position\":2,\"name\":\"Entorn\"}]},{\"@type\":\"WebSite\",\"@id\":\"https:\/\/www.euro-camping.com\/nl\/#website\",\"url\":\"https:\/\/www.euro-camping.com\/nl\/\",\"name\":\"Euro Camping\",\"description\":\"EuroCamping, Calonge Camping &amp; Bungalow\",\"publisher\":{\"@id\":\"https:\/\/www.euro-camping.com\/nl\/#organization\"},\"potentialAction\":[{\"@type\":\"SearchAction\",\"target\":{\"@type\":\"EntryPoint\",\"urlTemplate\":\"https:\/\/www.euro-camping.com\/nl\/?s={search_term_string}\"},\"query-input\":{\"@type\":\"PropertyValueSpecification\",\"valueRequired\":true,\"valueName\":\"search_term_string\"}}],\"inLanguage\":\"ca\"},{\"@type\":\"Organization\",\"@id\":\"https:\/\/www.euro-camping.com\/nl\/#organization\",\"name\":\"Euro Camping\",\"url\":\"https:\/\/www.euro-camping.com\/nl\/\",\"logo\":{\"@type\":\"ImageObject\",\"inLanguage\":\"ca\",\"@id\":\"https:\/\/www.euro-camping.com\/nl\/#\/schema\/logo\/image\/\",\"url\":\"https:\/\/www.euro-camping.com\/wp-content\/uploads\/cropped-mesa-de-trabajo-1eurocamping.png\",\"contentUrl\":\"https:\/\/www.euro-camping.com\/wp-content\/uploads\/cropped-mesa-de-trabajo-1eurocamping.png\",\"width\":2000,\"height\":498,\"caption\":\"Euro Camping\"},\"image\":{\"@id\":\"https:\/\/www.euro-camping.com\/nl\/#\/schema\/logo\/image\/\"}}]}<\/script>\n<!-- \/ Yoast SEO plugin. -->","yoast_head_json":{"title":"Entorn Eurocamping","description":"C\u00e0mping situat en el centre Sant Antoni de Calonge, a prop de la platja i amb multitud de possibilitats a l'hora de triar activitats.","robots":{"index":"index","follow":"follow","max-snippet":"max-snippet:-1","max-image-preview":"max-image-preview:large","max-video-preview":"max-video-preview:-1"},"canonical":"https:\/\/www.euro-camping.com\/ca\/entorn\/","og_locale":"ca_ES","og_type":"article","og_title":"Entorn Eurocamping","og_description":"C\u00e0mping situat en el centre Sant Antoni de Calonge, a prop de la platja i amb multitud de possibilitats a l'hora de triar activitats.","og_url":"https:\/\/www.euro-camping.com\/ca\/entorn\/","og_site_name":"Euro Camping","article_modified_time":"2026-03-31T11:32:24+00:00","twitter_card":"summary_large_image","twitter_misc":{"Temps estimat de lectura":"2 minuts"},"schema":{"@context":"https:\/\/schema.org","@graph":[{"@type":"WebPage","@id":"https:\/\/www.euro-camping.com\/ca\/entorn\/","url":"https:\/\/www.euro-camping.com\/ca\/entorn\/","name":"Entorn Eurocamping","isPartOf":{"@id":"https:\/\/www.euro-camping.com\/nl\/#website"},"datePublished":"2018-12-05T07:08:06+00:00","dateModified":"2026-03-31T11:32:24+00:00","description":"C\u00e0mping situat en el centre Sant Antoni de Calonge, a prop de la platja i amb multitud de possibilitats a l'hora de triar activitats.","breadcrumb":{"@id":"https:\/\/www.euro-camping.com\/ca\/entorn\/#breadcrumb"},"inLanguage":"ca","potentialAction":[{"@type":"ReadAction","target":["https:\/\/www.euro-camping.com\/ca\/entorn\/"]}]},{"@type":"BreadcrumbList","@id":"https:\/\/www.euro-camping.com\/ca\/entorn\/#breadcrumb","itemListElement":[{"@type":"ListItem","position":1,"name":"Portada","item":"https:\/\/www.euro-camping.com\/ca\/"},{"@type":"ListItem","position":2,"name":"Entorn"}]},{"@type":"WebSite","@id":"https:\/\/www.euro-camping.com\/nl\/#website","url":"https:\/\/www.euro-camping.com\/nl\/","name":"Euro Camping","description":"EuroCamping, Calonge Camping &amp; Bungalow","publisher":{"@id":"https:\/\/www.euro-camping.com\/nl\/#organization"},"potentialAction":[{"@type":"SearchAction","target":{"@type":"EntryPoint","urlTemplate":"https:\/\/www.euro-camping.com\/nl\/?s={search_term_string}"},"query-input":{"@type":"PropertyValueSpecification","valueRequired":true,"valueName":"search_term_string"}}],"inLanguage":"ca"},{"@type":"Organization","@id":"https:\/\/www.euro-camping.com\/nl\/#organization","name":"Euro Camping","url":"https:\/\/www.euro-camping.com\/nl\/","logo":{"@type":"ImageObject","inLanguage":"ca","@id":"https:\/\/www.euro-camping.com\/nl\/#\/schema\/logo\/image\/","url":"https:\/\/www.euro-camping.com\/wp-content\/uploads\/cropped-mesa-de-trabajo-1eurocamping.png","contentUrl":"https:\/\/www.euro-camping.com\/wp-content\/uploads\/cropped-mesa-de-trabajo-1eurocamping.png","width":2000,"height":498,"caption":"Euro Camping"},"image":{"@id":"https:\/\/www.euro-camping.com\/nl\/#\/schema\/logo\/image\/"}}]}},"_links":{"self":[{"href":"https:\/\/www.euro-camping.com\/ca\/wp-json\/wp\/v2\/pages\/22172","targetHints":{"allow":["GET"]}}],"collection":[{"href":"https:\/\/www.euro-camping.com\/ca\/wp-json\/wp\/v2\/pages"}],"about":[{"href":"https:\/\/www.euro-camping.com\/ca\/wp-json\/wp\/v2\/types\/page"}],"author":[{"embeddable":true,"href":"https:\/\/www.euro-camping.com\/ca\/wp-json\/wp\/v2\/users\/4"}],"replies":[{"embeddable":true,"href":"https:\/\/www.euro-camping.com\/ca\/wp-json\/wp\/v2\/comments?post=22172"}],"version-history":[{"count":6,"href":"https:\/\/www.euro-camping.com\/ca\/wp-json\/wp\/v2\/pages\/22172\/revisions"}],"predecessor-version":[{"id":60449,"href":"https:\/\/www.euro-camping.com\/ca\/wp-json\/wp\/v2\/pages\/22172\/revisions\/60449"}],"wp:attachment":[{"href":"https:\/\/www.euro-camping.com\/ca\/wp-json\/wp\/v2\/media?parent=22172"}],"curies":[{"name":"wp","href":"https:\/\/api.w.org\/{rel}","templated":true}]}}