{"id":21836,"date":"2014-04-22T13:28:59","date_gmt":"2014-04-22T13:28:59","guid":{"rendered":"https:\/\/www.euro-camping.com\/home\/"},"modified":"2025-12-05T11:40:24","modified_gmt":"2025-12-05T10:40:24","slug":"home","status":"publish","type":"page","link":"https:\/\/www.euro-camping.com\/ca\/","title":{"rendered":"Home"},"content":{"rendered":"<h1 style=\"text-align: center;\">Eurocamping<br \/>\nCamping Resort &amp; Bungalow Park<br \/>\n\u00a1Vacances en fam\u00edlia!<\/h1>\n<div class=\"columna-wrapper\">\n<div class=\"columna col1-2\">\n<p style=\"text-align: center;\">Benvinguts a l&#8217;Eurocamping: una nova llar per la teva fam\u00edlia!<\/p>\n<p style=\"text-align: center;\">Gaudeix d&#8217;un c\u00e0mping familiar amb unes instal\u00b7lacions modernes que us permetran passar unes vacances a la platja amb totes les comoditats m\u00e9s actuals: piscines, jocs aqu\u00e0tics, zona wellness, oci, gastronomia, esports i molt m\u00e9s!<\/p>\n<p style=\"text-align: center;\"><strong>Oferim relax i diversi\u00f3 per a petits i grans!<span class=\"emoji\"><img decoding=\"async\" class=\"emoji\" role=\"img\" draggable=\"false\" src=\"https:\/\/s.w.org\/images\/core\/emoji\/13.0.1\/svg\/2728.svg\" alt=\"\u2728\" \/><\/span><\/strong><\/p>\n<p style=\"text-align: center;\">\n<\/div>\n<div class=\"columna col1-2\">\n<p style=\"text-align: center;\">Escull d&#8217;entre una gran varietat de parcel\u00b7les i allotjaments: bungalous, mobile-homes i allotjaments glamping.<\/p>\n<p style=\"text-align: center;\">A m\u00e9s, la nostra ubicaci\u00f3 en ple centre urb\u00e0 de Sant Antoni de Calonge, a la Costa Brava, i a pocs metres de la platja!, fa que sigui ideal per a tenir tots els serveis al vostre abast.<\/p>\n<p style=\"text-align: center;\">Us esperem!<\/p>\n<p><img loading=\"lazy\" decoding=\"async\" class=\"wp-image-22316 alignright\" src=\"https:\/\/www.euro-camping.com\/wp-content\/uploads\/equip-eurocamping-cat-e1548943376980.png\" alt=\"\" width=\"276\" height=\"82\" srcset=\"https:\/\/www.euro-camping.com\/wp-content\/uploads\/equip-eurocamping-cat-e1548943376980.png 879w, https:\/\/www.euro-camping.com\/wp-content\/uploads\/equip-eurocamping-cat-e1548943376980-300x89.png 300w, https:\/\/www.euro-camping.com\/wp-content\/uploads\/equip-eurocamping-cat-e1548943376980-128x38.png 128w\" sizes=\"auto, (max-width: 276px) 100vw, 276px\" \/><\/p>\n<\/div>\n<\/div>\n<p><img loading=\"lazy\" decoding=\"async\" class=\"wp-image-56574 alignright\" src=\"https:\/\/www.euro-camping.com\/wp-content\/uploads\/anwb-weblogo-300x300-top-2026.png\" alt=\"\" width=\"200\" height=\"200\" \/><\/p>\n<p><img loading=\"lazy\" decoding=\"async\" class=\"size-full wp-image-59534 alignright\" src=\"https:\/\/www.euro-camping.com\/wp-content\/uploads\/logotip-top-10-2025.png\" alt=\"\" width=\"200\" height=\"200\" srcset=\"https:\/\/www.euro-camping.com\/wp-content\/uploads\/logotip-top-10-2025.png 200w, https:\/\/www.euro-camping.com\/wp-content\/uploads\/logotip-top-10-2025-150x150.png 150w, https:\/\/www.euro-camping.com\/wp-content\/uploads\/logotip-top-10-2025-128x128.png 128w\" sizes=\"auto, (max-width: 200px) 100vw, 200px\" \/><\/p>\n<p>&nbsp;<\/p>\n<p>&nbsp;<\/p>\n<p>&nbsp;<\/p>\n<p>&nbsp;<\/p>\n<p>&nbsp;<\/p>\n<p>&nbsp;<\/p>\n","protected":false},"excerpt":{"rendered":"<p>Eurocamping Camping Resort &amp; Bungalow Park \u00a1Vacances en fam\u00edlia! Benvinguts [&hellip;]<\/p>\n","protected":false},"author":4,"featured_media":0,"parent":0,"menu_order":0,"comment_status":"open","ping_status":"closed","template":"","meta":{"_acf_changed":false,"footnotes":""},"class_list":["post-21836","page","type-page","status-publish","hentry"],"acf":[],"yoast_head":"<!-- This site is optimized with the Yoast SEO plugin v26.6 - https:\/\/yoast.com\/wordpress\/plugins\/seo\/ -->\n<title>Eurocamping. Camping Resort &amp; Bungalow Park Costa Brava ****<\/title>\n<meta name=\"description\" content=\"C\u00e0mping familiar situat a la Costa Brava, a Calonge i Sant Antoni. A dos passos de la platja! Relax i diversi\u00f3 en fam\u00edlia. Us hi esperem! \u2764\ufe0f\" \/>\n<meta name=\"robots\" content=\"index, follow, max-snippet:-1, max-image-preview:large, max-video-preview:-1\" \/>\n<link rel=\"canonical\" href=\"https:\/\/www.euro-camping.com\/ca\/\" \/>\n<meta property=\"og:locale\" content=\"ca_ES\" \/>\n<meta property=\"og:type\" content=\"article\" \/>\n<meta property=\"og:title\" content=\"Eurocamping. Camping Resort &amp; Bungalow Park Costa Brava ****\" \/>\n<meta property=\"og:description\" content=\"C\u00e0mping familiar situat a la Costa Brava, a Calonge i Sant Antoni. A dos passos de la platja! Relax i diversi\u00f3 en fam\u00edlia. Us hi esperem! \u2764\ufe0f\" \/>\n<meta property=\"og:url\" content=\"https:\/\/www.euro-camping.com\/ca\/\" \/>\n<meta property=\"og:site_name\" content=\"Euro Camping\" \/>\n<meta property=\"article:modified_time\" content=\"2025-12-05T10:40:24+00:00\" \/>\n<meta property=\"og:image\" content=\"https:\/\/s.w.org\/images\/core\/emoji\/13.0.1\/svg\/2728.svg\" \/>\n<meta name=\"twitter:card\" content=\"summary_large_image\" \/>\n<meta name=\"twitter:label1\" content=\"Temps estimat de lectura\" \/>\n\t<meta name=\"twitter:data1\" content=\"2 minuts\" \/>\n<script type=\"application\/ld+json\" class=\"yoast-schema-graph\">{\"@context\":\"https:\/\/schema.org\",\"@graph\":[{\"@type\":\"WebPage\",\"@id\":\"https:\/\/www.euro-camping.com\/ca\/\",\"url\":\"https:\/\/www.euro-camping.com\/ca\/\",\"name\":\"Eurocamping. Camping Resort & Bungalow Park Costa Brava ****\",\"isPartOf\":{\"@id\":\"https:\/\/www.euro-camping.com\/nl\/#website\"},\"primaryImageOfPage\":{\"@id\":\"https:\/\/www.euro-camping.com\/ca\/#primaryimage\"},\"image\":{\"@id\":\"https:\/\/www.euro-camping.com\/ca\/#primaryimage\"},\"thumbnailUrl\":\"https:\/\/s.w.org\/images\/core\/emoji\/13.0.1\/svg\/2728.svg\",\"datePublished\":\"2014-04-22T13:28:59+00:00\",\"dateModified\":\"2025-12-05T10:40:24+00:00\",\"description\":\"C\u00e0mping familiar situat a la Costa Brava, a Calonge i Sant Antoni. A dos passos de la platja! Relax i diversi\u00f3 en fam\u00edlia. Us hi esperem! \u2764\ufe0f\",\"breadcrumb\":{\"@id\":\"https:\/\/www.euro-camping.com\/ca\/#breadcrumb\"},\"inLanguage\":\"ca\",\"potentialAction\":[{\"@type\":\"ReadAction\",\"target\":[\"https:\/\/www.euro-camping.com\/ca\/\"]}]},{\"@type\":\"ImageObject\",\"inLanguage\":\"ca\",\"@id\":\"https:\/\/www.euro-camping.com\/ca\/#primaryimage\",\"url\":\"https:\/\/s.w.org\/images\/core\/emoji\/13.0.1\/svg\/2728.svg\",\"contentUrl\":\"https:\/\/s.w.org\/images\/core\/emoji\/13.0.1\/svg\/2728.svg\"},{\"@type\":\"BreadcrumbList\",\"@id\":\"https:\/\/www.euro-camping.com\/ca\/#breadcrumb\",\"itemListElement\":[{\"@type\":\"ListItem\",\"position\":1,\"name\":\"Portada\",\"item\":\"https:\/\/www.euro-camping.com\/ca\/\"},{\"@type\":\"ListItem\",\"position\":2,\"name\":\"Home\"}]},{\"@type\":\"WebSite\",\"@id\":\"https:\/\/www.euro-camping.com\/nl\/#website\",\"url\":\"https:\/\/www.euro-camping.com\/nl\/\",\"name\":\"Euro Camping\",\"description\":\"EuroCamping, Calonge Camping &amp; Bungalow\",\"publisher\":{\"@id\":\"https:\/\/www.euro-camping.com\/nl\/#organization\"},\"potentialAction\":[{\"@type\":\"SearchAction\",\"target\":{\"@type\":\"EntryPoint\",\"urlTemplate\":\"https:\/\/www.euro-camping.com\/nl\/?s={search_term_string}\"},\"query-input\":{\"@type\":\"PropertyValueSpecification\",\"valueRequired\":true,\"valueName\":\"search_term_string\"}}],\"inLanguage\":\"ca\"},{\"@type\":\"Organization\",\"@id\":\"https:\/\/www.euro-camping.com\/nl\/#organization\",\"name\":\"Euro Camping\",\"url\":\"https:\/\/www.euro-camping.com\/nl\/\",\"logo\":{\"@type\":\"ImageObject\",\"inLanguage\":\"ca\",\"@id\":\"https:\/\/www.euro-camping.com\/nl\/#\/schema\/logo\/image\/\",\"url\":\"https:\/\/www.euro-camping.com\/wp-content\/uploads\/cropped-mesa-de-trabajo-1eurocamping.png\",\"contentUrl\":\"https:\/\/www.euro-camping.com\/wp-content\/uploads\/cropped-mesa-de-trabajo-1eurocamping.png\",\"width\":2000,\"height\":498,\"caption\":\"Euro Camping\"},\"image\":{\"@id\":\"https:\/\/www.euro-camping.com\/nl\/#\/schema\/logo\/image\/\"}}]}<\/script>\n<!-- \/ Yoast SEO plugin. -->","yoast_head_json":{"title":"Eurocamping. Camping Resort & Bungalow Park Costa Brava ****","description":"C\u00e0mping familiar situat a la Costa Brava, a Calonge i Sant Antoni. A dos passos de la platja! Relax i diversi\u00f3 en fam\u00edlia. Us hi esperem! \u2764\ufe0f","robots":{"index":"index","follow":"follow","max-snippet":"max-snippet:-1","max-image-preview":"max-image-preview:large","max-video-preview":"max-video-preview:-1"},"canonical":"https:\/\/www.euro-camping.com\/ca\/","og_locale":"ca_ES","og_type":"article","og_title":"Eurocamping. Camping Resort & Bungalow Park Costa Brava ****","og_description":"C\u00e0mping familiar situat a la Costa Brava, a Calonge i Sant Antoni. A dos passos de la platja! Relax i diversi\u00f3 en fam\u00edlia. Us hi esperem! \u2764\ufe0f","og_url":"https:\/\/www.euro-camping.com\/ca\/","og_site_name":"Euro Camping","article_modified_time":"2025-12-05T10:40:24+00:00","og_image":[{"url":"https:\/\/s.w.org\/images\/core\/emoji\/13.0.1\/svg\/2728.svg","type":"","width":"","height":""}],"twitter_card":"summary_large_image","twitter_misc":{"Temps estimat de lectura":"2 minuts"},"schema":{"@context":"https:\/\/schema.org","@graph":[{"@type":"WebPage","@id":"https:\/\/www.euro-camping.com\/ca\/","url":"https:\/\/www.euro-camping.com\/ca\/","name":"Eurocamping. Camping Resort & Bungalow Park Costa Brava ****","isPartOf":{"@id":"https:\/\/www.euro-camping.com\/nl\/#website"},"primaryImageOfPage":{"@id":"https:\/\/www.euro-camping.com\/ca\/#primaryimage"},"image":{"@id":"https:\/\/www.euro-camping.com\/ca\/#primaryimage"},"thumbnailUrl":"https:\/\/s.w.org\/images\/core\/emoji\/13.0.1\/svg\/2728.svg","datePublished":"2014-04-22T13:28:59+00:00","dateModified":"2025-12-05T10:40:24+00:00","description":"C\u00e0mping familiar situat a la Costa Brava, a Calonge i Sant Antoni. A dos passos de la platja! Relax i diversi\u00f3 en fam\u00edlia. Us hi esperem! \u2764\ufe0f","breadcrumb":{"@id":"https:\/\/www.euro-camping.com\/ca\/#breadcrumb"},"inLanguage":"ca","potentialAction":[{"@type":"ReadAction","target":["https:\/\/www.euro-camping.com\/ca\/"]}]},{"@type":"ImageObject","inLanguage":"ca","@id":"https:\/\/www.euro-camping.com\/ca\/#primaryimage","url":"https:\/\/s.w.org\/images\/core\/emoji\/13.0.1\/svg\/2728.svg","contentUrl":"https:\/\/s.w.org\/images\/core\/emoji\/13.0.1\/svg\/2728.svg"},{"@type":"BreadcrumbList","@id":"https:\/\/www.euro-camping.com\/ca\/#breadcrumb","itemListElement":[{"@type":"ListItem","position":1,"name":"Portada","item":"https:\/\/www.euro-camping.com\/ca\/"},{"@type":"ListItem","position":2,"name":"Home"}]},{"@type":"WebSite","@id":"https:\/\/www.euro-camping.com\/nl\/#website","url":"https:\/\/www.euro-camping.com\/nl\/","name":"Euro Camping","description":"EuroCamping, Calonge Camping &amp; Bungalow","publisher":{"@id":"https:\/\/www.euro-camping.com\/nl\/#organization"},"potentialAction":[{"@type":"SearchAction","target":{"@type":"EntryPoint","urlTemplate":"https:\/\/www.euro-camping.com\/nl\/?s={search_term_string}"},"query-input":{"@type":"PropertyValueSpecification","valueRequired":true,"valueName":"search_term_string"}}],"inLanguage":"ca"},{"@type":"Organization","@id":"https:\/\/www.euro-camping.com\/nl\/#organization","name":"Euro Camping","url":"https:\/\/www.euro-camping.com\/nl\/","logo":{"@type":"ImageObject","inLanguage":"ca","@id":"https:\/\/www.euro-camping.com\/nl\/#\/schema\/logo\/image\/","url":"https:\/\/www.euro-camping.com\/wp-content\/uploads\/cropped-mesa-de-trabajo-1eurocamping.png","contentUrl":"https:\/\/www.euro-camping.com\/wp-content\/uploads\/cropped-mesa-de-trabajo-1eurocamping.png","width":2000,"height":498,"caption":"Euro Camping"},"image":{"@id":"https:\/\/www.euro-camping.com\/nl\/#\/schema\/logo\/image\/"}}]}},"_links":{"self":[{"href":"https:\/\/www.euro-camping.com\/ca\/wp-json\/wp\/v2\/pages\/21836","targetHints":{"allow":["GET"]}}],"collection":[{"href":"https:\/\/www.euro-camping.com\/ca\/wp-json\/wp\/v2\/pages"}],"about":[{"href":"https:\/\/www.euro-camping.com\/ca\/wp-json\/wp\/v2\/types\/page"}],"author":[{"embeddable":true,"href":"https:\/\/www.euro-camping.com\/ca\/wp-json\/wp\/v2\/users\/4"}],"replies":[{"embeddable":true,"href":"https:\/\/www.euro-camping.com\/ca\/wp-json\/wp\/v2\/comments?post=21836"}],"version-history":[{"count":15,"href":"https:\/\/www.euro-camping.com\/ca\/wp-json\/wp\/v2\/pages\/21836\/revisions"}],"predecessor-version":[{"id":60021,"href":"https:\/\/www.euro-camping.com\/ca\/wp-json\/wp\/v2\/pages\/21836\/revisions\/60021"}],"wp:attachment":[{"href":"https:\/\/www.euro-camping.com\/ca\/wp-json\/wp\/v2\/media?parent=21836"}],"curies":[{"name":"wp","href":"https:\/\/api.w.org\/{rel}","templated":true}]}}